{"id":1314,"date":"2025-12-06T10:55:49","date_gmt":"2025-12-06T03:55:49","guid":{"rendered":"https:\/\/duoclieukimlong.123websitedev.com\/?page_id=1314"},"modified":"2025-12-06T11:21:00","modified_gmt":"2025-12-06T04:21:00","slug":"huong-dan-mua-hang","status":"publish","type":"page","link":"https:\/\/duoclieukimlong.com\/en\/huong-dan-mua-hang\/","title":{"rendered":"Purchase instructions"},"content":{"rendered":"<div class=\"row\"  id=\"row-1419106770\">\n\n\t<div id=\"col-2005448400\" class=\"col small-12 large-12\"  >\n\t\t\t\t<div class=\"col-inner\"  >\n\t\t\t\n\t\t\t\n<p>C\u1ea3m \u01a1n Qu\u00fd kh\u00e1ch \u0111\u00e3 tin t\u01b0\u1edfng v\u00e0 l\u1ef1a ch\u1ecdn c\u00e1c s\u1ea3n ph\u1ea9m th\u1ea3o d\u01b0\u1ee3c ch\u0103m s\u00f3c s\u1ee9c kh\u1ecfe t\u1ea1i D\u01b0\u1ee3c li\u1ec7u KL. \u0110\u1ec3 thu\u1eadn ti\u1ec7n nh\u1ea5t cho vi\u1ec7c mua s\u1eafm, Qu\u00fd kh\u00e1ch c\u00f3 th\u1ec3 l\u1ef1a ch\u1ecdn m\u1ed9t trong hai ph\u01b0\u01a1ng th\u1ee9c \u0111\u1eb7t h\u00e0ng d\u01b0\u1edbi \u0111\u00e2y:<\/p>\n<p data-path-to-node=\"4\"><strong>C\u00c1CH 1: G\u1eccI \u0110I\u1ec6N HO\u1eb6C CHAT ZALO (NHANH CH\u00d3NG NH\u1ea4T)<\/strong><\/p>\n<p>\u0110\u1ed1i v\u1edbi c\u00e1c s\u1ea3n ph\u1ea9m d\u01b0\u1ee3c li\u1ec7u, th\u1ea3o m\u1ed9c, n\u1ebfu Qu\u00fd kh\u00e1ch c\u1ea7n t\u01b0 v\u1ea5n k\u1ef9 h\u01a1n v\u1ec1 c\u00f4ng d\u1ee5ng, c\u00e1ch s\u1eafc thu\u1ed1c hay li\u1ec1u l\u01b0\u1ee3ng d\u00f9ng, ch\u00fang t\u00f4i khuy\u1ebfn kh\u00edch Qu\u00fd kh\u00e1ch li\u00ean h\u1ec7 tr\u1ef1c ti\u1ebfp:<\/p>\n<ul data-path-to-node=\"6\">\n<li>\n<p>Hotline t\u01b0 v\u1ea5n 24\/7: 0915.436.458<\/p>\n<\/li>\n<li>\n<p>Chat Zalo: K\u1ebft b\u1ea1n v\u00e0 nh\u1eafn tin qua s\u1ed1 0915.436.458 \u0111\u1ec3 \u0111\u01b0\u1ee3c xem h\u00ecnh \u1ea3nh th\u1ef1c t\u1ebf c\u1ee7a d\u01b0\u1ee3c li\u1ec7u tr\u01b0\u1edbc khi \u0111\u1eb7t.<\/p>\n<\/li>\n<\/ul>\n<p>Nh\u00e2n vi\u00ean c\u00f3 chuy\u00ean m\u00f4n c\u1ee7a D\u01b0\u1ee3c li\u1ec7u KL s\u1ebd t\u01b0 v\u1ea5n t\u1eadn t\u00ecnh v\u00e0 l\u00ean \u0111\u01a1n h\u00e0ng ngay cho Qu\u00fd kh\u00e1ch.<\/p>\n<hr data-path-to-node=\"8\" \/>\n<p data-path-to-node=\"9\"><strong>C\u00c1CH 2: \u0110\u1eb6T H\u00c0NG TR\u1ef0C TUY\u1ebeN TR\u00caN WEBSITE<\/strong><\/p>\n<p>N\u1ebfu Qu\u00fd kh\u00e1ch \u0111\u00e3 ch\u1ecdn \u0111\u01b0\u1ee3c s\u1ea3n ph\u1ea9m \u01b0ng \u00fd, vui l\u00f2ng th\u1ef1c hi\u1ec7n c\u00e1c b\u01b0\u1edbc \u0111\u01a1n gi\u1ea3n sau:<\/p>\n<ol start=\"1\" data-path-to-node=\"11\">\n<li>\n<p>T\u00ecm ki\u1ebfm s\u1ea3n ph\u1ea9m: Qu\u00fd kh\u00e1ch t\u00ecm s\u1ea3n ph\u1ea9m c\u1ea7n mua theo danh m\u1ee5c ho\u1eb7c g\u00f5 t\u00ean d\u01b0\u1ee3c li\u1ec7u v\u00e0o thanh t\u00ecm ki\u1ebfm.<\/p>\n<\/li>\n<li>\n<p>Th\u00eam v\u00e0o gi\u1ecf: Ch\u1ecdn t\u00ean s\u1ea3n ph\u1ea9m mong mu\u1ed1n, sau \u0111\u00f3 b\u1ea5m n\u00fat &#8220;TH\u00caM V\u00c0O GI\u1ece&#8221;.<\/p>\n<\/li>\n<li>\n<p>Thanh to\u00e1n: B\u1ea5m v\u00e0o bi\u1ec3u t\u01b0\u1ee3ng Gi\u1ecf h\u00e0ng (g\u00f3c tr\u00ean b\u00ean ph\u1ea3i), ki\u1ec3m tra l\u1ea1i \u0111\u01a1n h\u00e0ng v\u00e0 nh\u1ea5n &#8220;THANH TO\u00c1N&#8221;.<\/p>\n<\/li>\n<li>\n<p>\u0110i\u1ec1n th\u00f4ng tin: Nh\u1eadp \u0111\u1ea7y \u0111\u1ee7 <i>H\u1ecd t\u00ean, S\u1ed1 \u0111i\u1ec7n tho\u1ea1i, \u0110\u1ecba ch\u1ec9 nh\u1eadn h\u00e0ng<\/i> ch\u00ednh x\u00e1c \u0111\u1ec3 shipper giao h\u00e0ng thu\u1eadn l\u1ee3i.<\/p>\n<\/li>\n<li>\n<p>Ho\u00e0n t\u1ea5t: Ch\u1ecdn h\u00ecnh th\u1ee9c thanh to\u00e1n v\u00e0 b\u1ea5m &#8220;\u0110\u1eb6T H\u00c0NG&#8221;. H\u1ec7 th\u1ed1ng s\u1ebd g\u1eedi th\u00f4ng b\u00e1o th\u00e0nh c\u00f4ng.<\/p>\n<\/li>\n<\/ol>\n\t\t<\/div>\n\t\t\t\t\t<\/div>\n\n\t\n<\/div>","protected":false},"excerpt":{"rendered":"","protected":false},"author":1,"featured_media":0,"parent":0,"menu_order":0,"comment_status":"closed","ping_status":"closed","template":"","meta":{"inline_featured_image":false,"footnotes":""},"class_list":["post-1314","page","type-page","status-publish","hentry"],"yoast_head":"<!-- This site is optimized with the Yoast SEO Premium plugin v20.9 (Yoast SEO v20.9) - https:\/\/yoast.com\/wordpress\/plugins\/seo\/ -->\n<title>H\u01b0\u1edbng d\u1eabn mua h\u00e0ng - C\u1eeda h\u00e0ng D\u01b0\u1ee3c Li\u1ec7u Kim Long<\/title>\n<meta name=\"robots\" content=\"index, follow, max-snippet:-1, max-image-preview:large, max-video-preview:-1\" \/>\n<link rel=\"canonical\" href=\"https:\/\/duoclieukimlong.com\/en\/huong-dan-mua-hang\/\" \/>\n<meta property=\"og:locale\" content=\"en_US\" \/>\n<meta property=\"og:type\" content=\"article\" \/>\n<meta property=\"og:title\" content=\"H\u01b0\u1edbng d\u1eabn mua h\u00e0ng\" \/>\n<meta property=\"og:url\" content=\"https:\/\/duoclieukimlong.com\/en\/huong-dan-mua-hang\/\" \/>\n<meta property=\"og:site_name\" content=\"C\u1eeda h\u00e0ng D\u01b0\u1ee3c Li\u1ec7u Kim Long\" \/>\n<meta property=\"article:modified_time\" content=\"2025-12-06T04:21:00+00:00\" \/>\n<meta name=\"twitter:card\" content=\"summary_large_image\" \/>\n<meta name=\"twitter:label1\" content=\"Est. reading time\" \/>\n\t<meta name=\"twitter:data1\" content=\"2 minutes\" \/>\n<script type=\"application\/ld+json\" class=\"yoast-schema-graph\">{\"@context\":\"https:\/\/schema.org\",\"@graph\":[{\"@type\":\"WebPage\",\"@id\":\"https:\/\/duoclieukimlong.com\/huong-dan-mua-hang\/\",\"url\":\"https:\/\/duoclieukimlong.com\/huong-dan-mua-hang\/\",\"name\":\"H\u01b0\u1edbng d\u1eabn mua h\u00e0ng - C\u1eeda h\u00e0ng D\u01b0\u1ee3c Li\u1ec7u Kim Long\",\"isPartOf\":{\"@id\":\"https:\/\/duoclieukimlong.com\/#website\"},\"datePublished\":\"2025-12-06T03:55:49+00:00\",\"dateModified\":\"2025-12-06T04:21:00+00:00\",\"breadcrumb\":{\"@id\":\"https:\/\/duoclieukimlong.com\/huong-dan-mua-hang\/#breadcrumb\"},\"inLanguage\":\"en-US\",\"potentialAction\":[{\"@type\":\"ReadAction\",\"target\":[\"https:\/\/duoclieukimlong.com\/huong-dan-mua-hang\/\"]}]},{\"@type\":\"BreadcrumbList\",\"@id\":\"https:\/\/duoclieukimlong.com\/huong-dan-mua-hang\/#breadcrumb\",\"itemListElement\":[{\"@type\":\"ListItem\",\"position\":1,\"name\":\"Trang ch\u1ee7\",\"item\":\"https:\/\/duoclieukimlong.com\/\"},{\"@type\":\"ListItem\",\"position\":2,\"name\":\"H\u01b0\u1edbng d\u1eabn mua h\u00e0ng\"}]},{\"@type\":\"WebSite\",\"@id\":\"https:\/\/duoclieukimlong.com\/#website\",\"url\":\"https:\/\/duoclieukimlong.com\/\",\"name\":\"C\u1eeda h\u00e0ng D\u01b0\u1ee3c Li\u1ec7u Kim Long\",\"description\":\"\",\"potentialAction\":[{\"@type\":\"SearchAction\",\"target\":{\"@type\":\"EntryPoint\",\"urlTemplate\":\"https:\/\/duoclieukimlong.com\/?s={search_term_string}\"},\"query-input\":\"required name=search_term_string\"}],\"inLanguage\":\"en-US\"}]}<\/script>\n<!-- \/ Yoast SEO Premium plugin. -->","yoast_head_json":{"title":"H\u01b0\u1edbng d\u1eabn mua h\u00e0ng - C\u1eeda h\u00e0ng D\u01b0\u1ee3c Li\u1ec7u Kim Long","robots":{"index":"index","follow":"follow","max-snippet":"max-snippet:-1","max-image-preview":"max-image-preview:large","max-video-preview":"max-video-preview:-1"},"canonical":"https:\/\/duoclieukimlong.com\/en\/huong-dan-mua-hang\/","og_locale":"en_US","og_type":"article","og_title":"H\u01b0\u1edbng d\u1eabn mua h\u00e0ng","og_url":"https:\/\/duoclieukimlong.com\/en\/huong-dan-mua-hang\/","og_site_name":"C\u1eeda h\u00e0ng D\u01b0\u1ee3c Li\u1ec7u Kim Long","article_modified_time":"2025-12-06T04:21:00+00:00","twitter_card":"summary_large_image","twitter_misc":{"Est. reading time":"2 minutes"},"schema":{"@context":"https:\/\/schema.org","@graph":[{"@type":"WebPage","@id":"https:\/\/duoclieukimlong.com\/huong-dan-mua-hang\/","url":"https:\/\/duoclieukimlong.com\/huong-dan-mua-hang\/","name":"H\u01b0\u1edbng d\u1eabn mua h\u00e0ng - C\u1eeda h\u00e0ng D\u01b0\u1ee3c Li\u1ec7u Kim Long","isPartOf":{"@id":"https:\/\/duoclieukimlong.com\/#website"},"datePublished":"2025-12-06T03:55:49+00:00","dateModified":"2025-12-06T04:21:00+00:00","breadcrumb":{"@id":"https:\/\/duoclieukimlong.com\/huong-dan-mua-hang\/#breadcrumb"},"inLanguage":"en-US","potentialAction":[{"@type":"ReadAction","target":["https:\/\/duoclieukimlong.com\/huong-dan-mua-hang\/"]}]},{"@type":"BreadcrumbList","@id":"https:\/\/duoclieukimlong.com\/huong-dan-mua-hang\/#breadcrumb","itemListElement":[{"@type":"ListItem","position":1,"name":"Trang ch\u1ee7","item":"https:\/\/duoclieukimlong.com\/"},{"@type":"ListItem","position":2,"name":"H\u01b0\u1edbng d\u1eabn mua h\u00e0ng"}]},{"@type":"WebSite","@id":"https:\/\/duoclieukimlong.com\/#website","url":"https:\/\/duoclieukimlong.com\/","name":"C\u1eeda h\u00e0ng D\u01b0\u1ee3c Li\u1ec7u Kim Long","description":"","potentialAction":[{"@type":"SearchAction","target":{"@type":"EntryPoint","urlTemplate":"https:\/\/duoclieukimlong.com\/?s={search_term_string}"},"query-input":"required name=search_term_string"}],"inLanguage":"en-US"}]}},"_links":{"self":[{"href":"https:\/\/duoclieukimlong.com\/en\/wp-json\/wp\/v2\/pages\/1314"}],"collection":[{"href":"https:\/\/duoclieukimlong.com\/en\/wp-json\/wp\/v2\/pages"}],"about":[{"href":"https:\/\/duoclieukimlong.com\/en\/wp-json\/wp\/v2\/types\/page"}],"author":[{"embeddable":true,"href":"https:\/\/duoclieukimlong.com\/en\/wp-json\/wp\/v2\/users\/1"}],"replies":[{"embeddable":true,"href":"https:\/\/duoclieukimlong.com\/en\/wp-json\/wp\/v2\/comments?post=1314"}],"version-history":[{"count":3,"href":"https:\/\/duoclieukimlong.com\/en\/wp-json\/wp\/v2\/pages\/1314\/revisions"}],"predecessor-version":[{"id":1327,"href":"https:\/\/duoclieukimlong.com\/en\/wp-json\/wp\/v2\/pages\/1314\/revisions\/1327"}],"wp:attachment":[{"href":"https:\/\/duoclieukimlong.com\/en\/wp-json\/wp\/v2\/media?parent=1314"}],"curies":[{"name":"wp","href":"https:\/\/api.w.org\/{rel}","templated":true}]}}