{"id":407,"date":"2024-04-03T08:19:27","date_gmt":"2024-04-03T08:19:27","guid":{"rendered":"https:\/\/thuocsisonganh.123websitedev.com\/?page_id=407"},"modified":"2025-12-06T11:24:02","modified_gmt":"2025-12-06T04:24:02","slug":"thong-tin-thanh-toan","status":"publish","type":"page","link":"https:\/\/duoclieukimlong.com\/en\/thong-tin-thanh-toan\/","title":{"rendered":"Payment information"},"content":{"rendered":"<div class=\"row\"  id=\"row-334156786\">\n\n\t<div id=\"col-1342658579\" class=\"col small-12 large-12\"  >\n\t\t\t\t<div class=\"col-inner\"  >\n\t\t\t\n\t\t\t\n<p data-path-to-node=\"4\">T\u1ea1i D\u01b0\u1ee3c li\u1ec7u KL, ch\u00fang t\u00f4i h\u1ed7 tr\u1ee3 \u0111a d\u1ea1ng c\u00e1c h\u00ecnh th\u1ee9c thanh to\u00e1n \u0111\u1ec3 thu\u1eadn ti\u1ec7n nh\u1ea5t cho Qu\u00fd kh\u00e1ch h\u00e0ng mua s\u1eafm:<\/p>\n<p data-path-to-node=\"5\"><strong>1. THANH TO\u00c1N TI\u1ec0N M\u1eb6T KHI NH\u1eacN H\u00c0NG (COD)<\/strong><\/p>\n<p data-path-to-node=\"6\">\u0110\u00e2y l\u00e0 h\u00ecnh th\u1ee9c \u0111\u01b0\u1ee3c nhi\u1ec1u kh\u00e1ch h\u00e0ng l\u1ef1a ch\u1ecdn nh\u1ea5t.<\/p>\n<ul data-path-to-node=\"7\">\n<li>\n<p data-path-to-node=\"7,0,0\">Qu\u00fd kh\u00e1ch \u0111\u1eb7t h\u00e0ng qua Website ho\u1eb7c Hotline.<\/p>\n<\/li>\n<li>\n<p data-path-to-node=\"7,1,0\">Nh\u00e2n vi\u00ean v\u1eadn chuy\u1ec3n s\u1ebd giao h\u00e0ng \u0111\u1ebfn t\u1eadn nh\u00e0.<\/p>\n<\/li>\n<li>\n<p data-path-to-node=\"7,2,0\">Qu\u00fd kh\u00e1ch \u0111\u01b0\u1ee3c quy\u1ec1n m\u1edf h\u1ed9p ki\u1ec3m tra s\u1ea3n ph\u1ea9m (\u0111\u00fang lo\u1ea1i, \u0111\u1ee7 c\u00e2n n\u1eb7ng, kh\u00f4ng h\u01b0 h\u1ecfng).<\/p>\n<\/li>\n<li>\n<p data-path-to-node=\"7,3,0\">Sau khi h\u00e0i l\u00f2ng, Qu\u00fd kh\u00e1ch thanh to\u00e1n ti\u1ec1n m\u1eb7t tr\u1ef1c ti\u1ebfp cho nh\u00e2n vi\u00ean giao h\u00e0ng.<\/p>\n<\/li>\n<\/ul>\n<hr data-path-to-node=\"8\" \/>\n<p data-path-to-node=\"9\"><strong>2. CHUY\u1ec2N KHO\u1ea2N NG\u00c2N H\u00c0NG<\/strong><\/p>\n<p data-path-to-node=\"10\">Qu\u00fd kh\u00e1ch c\u00f3 th\u1ec3 chuy\u1ec3n kho\u1ea3n tr\u01b0\u1edbc \u0111\u1ec3 thu\u1eadn ti\u1ec7n h\u01a1n khi nh\u1eadn h\u00e0ng (c\u00f3 th\u1ec3 nh\u1edd ng\u01b0\u1eddi th\u00e2n nh\u1eadn h\u1ed9) ho\u1eb7c \u0111\u1ec3 l\u00e0m qu\u00e0 bi\u1ebfu t\u1eb7ng.<\/p>\n\t\t<\/div>\n\t\t\t\t\t<\/div>\n\n\t\n<\/div>","protected":false},"excerpt":{"rendered":"","protected":false},"author":1,"featured_media":0,"parent":0,"menu_order":0,"comment_status":"closed","ping_status":"closed","template":"page-blank.php","meta":{"inline_featured_image":false,"footnotes":""},"class_list":["post-407","page","type-page","status-publish","hentry"],"yoast_head":"<!-- This site is optimized with the Yoast SEO Premium plugin v20.9 (Yoast SEO v20.9) - https:\/\/yoast.com\/wordpress\/plugins\/seo\/ -->\n<title>Th\u00f4ng tin thanh to\u00e1n - C\u1eeda h\u00e0ng D\u01b0\u1ee3c Li\u1ec7u Kim Long<\/title>\n<meta name=\"robots\" content=\"index, follow, max-snippet:-1, max-image-preview:large, max-video-preview:-1\" \/>\n<link rel=\"canonical\" href=\"https:\/\/duoclieukimlong.com\/en\/thong-tin-thanh-toan\/\" \/>\n<meta property=\"og:locale\" content=\"en_US\" \/>\n<meta property=\"og:type\" content=\"article\" \/>\n<meta property=\"og:title\" content=\"Th\u00f4ng tin thanh to\u00e1n\" \/>\n<meta property=\"og:url\" content=\"https:\/\/duoclieukimlong.com\/en\/thong-tin-thanh-toan\/\" \/>\n<meta property=\"og:site_name\" content=\"C\u1eeda h\u00e0ng D\u01b0\u1ee3c Li\u1ec7u Kim Long\" \/>\n<meta property=\"article:modified_time\" content=\"2025-12-06T04:24:02+00:00\" \/>\n<meta name=\"twitter:card\" content=\"summary_large_image\" \/>\n<meta name=\"twitter:label1\" content=\"Est. reading time\" \/>\n\t<meta name=\"twitter:data1\" content=\"1 minute\" \/>\n<script type=\"application\/ld+json\" class=\"yoast-schema-graph\">{\"@context\":\"https:\/\/schema.org\",\"@graph\":[{\"@type\":\"WebPage\",\"@id\":\"https:\/\/duoclieukimlong.com\/thong-tin-thanh-toan\/\",\"url\":\"https:\/\/duoclieukimlong.com\/thong-tin-thanh-toan\/\",\"name\":\"Th\u00f4ng tin thanh to\u00e1n - C\u1eeda h\u00e0ng D\u01b0\u1ee3c Li\u1ec7u Kim Long\",\"isPartOf\":{\"@id\":\"https:\/\/duoclieukimlong.com\/#website\"},\"datePublished\":\"2024-04-03T08:19:27+00:00\",\"dateModified\":\"2025-12-06T04:24:02+00:00\",\"breadcrumb\":{\"@id\":\"https:\/\/duoclieukimlong.com\/thong-tin-thanh-toan\/#breadcrumb\"},\"inLanguage\":\"en-US\",\"potentialAction\":[{\"@type\":\"ReadAction\",\"target\":[\"https:\/\/duoclieukimlong.com\/thong-tin-thanh-toan\/\"]}]},{\"@type\":\"BreadcrumbList\",\"@id\":\"https:\/\/duoclieukimlong.com\/thong-tin-thanh-toan\/#breadcrumb\",\"itemListElement\":[{\"@type\":\"ListItem\",\"position\":1,\"name\":\"Trang ch\u1ee7\",\"item\":\"https:\/\/duoclieukimlong.com\/\"},{\"@type\":\"ListItem\",\"position\":2,\"name\":\"Th\u00f4ng tin thanh to\u00e1n\"}]},{\"@type\":\"WebSite\",\"@id\":\"https:\/\/duoclieukimlong.com\/#website\",\"url\":\"https:\/\/duoclieukimlong.com\/\",\"name\":\"C\u1eeda h\u00e0ng D\u01b0\u1ee3c Li\u1ec7u Kim Long\",\"description\":\"\",\"potentialAction\":[{\"@type\":\"SearchAction\",\"target\":{\"@type\":\"EntryPoint\",\"urlTemplate\":\"https:\/\/duoclieukimlong.com\/?s={search_term_string}\"},\"query-input\":\"required name=search_term_string\"}],\"inLanguage\":\"en-US\"}]}<\/script>\n<!-- \/ Yoast SEO Premium plugin. -->","yoast_head_json":{"title":"Th\u00f4ng tin thanh to\u00e1n - C\u1eeda h\u00e0ng D\u01b0\u1ee3c Li\u1ec7u Kim Long","robots":{"index":"index","follow":"follow","max-snippet":"max-snippet:-1","max-image-preview":"max-image-preview:large","max-video-preview":"max-video-preview:-1"},"canonical":"https:\/\/duoclieukimlong.com\/en\/thong-tin-thanh-toan\/","og_locale":"en_US","og_type":"article","og_title":"Th\u00f4ng tin thanh to\u00e1n","og_url":"https:\/\/duoclieukimlong.com\/en\/thong-tin-thanh-toan\/","og_site_name":"C\u1eeda h\u00e0ng D\u01b0\u1ee3c Li\u1ec7u Kim Long","article_modified_time":"2025-12-06T04:24:02+00:00","twitter_card":"summary_large_image","twitter_misc":{"Est. reading time":"1 minute"},"schema":{"@context":"https:\/\/schema.org","@graph":[{"@type":"WebPage","@id":"https:\/\/duoclieukimlong.com\/thong-tin-thanh-toan\/","url":"https:\/\/duoclieukimlong.com\/thong-tin-thanh-toan\/","name":"Th\u00f4ng tin thanh to\u00e1n - C\u1eeda h\u00e0ng D\u01b0\u1ee3c Li\u1ec7u Kim Long","isPartOf":{"@id":"https:\/\/duoclieukimlong.com\/#website"},"datePublished":"2024-04-03T08:19:27+00:00","dateModified":"2025-12-06T04:24:02+00:00","breadcrumb":{"@id":"https:\/\/duoclieukimlong.com\/thong-tin-thanh-toan\/#breadcrumb"},"inLanguage":"en-US","potentialAction":[{"@type":"ReadAction","target":["https:\/\/duoclieukimlong.com\/thong-tin-thanh-toan\/"]}]},{"@type":"BreadcrumbList","@id":"https:\/\/duoclieukimlong.com\/thong-tin-thanh-toan\/#breadcrumb","itemListElement":[{"@type":"ListItem","position":1,"name":"Trang ch\u1ee7","item":"https:\/\/duoclieukimlong.com\/"},{"@type":"ListItem","position":2,"name":"Th\u00f4ng tin thanh to\u00e1n"}]},{"@type":"WebSite","@id":"https:\/\/duoclieukimlong.com\/#website","url":"https:\/\/duoclieukimlong.com\/","name":"C\u1eeda h\u00e0ng D\u01b0\u1ee3c Li\u1ec7u Kim Long","description":"","potentialAction":[{"@type":"SearchAction","target":{"@type":"EntryPoint","urlTemplate":"https:\/\/duoclieukimlong.com\/?s={search_term_string}"},"query-input":"required name=search_term_string"}],"inLanguage":"en-US"}]}},"_links":{"self":[{"href":"https:\/\/duoclieukimlong.com\/en\/wp-json\/wp\/v2\/pages\/407"}],"collection":[{"href":"https:\/\/duoclieukimlong.com\/en\/wp-json\/wp\/v2\/pages"}],"about":[{"href":"https:\/\/duoclieukimlong.com\/en\/wp-json\/wp\/v2\/types\/page"}],"author":[{"embeddable":true,"href":"https:\/\/duoclieukimlong.com\/en\/wp-json\/wp\/v2\/users\/1"}],"replies":[{"embeddable":true,"href":"https:\/\/duoclieukimlong.com\/en\/wp-json\/wp\/v2\/comments?post=407"}],"version-history":[{"count":2,"href":"https:\/\/duoclieukimlong.com\/en\/wp-json\/wp\/v2\/pages\/407\/revisions"}],"predecessor-version":[{"id":1329,"href":"https:\/\/duoclieukimlong.com\/en\/wp-json\/wp\/v2\/pages\/407\/revisions\/1329"}],"wp:attachment":[{"href":"https:\/\/duoclieukimlong.com\/en\/wp-json\/wp\/v2\/media?parent=407"}],"curies":[{"name":"wp","href":"https:\/\/api.w.org\/{rel}","templated":true}]}}