{"id":412,"date":"2024-04-03T08:22:34","date_gmt":"2024-04-03T08:22:34","guid":{"rendered":"https:\/\/thuocsisonganh.123websitedev.com\/?page_id=412"},"modified":"2025-12-06T11:20:06","modified_gmt":"2025-12-06T04:20:06","slug":"chinh-sach-giao-hang","status":"publish","type":"page","link":"https:\/\/duoclieukimlong.com\/en\/chinh-sach-giao-hang\/","title":{"rendered":"Delivery policy"},"content":{"rendered":"<div class=\"row\"  id=\"row-1988896286\">\n\n\t<div id=\"col-1450010943\" class=\"col small-12 large-12\"  >\n\t\t\t\t<div class=\"col-inner\"  >\n\t\t\t\n\t\t\t\n<p>D\u01b0\u1ee3c li\u1ec7u KL cam k\u1ebft mang \u0111\u1ebfn d\u1ecbch v\u1ee5 v\u1eadn chuy\u1ec3n nhanh ch\u00f3ng, an to\u00e0n v\u00e0 thu\u1eadn ti\u1ec7n nh\u1ea5t \u0111\u1ec3 nh\u1eefng s\u1ea3n ph\u1ea9m ch\u0103m s\u00f3c s\u1ee9c kh\u1ecfe ch\u1ea5t l\u01b0\u1ee3ng s\u1edbm \u0111\u1ebfn tay Qu\u00fd kh\u00e1ch h\u00e0ng tr\u00ean to\u00e0n qu\u1ed1c.<\/p>\n<p data-path-to-node=\"5\"><strong>1. PH\u1ea0M VI GIAO H\u00c0NG<\/strong><\/p>\n<p>Ch\u00fang t\u00f4i h\u1ed7 tr\u1ee3 giao h\u00e0ng tr\u00ean to\u00e0n qu\u1ed1c (63 t\u1ec9nh th\u00e0nh). D\u00f9 Qu\u00fd kh\u00e1ch \u1edf th\u00e0nh ph\u1ed1 l\u1edbn hay v\u00f9ng s\u00e2u v\u00f9ng xa, D\u01b0\u1ee3c li\u1ec7u KL \u0111\u1ec1u c\u00f3 th\u1ec3 g\u1eedi h\u00e0ng \u0111\u1ebfn t\u1eadn n\u01a1i th\u00f4ng qua c\u00e1c \u0111\u1ed1i t\u00e1c v\u1eadn chuy\u1ec3n uy t\u00edn (Viettel Post, Giao H\u00e0ng Ti\u1ebft Ki\u1ec7m, Giao H\u00e0ng Nhanh&#8230;).<\/p>\n<p data-path-to-node=\"7\"><strong>2. TH\u1edcI GIAN GIAO H\u00c0NG D\u1ef0 KI\u1ebeN<\/strong><\/p>\n<p>Th\u1eddi gian nh\u1eadn h\u00e0ng ph\u1ee5 thu\u1ed9c v\u00e0o \u0111\u1ecba ch\u1ec9 c\u1ee7a Qu\u00fd kh\u00e1ch:<\/p>\n<ul data-path-to-node=\"9\">\n<li>\n<p>Khu v\u1ef1c TP. H\u1ed3 Ch\u00ed Minh:<\/p>\n<ul data-path-to-node=\"9,0,1\">\n<li>\n<p><i>Giao h\u1ecfa t\u1ed1c:<\/i> Nh\u1eadn h\u00e0ng trong 1 &#8211; 2 gi\u1edd (\u00e1p d\u1ee5ng qua Grab\/Ahamove\/Gojek &#8211; ph\u00ed ship t\u00ednh theo app).<\/p>\n<\/li>\n<li>\n<p><i>Giao th\u01b0\u1eddng:<\/i> Nh\u1eadn h\u00e0ng trong 1 &#8211; 2 ng\u00e0y l\u00e0m vi\u1ec7c.<\/p>\n<\/li>\n<\/ul>\n<\/li>\n<li>\n<p>C\u00e1c t\u1ec9nh th\u00e0nh kh\u00e1c:<\/p>\n<ul data-path-to-node=\"9,1,1\">\n<li>\n<p>Th\u1eddi gian giao h\u00e0ng t\u1eeb 2 &#8211; 5 ng\u00e0y l\u00e0m vi\u1ec7c (t\u00f9y thu\u1ed9c v\u00e0o x\u00e3\/huy\u1ec7n).<\/p>\n<\/li>\n<\/ul>\n<\/li>\n<\/ul>\n<p><i>L\u01b0u \u00fd: Th\u1eddi gian c\u00f3 th\u1ec3 ch\u00eanh l\u1ec7ch do c\u00e1c y\u1ebfu t\u1ed1 kh\u00e1ch quan (th\u1eddi ti\u1ebft, b\u00e3o l\u0169, d\u1ecbp L\u1ec5 T\u1ebft&#8230;), ch\u00fang t\u00f4i s\u1ebd th\u00f4ng b\u00e1o c\u1ee5 th\u1ec3 n\u1ebfu c\u00f3 s\u1ef1 ch\u1eadm tr\u1ec5.<\/i><\/p>\n<p data-path-to-node=\"11\"><strong>3. PH\u00cd V\u1eacN CHUY\u1ec2N<\/strong><\/p>\n<p>Ph\u00ed v\u1eadn chuy\u1ec3n \u0111\u01b0\u1ee3c t\u00ednh d\u1ef1a tr\u00ean Tr\u1ecdng l\u01b0\u1ee3ng \u0111\u01a1n h\u00e0ng v\u00e0 Kho\u1ea3ng c\u00e1ch \u0111\u1ecba l\u00fd theo bi\u1ec3u ph\u00ed quy \u0111\u1ecbnh c\u1ee7a \u0111\u01a1n v\u1ecb v\u1eadn chuy\u1ec3n.<\/p>\n<p>\ud83c\udf81 \u01afu \u0111\u00e3i \u0111\u1eb7c bi\u1ec7t:<\/p>\n<ul data-path-to-node=\"14\">\n<li>\n<p>Mi\u1ec5n ph\u00ed v\u1eadn chuy\u1ec3n (Freeship) cho \u0111\u01a1n h\u00e0ng c\u00f3 gi\u00e1 tr\u1ecb t\u1eeb [&#8230;B\u1ea1n t\u1ef1 \u0111i\u1ec1n s\u1ed1 ti\u1ec1n, v\u00ed d\u1ee5: 1.000.000\u0111&#8230;] tr\u1edf l\u00ean.<\/p>\n<\/li>\n<li>\n<p>\u0110\u1ed1i v\u1edbi c\u00e1c \u0111\u01a1n h\u00e0ng c\u1ed3ng k\u1ec1nh (s\u1ed1 l\u01b0\u1ee3ng l\u1edbn), nh\u00e2n vi\u00ean s\u1ebd li\u00ean h\u1ec7 \u0111\u1ec3 b\u00e1o c\u01b0\u1edbc ph\u00ed h\u1ed7 tr\u1ee3 t\u1ed1t nh\u1ea5t tr\u01b0\u1edbc khi g\u1eedi.<\/p>\n<\/li>\n<\/ul>\n<p data-path-to-node=\"15\"><strong>4. QUY \u0110\u1ecaNH KI\u1ec2M TRA H\u00c0NG (\u0110\u1ed2NG KI\u1ec2M)<\/strong><\/p>\n<p>Hi\u1ec3u r\u00f5 \u0111\u1eb7c th\u00f9 c\u1ee7a s\u1ea3n ph\u1ea9m d\u01b0\u1ee3c li\u1ec7u \u1ea3nh h\u01b0\u1edfng tr\u1ef1c ti\u1ebfp \u0111\u1ebfn s\u1ee9c kh\u1ecfe, D\u01b0\u1ee3c li\u1ec7u KL lu\u00f4n khuy\u1ebfn kh\u00edch Qu\u00fd kh\u00e1ch:<\/p>\n<ul data-path-to-node=\"17\">\n<li>\n<p>M\u1edf h\u1ed9p ki\u1ec3m tra h\u00e0ng tr\u01b0\u1edbc khi thanh to\u00e1n: Qu\u00fd kh\u00e1ch vui l\u00f2ng ki\u1ec3m tra k\u1ef9 l\u01b0\u1ee1ng v\u1ec1 s\u1ed1 l\u01b0\u1ee3ng, ch\u1ee7ng lo\u1ea1i, m\u00e0u s\u1eafc v\u00e0 m\u00f9i h\u01b0\u01a1ng c\u1ee7a d\u01b0\u1ee3c li\u1ec7u.<\/p>\n<\/li>\n<li>\n<p>T\u1eeb ch\u1ed1i nh\u1eadn h\u00e0ng: N\u1ebfu ph\u00e1t hi\u1ec7n s\u1ea3n ph\u1ea9m b\u1ecb \u1ea9m m\u1ed1c, h\u01b0 h\u1ecfng, b\u1ec3 v\u1ee1 do v\u1eadn chuy\u1ec3n ho\u1eb7c kh\u00f4ng \u0111\u00fang nh\u01b0 m\u00f4 t\u1ea3, Qu\u00fd kh\u00e1ch c\u00f3 quy\u1ec1n t\u1eeb ch\u1ed1i nh\u1eadn h\u00e0ng v\u00e0 kh\u00f4ng ph\u1ea3i ch\u1ecbu b\u1ea5t k\u1ef3 chi ph\u00ed n\u00e0o.<\/p>\n<\/li>\n<\/ul>\n<p data-path-to-node=\"18\"><strong>5. TR\u00c1CH NHI\u1ec6M V\u1edaI H\u00c0NG H\u00d3A<\/strong><\/p>\n<ul data-path-to-node=\"19\">\n<li>\n<p>D\u01b0\u1ee3c li\u1ec7u KL ch\u1ecbu tr\u00e1ch nhi\u1ec7m: N\u1ebfu h\u00e0ng h\u00f3a b\u1ecb m\u1ea5t m\u00e1t ho\u1eb7c h\u01b0 h\u1ecfng trong qu\u00e1 tr\u00ecnh v\u1eadn chuy\u1ec3n \u0111\u1ebfn tay kh\u00e1ch h\u00e0ng.<\/p>\n<\/li>\n<li>\n<p>Kh\u00e1ch h\u00e0ng ch\u1ecbu tr\u00e1ch nhi\u1ec7m: Vui l\u00f2ng cung c\u1ea5p ch\u00ednh x\u00e1c \u0111\u1ecba ch\u1ec9 v\u00e0 s\u1ed1 \u0111i\u1ec7n tho\u1ea1i. N\u1ebfu \u0111\u01a1n h\u00e0ng kh\u00f4ng th\u1ec3 giao do sai th\u00f4ng tin ho\u1eb7c kh\u00e1ch kh\u00f4ng nghe m\u00e1y nhi\u1ec1u l\u1ea7n, \u0111\u01a1n h\u00e0ng s\u1ebd b\u1ecb ho\u00e0n v\u1ec1.<\/p>\n<\/li>\n<\/ul>\n<hr data-path-to-node=\"20\" \/>\n<p>M\u1ecdi th\u1eafc m\u1eafc v\u1ec1 t\u00ecnh tr\u1ea1ng \u0111\u01a1n h\u00e0ng, Qu\u00fd kh\u00e1ch vui l\u00f2ng li\u00ean h\u1ec7:<\/p>\n<ul data-path-to-node=\"22\">\n<li>\n<p>Hotline h\u1ed7 tr\u1ee3: 0915.436.458 (Zalo)<\/p>\n<\/li>\n<li>\n<p>Ch\u00fang t\u00f4i lu\u00f4n s\u1eb5n s\u00e0ng h\u1ed7 tr\u1ee3 tra c\u1ee9u h\u00e0nh tr\u00ecnh \u0111\u01a1n h\u00e0ng cho Qu\u00fd kh\u00e1ch.<\/p>\n<\/li>\n<\/ul>\n\t\t<\/div>\n\t\t\t\t\t<\/div>\n\n\t\n<\/div>","protected":false},"excerpt":{"rendered":"","protected":false},"author":1,"featured_media":0,"parent":0,"menu_order":0,"comment_status":"closed","ping_status":"closed","template":"page-blank.php","meta":{"inline_featured_image":false,"footnotes":""},"class_list":["post-412","page","type-page","status-publish","hentry"],"yoast_head":"<!-- This site is optimized with the Yoast SEO Premium plugin v20.9 (Yoast SEO v20.9) - https:\/\/yoast.com\/wordpress\/plugins\/seo\/ -->\n<title>Ch\u00ednh s\u00e1ch giao h\u00e0ng - C\u1eeda h\u00e0ng D\u01b0\u1ee3c Li\u1ec7u Kim Long<\/title>\n<meta name=\"robots\" content=\"index, follow, max-snippet:-1, max-image-preview:large, max-video-preview:-1\" \/>\n<link rel=\"canonical\" href=\"https:\/\/duoclieukimlong.com\/en\/chinh-sach-giao-hang\/\" \/>\n<meta property=\"og:locale\" content=\"en_US\" \/>\n<meta property=\"og:type\" content=\"article\" \/>\n<meta property=\"og:title\" content=\"Ch\u00ednh s\u00e1ch giao h\u00e0ng\" \/>\n<meta property=\"og:url\" content=\"https:\/\/duoclieukimlong.com\/en\/chinh-sach-giao-hang\/\" \/>\n<meta property=\"og:site_name\" content=\"C\u1eeda h\u00e0ng D\u01b0\u1ee3c Li\u1ec7u Kim Long\" \/>\n<meta property=\"article:modified_time\" content=\"2025-12-06T04:20:06+00:00\" \/>\n<meta name=\"twitter:card\" content=\"summary_large_image\" \/>\n<meta name=\"twitter:label1\" content=\"Est. reading time\" \/>\n\t<meta name=\"twitter:data1\" content=\"4 minutes\" \/>\n<script type=\"application\/ld+json\" class=\"yoast-schema-graph\">{\"@context\":\"https:\/\/schema.org\",\"@graph\":[{\"@type\":\"WebPage\",\"@id\":\"https:\/\/duoclieukimlong.com\/chinh-sach-giao-hang\/\",\"url\":\"https:\/\/duoclieukimlong.com\/chinh-sach-giao-hang\/\",\"name\":\"Ch\u00ednh s\u00e1ch giao h\u00e0ng - C\u1eeda h\u00e0ng D\u01b0\u1ee3c Li\u1ec7u Kim Long\",\"isPartOf\":{\"@id\":\"https:\/\/duoclieukimlong.com\/#website\"},\"datePublished\":\"2024-04-03T08:22:34+00:00\",\"dateModified\":\"2025-12-06T04:20:06+00:00\",\"breadcrumb\":{\"@id\":\"https:\/\/duoclieukimlong.com\/chinh-sach-giao-hang\/#breadcrumb\"},\"inLanguage\":\"en-US\",\"potentialAction\":[{\"@type\":\"ReadAction\",\"target\":[\"https:\/\/duoclieukimlong.com\/chinh-sach-giao-hang\/\"]}]},{\"@type\":\"BreadcrumbList\",\"@id\":\"https:\/\/duoclieukimlong.com\/chinh-sach-giao-hang\/#breadcrumb\",\"itemListElement\":[{\"@type\":\"ListItem\",\"position\":1,\"name\":\"Trang ch\u1ee7\",\"item\":\"https:\/\/duoclieukimlong.com\/\"},{\"@type\":\"ListItem\",\"position\":2,\"name\":\"Ch\u00ednh s\u00e1ch giao h\u00e0ng\"}]},{\"@type\":\"WebSite\",\"@id\":\"https:\/\/duoclieukimlong.com\/#website\",\"url\":\"https:\/\/duoclieukimlong.com\/\",\"name\":\"C\u1eeda h\u00e0ng D\u01b0\u1ee3c Li\u1ec7u Kim Long\",\"description\":\"\",\"potentialAction\":[{\"@type\":\"SearchAction\",\"target\":{\"@type\":\"EntryPoint\",\"urlTemplate\":\"https:\/\/duoclieukimlong.com\/?s={search_term_string}\"},\"query-input\":\"required name=search_term_string\"}],\"inLanguage\":\"en-US\"}]}<\/script>\n<!-- \/ Yoast SEO Premium plugin. -->","yoast_head_json":{"title":"Ch\u00ednh s\u00e1ch giao h\u00e0ng - C\u1eeda h\u00e0ng D\u01b0\u1ee3c Li\u1ec7u Kim Long","robots":{"index":"index","follow":"follow","max-snippet":"max-snippet:-1","max-image-preview":"max-image-preview:large","max-video-preview":"max-video-preview:-1"},"canonical":"https:\/\/duoclieukimlong.com\/en\/chinh-sach-giao-hang\/","og_locale":"en_US","og_type":"article","og_title":"Ch\u00ednh s\u00e1ch giao h\u00e0ng","og_url":"https:\/\/duoclieukimlong.com\/en\/chinh-sach-giao-hang\/","og_site_name":"C\u1eeda h\u00e0ng D\u01b0\u1ee3c Li\u1ec7u Kim Long","article_modified_time":"2025-12-06T04:20:06+00:00","twitter_card":"summary_large_image","twitter_misc":{"Est. reading time":"4 minutes"},"schema":{"@context":"https:\/\/schema.org","@graph":[{"@type":"WebPage","@id":"https:\/\/duoclieukimlong.com\/chinh-sach-giao-hang\/","url":"https:\/\/duoclieukimlong.com\/chinh-sach-giao-hang\/","name":"Ch\u00ednh s\u00e1ch giao h\u00e0ng - C\u1eeda h\u00e0ng D\u01b0\u1ee3c Li\u1ec7u Kim Long","isPartOf":{"@id":"https:\/\/duoclieukimlong.com\/#website"},"datePublished":"2024-04-03T08:22:34+00:00","dateModified":"2025-12-06T04:20:06+00:00","breadcrumb":{"@id":"https:\/\/duoclieukimlong.com\/chinh-sach-giao-hang\/#breadcrumb"},"inLanguage":"en-US","potentialAction":[{"@type":"ReadAction","target":["https:\/\/duoclieukimlong.com\/chinh-sach-giao-hang\/"]}]},{"@type":"BreadcrumbList","@id":"https:\/\/duoclieukimlong.com\/chinh-sach-giao-hang\/#breadcrumb","itemListElement":[{"@type":"ListItem","position":1,"name":"Trang ch\u1ee7","item":"https:\/\/duoclieukimlong.com\/"},{"@type":"ListItem","position":2,"name":"Ch\u00ednh s\u00e1ch giao h\u00e0ng"}]},{"@type":"WebSite","@id":"https:\/\/duoclieukimlong.com\/#website","url":"https:\/\/duoclieukimlong.com\/","name":"C\u1eeda h\u00e0ng D\u01b0\u1ee3c Li\u1ec7u Kim Long","description":"","potentialAction":[{"@type":"SearchAction","target":{"@type":"EntryPoint","urlTemplate":"https:\/\/duoclieukimlong.com\/?s={search_term_string}"},"query-input":"required name=search_term_string"}],"inLanguage":"en-US"}]}},"_links":{"self":[{"href":"https:\/\/duoclieukimlong.com\/en\/wp-json\/wp\/v2\/pages\/412"}],"collection":[{"href":"https:\/\/duoclieukimlong.com\/en\/wp-json\/wp\/v2\/pages"}],"about":[{"href":"https:\/\/duoclieukimlong.com\/en\/wp-json\/wp\/v2\/types\/page"}],"author":[{"embeddable":true,"href":"https:\/\/duoclieukimlong.com\/en\/wp-json\/wp\/v2\/users\/1"}],"replies":[{"embeddable":true,"href":"https:\/\/duoclieukimlong.com\/en\/wp-json\/wp\/v2\/comments?post=412"}],"version-history":[{"count":2,"href":"https:\/\/duoclieukimlong.com\/en\/wp-json\/wp\/v2\/pages\/412\/revisions"}],"predecessor-version":[{"id":1326,"href":"https:\/\/duoclieukimlong.com\/en\/wp-json\/wp\/v2\/pages\/412\/revisions\/1326"}],"wp:attachment":[{"href":"https:\/\/duoclieukimlong.com\/en\/wp-json\/wp\/v2\/media?parent=412"}],"curies":[{"name":"wp","href":"https:\/\/api.w.org\/{rel}","templated":true}]}}