{"id":414,"date":"2024-04-03T08:22:53","date_gmt":"2024-04-03T08:22:53","guid":{"rendered":"https:\/\/thuocsisonganh.123websitedev.com\/?page_id=414"},"modified":"2025-12-06T11:22:10","modified_gmt":"2025-12-06T04:22:10","slug":"chinh-sach-doi-tra-hang","status":"publish","type":"page","link":"https:\/\/duoclieukimlong.com\/en\/chinh-sach-doi-tra-hang\/","title":{"rendered":"Return policy"},"content":{"rendered":"<div class=\"row\"  id=\"row-891177735\">\n\n\t<div id=\"col-555874725\" class=\"col small-12 large-12\"  >\n\t\t\t\t<div class=\"col-inner\"  >\n\t\t\t\n\t\t\t\n<p data-path-to-node=\"3\">D\u01b0\u1ee3c li\u1ec7u KL cam k\u1ebft quy\u1ec1n l\u1ee3i t\u1ed1i \u0111a cho kh\u00e1ch h\u00e0ng v\u1edbi ch\u00ednh s\u00e1ch \u0111\u1ed5i tr\u1ea3 minh b\u1ea1ch:<\/p>\n<p data-path-to-node=\"4\"><strong>1. \u0110I\u1ec0U KI\u1ec6N \u0110\u1ed4I TR\u1ea2<\/strong><\/p>\n<p data-path-to-node=\"4\">Ch\u00fang t\u00f4i h\u1ed7 tr\u1ee3 \u0111\u1ed5i h\u00e0ng ho\u1eb7c ho\u00e0n ti\u1ec1n 100% trong c\u00e1c tr\u01b0\u1eddng h\u1ee3p:<\/p>\n<ul data-path-to-node=\"5\">\n<li>\n<p data-path-to-node=\"5,0,0\">S\u1ea3n ph\u1ea9m kh\u00f4ng \u0111\u00fang ch\u1ee7ng lo\u1ea1i, m\u1eabu m\u00e3 nh\u01b0 qu\u00fd kh\u00e1ch \u0111\u1eb7t h\u00e0ng.<\/p>\n<\/li>\n<li>\n<p data-path-to-node=\"5,1,0\">S\u1ea3n ph\u1ea9m b\u1ecb \u1ea9m m\u1ed1c, h\u01b0 h\u1ecfng, b\u1ec3 v\u1ee1 trong qu\u00e1 tr\u00ecnh v\u1eadn chuy\u1ec3n.<\/p>\n<\/li>\n<li>\n<p data-path-to-node=\"5,2,0\">S\u1ea3n ph\u1ea9m kh\u00f4ng \u0111\u1ea1t ch\u1ea5t l\u01b0\u1ee3ng (m\u1ea5t m\u00f9i, m\u00e0u s\u1eafc l\u1ea1) do l\u1ed7i t\u1eeb nh\u00e0 s\u1ea3n xu\u1ea5t.<\/p>\n<\/li>\n<\/ul>\n<p data-path-to-node=\"6\"><strong>2. TH\u1edcI GIAN \u0110\u1ed4I TR\u1ea2<\/strong><\/p>\n<ul data-path-to-node=\"7\">\n<li>\n<p data-path-to-node=\"7,0,0\">Qu\u00fd kh\u00e1ch vui l\u00f2ng th\u00f4ng b\u00e1o ngay cho ch\u00fang t\u00f4i trong v\u00f2ng 03 ng\u00e0y k\u1ec3 t\u1eeb khi nh\u1eadn h\u00e0ng.<\/p>\n<\/li>\n<li>\n<p data-path-to-node=\"7,1,0\">S\u1ea3n ph\u1ea9m \u0111\u1ed5i tr\u1ea3 ph\u1ea3i c\u00f2n nguy\u00ean bao b\u00ec, tem nh\u00e3n (n\u1ebfu c\u00f3) v\u00e0 ch\u01b0a qua s\u1eed d\u1ee5ng.<\/p>\n<\/li>\n<\/ul>\n<p data-path-to-node=\"8\"><strong>3. CHI PH\u00cd \u0110\u1ed4I TR\u1ea2<\/strong><\/p>\n<ul data-path-to-node=\"9\">\n<li>\n<p data-path-to-node=\"9,0,0\">Mi\u1ec5n ph\u00ed 100% c\u01b0\u1edbc v\u1eadn chuy\u1ec3n \u0111\u1ed5i tr\u1ea3 n\u1ebfu l\u1ed7i thu\u1ed9c v\u1ec1 D\u01b0\u1ee3c li\u1ec7u KL ho\u1eb7c \u0111\u01a1n v\u1ecb v\u1eadn chuy\u1ec3n.<\/p>\n<\/li>\n<\/ul>\n<p data-path-to-node=\"10\"><strong>4. QUY TR\u00ccNH TH\u1ef0C HI\u1ec6N<\/strong><\/p>\n<ul data-path-to-node=\"11\">\n<li>\n<p data-path-to-node=\"11,0,0\">B\u01b0\u1edbc 1: Ch\u1ee5p \u1ea3nh t\u00ecnh tr\u1ea1ng s\u1ea3n ph\u1ea9m v\u00e0 li\u00ean h\u1ec7 Hotline\/Zalo: 0915.436.458.<\/p>\n<\/li>\n<li>\n<p data-path-to-node=\"11,1,0\">B\u01b0\u1edbc 2: Ch\u00fang t\u00f4i s\u1ebd x\u00e1c nh\u1eadn v\u00e0 g\u1eedi s\u1ea3n ph\u1ea9m m\u1edbi (ho\u1eb7c ho\u00e0n ti\u1ec1n) cho qu\u00fd kh\u00e1ch trong v\u00f2ng 24h &#8211; 48h l\u00e0m vi\u1ec7c.<\/p>\n<\/li>\n<\/ul>\n\t\t<\/div>\n\t\t\t\t\t<\/div>\n\n\t\n<\/div>","protected":false},"excerpt":{"rendered":"","protected":false},"author":1,"featured_media":0,"parent":0,"menu_order":0,"comment_status":"closed","ping_status":"closed","template":"page-blank.php","meta":{"inline_featured_image":false,"footnotes":""},"class_list":["post-414","page","type-page","status-publish","hentry"],"yoast_head":"<!-- This site is optimized with the Yoast SEO Premium plugin v20.9 (Yoast SEO v20.9) - https:\/\/yoast.com\/wordpress\/plugins\/seo\/ -->\n<title>Ch\u00ednh s\u00e1ch \u0111\u1ed5i tr\u1ea3 h\u00e0ng - C\u1eeda h\u00e0ng D\u01b0\u1ee3c Li\u1ec7u Kim Long<\/title>\n<meta name=\"robots\" content=\"index, follow, max-snippet:-1, max-image-preview:large, max-video-preview:-1\" \/>\n<link rel=\"canonical\" href=\"https:\/\/duoclieukimlong.com\/en\/chinh-sach-doi-tra-hang\/\" \/>\n<meta property=\"og:locale\" content=\"en_US\" \/>\n<meta property=\"og:type\" content=\"article\" \/>\n<meta property=\"og:title\" content=\"Ch\u00ednh s\u00e1ch \u0111\u1ed5i tr\u1ea3 h\u00e0ng\" \/>\n<meta property=\"og:url\" content=\"https:\/\/duoclieukimlong.com\/en\/chinh-sach-doi-tra-hang\/\" \/>\n<meta property=\"og:site_name\" content=\"C\u1eeda h\u00e0ng D\u01b0\u1ee3c Li\u1ec7u Kim Long\" \/>\n<meta property=\"article:modified_time\" content=\"2025-12-06T04:22:10+00:00\" \/>\n<meta name=\"twitter:card\" content=\"summary_large_image\" \/>\n<meta name=\"twitter:label1\" content=\"Est. reading time\" \/>\n\t<meta name=\"twitter:data1\" content=\"1 minute\" \/>\n<script type=\"application\/ld+json\" class=\"yoast-schema-graph\">{\"@context\":\"https:\/\/schema.org\",\"@graph\":[{\"@type\":\"WebPage\",\"@id\":\"https:\/\/duoclieukimlong.com\/chinh-sach-doi-tra-hang\/\",\"url\":\"https:\/\/duoclieukimlong.com\/chinh-sach-doi-tra-hang\/\",\"name\":\"Ch\u00ednh s\u00e1ch \u0111\u1ed5i tr\u1ea3 h\u00e0ng - C\u1eeda h\u00e0ng D\u01b0\u1ee3c Li\u1ec7u Kim Long\",\"isPartOf\":{\"@id\":\"https:\/\/duoclieukimlong.com\/#website\"},\"datePublished\":\"2024-04-03T08:22:53+00:00\",\"dateModified\":\"2025-12-06T04:22:10+00:00\",\"breadcrumb\":{\"@id\":\"https:\/\/duoclieukimlong.com\/chinh-sach-doi-tra-hang\/#breadcrumb\"},\"inLanguage\":\"en-US\",\"potentialAction\":[{\"@type\":\"ReadAction\",\"target\":[\"https:\/\/duoclieukimlong.com\/chinh-sach-doi-tra-hang\/\"]}]},{\"@type\":\"BreadcrumbList\",\"@id\":\"https:\/\/duoclieukimlong.com\/chinh-sach-doi-tra-hang\/#breadcrumb\",\"itemListElement\":[{\"@type\":\"ListItem\",\"position\":1,\"name\":\"Trang ch\u1ee7\",\"item\":\"https:\/\/duoclieukimlong.com\/\"},{\"@type\":\"ListItem\",\"position\":2,\"name\":\"Ch\u00ednh s\u00e1ch \u0111\u1ed5i tr\u1ea3 h\u00e0ng\"}]},{\"@type\":\"WebSite\",\"@id\":\"https:\/\/duoclieukimlong.com\/#website\",\"url\":\"https:\/\/duoclieukimlong.com\/\",\"name\":\"C\u1eeda h\u00e0ng D\u01b0\u1ee3c Li\u1ec7u Kim Long\",\"description\":\"\",\"potentialAction\":[{\"@type\":\"SearchAction\",\"target\":{\"@type\":\"EntryPoint\",\"urlTemplate\":\"https:\/\/duoclieukimlong.com\/?s={search_term_string}\"},\"query-input\":\"required name=search_term_string\"}],\"inLanguage\":\"en-US\"}]}<\/script>\n<!-- \/ Yoast SEO Premium plugin. -->","yoast_head_json":{"title":"Ch\u00ednh s\u00e1ch \u0111\u1ed5i tr\u1ea3 h\u00e0ng - C\u1eeda h\u00e0ng D\u01b0\u1ee3c Li\u1ec7u Kim Long","robots":{"index":"index","follow":"follow","max-snippet":"max-snippet:-1","max-image-preview":"max-image-preview:large","max-video-preview":"max-video-preview:-1"},"canonical":"https:\/\/duoclieukimlong.com\/en\/chinh-sach-doi-tra-hang\/","og_locale":"en_US","og_type":"article","og_title":"Ch\u00ednh s\u00e1ch \u0111\u1ed5i tr\u1ea3 h\u00e0ng","og_url":"https:\/\/duoclieukimlong.com\/en\/chinh-sach-doi-tra-hang\/","og_site_name":"C\u1eeda h\u00e0ng D\u01b0\u1ee3c Li\u1ec7u Kim Long","article_modified_time":"2025-12-06T04:22:10+00:00","twitter_card":"summary_large_image","twitter_misc":{"Est. reading time":"1 minute"},"schema":{"@context":"https:\/\/schema.org","@graph":[{"@type":"WebPage","@id":"https:\/\/duoclieukimlong.com\/chinh-sach-doi-tra-hang\/","url":"https:\/\/duoclieukimlong.com\/chinh-sach-doi-tra-hang\/","name":"Ch\u00ednh s\u00e1ch \u0111\u1ed5i tr\u1ea3 h\u00e0ng - C\u1eeda h\u00e0ng D\u01b0\u1ee3c Li\u1ec7u Kim Long","isPartOf":{"@id":"https:\/\/duoclieukimlong.com\/#website"},"datePublished":"2024-04-03T08:22:53+00:00","dateModified":"2025-12-06T04:22:10+00:00","breadcrumb":{"@id":"https:\/\/duoclieukimlong.com\/chinh-sach-doi-tra-hang\/#breadcrumb"},"inLanguage":"en-US","potentialAction":[{"@type":"ReadAction","target":["https:\/\/duoclieukimlong.com\/chinh-sach-doi-tra-hang\/"]}]},{"@type":"BreadcrumbList","@id":"https:\/\/duoclieukimlong.com\/chinh-sach-doi-tra-hang\/#breadcrumb","itemListElement":[{"@type":"ListItem","position":1,"name":"Trang ch\u1ee7","item":"https:\/\/duoclieukimlong.com\/"},{"@type":"ListItem","position":2,"name":"Ch\u00ednh s\u00e1ch \u0111\u1ed5i tr\u1ea3 h\u00e0ng"}]},{"@type":"WebSite","@id":"https:\/\/duoclieukimlong.com\/#website","url":"https:\/\/duoclieukimlong.com\/","name":"C\u1eeda h\u00e0ng D\u01b0\u1ee3c Li\u1ec7u Kim Long","description":"","potentialAction":[{"@type":"SearchAction","target":{"@type":"EntryPoint","urlTemplate":"https:\/\/duoclieukimlong.com\/?s={search_term_string}"},"query-input":"required name=search_term_string"}],"inLanguage":"en-US"}]}},"_links":{"self":[{"href":"https:\/\/duoclieukimlong.com\/en\/wp-json\/wp\/v2\/pages\/414"}],"collection":[{"href":"https:\/\/duoclieukimlong.com\/en\/wp-json\/wp\/v2\/pages"}],"about":[{"href":"https:\/\/duoclieukimlong.com\/en\/wp-json\/wp\/v2\/types\/page"}],"author":[{"embeddable":true,"href":"https:\/\/duoclieukimlong.com\/en\/wp-json\/wp\/v2\/users\/1"}],"replies":[{"embeddable":true,"href":"https:\/\/duoclieukimlong.com\/en\/wp-json\/wp\/v2\/comments?post=414"}],"version-history":[{"count":2,"href":"https:\/\/duoclieukimlong.com\/en\/wp-json\/wp\/v2\/pages\/414\/revisions"}],"predecessor-version":[{"id":1328,"href":"https:\/\/duoclieukimlong.com\/en\/wp-json\/wp\/v2\/pages\/414\/revisions\/1328"}],"wp:attachment":[{"href":"https:\/\/duoclieukimlong.com\/en\/wp-json\/wp\/v2\/media?parent=414"}],"curies":[{"name":"wp","href":"https:\/\/api.w.org\/{rel}","templated":true}]}}