{"id":88,"date":"2013-08-11T19:06:15","date_gmt":"2013-08-11T19:06:15","guid":{"rendered":"http:\/\/localhost:8888\/test\/?page_id=520"},"modified":"2025-12-06T10:13:43","modified_gmt":"2025-12-06T03:13:43","slug":"gioi-thieu","status":"publish","type":"page","link":"https:\/\/duoclieukimlong.com\/en\/gioi-thieu\/","title":{"rendered":"Introduce"},"content":{"rendered":"<div class=\"row\"  id=\"row-1200665956\">\n\n\t<div id=\"col-1314616924\" class=\"col medium-7 small-12 large-7\"  >\n\t\t\t\t<div class=\"col-inner\"  >\n\t\t\t\n\t\t\t\n\t<div id=\"text-3777980741\" class=\"text bd-title\">\n\t\t\n<h2>V\u1ec1 ch\u00fang t\u00f4i<\/h2>\n\t\t\n<style>\n#text-3777980741 {\n  font-size: 1.2rem;\n  text-align: center;\n}\n<\/style>\n\t<\/div>\n\t\n<p>D\u01b0\u1ee3c li\u1ec7u KL l\u00e0 \u0111\u01a1n v\u1ecb chuy\u00ean cung c\u1ea5p c\u00e1c lo\u1ea1i th\u1ea3o d\u01b0\u1ee3c, d\u01b0\u1ee3c li\u1ec7u s\u1ea1ch c\u00f3 ngu\u1ed3n g\u1ed1c ho\u00e0n to\u00e0n t\u1eeb thi\u00ean nhi\u00ean. Ch\u00fang t\u00f4i cam k\u1ebft mang \u0111\u1ebfn nh\u1eefng s\u1ea3n ph\u1ea9m d\u01b0\u1ee3c li\u1ec7u nguy\u00ean b\u1ea3n, \u0111\u01b0\u1ee3c tuy\u1ec3n ch\u1ecdn k\u1ef9 l\u01b0\u1ee1ng t\u1eeb c\u00e1c v\u00f9ng tr\u1ed3ng \u0111\u1ea1t chu\u1ea9n, gi\u1eef tr\u1ecdn v\u1eb9n d\u01b0\u1ee3c t\u00ednh qu\u00fd gi\u00e1. V\u1edbi s\u1ef1 t\u1eadn t\u00e2m v\u00e0 am hi\u1ec3u s\u00e2u s\u1eafc v\u1ec1 y h\u1ecdc c\u1ed5 truy\u1ec1n, D\u01b0\u1ee3c li\u1ec7u KL t\u1ef1 h\u00e0o l\u00e0 ng\u01b0\u1eddi b\u1ea1n \u0111\u1ed3ng h\u00e0nh tin c\u1eady trong h\u00e0nh tr\u00ecnh ch\u0103m s\u00f3c s\u1ee9c kh\u1ecfe ch\u1ee7 \u0111\u1ed9ng c\u1ee7a m\u1ecdi gia \u0111\u00ecnh Vi\u1ec7t.<\/p>\n\t\t<\/div>\n\t\t\t\t\n<style>\n#col-1314616924 > .col-inner {\n  margin: 35px 0px 0px 0px;\n}\n<\/style>\n\t<\/div>\n\n\t\n\n\t<div id=\"col-1892388173\" class=\"col medium-5 small-12 large-5\"  >\n\t\t\t\t<div class=\"col-inner\"  >\n\t\t\t\n\t\t\t\n\t<div class=\"img has-hover x md-x lg-x y md-y lg-y\" id=\"image_791705935\">\n\t\t\t\t\t\t\t\t<div class=\"img-inner dark\" >\n\t\t\t<img loading=\"lazy\" decoding=\"async\" width=\"1020\" height=\"572\" src=\"https:\/\/duoclieukimlong.com\/wp-content\/uploads\/2025\/12\/Cay-Giong-Huong-Thao-Rosemary.png\" class=\"attachment-large size-large\" alt=\"\" srcset=\"https:\/\/duoclieukimlong.com\/wp-content\/uploads\/2025\/12\/Cay-Giong-Huong-Thao-Rosemary.png 1200w, https:\/\/duoclieukimlong.com\/wp-content\/uploads\/2025\/12\/Cay-Giong-Huong-Thao-Rosemary-713x400.png 713w, https:\/\/duoclieukimlong.com\/wp-content\/uploads\/2025\/12\/Cay-Giong-Huong-Thao-Rosemary-768x431.png 768w, https:\/\/duoclieukimlong.com\/wp-content\/uploads\/2025\/12\/Cay-Giong-Huong-Thao-Rosemary-18x10.png 18w, https:\/\/duoclieukimlong.com\/wp-content\/uploads\/2025\/12\/Cay-Giong-Huong-Thao-Rosemary-600x337.png 600w\" sizes=\"(max-width: 1020px) 100vw, 1020px\" \/>\t\t\t\t\t\t\n\t\t\t\t\t<\/div>\n\t\t\t\t\t\t\t\t\n<style>\n#image_791705935 {\n  width: 100%;\n}\n<\/style>\n\t<\/div>\n\t\n\t\t<\/div>\n\t\t\t\t\n<style>\n#col-1892388173 > .col-inner {\n  margin: 35px 0px 0px 0px;\n}\n<\/style>\n\t<\/div>\n\n\t\n<\/div>\n<div class=\"row\"  id=\"row-1104110387\">\n\n\t<div id=\"col-1598907511\" class=\"col hide-for-medium medium-6 small-12 large-6\"  >\n\t\t\t\t<div class=\"col-inner\"  >\n\t\t\t\n\t\t\t\n\t<div class=\"img has-hover x md-x lg-x y md-y lg-y\" id=\"image_2071951473\">\n\t\t\t\t\t\t\t\t<div class=\"img-inner dark\" >\n\t\t\t<img loading=\"lazy\" decoding=\"async\" width=\"608\" height=\"404\" src=\"https:\/\/duoclieukimlong.com\/wp-content\/uploads\/2025\/12\/Cay-Bac-Ha-Nhat-Ban.jpg\" class=\"attachment-large size-large\" alt=\"\" srcset=\"https:\/\/duoclieukimlong.com\/wp-content\/uploads\/2025\/12\/Cay-Bac-Ha-Nhat-Ban.jpg 608w, https:\/\/duoclieukimlong.com\/wp-content\/uploads\/2025\/12\/Cay-Bac-Ha-Nhat-Ban-602x400.jpg 602w, https:\/\/duoclieukimlong.com\/wp-content\/uploads\/2025\/12\/Cay-Bac-Ha-Nhat-Ban-18x12.jpg 18w, https:\/\/duoclieukimlong.com\/wp-content\/uploads\/2025\/12\/Cay-Bac-Ha-Nhat-Ban-600x399.jpg 600w\" sizes=\"(max-width: 608px) 100vw, 608px\" \/>\t\t\t\t\t\t\n\t\t\t\t\t<\/div>\n\t\t\t\t\t\t\t\t\n<style>\n#image_2071951473 {\n  width: 76%;\n}\n<\/style>\n\t<\/div>\n\t\n\t\t<\/div>\n\t\t\t\t\n<style>\n#col-1598907511 > .col-inner {\n  margin: 35px 0px 0px 0px;\n}\n<\/style>\n\t<\/div>\n\n\t\n\n\t<div id=\"col-593826914\" class=\"col medium-6 small-12 large-6\"  >\n\t\t\t\t<div class=\"col-inner\"  >\n\t\t\t\n\t\t\t\n\t<div id=\"text-3537743197\" class=\"text bd-title\">\n\t\t\n<h2>M\u1ee5c ti\u00eau c\u1ee7a ch\u00fang t\u00f4i<\/h2>\n\t\t\n<style>\n#text-3537743197 {\n  font-size: 1.2rem;\n  text-align: center;\n}\n<\/style>\n\t<\/div>\n\t\n<p>Ch\u00fang t\u00f4i h\u01b0\u1edbng \u0111\u1ebfn tr\u1edf th\u00e0nh th\u01b0\u01a1ng hi\u1ec7u ph\u00e2n ph\u1ed1i d\u01b0\u1ee3c li\u1ec7u h\u00e0ng \u0111\u1ea7u Vi\u1ec7t Nam, l\u00e0 c\u1ea7u n\u1ed1i \u0111\u01b0a tinh hoa y h\u1ecdc c\u1ed5 truy\u1ec1n \u0111\u1ebfn g\u1ea7n h\u01a1n v\u1edbi ng\u01b0\u1eddi ti\u00eau d\u00f9ng hi\u1ec7n \u0111\u1ea1i. D\u01b0\u1ee3c li\u1ec7u KL kh\u00f4ng ng\u1eebng n\u1ed7 l\u1ef1c t\u00ecm ki\u1ebfm v\u00e0 b\u1ea3o t\u1ed3n c\u00e1c ngu\u1ed3n gen qu\u00fd, cam k\u1ebft cung c\u1ea5p s\u1ea3n ph\u1ea9m S\u1ea1ch &#8211; An To\u00e0n &#8211; Hi\u1ec7u Qu\u1ea3, g\u00f3p ph\u1ea7n n\u00e2ng cao ch\u1ea5t l\u01b0\u1ee3ng s\u1ed1ng v\u00e0 s\u1ee9c kh\u1ecfe c\u1ed9ng \u0111\u1ed3ng m\u1ed9t c\u00e1ch b\u1ec1n v\u1eefng.<\/p>\n\t\t<\/div>\n\t\t\t\t\n<style>\n#col-593826914 > .col-inner {\n  margin: 35px 0px 0px 0px;\n}\n<\/style>\n\t<\/div>\n\n\t\n\n\t<div id=\"col-122141740\" class=\"col show-for-medium medium-6 small-12 large-6\"  >\n\t\t\t\t<div class=\"col-inner\"  >\n\t\t\t\n\t\t\t\n\t<div class=\"img has-hover x md-x lg-x y md-y lg-y\" id=\"image_2076575591\">\n\t\t\t\t\t\t\t\t<div class=\"img-inner dark\" >\n\t\t\t<img loading=\"lazy\" decoding=\"async\" width=\"1020\" height=\"574\" src=\"https:\/\/duoclieukimlong.com\/wp-content\/uploads\/2024\/04\/Bg2.jpg\" class=\"attachment-large size-large\" alt=\"\" srcset=\"https:\/\/duoclieukimlong.com\/wp-content\/uploads\/2024\/04\/Bg2.jpg 1200w, https:\/\/duoclieukimlong.com\/wp-content\/uploads\/2024\/04\/Bg2-711x400.jpg 711w, https:\/\/duoclieukimlong.com\/wp-content\/uploads\/2024\/04\/Bg2-768x432.jpg 768w, https:\/\/duoclieukimlong.com\/wp-content\/uploads\/2024\/04\/Bg2-18x10.jpg 18w, https:\/\/duoclieukimlong.com\/wp-content\/uploads\/2024\/04\/Bg2-600x338.jpg 600w\" sizes=\"(max-width: 1020px) 100vw, 1020px\" \/>\t\t\t\t\t\t\n\t\t\t\t\t<\/div>\n\t\t\t\t\t\t\t\t\n<style>\n#image_2076575591 {\n  width: 100%;\n}\n<\/style>\n\t<\/div>\n\t\n\t\t<\/div>\n\t\t\t\t\n<style>\n#col-122141740 > .col-inner {\n  margin: 35px 0px 0px 0px;\n}\n<\/style>\n\t<\/div>\n\n\t\n<\/div>\n<div class=\"row\"  id=\"row-1234099459\">\n\n\t<div id=\"col-600561902\" class=\"col medium-7 small-12 large-7\"  >\n\t\t\t\t<div class=\"col-inner\"  >\n\t\t\t\n\t\t\t\n\t<div id=\"text-145158762\" class=\"text bd-title\">\n\t\t\n<h2>S\u1ee9 m\u1ec7nh<\/h2>\n\t\t\n<style>\n#text-145158762 {\n  font-size: 1.2rem;\n  text-align: center;\n}\n<\/style>\n\t<\/div>\n\t\n<p>S\u1ee9 m\u1ec7nh c\u1ee7a D\u01b0\u1ee3c li\u1ec7u KL l\u00e0 b\u1ea3o t\u1ed3n v\u00e0 ph\u00e1t huy gi\u00e1 tr\u1ecb tinh hoa c\u1ee7a n\u1ec1n y h\u1ecdc c\u1ed5 truy\u1ec1n. Ch\u00fang t\u00f4i cam k\u1ebft cung c\u1ea5p ngu\u1ed3n d\u01b0\u1ee3c li\u1ec7u s\u1ea1ch, chu\u1ea9n h\u00f3a t\u1eeb v\u00f9ng tr\u1ed3ng \u0111\u1ebfn tay ng\u01b0\u1eddi d\u00f9ng. B\u1eb1ng vi\u1ec7c minh b\u1ea1ch h\u00f3a ngu\u1ed3n g\u1ed1c v\u00e0 ki\u1ec3m \u0111\u1ecbnh nghi\u00eam ng\u1eb7t, ch\u00fang t\u00f4i mong mu\u1ed1n thay \u0111\u1ed5i c\u00e1i nh\u00ecn v\u1ec1 d\u01b0\u1ee3c li\u1ec7u Vi\u1ec7t: Hi\u1ec7n \u0111\u1ea1i, An to\u00e0n v\u00e0 Hi\u1ec7u qu\u1ea3 th\u1ef1c s\u1ef1.<\/p>\n\t\t<\/div>\n\t\t\t\t\n<style>\n#col-600561902 > .col-inner {\n  margin: 35px 0px 0px 0px;\n}\n<\/style>\n\t<\/div>\n\n\t\n\n\t<div id=\"col-648528481\" class=\"col medium-5 small-12 large-5\"  >\n\t\t\t\t<div class=\"col-inner\"  >\n\t\t\t\n\t\t\t\n\t<div class=\"img has-hover x md-x lg-x y md-y lg-y\" id=\"image_1121418467\">\n\t\t\t\t\t\t\t\t<div class=\"img-inner dark\" >\n\t\t\t<img loading=\"lazy\" decoding=\"async\" width=\"1319\" height=\"742\" src=\"https:\/\/duoclieukimlong.com\/wp-content\/uploads\/2025\/12\/Banh-my-tu-bot-can-tay-say-lanh.png\" class=\"attachment-original size-original\" alt=\"\" srcset=\"https:\/\/duoclieukimlong.com\/wp-content\/uploads\/2025\/12\/Banh-my-tu-bot-can-tay-say-lanh.png 1319w, https:\/\/duoclieukimlong.com\/wp-content\/uploads\/2025\/12\/Banh-my-tu-bot-can-tay-say-lanh-711x400.png 711w, https:\/\/duoclieukimlong.com\/wp-content\/uploads\/2025\/12\/Banh-my-tu-bot-can-tay-say-lanh-768x432.png 768w, https:\/\/duoclieukimlong.com\/wp-content\/uploads\/2025\/12\/Banh-my-tu-bot-can-tay-say-lanh-18x10.png 18w, https:\/\/duoclieukimlong.com\/wp-content\/uploads\/2025\/12\/Banh-my-tu-bot-can-tay-say-lanh-600x338.png 600w\" sizes=\"(max-width: 1319px) 100vw, 1319px\" \/>\t\t\t\t\t\t\n\t\t\t\t\t<\/div>\n\t\t\t\t\t\t\t\t\n<style>\n#image_1121418467 {\n  width: 100%;\n}\n<\/style>\n\t<\/div>\n\t\n\t\t<\/div>\n\t\t\t\t\n<style>\n#col-648528481 > .col-inner {\n  margin: 35px 0px 0px 0px;\n}\n<\/style>\n\t<\/div>\n\n\t\n<\/div>","protected":false},"excerpt":{"rendered":"","protected":false},"author":1,"featured_media":14,"parent":0,"menu_order":0,"comment_status":"closed","ping_status":"closed","template":"page-blank.php","meta":{"inline_featured_image":false,"footnotes":""},"class_list":["post-88","page","type-page","status-publish","has-post-thumbnail","hentry"],"yoast_head":"<!-- This site is optimized with the Yoast SEO Premium plugin v20.9 (Yoast SEO v20.9) - https:\/\/yoast.com\/wordpress\/plugins\/seo\/ -->\n<title>Gi\u1edbi thi\u1ec7u - C\u1eeda h\u00e0ng D\u01b0\u1ee3c Li\u1ec7u Kim Long<\/title>\n<meta name=\"robots\" content=\"index, follow, max-snippet:-1, max-image-preview:large, max-video-preview:-1\" \/>\n<link rel=\"canonical\" href=\"https:\/\/duoclieukimlong.com\/en\/gioi-thieu\/\" \/>\n<meta property=\"og:locale\" content=\"en_US\" \/>\n<meta property=\"og:type\" content=\"article\" \/>\n<meta property=\"og:title\" content=\"Gi\u1edbi thi\u1ec7u\" \/>\n<meta property=\"og:url\" content=\"https:\/\/duoclieukimlong.com\/en\/gioi-thieu\/\" \/>\n<meta property=\"og:site_name\" content=\"C\u1eeda h\u00e0ng D\u01b0\u1ee3c Li\u1ec7u Kim Long\" \/>\n<meta property=\"article:modified_time\" content=\"2025-12-06T03:13:43+00:00\" \/>\n<meta property=\"og:image\" content=\"https:\/\/duoclieukimlong.com\/wp-content\/uploads\/2016\/08\/dummy-1.jpg\" \/>\n\t<meta property=\"og:image:width\" content=\"400\" \/>\n\t<meta property=\"og:image:height\" content=\"260\" \/>\n\t<meta property=\"og:image:type\" content=\"image\/jpeg\" \/>\n<meta name=\"twitter:card\" content=\"summary_large_image\" \/>\n<meta name=\"twitter:label1\" content=\"Est. reading time\" \/>\n\t<meta name=\"twitter:data1\" content=\"2 minutes\" \/>\n<script type=\"application\/ld+json\" class=\"yoast-schema-graph\">{\"@context\":\"https:\/\/schema.org\",\"@graph\":[{\"@type\":\"WebPage\",\"@id\":\"https:\/\/duoclieukimlong.com\/gioi-thieu\/\",\"url\":\"https:\/\/duoclieukimlong.com\/gioi-thieu\/\",\"name\":\"Gi\u1edbi thi\u1ec7u - C\u1eeda h\u00e0ng D\u01b0\u1ee3c Li\u1ec7u Kim Long\",\"isPartOf\":{\"@id\":\"https:\/\/duoclieukimlong.com\/#website\"},\"datePublished\":\"2013-08-11T19:06:15+00:00\",\"dateModified\":\"2025-12-06T03:13:43+00:00\",\"breadcrumb\":{\"@id\":\"https:\/\/duoclieukimlong.com\/gioi-thieu\/#breadcrumb\"},\"inLanguage\":\"en-US\",\"potentialAction\":[{\"@type\":\"ReadAction\",\"target\":[\"https:\/\/duoclieukimlong.com\/gioi-thieu\/\"]}]},{\"@type\":\"BreadcrumbList\",\"@id\":\"https:\/\/duoclieukimlong.com\/gioi-thieu\/#breadcrumb\",\"itemListElement\":[{\"@type\":\"ListItem\",\"position\":1,\"name\":\"Trang ch\u1ee7\",\"item\":\"https:\/\/duoclieukimlong.com\/\"},{\"@type\":\"ListItem\",\"position\":2,\"name\":\"Gi\u1edbi thi\u1ec7u\"}]},{\"@type\":\"WebSite\",\"@id\":\"https:\/\/duoclieukimlong.com\/#website\",\"url\":\"https:\/\/duoclieukimlong.com\/\",\"name\":\"C\u1eeda h\u00e0ng D\u01b0\u1ee3c Li\u1ec7u Kim Long\",\"description\":\"\",\"potentialAction\":[{\"@type\":\"SearchAction\",\"target\":{\"@type\":\"EntryPoint\",\"urlTemplate\":\"https:\/\/duoclieukimlong.com\/?s={search_term_string}\"},\"query-input\":\"required name=search_term_string\"}],\"inLanguage\":\"en-US\"}]}<\/script>\n<!-- \/ Yoast SEO Premium plugin. -->","yoast_head_json":{"title":"Gi\u1edbi thi\u1ec7u - C\u1eeda h\u00e0ng D\u01b0\u1ee3c Li\u1ec7u Kim Long","robots":{"index":"index","follow":"follow","max-snippet":"max-snippet:-1","max-image-preview":"max-image-preview:large","max-video-preview":"max-video-preview:-1"},"canonical":"https:\/\/duoclieukimlong.com\/en\/gioi-thieu\/","og_locale":"en_US","og_type":"article","og_title":"Gi\u1edbi thi\u1ec7u","og_url":"https:\/\/duoclieukimlong.com\/en\/gioi-thieu\/","og_site_name":"C\u1eeda h\u00e0ng D\u01b0\u1ee3c Li\u1ec7u Kim Long","article_modified_time":"2025-12-06T03:13:43+00:00","og_image":[{"width":400,"height":260,"url":"https:\/\/duoclieukimlong.com\/wp-content\/uploads\/2016\/08\/dummy-1.jpg","type":"image\/jpeg"}],"twitter_card":"summary_large_image","twitter_misc":{"Est. reading time":"2 minutes"},"schema":{"@context":"https:\/\/schema.org","@graph":[{"@type":"WebPage","@id":"https:\/\/duoclieukimlong.com\/gioi-thieu\/","url":"https:\/\/duoclieukimlong.com\/gioi-thieu\/","name":"Gi\u1edbi thi\u1ec7u - C\u1eeda h\u00e0ng D\u01b0\u1ee3c Li\u1ec7u Kim Long","isPartOf":{"@id":"https:\/\/duoclieukimlong.com\/#website"},"datePublished":"2013-08-11T19:06:15+00:00","dateModified":"2025-12-06T03:13:43+00:00","breadcrumb":{"@id":"https:\/\/duoclieukimlong.com\/gioi-thieu\/#breadcrumb"},"inLanguage":"en-US","potentialAction":[{"@type":"ReadAction","target":["https:\/\/duoclieukimlong.com\/gioi-thieu\/"]}]},{"@type":"BreadcrumbList","@id":"https:\/\/duoclieukimlong.com\/gioi-thieu\/#breadcrumb","itemListElement":[{"@type":"ListItem","position":1,"name":"Trang ch\u1ee7","item":"https:\/\/duoclieukimlong.com\/"},{"@type":"ListItem","position":2,"name":"Gi\u1edbi thi\u1ec7u"}]},{"@type":"WebSite","@id":"https:\/\/duoclieukimlong.com\/#website","url":"https:\/\/duoclieukimlong.com\/","name":"C\u1eeda h\u00e0ng D\u01b0\u1ee3c Li\u1ec7u Kim Long","description":"","potentialAction":[{"@type":"SearchAction","target":{"@type":"EntryPoint","urlTemplate":"https:\/\/duoclieukimlong.com\/?s={search_term_string}"},"query-input":"required name=search_term_string"}],"inLanguage":"en-US"}]}},"_links":{"self":[{"href":"https:\/\/duoclieukimlong.com\/en\/wp-json\/wp\/v2\/pages\/88"}],"collection":[{"href":"https:\/\/duoclieukimlong.com\/en\/wp-json\/wp\/v2\/pages"}],"about":[{"href":"https:\/\/duoclieukimlong.com\/en\/wp-json\/wp\/v2\/types\/page"}],"author":[{"embeddable":true,"href":"https:\/\/duoclieukimlong.com\/en\/wp-json\/wp\/v2\/users\/1"}],"replies":[{"embeddable":true,"href":"https:\/\/duoclieukimlong.com\/en\/wp-json\/wp\/v2\/comments?post=88"}],"version-history":[{"count":4,"href":"https:\/\/duoclieukimlong.com\/en\/wp-json\/wp\/v2\/pages\/88\/revisions"}],"predecessor-version":[{"id":1303,"href":"https:\/\/duoclieukimlong.com\/en\/wp-json\/wp\/v2\/pages\/88\/revisions\/1303"}],"wp:featuredmedia":[{"embeddable":true,"href":"https:\/\/duoclieukimlong.com\/en\/wp-json\/wp\/v2\/media\/14"}],"wp:attachment":[{"href":"https:\/\/duoclieukimlong.com\/en\/wp-json\/wp\/v2\/media?parent=88"}],"curies":[{"name":"wp","href":"https:\/\/api.w.org\/{rel}","templated":true}]}}