{"id":1187,"date":"2025-12-05T13:51:49","date_gmt":"2025-12-05T06:51:49","guid":{"rendered":"https:\/\/duoclieukimlong.123websitedev.com\/?post_type=product&#038;p=1187"},"modified":"2025-12-05T14:14:33","modified_gmt":"2025-12-05T07:14:33","slug":"nam-lim-xanh-rung","status":"publish","type":"product","link":"https:\/\/duoclieukimlong.com\/en\/nam-lim-xanh-rung\/","title":{"rendered":"Green Lim Mushroom"},"content":{"rendered":"<p>N\u1ea5m Lim Xanh \u0111\u01b0\u1ee3c m\u1ec7nh danh l\u00e0 Vua c\u1ee7a c\u00e1c lo\u00e0i th\u1ea3o d\u01b0\u1ee3c t\u1ea1i Vi\u1ec7t Nam. S\u1ea3n ph\u1ea9m \u0111\u01b0\u1ee3c b\u00e0 con d\u00e2n t\u1ed9c thu h\u00e1i tr\u1ef1c ti\u1ebfp t\u1eeb nh\u1eefng c\u00e2y g\u1ed7 lim \u0111\u00e3 ch\u1ebft trong r\u1eebng s\u00e2u Qu\u1ea3ng Nam. N\u1ea5m sau khi h\u00e1i \u0111\u01b0\u1ee3c s\u01a1 ch\u1ebf s\u1ea1ch \u0111\u1ea5t c\u00e1t, ph\u01a1i kh\u00f4 t\u1ef1 nhi\u00ean \u0111\u1ec3 gi\u1eef tr\u1ecdn d\u01b0\u1ee3c t\u00ednh. Ch\u1ee9a h\u00e0m l\u01b0\u1ee3ng cao Germanium, Triterpenes, Ganoderic acids. D\u00f9ng 10-20g n\u1ea5m kh\u00f4 n\u1ea5u v\u1edbi 2 l\u00edt n\u01b0\u1edbc, s\u1eafc c\u00f2n 1.5 l\u00edt u\u1ed1ng trong ng\u00e0y. B\u00e3 n\u1ea5m c\u00f3 th\u1ec3 \u0111\u1eafp m\u1eb7t n\u1ea1 d\u01b0\u1ee1ng da. B\u1ea3o qu\u1ea3n n\u01a1i kh\u00f4 r\u00e1o, tr\u00e1nh \u1ea9m m\u1ed1c.<\/p>","protected":false},"excerpt":{"rendered":"<p data-path-to-node=\"10,0,0\">Xu\u1ea5t x\u1ee9 R\u1eebng nguy\u00ean sinh Ti\u00ean Ph\u01b0\u1edbc, Qu\u1ea3ng Nam. Lo\u1ea1i h\u00e0ng r\u1eebng t\u1ef1 nhi\u00ean 100%, nguy\u00ean tai, \u0111\u00e3 l\u00e0m s\u1ea1ch g\u1ed1c. M\u00f9i th\u01a1m d\u01b0\u1ee3c li\u1ec7u \u0111\u1eb7c tr\u01b0ng, v\u1ecb \u0111\u1eafng nh\u1eb9 n\u01a1i cu\u1ed1ng h\u1ecdng. H\u1ed7 tr\u1ee3 gi\u1ea3i \u0111\u1ed9c gan, \u1ed5n \u0111\u1ecbnh huy\u1ebft \u00e1p v\u00e0 t\u0103ng c\u01b0\u1eddng s\u1ee9c \u0111\u1ec1 kh\u00e1ng.<\/p>","protected":false},"featured_media":1189,"comment_status":"open","ping_status":"closed","template":"","meta":{"inline_featured_image":false},"product_cat":[156],"product_tag":[],"class_list":{"0":"post-1187","1":"product","2":"type-product","3":"status-publish","4":"has-post-thumbnail","6":"product_cat-thao-duoc","8":"first","9":"instock","10":"shipping-taxable","11":"purchasable","12":"product-type-simple"},"yoast_head":"<!-- This site is optimized with the Yoast SEO Premium plugin v20.9 (Yoast SEO v20.9) - https:\/\/yoast.com\/wordpress\/plugins\/seo\/ -->\n<title>N\u1ea5m Lim Xanh R\u1eebng - C\u1eeda h\u00e0ng D\u01b0\u1ee3c Li\u1ec7u Kim Long<\/title>\n<meta name=\"robots\" content=\"index, follow, max-snippet:-1, max-image-preview:large, max-video-preview:-1\" \/>\n<link rel=\"canonical\" href=\"https:\/\/duoclieukimlong.com\/en\/nam-lim-xanh-rung\/\" \/>\n<meta property=\"og:locale\" content=\"en_US\" \/>\n<meta property=\"og:type\" content=\"article\" \/>\n<meta property=\"og:title\" content=\"N\u1ea5m Lim Xanh R\u1eebng\" \/>\n<meta property=\"og:description\" content=\"Xu\u1ea5t x\u1ee9 R\u1eebng nguy\u00ean sinh Ti\u00ean Ph\u01b0\u1edbc, Qu\u1ea3ng Nam. Lo\u1ea1i h\u00e0ng r\u1eebng t\u1ef1 nhi\u00ean 100%, nguy\u00ean tai, \u0111\u00e3 l\u00e0m s\u1ea1ch g\u1ed1c. M\u00f9i th\u01a1m d\u01b0\u1ee3c li\u1ec7u \u0111\u1eb7c tr\u01b0ng, v\u1ecb \u0111\u1eafng nh\u1eb9 n\u01a1i cu\u1ed1ng h\u1ecdng. H\u1ed7 tr\u1ee3 gi\u1ea3i \u0111\u1ed9c gan, \u1ed5n \u0111\u1ecbnh huy\u1ebft \u00e1p v\u00e0 t\u0103ng c\u01b0\u1eddng s\u1ee9c \u0111\u1ec1 kh\u00e1ng.\" \/>\n<meta property=\"og:url\" content=\"https:\/\/duoclieukimlong.com\/en\/nam-lim-xanh-rung\/\" \/>\n<meta property=\"og:site_name\" content=\"C\u1eeda h\u00e0ng D\u01b0\u1ee3c Li\u1ec7u Kim Long\" \/>\n<meta property=\"article:modified_time\" content=\"2025-12-05T07:14:33+00:00\" \/>\n<meta property=\"og:image\" content=\"https:\/\/duoclieukimlong.com\/wp-content\/uploads\/2025\/12\/nam-lim-xanh-rung-tu-quang-nam-loai-2.jpg\" \/>\n\t<meta property=\"og:image:width\" content=\"700\" \/>\n\t<meta property=\"og:image:height\" content=\"700\" \/>\n\t<meta property=\"og:image:type\" content=\"image\/jpeg\" \/>\n<meta name=\"twitter:card\" content=\"summary_large_image\" \/>\n<meta name=\"twitter:label1\" content=\"Est. reading time\" \/>\n\t<meta name=\"twitter:data1\" content=\"1 minute\" \/>\n<script type=\"application\/ld+json\" class=\"yoast-schema-graph\">{\"@context\":\"https:\/\/schema.org\",\"@graph\":[{\"@type\":\"WebPage\",\"@id\":\"https:\/\/duoclieukimlong.com\/san-pham\/nam-lim-xanh-rung\/\",\"url\":\"https:\/\/duoclieukimlong.com\/san-pham\/nam-lim-xanh-rung\/\",\"name\":\"N\u1ea5m Lim Xanh R\u1eebng - C\u1eeda h\u00e0ng D\u01b0\u1ee3c Li\u1ec7u Kim Long\",\"isPartOf\":{\"@id\":\"https:\/\/duoclieukimlong.com\/#website\"},\"datePublished\":\"2025-12-05T06:51:49+00:00\",\"dateModified\":\"2025-12-05T07:14:33+00:00\",\"breadcrumb\":{\"@id\":\"https:\/\/duoclieukimlong.com\/san-pham\/nam-lim-xanh-rung\/#breadcrumb\"},\"inLanguage\":\"en-US\",\"potentialAction\":[{\"@type\":\"ReadAction\",\"target\":[\"https:\/\/duoclieukimlong.com\/san-pham\/nam-lim-xanh-rung\/\"]}]},{\"@type\":\"BreadcrumbList\",\"@id\":\"https:\/\/duoclieukimlong.com\/san-pham\/nam-lim-xanh-rung\/#breadcrumb\",\"itemListElement\":[{\"@type\":\"ListItem\",\"position\":1,\"name\":\"Trang ch\u1ee7\",\"item\":\"https:\/\/duoclieukimlong.com\/\"},{\"@type\":\"ListItem\",\"position\":2,\"name\":\"S\u1ea3n ph\u1ea9m\",\"item\":\"https:\/\/duoclieukimlong.com\/shop\/\"},{\"@type\":\"ListItem\",\"position\":3,\"name\":\"N\u1ea5m Lim Xanh R\u1eebng\"}]},{\"@type\":\"WebSite\",\"@id\":\"https:\/\/duoclieukimlong.com\/#website\",\"url\":\"https:\/\/duoclieukimlong.com\/\",\"name\":\"C\u1eeda h\u00e0ng D\u01b0\u1ee3c Li\u1ec7u Kim Long\",\"description\":\"\",\"potentialAction\":[{\"@type\":\"SearchAction\",\"target\":{\"@type\":\"EntryPoint\",\"urlTemplate\":\"https:\/\/duoclieukimlong.com\/?s={search_term_string}\"},\"query-input\":\"required name=search_term_string\"}],\"inLanguage\":\"en-US\"}]}<\/script>\n<!-- \/ Yoast SEO Premium plugin. -->","yoast_head_json":{"title":"N\u1ea5m Lim Xanh R\u1eebng - C\u1eeda h\u00e0ng D\u01b0\u1ee3c Li\u1ec7u Kim Long","robots":{"index":"index","follow":"follow","max-snippet":"max-snippet:-1","max-image-preview":"max-image-preview:large","max-video-preview":"max-video-preview:-1"},"canonical":"https:\/\/duoclieukimlong.com\/en\/nam-lim-xanh-rung\/","og_locale":"en_US","og_type":"article","og_title":"N\u1ea5m Lim Xanh R\u1eebng","og_description":"Xu\u1ea5t x\u1ee9 R\u1eebng nguy\u00ean sinh Ti\u00ean Ph\u01b0\u1edbc, Qu\u1ea3ng Nam. Lo\u1ea1i h\u00e0ng r\u1eebng t\u1ef1 nhi\u00ean 100%, nguy\u00ean tai, \u0111\u00e3 l\u00e0m s\u1ea1ch g\u1ed1c. M\u00f9i th\u01a1m d\u01b0\u1ee3c li\u1ec7u \u0111\u1eb7c tr\u01b0ng, v\u1ecb \u0111\u1eafng nh\u1eb9 n\u01a1i cu\u1ed1ng h\u1ecdng. H\u1ed7 tr\u1ee3 gi\u1ea3i \u0111\u1ed9c gan, \u1ed5n \u0111\u1ecbnh huy\u1ebft \u00e1p v\u00e0 t\u0103ng c\u01b0\u1eddng s\u1ee9c \u0111\u1ec1 kh\u00e1ng.","og_url":"https:\/\/duoclieukimlong.com\/en\/nam-lim-xanh-rung\/","og_site_name":"C\u1eeda h\u00e0ng D\u01b0\u1ee3c Li\u1ec7u Kim Long","article_modified_time":"2025-12-05T07:14:33+00:00","og_image":[{"width":700,"height":700,"url":"https:\/\/duoclieukimlong.com\/wp-content\/uploads\/2025\/12\/nam-lim-xanh-rung-tu-quang-nam-loai-2.jpg","type":"image\/jpeg"}],"twitter_card":"summary_large_image","twitter_misc":{"Est. reading time":"1 minute"},"schema":{"@context":"https:\/\/schema.org","@graph":[{"@type":"WebPage","@id":"https:\/\/duoclieukimlong.com\/san-pham\/nam-lim-xanh-rung\/","url":"https:\/\/duoclieukimlong.com\/san-pham\/nam-lim-xanh-rung\/","name":"N\u1ea5m Lim Xanh R\u1eebng - C\u1eeda h\u00e0ng D\u01b0\u1ee3c Li\u1ec7u Kim Long","isPartOf":{"@id":"https:\/\/duoclieukimlong.com\/#website"},"datePublished":"2025-12-05T06:51:49+00:00","dateModified":"2025-12-05T07:14:33+00:00","breadcrumb":{"@id":"https:\/\/duoclieukimlong.com\/san-pham\/nam-lim-xanh-rung\/#breadcrumb"},"inLanguage":"en-US","potentialAction":[{"@type":"ReadAction","target":["https:\/\/duoclieukimlong.com\/san-pham\/nam-lim-xanh-rung\/"]}]},{"@type":"BreadcrumbList","@id":"https:\/\/duoclieukimlong.com\/san-pham\/nam-lim-xanh-rung\/#breadcrumb","itemListElement":[{"@type":"ListItem","position":1,"name":"Trang ch\u1ee7","item":"https:\/\/duoclieukimlong.com\/"},{"@type":"ListItem","position":2,"name":"S\u1ea3n ph\u1ea9m","item":"https:\/\/duoclieukimlong.com\/shop\/"},{"@type":"ListItem","position":3,"name":"N\u1ea5m Lim Xanh R\u1eebng"}]},{"@type":"WebSite","@id":"https:\/\/duoclieukimlong.com\/#website","url":"https:\/\/duoclieukimlong.com\/","name":"C\u1eeda h\u00e0ng D\u01b0\u1ee3c Li\u1ec7u Kim Long","description":"","potentialAction":[{"@type":"SearchAction","target":{"@type":"EntryPoint","urlTemplate":"https:\/\/duoclieukimlong.com\/?s={search_term_string}"},"query-input":"required name=search_term_string"}],"inLanguage":"en-US"}]}},"_links":{"self":[{"href":"https:\/\/duoclieukimlong.com\/en\/wp-json\/wp\/v2\/product\/1187"}],"collection":[{"href":"https:\/\/duoclieukimlong.com\/en\/wp-json\/wp\/v2\/product"}],"about":[{"href":"https:\/\/duoclieukimlong.com\/en\/wp-json\/wp\/v2\/types\/product"}],"replies":[{"embeddable":true,"href":"https:\/\/duoclieukimlong.com\/en\/wp-json\/wp\/v2\/comments?post=1187"}],"wp:featuredmedia":[{"embeddable":true,"href":"https:\/\/duoclieukimlong.com\/en\/wp-json\/wp\/v2\/media\/1189"}],"wp:attachment":[{"href":"https:\/\/duoclieukimlong.com\/en\/wp-json\/wp\/v2\/media?parent=1187"}],"wp:term":[{"taxonomy":"product_cat","embeddable":true,"href":"https:\/\/duoclieukimlong.com\/en\/wp-json\/wp\/v2\/product_cat?post=1187"},{"taxonomy":"product_tag","embeddable":true,"href":"https:\/\/duoclieukimlong.com\/en\/wp-json\/wp\/v2\/product_tag?post=1187"}],"curies":[{"name":"wp","href":"https:\/\/api.w.org\/{rel}","templated":true}]}}