{"id":1190,"date":"2025-12-05T13:52:57","date_gmt":"2025-12-05T06:52:57","guid":{"rendered":"https:\/\/duoclieukimlong.123websitedev.com\/?post_type=product&#038;p=1190"},"modified":"2025-12-05T14:14:33","modified_gmt":"2025-12-05T07:14:33","slug":"dong-trung-ha-thao-say-thang-hoa","status":"publish","type":"product","link":"https:\/\/duoclieukimlong.com\/en\/dong-trung-ha-thao-say-thang-hoa\/","title":{"rendered":"Freeze-dried Cordyceps"},"content":{"rendered":"<p>S\u1ea3n ph\u1ea9m \u0110\u00f4ng Tr\u00f9ng H\u1ea1 Th\u1ea3o \u0111\u01b0\u1ee3c nu\u00f4i c\u1ea5y trong m\u00f4i tr\u01b0\u1eddng v\u00f4 tr\u00f9ng ti\u00eau chu\u1ea9n ISO, \u00e1p d\u1ee5ng c\u00f4ng ngh\u1ec7 s\u1ea5y th\u0103ng hoa hi\u1ec7n \u0111\u1ea1i nh\u1ea5t hi\u1ec7n nay. Kh\u00e1c v\u1edbi s\u1ea5y nhi\u1ec7t th\u00f4ng th\u01b0\u1eddng l\u00e0m m\u1ea5t m\u00e0u v\u00e0 d\u01b0\u1ee3c ch\u1ea5t, s\u1ea5y th\u0103ng hoa gi\u00fap s\u1ee3i n\u1ea5m gi\u1eef nguy\u00ean m\u00e0u v\u00e0ng cam b\u1eaft m\u1eaft v\u00e0 h\u00e0m l\u01b0\u1ee3ng Cordycepin, Adenosine cao nh\u1ea5t. \u0110\u1eb7c bi\u1ec7t t\u1ed1t cho ng\u01b0\u1eddi gi\u00e0, ng\u01b0\u1eddi m\u1edbi \u1ed1m d\u1eady, nam gi\u1edbi y\u1ebfu sinh l\u00fd ho\u1eb7c ng\u01b0\u1eddi c\u00f3 b\u1ec7nh v\u1ec1 \u0111\u01b0\u1eddng h\u00f4 h\u1ea5p. C\u00e1ch d\u00f9ng \u0111\u01a1n gi\u1ea3n nh\u01b0 h\u00e3m tr\u00e0 u\u1ed1ng v\u00e0 \u0103n c\u1ea3 s\u1ee3i, ng\u00e2m m\u1eadt ong, ng\u00e2m r\u01b0\u1ee3u ho\u1eb7c n\u1ea5u ch\u00e1o, h\u1ea7m g\u00e0. H\u1ea1n s\u1eed d\u1ee5ng 12 th\u00e1ng k\u1ec3 t\u1eeb ng\u00e0y s\u1ea3n xu\u1ea5t.<\/p>","protected":false},"excerpt":{"rendered":"<p>C\u00f4ng ngh\u1ec7 s\u1ea5y th\u0103ng hoa gi\u00fap gi\u1eef 99% d\u01b0\u1ee1ng ch\u1ea5t v\u00e0 h\u00ecnh d\u00e1ng. Quy c\u00e1ch h\u1ed9p th\u1ee7y tinh cao c\u1ea5p 20g. S\u1ee3i n\u1ea5m v\u00e0ng cam, to \u0111\u1ec1u, gi\u00f2n x\u1ed1p, kh\u00f4ng b\u1ecb teo t\u00f3p. B\u1ed3i b\u1ed5 ph\u1ebf, th\u1eadn, gi\u00fap \u0103n ngon ng\u1ee7 s\u00e2u, ph\u1ee5c h\u1ed3i sinh l\u1ef1c.<\/p>","protected":false},"featured_media":1188,"comment_status":"open","ping_status":"closed","template":"","meta":{"inline_featured_image":false},"product_cat":[156],"product_tag":[],"class_list":{"0":"post-1190","1":"product","2":"type-product","3":"status-publish","4":"has-post-thumbnail","6":"product_cat-thao-duoc","8":"first","9":"instock","10":"shipping-taxable","11":"purchasable","12":"product-type-simple"},"yoast_head":"<!-- This site is optimized with the Yoast SEO Premium plugin v20.9 (Yoast SEO v20.9) - https:\/\/yoast.com\/wordpress\/plugins\/seo\/ -->\n<title>\u0110\u00f4ng Tr\u00f9ng H\u1ea1 Th\u1ea3o S\u1ea5y Th\u0103ng Hoa - C\u1eeda h\u00e0ng D\u01b0\u1ee3c Li\u1ec7u Kim Long<\/title>\n<meta name=\"robots\" content=\"index, follow, max-snippet:-1, max-image-preview:large, max-video-preview:-1\" \/>\n<link rel=\"canonical\" href=\"https:\/\/duoclieukimlong.com\/en\/dong-trung-ha-thao-say-thang-hoa\/\" \/>\n<meta property=\"og:locale\" content=\"en_US\" \/>\n<meta property=\"og:type\" content=\"article\" \/>\n<meta property=\"og:title\" content=\"\u0110\u00f4ng Tr\u00f9ng H\u1ea1 Th\u1ea3o S\u1ea5y Th\u0103ng Hoa\" \/>\n<meta property=\"og:description\" content=\"C\u00f4ng ngh\u1ec7 s\u1ea5y th\u0103ng hoa gi\u00fap gi\u1eef 99% d\u01b0\u1ee1ng ch\u1ea5t v\u00e0 h\u00ecnh d\u00e1ng. Quy c\u00e1ch h\u1ed9p th\u1ee7y tinh cao c\u1ea5p 20g. S\u1ee3i n\u1ea5m v\u00e0ng cam, to \u0111\u1ec1u, gi\u00f2n x\u1ed1p, kh\u00f4ng b\u1ecb teo t\u00f3p. B\u1ed3i b\u1ed5 ph\u1ebf, th\u1eadn, gi\u00fap \u0103n ngon ng\u1ee7 s\u00e2u, ph\u1ee5c h\u1ed3i sinh l\u1ef1c.\" \/>\n<meta property=\"og:url\" content=\"https:\/\/duoclieukimlong.com\/en\/dong-trung-ha-thao-say-thang-hoa\/\" \/>\n<meta property=\"og:site_name\" content=\"C\u1eeda h\u00e0ng D\u01b0\u1ee3c Li\u1ec7u Kim Long\" \/>\n<meta property=\"article:modified_time\" content=\"2025-12-05T07:14:33+00:00\" \/>\n<meta property=\"og:image\" content=\"https:\/\/duoclieukimlong.com\/wp-content\/uploads\/2025\/12\/dong-trung-ha-thao-say-thang-hoa.webp\" \/>\n\t<meta property=\"og:image:width\" content=\"1024\" \/>\n\t<meta property=\"og:image:height\" content=\"1024\" \/>\n\t<meta property=\"og:image:type\" content=\"image\/webp\" \/>\n<meta name=\"twitter:card\" content=\"summary_large_image\" \/>\n<meta name=\"twitter:label1\" content=\"Est. reading time\" \/>\n\t<meta name=\"twitter:data1\" content=\"1 minute\" \/>\n<script type=\"application\/ld+json\" class=\"yoast-schema-graph\">{\"@context\":\"https:\/\/schema.org\",\"@graph\":[{\"@type\":\"WebPage\",\"@id\":\"https:\/\/duoclieukimlong.com\/san-pham\/dong-trung-ha-thao-say-thang-hoa\/\",\"url\":\"https:\/\/duoclieukimlong.com\/san-pham\/dong-trung-ha-thao-say-thang-hoa\/\",\"name\":\"\u0110\u00f4ng Tr\u00f9ng H\u1ea1 Th\u1ea3o S\u1ea5y Th\u0103ng Hoa - C\u1eeda h\u00e0ng D\u01b0\u1ee3c Li\u1ec7u Kim Long\",\"isPartOf\":{\"@id\":\"https:\/\/duoclieukimlong.com\/#website\"},\"datePublished\":\"2025-12-05T06:52:57+00:00\",\"dateModified\":\"2025-12-05T07:14:33+00:00\",\"breadcrumb\":{\"@id\":\"https:\/\/duoclieukimlong.com\/san-pham\/dong-trung-ha-thao-say-thang-hoa\/#breadcrumb\"},\"inLanguage\":\"en-US\",\"potentialAction\":[{\"@type\":\"ReadAction\",\"target\":[\"https:\/\/duoclieukimlong.com\/san-pham\/dong-trung-ha-thao-say-thang-hoa\/\"]}]},{\"@type\":\"BreadcrumbList\",\"@id\":\"https:\/\/duoclieukimlong.com\/san-pham\/dong-trung-ha-thao-say-thang-hoa\/#breadcrumb\",\"itemListElement\":[{\"@type\":\"ListItem\",\"position\":1,\"name\":\"Trang ch\u1ee7\",\"item\":\"https:\/\/duoclieukimlong.com\/\"},{\"@type\":\"ListItem\",\"position\":2,\"name\":\"S\u1ea3n ph\u1ea9m\",\"item\":\"https:\/\/duoclieukimlong.com\/shop\/\"},{\"@type\":\"ListItem\",\"position\":3,\"name\":\"\u0110\u00f4ng Tr\u00f9ng H\u1ea1 Th\u1ea3o S\u1ea5y Th\u0103ng Hoa\"}]},{\"@type\":\"WebSite\",\"@id\":\"https:\/\/duoclieukimlong.com\/#website\",\"url\":\"https:\/\/duoclieukimlong.com\/\",\"name\":\"C\u1eeda h\u00e0ng D\u01b0\u1ee3c Li\u1ec7u Kim Long\",\"description\":\"\",\"potentialAction\":[{\"@type\":\"SearchAction\",\"target\":{\"@type\":\"EntryPoint\",\"urlTemplate\":\"https:\/\/duoclieukimlong.com\/?s={search_term_string}\"},\"query-input\":\"required name=search_term_string\"}],\"inLanguage\":\"en-US\"}]}<\/script>\n<!-- \/ Yoast SEO Premium plugin. -->","yoast_head_json":{"title":"\u0110\u00f4ng Tr\u00f9ng H\u1ea1 Th\u1ea3o S\u1ea5y Th\u0103ng Hoa - C\u1eeda h\u00e0ng D\u01b0\u1ee3c Li\u1ec7u Kim Long","robots":{"index":"index","follow":"follow","max-snippet":"max-snippet:-1","max-image-preview":"max-image-preview:large","max-video-preview":"max-video-preview:-1"},"canonical":"https:\/\/duoclieukimlong.com\/en\/dong-trung-ha-thao-say-thang-hoa\/","og_locale":"en_US","og_type":"article","og_title":"\u0110\u00f4ng Tr\u00f9ng H\u1ea1 Th\u1ea3o S\u1ea5y Th\u0103ng Hoa","og_description":"C\u00f4ng ngh\u1ec7 s\u1ea5y th\u0103ng hoa gi\u00fap gi\u1eef 99% d\u01b0\u1ee1ng ch\u1ea5t v\u00e0 h\u00ecnh d\u00e1ng. Quy c\u00e1ch h\u1ed9p th\u1ee7y tinh cao c\u1ea5p 20g. S\u1ee3i n\u1ea5m v\u00e0ng cam, to \u0111\u1ec1u, gi\u00f2n x\u1ed1p, kh\u00f4ng b\u1ecb teo t\u00f3p. B\u1ed3i b\u1ed5 ph\u1ebf, th\u1eadn, gi\u00fap \u0103n ngon ng\u1ee7 s\u00e2u, ph\u1ee5c h\u1ed3i sinh l\u1ef1c.","og_url":"https:\/\/duoclieukimlong.com\/en\/dong-trung-ha-thao-say-thang-hoa\/","og_site_name":"C\u1eeda h\u00e0ng D\u01b0\u1ee3c Li\u1ec7u Kim Long","article_modified_time":"2025-12-05T07:14:33+00:00","og_image":[{"width":1024,"height":1024,"url":"https:\/\/duoclieukimlong.com\/wp-content\/uploads\/2025\/12\/dong-trung-ha-thao-say-thang-hoa.webp","type":"image\/webp"}],"twitter_card":"summary_large_image","twitter_misc":{"Est. reading time":"1 minute"},"schema":{"@context":"https:\/\/schema.org","@graph":[{"@type":"WebPage","@id":"https:\/\/duoclieukimlong.com\/san-pham\/dong-trung-ha-thao-say-thang-hoa\/","url":"https:\/\/duoclieukimlong.com\/san-pham\/dong-trung-ha-thao-say-thang-hoa\/","name":"\u0110\u00f4ng Tr\u00f9ng H\u1ea1 Th\u1ea3o S\u1ea5y Th\u0103ng Hoa - C\u1eeda h\u00e0ng D\u01b0\u1ee3c Li\u1ec7u Kim Long","isPartOf":{"@id":"https:\/\/duoclieukimlong.com\/#website"},"datePublished":"2025-12-05T06:52:57+00:00","dateModified":"2025-12-05T07:14:33+00:00","breadcrumb":{"@id":"https:\/\/duoclieukimlong.com\/san-pham\/dong-trung-ha-thao-say-thang-hoa\/#breadcrumb"},"inLanguage":"en-US","potentialAction":[{"@type":"ReadAction","target":["https:\/\/duoclieukimlong.com\/san-pham\/dong-trung-ha-thao-say-thang-hoa\/"]}]},{"@type":"BreadcrumbList","@id":"https:\/\/duoclieukimlong.com\/san-pham\/dong-trung-ha-thao-say-thang-hoa\/#breadcrumb","itemListElement":[{"@type":"ListItem","position":1,"name":"Trang ch\u1ee7","item":"https:\/\/duoclieukimlong.com\/"},{"@type":"ListItem","position":2,"name":"S\u1ea3n ph\u1ea9m","item":"https:\/\/duoclieukimlong.com\/shop\/"},{"@type":"ListItem","position":3,"name":"\u0110\u00f4ng Tr\u00f9ng H\u1ea1 Th\u1ea3o S\u1ea5y Th\u0103ng Hoa"}]},{"@type":"WebSite","@id":"https:\/\/duoclieukimlong.com\/#website","url":"https:\/\/duoclieukimlong.com\/","name":"C\u1eeda h\u00e0ng D\u01b0\u1ee3c Li\u1ec7u Kim Long","description":"","potentialAction":[{"@type":"SearchAction","target":{"@type":"EntryPoint","urlTemplate":"https:\/\/duoclieukimlong.com\/?s={search_term_string}"},"query-input":"required name=search_term_string"}],"inLanguage":"en-US"}]}},"_links":{"self":[{"href":"https:\/\/duoclieukimlong.com\/en\/wp-json\/wp\/v2\/product\/1190"}],"collection":[{"href":"https:\/\/duoclieukimlong.com\/en\/wp-json\/wp\/v2\/product"}],"about":[{"href":"https:\/\/duoclieukimlong.com\/en\/wp-json\/wp\/v2\/types\/product"}],"replies":[{"embeddable":true,"href":"https:\/\/duoclieukimlong.com\/en\/wp-json\/wp\/v2\/comments?post=1190"}],"wp:featuredmedia":[{"embeddable":true,"href":"https:\/\/duoclieukimlong.com\/en\/wp-json\/wp\/v2\/media\/1188"}],"wp:attachment":[{"href":"https:\/\/duoclieukimlong.com\/en\/wp-json\/wp\/v2\/media?parent=1190"}],"wp:term":[{"taxonomy":"product_cat","embeddable":true,"href":"https:\/\/duoclieukimlong.com\/en\/wp-json\/wp\/v2\/product_cat?post=1190"},{"taxonomy":"product_tag","embeddable":true,"href":"https:\/\/duoclieukimlong.com\/en\/wp-json\/wp\/v2\/product_tag?post=1190"}],"curies":[{"name":"wp","href":"https:\/\/api.w.org\/{rel}","templated":true}]}}