{"id":1195,"date":"2025-12-05T13:58:39","date_gmt":"2025-12-05T06:58:39","guid":{"rendered":"https:\/\/duoclieukimlong.123websitedev.com\/?post_type=product&#038;p=1195"},"modified":"2025-12-05T14:14:33","modified_gmt":"2025-12-05T07:14:33","slug":"sam-ngoc-linh-ngam-mat-ong","status":"publish","type":"product","link":"https:\/\/duoclieukimlong.com\/en\/sam-ngoc-linh-ngam-mat-ong\/","title":{"rendered":"Ngoc Linh Ginseng Soaked in Honey"},"content":{"rendered":"<p>S\u1ef1 k\u1ebft h\u1ee3p ho\u00e0n h\u1ea3o gi\u1eefa Qu\u1ed1c b\u1ea3o Vi\u1ec7t Nam S\u00e2m Ng\u1ecdc Linh v\u00e0 m\u1eadt ong r\u1eebng t\u1ef1 nhi\u00ean t\u1ea1o n\u00ean b\u00e0i thu\u1ed1c qu\u00fd gi\u00e1 cho s\u1ee9c kh\u1ecfe. T\u00e1c d\u1ee5ng v\u01b0\u1ee3t tr\u1ed9i nh\u1edd Saponin MR2 trong s\u00e2m k\u1ebft h\u1ee3p v\u1edbi kho\u00e1ng ch\u1ea5t trong m\u1eadt ong gi\u00fap kh\u00e1ng khu\u1ea9n, gi\u1ea3m ho, long \u0111\u1eddm hi\u1ec7u qu\u1ea3. \u0110\u1ed3ng th\u1eddi k\u00edch th\u00edch t\u00e1i t\u1ea1o t\u1ebf b\u00e0o, l\u00e0m ch\u1eadm qu\u00e1 tr\u00ecnh l\u00e3o h\u00f3a. C\u00e1ch d\u00f9ng: M\u1ed7i bu\u1ed5i s\u00e1ng d\u00f9ng 1 th\u00eca cafe c\u1ea3 m\u1eadt ong v\u00e0 l\u00e1t s\u00e2m. C\u00f3 th\u1ec3 ng\u1eadm tr\u1ef1c ti\u1ebfp ho\u1eb7c pha v\u1edbi n\u01b0\u1edbc \u1ea5m d\u01b0\u1edbi 50 \u0111\u1ed9 C. L\u01b0u \u00fd kh\u00f4ng d\u00f9ng cho ng\u01b0\u1eddi \u0111au b\u1ee5ng th\u1ec3 h\u00e0n, ph\u1ee5 n\u1eef mang thai.<\/p>","protected":false},"excerpt":{"rendered":"<p>Th\u00e0nh ph\u1ea7n g\u1ed3m S\u00e2m Ng\u1ecdc Linh tr\u00ean 10 n\u0103m tu\u1ed5i v\u00e0 M\u1eadt ong r\u1eebng nguy\u00ean ch\u1ea5t. Quy tr\u00ecnh ng\u00e2m \u1ee7 th\u1ee7 c\u00f4ng tr\u00ean 6 th\u00e1ng \u0111\u1ec3 tinh ch\u1ea5t h\u00f2a quy\u1ec7n. \u0110\u1ed1i t\u01b0\u1ee3ng s\u1eed d\u1ee5ng l\u00e0 ng\u01b0\u1eddi suy nh\u01b0\u1ee3c c\u01a1 th\u1ec3, ng\u01b0\u1eddi cao tu\u1ed5i, ph\u1ee5 n\u1eef mu\u1ed1n \u0111\u1eb9p da. H\u01b0\u01a1ng v\u1ecb ng\u1ecdt thanh c\u1ee7a m\u1eadt ong \u00e1t \u0111i v\u1ecb \u0111\u1eafng c\u1ee7a s\u00e2m, r\u1ea5t d\u1ec5 u\u1ed1ng.<\/p>","protected":false},"featured_media":1193,"comment_status":"open","ping_status":"closed","template":"","meta":{"inline_featured_image":false},"product_cat":[156],"product_tag":[],"class_list":{"0":"post-1195","1":"product","2":"type-product","3":"status-publish","4":"has-post-thumbnail","6":"product_cat-thao-duoc","8":"first","9":"instock","10":"shipping-taxable","11":"purchasable","12":"product-type-simple"},"yoast_head":"<!-- This site is optimized with the Yoast SEO Premium plugin v20.9 (Yoast SEO v20.9) - https:\/\/yoast.com\/wordpress\/plugins\/seo\/ -->\n<title>S\u00e2m Ng\u1ecdc Linh Ng\u00e2m M\u1eadt Ong - C\u1eeda h\u00e0ng D\u01b0\u1ee3c Li\u1ec7u Kim Long<\/title>\n<meta name=\"robots\" content=\"index, follow, max-snippet:-1, max-image-preview:large, max-video-preview:-1\" \/>\n<link rel=\"canonical\" href=\"https:\/\/duoclieukimlong.com\/en\/sam-ngoc-linh-ngam-mat-ong\/\" \/>\n<meta property=\"og:locale\" content=\"en_US\" \/>\n<meta property=\"og:type\" content=\"article\" \/>\n<meta property=\"og:title\" content=\"S\u00e2m Ng\u1ecdc Linh Ng\u00e2m M\u1eadt Ong\" \/>\n<meta property=\"og:description\" content=\"Th\u00e0nh ph\u1ea7n g\u1ed3m S\u00e2m Ng\u1ecdc Linh tr\u00ean 10 n\u0103m tu\u1ed5i v\u00e0 M\u1eadt ong r\u1eebng nguy\u00ean ch\u1ea5t. Quy tr\u00ecnh ng\u00e2m \u1ee7 th\u1ee7 c\u00f4ng tr\u00ean 6 th\u00e1ng \u0111\u1ec3 tinh ch\u1ea5t h\u00f2a quy\u1ec7n. \u0110\u1ed1i t\u01b0\u1ee3ng s\u1eed d\u1ee5ng l\u00e0 ng\u01b0\u1eddi suy nh\u01b0\u1ee3c c\u01a1 th\u1ec3, ng\u01b0\u1eddi cao tu\u1ed5i, ph\u1ee5 n\u1eef mu\u1ed1n \u0111\u1eb9p da. H\u01b0\u01a1ng v\u1ecb ng\u1ecdt thanh c\u1ee7a m\u1eadt ong \u00e1t \u0111i v\u1ecb \u0111\u1eafng c\u1ee7a s\u00e2m, r\u1ea5t d\u1ec5 u\u1ed1ng.\" \/>\n<meta property=\"og:url\" content=\"https:\/\/duoclieukimlong.com\/en\/sam-ngoc-linh-ngam-mat-ong\/\" \/>\n<meta property=\"og:site_name\" content=\"C\u1eeda h\u00e0ng D\u01b0\u1ee3c Li\u1ec7u Kim Long\" \/>\n<meta property=\"article:modified_time\" content=\"2025-12-05T07:14:33+00:00\" \/>\n<meta property=\"og:image\" content=\"https:\/\/duoclieukimlong.com\/wp-content\/uploads\/2025\/12\/samngoclinh.jpg\" \/>\n\t<meta property=\"og:image:width\" content=\"1200\" \/>\n\t<meta property=\"og:image:height\" content=\"675\" \/>\n\t<meta property=\"og:image:type\" content=\"image\/jpeg\" \/>\n<meta name=\"twitter:card\" content=\"summary_large_image\" \/>\n<meta name=\"twitter:label1\" content=\"Est. reading time\" \/>\n\t<meta name=\"twitter:data1\" content=\"1 minute\" \/>\n<script type=\"application\/ld+json\" class=\"yoast-schema-graph\">{\"@context\":\"https:\/\/schema.org\",\"@graph\":[{\"@type\":\"WebPage\",\"@id\":\"https:\/\/duoclieukimlong.com\/san-pham\/sam-ngoc-linh-ngam-mat-ong\/\",\"url\":\"https:\/\/duoclieukimlong.com\/san-pham\/sam-ngoc-linh-ngam-mat-ong\/\",\"name\":\"S\u00e2m Ng\u1ecdc Linh Ng\u00e2m M\u1eadt Ong - C\u1eeda h\u00e0ng D\u01b0\u1ee3c Li\u1ec7u Kim Long\",\"isPartOf\":{\"@id\":\"https:\/\/duoclieukimlong.com\/#website\"},\"datePublished\":\"2025-12-05T06:58:39+00:00\",\"dateModified\":\"2025-12-05T07:14:33+00:00\",\"breadcrumb\":{\"@id\":\"https:\/\/duoclieukimlong.com\/san-pham\/sam-ngoc-linh-ngam-mat-ong\/#breadcrumb\"},\"inLanguage\":\"en-US\",\"potentialAction\":[{\"@type\":\"ReadAction\",\"target\":[\"https:\/\/duoclieukimlong.com\/san-pham\/sam-ngoc-linh-ngam-mat-ong\/\"]}]},{\"@type\":\"BreadcrumbList\",\"@id\":\"https:\/\/duoclieukimlong.com\/san-pham\/sam-ngoc-linh-ngam-mat-ong\/#breadcrumb\",\"itemListElement\":[{\"@type\":\"ListItem\",\"position\":1,\"name\":\"Trang ch\u1ee7\",\"item\":\"https:\/\/duoclieukimlong.com\/\"},{\"@type\":\"ListItem\",\"position\":2,\"name\":\"S\u1ea3n ph\u1ea9m\",\"item\":\"https:\/\/duoclieukimlong.com\/shop\/\"},{\"@type\":\"ListItem\",\"position\":3,\"name\":\"S\u00e2m Ng\u1ecdc Linh Ng\u00e2m M\u1eadt Ong\"}]},{\"@type\":\"WebSite\",\"@id\":\"https:\/\/duoclieukimlong.com\/#website\",\"url\":\"https:\/\/duoclieukimlong.com\/\",\"name\":\"C\u1eeda h\u00e0ng D\u01b0\u1ee3c Li\u1ec7u Kim Long\",\"description\":\"\",\"potentialAction\":[{\"@type\":\"SearchAction\",\"target\":{\"@type\":\"EntryPoint\",\"urlTemplate\":\"https:\/\/duoclieukimlong.com\/?s={search_term_string}\"},\"query-input\":\"required name=search_term_string\"}],\"inLanguage\":\"en-US\"}]}<\/script>\n<!-- \/ Yoast SEO Premium plugin. -->","yoast_head_json":{"title":"S\u00e2m Ng\u1ecdc Linh Ng\u00e2m M\u1eadt Ong - C\u1eeda h\u00e0ng D\u01b0\u1ee3c Li\u1ec7u Kim Long","robots":{"index":"index","follow":"follow","max-snippet":"max-snippet:-1","max-image-preview":"max-image-preview:large","max-video-preview":"max-video-preview:-1"},"canonical":"https:\/\/duoclieukimlong.com\/en\/sam-ngoc-linh-ngam-mat-ong\/","og_locale":"en_US","og_type":"article","og_title":"S\u00e2m Ng\u1ecdc Linh Ng\u00e2m M\u1eadt Ong","og_description":"Th\u00e0nh ph\u1ea7n g\u1ed3m S\u00e2m Ng\u1ecdc Linh tr\u00ean 10 n\u0103m tu\u1ed5i v\u00e0 M\u1eadt ong r\u1eebng nguy\u00ean ch\u1ea5t. Quy tr\u00ecnh ng\u00e2m \u1ee7 th\u1ee7 c\u00f4ng tr\u00ean 6 th\u00e1ng \u0111\u1ec3 tinh ch\u1ea5t h\u00f2a quy\u1ec7n. \u0110\u1ed1i t\u01b0\u1ee3ng s\u1eed d\u1ee5ng l\u00e0 ng\u01b0\u1eddi suy nh\u01b0\u1ee3c c\u01a1 th\u1ec3, ng\u01b0\u1eddi cao tu\u1ed5i, ph\u1ee5 n\u1eef mu\u1ed1n \u0111\u1eb9p da. H\u01b0\u01a1ng v\u1ecb ng\u1ecdt thanh c\u1ee7a m\u1eadt ong \u00e1t \u0111i v\u1ecb \u0111\u1eafng c\u1ee7a s\u00e2m, r\u1ea5t d\u1ec5 u\u1ed1ng.","og_url":"https:\/\/duoclieukimlong.com\/en\/sam-ngoc-linh-ngam-mat-ong\/","og_site_name":"C\u1eeda h\u00e0ng D\u01b0\u1ee3c Li\u1ec7u Kim Long","article_modified_time":"2025-12-05T07:14:33+00:00","og_image":[{"width":1200,"height":675,"url":"https:\/\/duoclieukimlong.com\/wp-content\/uploads\/2025\/12\/samngoclinh.jpg","type":"image\/jpeg"}],"twitter_card":"summary_large_image","twitter_misc":{"Est. reading time":"1 minute"},"schema":{"@context":"https:\/\/schema.org","@graph":[{"@type":"WebPage","@id":"https:\/\/duoclieukimlong.com\/san-pham\/sam-ngoc-linh-ngam-mat-ong\/","url":"https:\/\/duoclieukimlong.com\/san-pham\/sam-ngoc-linh-ngam-mat-ong\/","name":"S\u00e2m Ng\u1ecdc Linh Ng\u00e2m M\u1eadt Ong - C\u1eeda h\u00e0ng D\u01b0\u1ee3c Li\u1ec7u Kim Long","isPartOf":{"@id":"https:\/\/duoclieukimlong.com\/#website"},"datePublished":"2025-12-05T06:58:39+00:00","dateModified":"2025-12-05T07:14:33+00:00","breadcrumb":{"@id":"https:\/\/duoclieukimlong.com\/san-pham\/sam-ngoc-linh-ngam-mat-ong\/#breadcrumb"},"inLanguage":"en-US","potentialAction":[{"@type":"ReadAction","target":["https:\/\/duoclieukimlong.com\/san-pham\/sam-ngoc-linh-ngam-mat-ong\/"]}]},{"@type":"BreadcrumbList","@id":"https:\/\/duoclieukimlong.com\/san-pham\/sam-ngoc-linh-ngam-mat-ong\/#breadcrumb","itemListElement":[{"@type":"ListItem","position":1,"name":"Trang ch\u1ee7","item":"https:\/\/duoclieukimlong.com\/"},{"@type":"ListItem","position":2,"name":"S\u1ea3n ph\u1ea9m","item":"https:\/\/duoclieukimlong.com\/shop\/"},{"@type":"ListItem","position":3,"name":"S\u00e2m Ng\u1ecdc Linh Ng\u00e2m M\u1eadt Ong"}]},{"@type":"WebSite","@id":"https:\/\/duoclieukimlong.com\/#website","url":"https:\/\/duoclieukimlong.com\/","name":"C\u1eeda h\u00e0ng D\u01b0\u1ee3c Li\u1ec7u Kim Long","description":"","potentialAction":[{"@type":"SearchAction","target":{"@type":"EntryPoint","urlTemplate":"https:\/\/duoclieukimlong.com\/?s={search_term_string}"},"query-input":"required name=search_term_string"}],"inLanguage":"en-US"}]}},"_links":{"self":[{"href":"https:\/\/duoclieukimlong.com\/en\/wp-json\/wp\/v2\/product\/1195"}],"collection":[{"href":"https:\/\/duoclieukimlong.com\/en\/wp-json\/wp\/v2\/product"}],"about":[{"href":"https:\/\/duoclieukimlong.com\/en\/wp-json\/wp\/v2\/types\/product"}],"replies":[{"embeddable":true,"href":"https:\/\/duoclieukimlong.com\/en\/wp-json\/wp\/v2\/comments?post=1195"}],"wp:featuredmedia":[{"embeddable":true,"href":"https:\/\/duoclieukimlong.com\/en\/wp-json\/wp\/v2\/media\/1193"}],"wp:attachment":[{"href":"https:\/\/duoclieukimlong.com\/en\/wp-json\/wp\/v2\/media?parent=1195"}],"wp:term":[{"taxonomy":"product_cat","embeddable":true,"href":"https:\/\/duoclieukimlong.com\/en\/wp-json\/wp\/v2\/product_cat?post=1195"},{"taxonomy":"product_tag","embeddable":true,"href":"https:\/\/duoclieukimlong.com\/en\/wp-json\/wp\/v2\/product_tag?post=1195"}],"curies":[{"name":"wp","href":"https:\/\/api.w.org\/{rel}","templated":true}]}}