{"id":1196,"date":"2025-12-05T13:59:08","date_gmt":"2025-12-05T06:59:08","guid":{"rendered":"https:\/\/duoclieukimlong.123websitedev.com\/?post_type=product&#038;p=1196"},"modified":"2025-12-05T14:14:33","modified_gmt":"2025-12-05T07:14:33","slug":"tao-do-tan-cuong-hang-chon-loc","status":"publish","type":"product","link":"https:\/\/duoclieukimlong.com\/en\/selective-reinforcement\/","title":{"rendered":"Selected Xinjiang Red Apples"},"content":{"rendered":"<p>Xinjiang red apples are known as the fruit of paradise thanks to their extremely high vitamin C and antioxidant content. The apples are naturally dried on the tree by the desert wind, without being dried with sulfur. Health benefits include replenishing blood, making the skin rosy, calming the nerves, improving sleep and good for the digestive system. Suggested dishes: Beauty tea including red apples, wolfberries, longan; Sliced red apples with bird&#039;s nest; Chicken stewed with lotus seeds and red apples.<\/p>","protected":false},"excerpt":{"rendered":"<p>Originated from Xinjiang, where the harsh climate produces the best apples. VIP Size 9-10 fruits\/100g. Thin skin, thick flesh, small seeds, high natural sweetness. Used directly as a snack, tea, bird&#039;s nest, soup.<\/p>","protected":false},"featured_media":1194,"comment_status":"open","ping_status":"closed","template":"","meta":{"inline_featured_image":false},"product_cat":[156],"product_tag":[],"class_list":{"0":"post-1196","1":"product","2":"type-product","3":"status-publish","4":"has-post-thumbnail","6":"product_cat-thao-duoc","8":"first","9":"instock","10":"shipping-taxable","11":"purchasable","12":"product-type-simple"},"yoast_head":"<!-- This site is optimized with the Yoast SEO Premium plugin v20.9 (Yoast SEO v20.9) - https:\/\/yoast.com\/wordpress\/plugins\/seo\/ -->\n<title>T\u00e1o \u0110\u1ecf T\u00e2n C\u01b0\u01a1ng H\u00e0ng Ch\u1ecdn L\u1ecdc - C\u1eeda h\u00e0ng D\u01b0\u1ee3c Li\u1ec7u Kim Long<\/title>\n<meta name=\"robots\" content=\"index, follow, max-snippet:-1, max-image-preview:large, max-video-preview:-1\" \/>\n<link rel=\"canonical\" href=\"https:\/\/duoclieukimlong.com\/en\/selective-reinforcement\/\" \/>\n<meta property=\"og:locale\" content=\"en_US\" \/>\n<meta property=\"og:type\" content=\"article\" \/>\n<meta property=\"og:title\" content=\"T\u00e1o \u0110\u1ecf T\u00e2n C\u01b0\u01a1ng H\u00e0ng Ch\u1ecdn L\u1ecdc\" \/>\n<meta property=\"og:description\" content=\"Xu\u1ea5t x\u1ee9 v\u00f9ng T\u00e2n C\u01b0\u01a1ng, n\u01a1i c\u00f3 kh\u00ed h\u1eadu kh\u1eafc nghi\u1ec7t cho ra lo\u1ea1i t\u00e1o ngon nh\u1ea5t. K\u00edch th\u01b0\u1edbc Size VIP 9-10 qu\u1ea3\/100g. V\u1ecf m\u1ecfng, th\u1ecbt d\u00e0y, h\u1ea1t nh\u1ecf, \u0111\u1ed9 ng\u1ecdt t\u1ef1 nhi\u00ean cao. D\u00f9ng \u0103n tr\u1ef1c ti\u1ebfp nh\u01b0 snack, pha tr\u00e0, ch\u01b0ng y\u1ebfn, h\u1ea7m canh.\" \/>\n<meta property=\"og:url\" content=\"https:\/\/duoclieukimlong.com\/en\/selective-reinforcement\/\" \/>\n<meta property=\"og:site_name\" content=\"C\u1eeda h\u00e0ng D\u01b0\u1ee3c Li\u1ec7u Kim Long\" \/>\n<meta property=\"article:modified_time\" content=\"2025-12-05T07:14:33+00:00\" \/>\n<meta property=\"og:image\" content=\"https:\/\/duoclieukimlong.com\/wp-content\/uploads\/2025\/12\/tao-do-tan-cuong.jpg\" \/>\n\t<meta property=\"og:image:width\" content=\"550\" \/>\n\t<meta property=\"og:image:height\" content=\"550\" \/>\n\t<meta property=\"og:image:type\" content=\"image\/jpeg\" \/>\n<meta name=\"twitter:card\" content=\"summary_large_image\" \/>\n<meta name=\"twitter:label1\" content=\"Est. reading time\" \/>\n\t<meta name=\"twitter:data1\" content=\"1 minute\" \/>\n<script type=\"application\/ld+json\" class=\"yoast-schema-graph\">{\"@context\":\"https:\/\/schema.org\",\"@graph\":[{\"@type\":\"WebPage\",\"@id\":\"https:\/\/duoclieukimlong.com\/san-pham\/tao-do-tan-cuong-hang-chon-loc\/\",\"url\":\"https:\/\/duoclieukimlong.com\/san-pham\/tao-do-tan-cuong-hang-chon-loc\/\",\"name\":\"T\u00e1o \u0110\u1ecf T\u00e2n C\u01b0\u01a1ng H\u00e0ng Ch\u1ecdn L\u1ecdc - C\u1eeda h\u00e0ng D\u01b0\u1ee3c Li\u1ec7u Kim Long\",\"isPartOf\":{\"@id\":\"https:\/\/duoclieukimlong.com\/#website\"},\"datePublished\":\"2025-12-05T06:59:08+00:00\",\"dateModified\":\"2025-12-05T07:14:33+00:00\",\"breadcrumb\":{\"@id\":\"https:\/\/duoclieukimlong.com\/san-pham\/tao-do-tan-cuong-hang-chon-loc\/#breadcrumb\"},\"inLanguage\":\"en-US\",\"potentialAction\":[{\"@type\":\"ReadAction\",\"target\":[\"https:\/\/duoclieukimlong.com\/san-pham\/tao-do-tan-cuong-hang-chon-loc\/\"]}]},{\"@type\":\"BreadcrumbList\",\"@id\":\"https:\/\/duoclieukimlong.com\/san-pham\/tao-do-tan-cuong-hang-chon-loc\/#breadcrumb\",\"itemListElement\":[{\"@type\":\"ListItem\",\"position\":1,\"name\":\"Trang ch\u1ee7\",\"item\":\"https:\/\/duoclieukimlong.com\/\"},{\"@type\":\"ListItem\",\"position\":2,\"name\":\"S\u1ea3n ph\u1ea9m\",\"item\":\"https:\/\/duoclieukimlong.com\/shop\/\"},{\"@type\":\"ListItem\",\"position\":3,\"name\":\"T\u00e1o \u0110\u1ecf T\u00e2n C\u01b0\u01a1ng H\u00e0ng Ch\u1ecdn L\u1ecdc\"}]},{\"@type\":\"WebSite\",\"@id\":\"https:\/\/duoclieukimlong.com\/#website\",\"url\":\"https:\/\/duoclieukimlong.com\/\",\"name\":\"C\u1eeda h\u00e0ng D\u01b0\u1ee3c Li\u1ec7u Kim Long\",\"description\":\"\",\"potentialAction\":[{\"@type\":\"SearchAction\",\"target\":{\"@type\":\"EntryPoint\",\"urlTemplate\":\"https:\/\/duoclieukimlong.com\/?s={search_term_string}\"},\"query-input\":\"required name=search_term_string\"}],\"inLanguage\":\"en-US\"}]}<\/script>\n<!-- \/ Yoast SEO Premium plugin. -->","yoast_head_json":{"title":"T\u00e1o \u0110\u1ecf T\u00e2n C\u01b0\u01a1ng H\u00e0ng Ch\u1ecdn L\u1ecdc - C\u1eeda h\u00e0ng D\u01b0\u1ee3c Li\u1ec7u Kim Long","robots":{"index":"index","follow":"follow","max-snippet":"max-snippet:-1","max-image-preview":"max-image-preview:large","max-video-preview":"max-video-preview:-1"},"canonical":"https:\/\/duoclieukimlong.com\/en\/selective-reinforcement\/","og_locale":"en_US","og_type":"article","og_title":"T\u00e1o \u0110\u1ecf T\u00e2n C\u01b0\u01a1ng H\u00e0ng Ch\u1ecdn L\u1ecdc","og_description":"Xu\u1ea5t x\u1ee9 v\u00f9ng T\u00e2n C\u01b0\u01a1ng, n\u01a1i c\u00f3 kh\u00ed h\u1eadu kh\u1eafc nghi\u1ec7t cho ra lo\u1ea1i t\u00e1o ngon nh\u1ea5t. K\u00edch th\u01b0\u1edbc Size VIP 9-10 qu\u1ea3\/100g. V\u1ecf m\u1ecfng, th\u1ecbt d\u00e0y, h\u1ea1t nh\u1ecf, \u0111\u1ed9 ng\u1ecdt t\u1ef1 nhi\u00ean cao. D\u00f9ng \u0103n tr\u1ef1c ti\u1ebfp nh\u01b0 snack, pha tr\u00e0, ch\u01b0ng y\u1ebfn, h\u1ea7m canh.","og_url":"https:\/\/duoclieukimlong.com\/en\/selective-reinforcement\/","og_site_name":"C\u1eeda h\u00e0ng D\u01b0\u1ee3c Li\u1ec7u Kim Long","article_modified_time":"2025-12-05T07:14:33+00:00","og_image":[{"width":550,"height":550,"url":"https:\/\/duoclieukimlong.com\/wp-content\/uploads\/2025\/12\/tao-do-tan-cuong.jpg","type":"image\/jpeg"}],"twitter_card":"summary_large_image","twitter_misc":{"Est. reading time":"1 minute"},"schema":{"@context":"https:\/\/schema.org","@graph":[{"@type":"WebPage","@id":"https:\/\/duoclieukimlong.com\/san-pham\/tao-do-tan-cuong-hang-chon-loc\/","url":"https:\/\/duoclieukimlong.com\/san-pham\/tao-do-tan-cuong-hang-chon-loc\/","name":"T\u00e1o \u0110\u1ecf T\u00e2n C\u01b0\u01a1ng H\u00e0ng Ch\u1ecdn L\u1ecdc - C\u1eeda h\u00e0ng D\u01b0\u1ee3c Li\u1ec7u Kim Long","isPartOf":{"@id":"https:\/\/duoclieukimlong.com\/#website"},"datePublished":"2025-12-05T06:59:08+00:00","dateModified":"2025-12-05T07:14:33+00:00","breadcrumb":{"@id":"https:\/\/duoclieukimlong.com\/san-pham\/tao-do-tan-cuong-hang-chon-loc\/#breadcrumb"},"inLanguage":"en-US","potentialAction":[{"@type":"ReadAction","target":["https:\/\/duoclieukimlong.com\/san-pham\/tao-do-tan-cuong-hang-chon-loc\/"]}]},{"@type":"BreadcrumbList","@id":"https:\/\/duoclieukimlong.com\/san-pham\/tao-do-tan-cuong-hang-chon-loc\/#breadcrumb","itemListElement":[{"@type":"ListItem","position":1,"name":"Trang ch\u1ee7","item":"https:\/\/duoclieukimlong.com\/"},{"@type":"ListItem","position":2,"name":"S\u1ea3n ph\u1ea9m","item":"https:\/\/duoclieukimlong.com\/shop\/"},{"@type":"ListItem","position":3,"name":"T\u00e1o \u0110\u1ecf T\u00e2n C\u01b0\u01a1ng H\u00e0ng Ch\u1ecdn L\u1ecdc"}]},{"@type":"WebSite","@id":"https:\/\/duoclieukimlong.com\/#website","url":"https:\/\/duoclieukimlong.com\/","name":"C\u1eeda h\u00e0ng D\u01b0\u1ee3c Li\u1ec7u Kim Long","description":"","potentialAction":[{"@type":"SearchAction","target":{"@type":"EntryPoint","urlTemplate":"https:\/\/duoclieukimlong.com\/?s={search_term_string}"},"query-input":"required name=search_term_string"}],"inLanguage":"en-US"}]}},"_links":{"self":[{"href":"https:\/\/duoclieukimlong.com\/en\/wp-json\/wp\/v2\/product\/1196"}],"collection":[{"href":"https:\/\/duoclieukimlong.com\/en\/wp-json\/wp\/v2\/product"}],"about":[{"href":"https:\/\/duoclieukimlong.com\/en\/wp-json\/wp\/v2\/types\/product"}],"replies":[{"embeddable":true,"href":"https:\/\/duoclieukimlong.com\/en\/wp-json\/wp\/v2\/comments?post=1196"}],"wp:featuredmedia":[{"embeddable":true,"href":"https:\/\/duoclieukimlong.com\/en\/wp-json\/wp\/v2\/media\/1194"}],"wp:attachment":[{"href":"https:\/\/duoclieukimlong.com\/en\/wp-json\/wp\/v2\/media?parent=1196"}],"wp:term":[{"taxonomy":"product_cat","embeddable":true,"href":"https:\/\/duoclieukimlong.com\/en\/wp-json\/wp\/v2\/product_cat?post=1196"},{"taxonomy":"product_tag","embeddable":true,"href":"https:\/\/duoclieukimlong.com\/en\/wp-json\/wp\/v2\/product_tag?post=1196"}],"curies":[{"name":"wp","href":"https:\/\/api.w.org\/{rel}","templated":true}]}}