{"id":1197,"date":"2025-12-05T14:15:58","date_gmt":"2025-12-05T07:15:58","guid":{"rendered":"https:\/\/duoclieukimlong.123websitedev.com\/?post_type=product&#038;p=1197"},"modified":"2026-03-13T14:41:14","modified_gmt":"2026-03-13T07:41:14","slug":"tinh-dau-bac-ha-peppermint-2","status":"publish","type":"product","link":"https:\/\/duoclieukimlong.com\/en\/tinh-dau-bac-ha-peppermint-2\/","title":{"rendered":"Premium Cinnamon Bark Essential Oil"},"content":{"rendered":"<p>Tinh d\u1ea7u B\u1ea1c H\u00e0 \u0111\u01b0\u1ee3c chi\u1ebft xu\u1ea5t 100% t\u1eeb l\u00e1 v\u00e0 th\u00e2n c\u00e2y b\u1ea1c h\u00e0 t\u01b0\u01a1i. \u0110\u00e2y l\u00e0 lo\u1ea1i tinh d\u1ea7u kh\u00f4ng th\u1ec3 thi\u1ebfu trong t\u1ee7 thu\u1ed1c gia \u0111\u00ecnh nh\u1edd kh\u1ea3 n\u0103ng \u0111a d\u1ee5ng. M\u00f9i h\u01b0\u01a1ng s\u1ea3ng kho\u00e1i k\u00edch th\u00edch c\u00e1c gi\u00e1c quan, gi\u00fap ng\u01b0\u1eddi l\u00e1i xe ho\u1eb7c h\u1ecdc sinh t\u1ec9nh t\u00e1o t\u1ee9c th\u00ec. V\u1ec1 m\u1eb7t y t\u1ebf, tinh d\u1ea7u b\u1ea1c h\u00e0 h\u1ed7 tr\u1ee3 gi\u1ea3m \u0111au \u0111\u1ea7u, h\u1ea1 s\u1ed1t v\u00e0 gi\u1ea3m tri\u1ec7u ch\u1ee9ng ngh\u1eb9t m\u0169i do c\u1ea3m c\u00fam. Ngo\u00e0i ra, m\u00f9i b\u1ea1c h\u00e0 l\u00e0 kh\u1eafc tinh c\u1ee7a lo\u00e0i chu\u1ed9t, ch\u1ec9 c\u1ea7n th\u1ea5m v\u00e0o b\u00f4ng g\u00f2n \u0111\u1ec3 g\u00f3c nh\u00e0 s\u1ebd \u0111u\u1ed5i chu\u1ed9t r\u1ea5t hi\u1ec7<\/p>\n<p data-path-to-node=\"15\">Tinh d\u1ea7u Qu\u1ebf l\u00e0 m\u1ed9t trong nh\u1eefng lo\u1ea1i tinh d\u1ea7u c\u00f3 m\u00f9i h\u01b0\u01a1ng \u0111\u1eadm v\u00e0 l\u01b0u h\u01b0\u01a1ng l\u00e2u nh\u1ea5t. Nh\u1edd t\u00ednh n\u00f3ng \u0111\u1eb7c tr\u01b0ng, n\u00f3 gi\u00fap l\u00e0m \u1ea5m c\u01a1 th\u1ec3, k\u00edch th\u00edch tu\u1ea7n ho\u00e0n m\u00e1u v\u00e0 gi\u1ea3m \u0111au nh\u1ee9c x\u01b0\u01a1ng kh\u1edbp. Trong gia \u0111\u00ecnh, tinh d\u1ea7u qu\u1ebf th\u01b0\u1eddng \u0111\u01b0\u1ee3c d\u00f9ng \u0111\u1ec3 kh\u1eed m\u00f9i nh\u00e0 b\u1ebfp, m\u00f9i thu\u1ed1c l\u00e1 ho\u1eb7c m\u00f9i \u1ea9m m\u1ed1c kh\u00f3 ch\u1ecbu. Ch\u1ec9 c\u1ea7n v\u00e0i gi\u1ecdt pha v\u00e0o n\u01b0\u1edbc lau s\u00e0n, c\u1ea3 c\u0103n nh\u00e0 s\u1ebd s\u1ea1ch khu\u1ea9n v\u00e0 th\u01a1m m\u00e1t. L\u01b0u \u00fd v\u00ec t\u00ednh n\u00f3ng r\u1ea5t cao, tuy\u1ec7t \u0111\u1ed1i kh\u00f4ng thoa tr\u1ef1c ti\u1ebfp tinh d\u1ea7u qu\u1ebf nguy\u00ean ch\u1ea5t l\u00ean da m\u00e0 ph\u1ea3i pha lo\u00e3ng v\u1edbi d\u1ea7u n\u1ec1n.<\/p>\n<p>&nbsp;<\/p>","protected":false},"excerpt":{"rendered":"<p>Chi\u1ebft xu\u1ea5t t\u1eeb v\u1ecf qu\u1ebf gi\u00e0 v\u00f9ng Y\u00ean B\u00e1i, mang h\u01b0\u01a1ng th\u01a1m cay n\u1ed3ng, \u1ea5m \u00e1p m\u1ea1nh m\u1ebd. C\u00f3 kh\u1ea3 n\u0103ng kh\u1eed m\u00f9i h\u00f4i tanh c\u1ef1c m\u1ea1nh v\u00e0 di\u1ec7t khu\u1ea9n kh\u00f4ng kh\u00ed t\u1ed1i \u01b0u trong nh\u1eefng ng\u00e0y n\u1ed3m \u1ea9m.<\/p>","protected":false},"featured_media":1199,"comment_status":"open","ping_status":"closed","template":"","meta":{"inline_featured_image":false},"product_cat":[173,156],"product_tag":[],"class_list":{"0":"post-1197","1":"product","2":"type-product","3":"status-publish","4":"has-post-thumbnail","6":"product_cat-benh-than-gout-theo-toa","7":"product_cat-thao-duoc","9":"first","10":"instock","11":"shipping-taxable","12":"purchasable","13":"product-type-simple"},"yoast_head":"<!-- This site is optimized with the Yoast SEO Premium plugin v20.9 (Yoast SEO v20.9) - https:\/\/yoast.com\/wordpress\/plugins\/seo\/ -->\n<title>Tinh d\u1ea7u Qu\u1ebf V\u1ecf Th\u01b0\u1ee3ng H\u1ea1ng - C\u1eeda h\u00e0ng D\u01b0\u1ee3c Li\u1ec7u Kim Long<\/title>\n<meta name=\"robots\" content=\"index, follow, max-snippet:-1, max-image-preview:large, max-video-preview:-1\" \/>\n<link rel=\"canonical\" href=\"https:\/\/duoclieukimlong.com\/en\/tinh-dau-bac-ha-peppermint-2\/\" \/>\n<meta property=\"og:locale\" content=\"en_US\" \/>\n<meta property=\"og:type\" content=\"article\" \/>\n<meta property=\"og:title\" content=\"Tinh d\u1ea7u Qu\u1ebf V\u1ecf Th\u01b0\u1ee3ng H\u1ea1ng\" \/>\n<meta property=\"og:description\" content=\"Chi\u1ebft xu\u1ea5t t\u1eeb v\u1ecf qu\u1ebf gi\u00e0 v\u00f9ng Y\u00ean B\u00e1i, mang h\u01b0\u01a1ng th\u01a1m cay n\u1ed3ng, \u1ea5m \u00e1p m\u1ea1nh m\u1ebd. C\u00f3 kh\u1ea3 n\u0103ng kh\u1eed m\u00f9i h\u00f4i tanh c\u1ef1c m\u1ea1nh v\u00e0 di\u1ec7t khu\u1ea9n kh\u00f4ng kh\u00ed t\u1ed1i \u01b0u trong nh\u1eefng ng\u00e0y n\u1ed3m \u1ea9m.\" \/>\n<meta property=\"og:url\" content=\"https:\/\/duoclieukimlong.com\/en\/tinh-dau-bac-ha-peppermint-2\/\" \/>\n<meta property=\"og:site_name\" content=\"C\u1eeda h\u00e0ng D\u01b0\u1ee3c Li\u1ec7u Kim Long\" \/>\n<meta property=\"article:modified_time\" content=\"2026-03-13T07:41:14+00:00\" \/>\n<meta property=\"og:image\" content=\"https:\/\/duoclieukimlong.com\/wp-content\/uploads\/2025\/12\/mua-tinh-dau-que-lam-dep.jpg\" \/>\n\t<meta property=\"og:image:width\" content=\"500\" \/>\n\t<meta property=\"og:image:height\" content=\"334\" \/>\n\t<meta property=\"og:image:type\" content=\"image\/jpeg\" \/>\n<meta name=\"twitter:card\" content=\"summary_large_image\" \/>\n<meta name=\"twitter:label1\" content=\"Est. reading time\" \/>\n\t<meta name=\"twitter:data1\" content=\"2 minutes\" \/>\n<script type=\"application\/ld+json\" class=\"yoast-schema-graph\">{\"@context\":\"https:\/\/schema.org\",\"@graph\":[{\"@type\":\"WebPage\",\"@id\":\"https:\/\/duoclieukimlong.com\/tinh-dau-bac-ha-peppermint-2\/\",\"url\":\"https:\/\/duoclieukimlong.com\/tinh-dau-bac-ha-peppermint-2\/\",\"name\":\"Tinh d\u1ea7u Qu\u1ebf V\u1ecf Th\u01b0\u1ee3ng H\u1ea1ng - C\u1eeda h\u00e0ng D\u01b0\u1ee3c Li\u1ec7u Kim Long\",\"isPartOf\":{\"@id\":\"https:\/\/duoclieukimlong.com\/#website\"},\"datePublished\":\"2025-12-05T07:15:58+00:00\",\"dateModified\":\"2026-03-13T07:41:14+00:00\",\"breadcrumb\":{\"@id\":\"https:\/\/duoclieukimlong.com\/tinh-dau-bac-ha-peppermint-2\/#breadcrumb\"},\"inLanguage\":\"en-US\",\"potentialAction\":[{\"@type\":\"ReadAction\",\"target\":[\"https:\/\/duoclieukimlong.com\/tinh-dau-bac-ha-peppermint-2\/\"]}]},{\"@type\":\"BreadcrumbList\",\"@id\":\"https:\/\/duoclieukimlong.com\/tinh-dau-bac-ha-peppermint-2\/#breadcrumb\",\"itemListElement\":[{\"@type\":\"ListItem\",\"position\":1,\"name\":\"Trang ch\u1ee7\",\"item\":\"https:\/\/duoclieukimlong.com\/\"},{\"@type\":\"ListItem\",\"position\":2,\"name\":\"S\u1ea3n ph\u1ea9m\",\"item\":\"https:\/\/duoclieukimlong.com\/shop\/\"},{\"@type\":\"ListItem\",\"position\":3,\"name\":\"Tinh d\u1ea7u Qu\u1ebf V\u1ecf Th\u01b0\u1ee3ng H\u1ea1ng\"}]},{\"@type\":\"WebSite\",\"@id\":\"https:\/\/duoclieukimlong.com\/#website\",\"url\":\"https:\/\/duoclieukimlong.com\/\",\"name\":\"C\u1eeda h\u00e0ng D\u01b0\u1ee3c Li\u1ec7u Kim Long\",\"description\":\"\",\"potentialAction\":[{\"@type\":\"SearchAction\",\"target\":{\"@type\":\"EntryPoint\",\"urlTemplate\":\"https:\/\/duoclieukimlong.com\/?s={search_term_string}\"},\"query-input\":\"required name=search_term_string\"}],\"inLanguage\":\"en-US\"}]}<\/script>\n<!-- \/ Yoast SEO Premium plugin. -->","yoast_head_json":{"title":"Tinh d\u1ea7u Qu\u1ebf V\u1ecf Th\u01b0\u1ee3ng H\u1ea1ng - C\u1eeda h\u00e0ng D\u01b0\u1ee3c Li\u1ec7u Kim Long","robots":{"index":"index","follow":"follow","max-snippet":"max-snippet:-1","max-image-preview":"max-image-preview:large","max-video-preview":"max-video-preview:-1"},"canonical":"https:\/\/duoclieukimlong.com\/en\/tinh-dau-bac-ha-peppermint-2\/","og_locale":"en_US","og_type":"article","og_title":"Tinh d\u1ea7u Qu\u1ebf V\u1ecf Th\u01b0\u1ee3ng H\u1ea1ng","og_description":"Chi\u1ebft xu\u1ea5t t\u1eeb v\u1ecf qu\u1ebf gi\u00e0 v\u00f9ng Y\u00ean B\u00e1i, mang h\u01b0\u01a1ng th\u01a1m cay n\u1ed3ng, \u1ea5m \u00e1p m\u1ea1nh m\u1ebd. C\u00f3 kh\u1ea3 n\u0103ng kh\u1eed m\u00f9i h\u00f4i tanh c\u1ef1c m\u1ea1nh v\u00e0 di\u1ec7t khu\u1ea9n kh\u00f4ng kh\u00ed t\u1ed1i \u01b0u trong nh\u1eefng ng\u00e0y n\u1ed3m \u1ea9m.","og_url":"https:\/\/duoclieukimlong.com\/en\/tinh-dau-bac-ha-peppermint-2\/","og_site_name":"C\u1eeda h\u00e0ng D\u01b0\u1ee3c Li\u1ec7u Kim Long","article_modified_time":"2026-03-13T07:41:14+00:00","og_image":[{"width":500,"height":334,"url":"https:\/\/duoclieukimlong.com\/wp-content\/uploads\/2025\/12\/mua-tinh-dau-que-lam-dep.jpg","type":"image\/jpeg"}],"twitter_card":"summary_large_image","twitter_misc":{"Est. reading time":"2 minutes"},"schema":{"@context":"https:\/\/schema.org","@graph":[{"@type":"WebPage","@id":"https:\/\/duoclieukimlong.com\/tinh-dau-bac-ha-peppermint-2\/","url":"https:\/\/duoclieukimlong.com\/tinh-dau-bac-ha-peppermint-2\/","name":"Tinh d\u1ea7u Qu\u1ebf V\u1ecf Th\u01b0\u1ee3ng H\u1ea1ng - C\u1eeda h\u00e0ng D\u01b0\u1ee3c Li\u1ec7u Kim Long","isPartOf":{"@id":"https:\/\/duoclieukimlong.com\/#website"},"datePublished":"2025-12-05T07:15:58+00:00","dateModified":"2026-03-13T07:41:14+00:00","breadcrumb":{"@id":"https:\/\/duoclieukimlong.com\/tinh-dau-bac-ha-peppermint-2\/#breadcrumb"},"inLanguage":"en-US","potentialAction":[{"@type":"ReadAction","target":["https:\/\/duoclieukimlong.com\/tinh-dau-bac-ha-peppermint-2\/"]}]},{"@type":"BreadcrumbList","@id":"https:\/\/duoclieukimlong.com\/tinh-dau-bac-ha-peppermint-2\/#breadcrumb","itemListElement":[{"@type":"ListItem","position":1,"name":"Trang ch\u1ee7","item":"https:\/\/duoclieukimlong.com\/"},{"@type":"ListItem","position":2,"name":"S\u1ea3n ph\u1ea9m","item":"https:\/\/duoclieukimlong.com\/shop\/"},{"@type":"ListItem","position":3,"name":"Tinh d\u1ea7u Qu\u1ebf V\u1ecf Th\u01b0\u1ee3ng H\u1ea1ng"}]},{"@type":"WebSite","@id":"https:\/\/duoclieukimlong.com\/#website","url":"https:\/\/duoclieukimlong.com\/","name":"C\u1eeda h\u00e0ng D\u01b0\u1ee3c Li\u1ec7u Kim Long","description":"","potentialAction":[{"@type":"SearchAction","target":{"@type":"EntryPoint","urlTemplate":"https:\/\/duoclieukimlong.com\/?s={search_term_string}"},"query-input":"required name=search_term_string"}],"inLanguage":"en-US"}]}},"_links":{"self":[{"href":"https:\/\/duoclieukimlong.com\/en\/wp-json\/wp\/v2\/product\/1197"}],"collection":[{"href":"https:\/\/duoclieukimlong.com\/en\/wp-json\/wp\/v2\/product"}],"about":[{"href":"https:\/\/duoclieukimlong.com\/en\/wp-json\/wp\/v2\/types\/product"}],"replies":[{"embeddable":true,"href":"https:\/\/duoclieukimlong.com\/en\/wp-json\/wp\/v2\/comments?post=1197"}],"wp:featuredmedia":[{"embeddable":true,"href":"https:\/\/duoclieukimlong.com\/en\/wp-json\/wp\/v2\/media\/1199"}],"wp:attachment":[{"href":"https:\/\/duoclieukimlong.com\/en\/wp-json\/wp\/v2\/media?parent=1197"}],"wp:term":[{"taxonomy":"product_cat","embeddable":true,"href":"https:\/\/duoclieukimlong.com\/en\/wp-json\/wp\/v2\/product_cat?post=1197"},{"taxonomy":"product_tag","embeddable":true,"href":"https:\/\/duoclieukimlong.com\/en\/wp-json\/wp\/v2\/product_tag?post=1197"}],"curies":[{"name":"wp","href":"https:\/\/api.w.org\/{rel}","templated":true}]}}