{"id":1198,"date":"2025-12-05T14:10:12","date_gmt":"2025-12-05T07:10:12","guid":{"rendered":"https:\/\/duoclieukimlong.123websitedev.com\/?post_type=product&#038;p=1198"},"modified":"2025-12-05T14:14:32","modified_gmt":"2025-12-05T07:14:32","slug":"tinh-dau-bac-ha-peppermint","status":"publish","type":"product","link":"https:\/\/duoclieukimlong.com\/en\/peppermint-essential-oil\/","title":{"rendered":"Peppermint Essential Oil"},"content":{"rendered":"<p>Peppermint essential oil is extracted from fresh peppermint leaves and stems. It&#039;s an indispensable essential oil in any family medicine cabinet due to its versatility. Its refreshing scent stimulates the senses, helping drivers or students stay alert instantly. Medically, peppermint oil helps relieve headaches, reduce fever, and alleviate nasal congestion caused by colds. Additionally, the scent of peppermint repels mice; simply soak a cotton ball in it and place it in a corner of the house to effectively deter them. Note: Do not apply directly to open wounds.<\/p>","protected":false},"excerpt":{"rendered":"<p>It has a distinctive refreshing aroma thanks to its high menthol content. It helps dispel drowsiness, improve concentration while working, and effectively soothes nasal passages and throat irritation.<\/p>","protected":false},"featured_media":1202,"comment_status":"open","ping_status":"closed","template":"","meta":{"inline_featured_image":false},"product_cat":[156],"product_tag":[],"class_list":{"0":"post-1198","1":"product","2":"type-product","3":"status-publish","4":"has-post-thumbnail","6":"product_cat-thao-duoc","8":"first","9":"instock","10":"shipping-taxable","11":"purchasable","12":"product-type-simple"},"yoast_head":"<!-- This site is optimized with the Yoast SEO Premium plugin v20.9 (Yoast SEO v20.9) - https:\/\/yoast.com\/wordpress\/plugins\/seo\/ -->\n<title>Tinh d\u1ea7u B\u1ea1c H\u00e0 Peppermint - C\u1eeda h\u00e0ng D\u01b0\u1ee3c Li\u1ec7u Kim Long<\/title>\n<meta name=\"robots\" content=\"index, follow, max-snippet:-1, max-image-preview:large, max-video-preview:-1\" \/>\n<link rel=\"canonical\" href=\"https:\/\/duoclieukimlong.com\/en\/peppermint-essential-oil\/\" \/>\n<meta property=\"og:locale\" content=\"en_US\" \/>\n<meta property=\"og:type\" content=\"article\" \/>\n<meta property=\"og:title\" content=\"Tinh d\u1ea7u B\u1ea1c H\u00e0 Peppermint\" \/>\n<meta property=\"og:description\" content=\"Mang h\u01b0\u01a1ng th\u01a1m the m\u00e1t \u0111\u1eb7c tr\u01b0ng nh\u1edd h\u00e0m l\u01b0\u1ee3ng Menthol cao. Gi\u00fap \u0111\u00e1nh tan c\u01a1n bu\u1ed3n ng\u1ee7, t\u0103ng c\u01b0\u1eddng s\u1ef1 t\u1eadp trung khi l\u00e0m vi\u1ec7c v\u00e0 h\u1ed7 tr\u1ee3 th\u00f4ng m\u0169i m\u00e1t h\u1ecdng hi\u1ec7u qu\u1ea3.\" \/>\n<meta property=\"og:url\" content=\"https:\/\/duoclieukimlong.com\/en\/peppermint-essential-oil\/\" \/>\n<meta property=\"og:site_name\" content=\"C\u1eeda h\u00e0ng D\u01b0\u1ee3c Li\u1ec7u Kim Long\" \/>\n<meta property=\"article:modified_time\" content=\"2025-12-05T07:14:32+00:00\" \/>\n<meta property=\"og:image\" content=\"https:\/\/duoclieukimlong.com\/wp-content\/uploads\/2025\/12\/Tinh-dau-bac-ha.jpg\" \/>\n\t<meta property=\"og:image:width\" content=\"731\" \/>\n\t<meta property=\"og:image:height\" content=\"637\" \/>\n\t<meta property=\"og:image:type\" content=\"image\/jpeg\" \/>\n<meta name=\"twitter:card\" content=\"summary_large_image\" \/>\n<meta name=\"twitter:label1\" content=\"Est. reading time\" \/>\n\t<meta name=\"twitter:data1\" content=\"1 minute\" \/>\n<script type=\"application\/ld+json\" class=\"yoast-schema-graph\">{\"@context\":\"https:\/\/schema.org\",\"@graph\":[{\"@type\":\"WebPage\",\"@id\":\"https:\/\/duoclieukimlong.com\/san-pham\/tinh-dau-bac-ha-peppermint\/\",\"url\":\"https:\/\/duoclieukimlong.com\/san-pham\/tinh-dau-bac-ha-peppermint\/\",\"name\":\"Tinh d\u1ea7u B\u1ea1c H\u00e0 Peppermint - C\u1eeda h\u00e0ng D\u01b0\u1ee3c Li\u1ec7u Kim Long\",\"isPartOf\":{\"@id\":\"https:\/\/duoclieukimlong.com\/#website\"},\"datePublished\":\"2025-12-05T07:10:12+00:00\",\"dateModified\":\"2025-12-05T07:14:32+00:00\",\"breadcrumb\":{\"@id\":\"https:\/\/duoclieukimlong.com\/san-pham\/tinh-dau-bac-ha-peppermint\/#breadcrumb\"},\"inLanguage\":\"en-US\",\"potentialAction\":[{\"@type\":\"ReadAction\",\"target\":[\"https:\/\/duoclieukimlong.com\/san-pham\/tinh-dau-bac-ha-peppermint\/\"]}]},{\"@type\":\"BreadcrumbList\",\"@id\":\"https:\/\/duoclieukimlong.com\/san-pham\/tinh-dau-bac-ha-peppermint\/#breadcrumb\",\"itemListElement\":[{\"@type\":\"ListItem\",\"position\":1,\"name\":\"Trang ch\u1ee7\",\"item\":\"https:\/\/duoclieukimlong.com\/\"},{\"@type\":\"ListItem\",\"position\":2,\"name\":\"S\u1ea3n ph\u1ea9m\",\"item\":\"https:\/\/duoclieukimlong.com\/shop\/\"},{\"@type\":\"ListItem\",\"position\":3,\"name\":\"Tinh d\u1ea7u B\u1ea1c H\u00e0 Peppermint\"}]},{\"@type\":\"WebSite\",\"@id\":\"https:\/\/duoclieukimlong.com\/#website\",\"url\":\"https:\/\/duoclieukimlong.com\/\",\"name\":\"C\u1eeda h\u00e0ng D\u01b0\u1ee3c Li\u1ec7u Kim Long\",\"description\":\"\",\"potentialAction\":[{\"@type\":\"SearchAction\",\"target\":{\"@type\":\"EntryPoint\",\"urlTemplate\":\"https:\/\/duoclieukimlong.com\/?s={search_term_string}\"},\"query-input\":\"required name=search_term_string\"}],\"inLanguage\":\"en-US\"}]}<\/script>\n<!-- \/ Yoast SEO Premium plugin. -->","yoast_head_json":{"title":"Tinh d\u1ea7u B\u1ea1c H\u00e0 Peppermint - C\u1eeda h\u00e0ng D\u01b0\u1ee3c Li\u1ec7u Kim Long","robots":{"index":"index","follow":"follow","max-snippet":"max-snippet:-1","max-image-preview":"max-image-preview:large","max-video-preview":"max-video-preview:-1"},"canonical":"https:\/\/duoclieukimlong.com\/en\/peppermint-essential-oil\/","og_locale":"en_US","og_type":"article","og_title":"Tinh d\u1ea7u B\u1ea1c H\u00e0 Peppermint","og_description":"Mang h\u01b0\u01a1ng th\u01a1m the m\u00e1t \u0111\u1eb7c tr\u01b0ng nh\u1edd h\u00e0m l\u01b0\u1ee3ng Menthol cao. Gi\u00fap \u0111\u00e1nh tan c\u01a1n bu\u1ed3n ng\u1ee7, t\u0103ng c\u01b0\u1eddng s\u1ef1 t\u1eadp trung khi l\u00e0m vi\u1ec7c v\u00e0 h\u1ed7 tr\u1ee3 th\u00f4ng m\u0169i m\u00e1t h\u1ecdng hi\u1ec7u qu\u1ea3.","og_url":"https:\/\/duoclieukimlong.com\/en\/peppermint-essential-oil\/","og_site_name":"C\u1eeda h\u00e0ng D\u01b0\u1ee3c Li\u1ec7u Kim Long","article_modified_time":"2025-12-05T07:14:32+00:00","og_image":[{"width":731,"height":637,"url":"https:\/\/duoclieukimlong.com\/wp-content\/uploads\/2025\/12\/Tinh-dau-bac-ha.jpg","type":"image\/jpeg"}],"twitter_card":"summary_large_image","twitter_misc":{"Est. reading time":"1 minute"},"schema":{"@context":"https:\/\/schema.org","@graph":[{"@type":"WebPage","@id":"https:\/\/duoclieukimlong.com\/san-pham\/tinh-dau-bac-ha-peppermint\/","url":"https:\/\/duoclieukimlong.com\/san-pham\/tinh-dau-bac-ha-peppermint\/","name":"Tinh d\u1ea7u B\u1ea1c H\u00e0 Peppermint - C\u1eeda h\u00e0ng D\u01b0\u1ee3c Li\u1ec7u Kim Long","isPartOf":{"@id":"https:\/\/duoclieukimlong.com\/#website"},"datePublished":"2025-12-05T07:10:12+00:00","dateModified":"2025-12-05T07:14:32+00:00","breadcrumb":{"@id":"https:\/\/duoclieukimlong.com\/san-pham\/tinh-dau-bac-ha-peppermint\/#breadcrumb"},"inLanguage":"en-US","potentialAction":[{"@type":"ReadAction","target":["https:\/\/duoclieukimlong.com\/san-pham\/tinh-dau-bac-ha-peppermint\/"]}]},{"@type":"BreadcrumbList","@id":"https:\/\/duoclieukimlong.com\/san-pham\/tinh-dau-bac-ha-peppermint\/#breadcrumb","itemListElement":[{"@type":"ListItem","position":1,"name":"Trang ch\u1ee7","item":"https:\/\/duoclieukimlong.com\/"},{"@type":"ListItem","position":2,"name":"S\u1ea3n ph\u1ea9m","item":"https:\/\/duoclieukimlong.com\/shop\/"},{"@type":"ListItem","position":3,"name":"Tinh d\u1ea7u B\u1ea1c H\u00e0 Peppermint"}]},{"@type":"WebSite","@id":"https:\/\/duoclieukimlong.com\/#website","url":"https:\/\/duoclieukimlong.com\/","name":"C\u1eeda h\u00e0ng D\u01b0\u1ee3c Li\u1ec7u Kim Long","description":"","potentialAction":[{"@type":"SearchAction","target":{"@type":"EntryPoint","urlTemplate":"https:\/\/duoclieukimlong.com\/?s={search_term_string}"},"query-input":"required name=search_term_string"}],"inLanguage":"en-US"}]}},"_links":{"self":[{"href":"https:\/\/duoclieukimlong.com\/en\/wp-json\/wp\/v2\/product\/1198"}],"collection":[{"href":"https:\/\/duoclieukimlong.com\/en\/wp-json\/wp\/v2\/product"}],"about":[{"href":"https:\/\/duoclieukimlong.com\/en\/wp-json\/wp\/v2\/types\/product"}],"replies":[{"embeddable":true,"href":"https:\/\/duoclieukimlong.com\/en\/wp-json\/wp\/v2\/comments?post=1198"}],"wp:featuredmedia":[{"embeddable":true,"href":"https:\/\/duoclieukimlong.com\/en\/wp-json\/wp\/v2\/media\/1202"}],"wp:attachment":[{"href":"https:\/\/duoclieukimlong.com\/en\/wp-json\/wp\/v2\/media?parent=1198"}],"wp:term":[{"taxonomy":"product_cat","embeddable":true,"href":"https:\/\/duoclieukimlong.com\/en\/wp-json\/wp\/v2\/product_cat?post=1198"},{"taxonomy":"product_tag","embeddable":true,"href":"https:\/\/duoclieukimlong.com\/en\/wp-json\/wp\/v2\/product_tag?post=1198"}],"curies":[{"name":"wp","href":"https:\/\/api.w.org\/{rel}","templated":true}]}}