{"id":1204,"date":"2025-12-05T14:11:33","date_gmt":"2025-12-05T07:11:33","guid":{"rendered":"https:\/\/duoclieukimlong.123websitedev.com\/?post_type=product&#038;p=1204"},"modified":"2025-12-05T14:14:32","modified_gmt":"2025-12-05T07:14:32","slug":"tinh-dau-tram-gio-hue","status":"publish","type":"product","link":"https:\/\/duoclieukimlong.com\/en\/tinh-dau-tram-gio-hue\/","title":{"rendered":"Hue Cajeput Essential Oil"},"content":{"rendered":"<p>Tinh d\u1ea7u Tr\u00e0m Gi\u00f3 ch\u1ee9a th\u00e0nh ph\u1ea7n ch\u00ednh l\u00e0 Eucalyptol v\u00e0 Cineol c\u00f3 t\u00ednh s\u00e1t khu\u1ea9n v\u00e0 gi\u1eef \u1ea5m c\u1ef1c t\u1ed1t. C\u00f4ng d\u1ee5ng ch\u00ednh l\u00e0 ph\u00f2ng ng\u1eeba c\u1ea3m l\u1ea1nh, tr\u00e1nh gi\u00f3 \u0111\u1ed9c v\u00e0 tr\u1ecb c\u00e1c v\u1ebft c\u00f4n tr\u00f9ng c\u1eafn nh\u01b0 mu\u1ed7i ho\u1eb7c ki\u1ebfn. C\u00e1c m\u1eb9 th\u01b0\u1eddng d\u00f9ng v\u00e0i gi\u1ecdt tr\u00e0m gi\u00f3 pha v\u00e0o n\u01b0\u1edbc \u1ea5m \u0111\u1ec3 t\u1eafm cho b\u00e9 ho\u1eb7c thoa v\u00e0o l\u00f2ng b\u00e0n ch\u00e2n tr\u1ebb khi tr\u1eddi tr\u1edf l\u1ea1nh \u0111\u1ec3 ng\u1eeba ho, s\u1ed5 m\u0169i. Kh\u00e1c v\u1edbi tr\u00e0m tr\u00e0 tr\u1ecb m\u1ee5n, tr\u00e0m gi\u00f3 chuy\u00ean v\u1ec1 b\u1ea3o v\u1ec7 s\u1ee9c kh\u1ecfe \u0111\u01b0\u1eddng h\u00f4 h\u1ea5p v\u00e0 x\u01b0\u01a1ng kh\u1edbp cho ng\u01b0\u1eddi nh\u1ea1y c\u1ea3m.<\/p>","protected":false},"excerpt":{"rendered":"<p>S\u1ea3n ph\u1ea9m truy\u1ec1n th\u1ed1ng n\u1ed5i ti\u1ebfng c\u1ee7a mi\u1ec1n Trung, chi\u1ebft xu\u1ea5t t\u1eeb c\u00e2y tr\u00e0m gi\u00f3 thi\u00ean nhi\u00ean. \u0110\u1eb7c t\u00ednh \u1ea5m \u00e1p nh\u01b0ng kh\u00f4ng g\u00e2y b\u1ecfng r\u00e1t, c\u1ef1c k\u1ef3 an to\u00e0n cho tr\u1ebb s\u01a1 sinh, ph\u1ee5 n\u1eef mang thai v\u00e0 ng\u01b0\u1eddi cao tu\u1ed5i.<\/p>","protected":false},"featured_media":1200,"comment_status":"open","ping_status":"closed","template":"","meta":{"inline_featured_image":false},"product_cat":[156],"product_tag":[],"class_list":{"0":"post-1204","1":"product","2":"type-product","3":"status-publish","4":"has-post-thumbnail","6":"product_cat-thao-duoc","8":"first","9":"instock","10":"shipping-taxable","11":"purchasable","12":"product-type-simple"},"yoast_head":"<!-- This site is optimized with the Yoast SEO Premium plugin v20.9 (Yoast SEO v20.9) - https:\/\/yoast.com\/wordpress\/plugins\/seo\/ -->\n<title>Tinh d\u1ea7u Tr\u00e0m Gi\u00f3 Hu\u1ebf - C\u1eeda h\u00e0ng D\u01b0\u1ee3c Li\u1ec7u Kim Long<\/title>\n<meta name=\"robots\" content=\"index, follow, max-snippet:-1, max-image-preview:large, max-video-preview:-1\" \/>\n<link rel=\"canonical\" href=\"https:\/\/duoclieukimlong.com\/en\/tinh-dau-tram-gio-hue\/\" \/>\n<meta property=\"og:locale\" content=\"en_US\" \/>\n<meta property=\"og:type\" content=\"article\" \/>\n<meta property=\"og:title\" content=\"Tinh d\u1ea7u Tr\u00e0m Gi\u00f3 Hu\u1ebf\" \/>\n<meta property=\"og:description\" content=\"S\u1ea3n ph\u1ea9m truy\u1ec1n th\u1ed1ng n\u1ed5i ti\u1ebfng c\u1ee7a mi\u1ec1n Trung, chi\u1ebft xu\u1ea5t t\u1eeb c\u00e2y tr\u00e0m gi\u00f3 thi\u00ean nhi\u00ean. \u0110\u1eb7c t\u00ednh \u1ea5m \u00e1p nh\u01b0ng kh\u00f4ng g\u00e2y b\u1ecfng r\u00e1t, c\u1ef1c k\u1ef3 an to\u00e0n cho tr\u1ebb s\u01a1 sinh, ph\u1ee5 n\u1eef mang thai v\u00e0 ng\u01b0\u1eddi cao tu\u1ed5i.\" \/>\n<meta property=\"og:url\" content=\"https:\/\/duoclieukimlong.com\/en\/tinh-dau-tram-gio-hue\/\" \/>\n<meta property=\"og:site_name\" content=\"C\u1eeda h\u00e0ng D\u01b0\u1ee3c Li\u1ec7u Kim Long\" \/>\n<meta property=\"article:modified_time\" content=\"2025-12-05T07:14:32+00:00\" \/>\n<meta property=\"og:image\" content=\"https:\/\/duoclieukimlong.com\/wp-content\/uploads\/2025\/12\/san-pham-tram-gio.jpg\" \/>\n\t<meta property=\"og:image:width\" content=\"600\" \/>\n\t<meta property=\"og:image:height\" content=\"600\" \/>\n\t<meta property=\"og:image:type\" content=\"image\/jpeg\" \/>\n<meta name=\"twitter:card\" content=\"summary_large_image\" \/>\n<meta name=\"twitter:label1\" content=\"Est. reading time\" \/>\n\t<meta name=\"twitter:data1\" content=\"1 minute\" \/>\n<script type=\"application\/ld+json\" class=\"yoast-schema-graph\">{\"@context\":\"https:\/\/schema.org\",\"@graph\":[{\"@type\":\"WebPage\",\"@id\":\"https:\/\/duoclieukimlong.com\/san-pham\/tinh-dau-tram-gio-hue\/\",\"url\":\"https:\/\/duoclieukimlong.com\/san-pham\/tinh-dau-tram-gio-hue\/\",\"name\":\"Tinh d\u1ea7u Tr\u00e0m Gi\u00f3 Hu\u1ebf - C\u1eeda h\u00e0ng D\u01b0\u1ee3c Li\u1ec7u Kim Long\",\"isPartOf\":{\"@id\":\"https:\/\/duoclieukimlong.com\/#website\"},\"datePublished\":\"2025-12-05T07:11:33+00:00\",\"dateModified\":\"2025-12-05T07:14:32+00:00\",\"breadcrumb\":{\"@id\":\"https:\/\/duoclieukimlong.com\/san-pham\/tinh-dau-tram-gio-hue\/#breadcrumb\"},\"inLanguage\":\"en-US\",\"potentialAction\":[{\"@type\":\"ReadAction\",\"target\":[\"https:\/\/duoclieukimlong.com\/san-pham\/tinh-dau-tram-gio-hue\/\"]}]},{\"@type\":\"BreadcrumbList\",\"@id\":\"https:\/\/duoclieukimlong.com\/san-pham\/tinh-dau-tram-gio-hue\/#breadcrumb\",\"itemListElement\":[{\"@type\":\"ListItem\",\"position\":1,\"name\":\"Trang ch\u1ee7\",\"item\":\"https:\/\/duoclieukimlong.com\/\"},{\"@type\":\"ListItem\",\"position\":2,\"name\":\"S\u1ea3n ph\u1ea9m\",\"item\":\"https:\/\/duoclieukimlong.com\/shop\/\"},{\"@type\":\"ListItem\",\"position\":3,\"name\":\"Tinh d\u1ea7u Tr\u00e0m Gi\u00f3 Hu\u1ebf\"}]},{\"@type\":\"WebSite\",\"@id\":\"https:\/\/duoclieukimlong.com\/#website\",\"url\":\"https:\/\/duoclieukimlong.com\/\",\"name\":\"C\u1eeda h\u00e0ng D\u01b0\u1ee3c Li\u1ec7u Kim Long\",\"description\":\"\",\"potentialAction\":[{\"@type\":\"SearchAction\",\"target\":{\"@type\":\"EntryPoint\",\"urlTemplate\":\"https:\/\/duoclieukimlong.com\/?s={search_term_string}\"},\"query-input\":\"required name=search_term_string\"}],\"inLanguage\":\"en-US\"}]}<\/script>\n<!-- \/ Yoast SEO Premium plugin. -->","yoast_head_json":{"title":"Tinh d\u1ea7u Tr\u00e0m Gi\u00f3 Hu\u1ebf - C\u1eeda h\u00e0ng D\u01b0\u1ee3c Li\u1ec7u Kim Long","robots":{"index":"index","follow":"follow","max-snippet":"max-snippet:-1","max-image-preview":"max-image-preview:large","max-video-preview":"max-video-preview:-1"},"canonical":"https:\/\/duoclieukimlong.com\/en\/tinh-dau-tram-gio-hue\/","og_locale":"en_US","og_type":"article","og_title":"Tinh d\u1ea7u Tr\u00e0m Gi\u00f3 Hu\u1ebf","og_description":"S\u1ea3n ph\u1ea9m truy\u1ec1n th\u1ed1ng n\u1ed5i ti\u1ebfng c\u1ee7a mi\u1ec1n Trung, chi\u1ebft xu\u1ea5t t\u1eeb c\u00e2y tr\u00e0m gi\u00f3 thi\u00ean nhi\u00ean. \u0110\u1eb7c t\u00ednh \u1ea5m \u00e1p nh\u01b0ng kh\u00f4ng g\u00e2y b\u1ecfng r\u00e1t, c\u1ef1c k\u1ef3 an to\u00e0n cho tr\u1ebb s\u01a1 sinh, ph\u1ee5 n\u1eef mang thai v\u00e0 ng\u01b0\u1eddi cao tu\u1ed5i.","og_url":"https:\/\/duoclieukimlong.com\/en\/tinh-dau-tram-gio-hue\/","og_site_name":"C\u1eeda h\u00e0ng D\u01b0\u1ee3c Li\u1ec7u Kim Long","article_modified_time":"2025-12-05T07:14:32+00:00","og_image":[{"width":600,"height":600,"url":"https:\/\/duoclieukimlong.com\/wp-content\/uploads\/2025\/12\/san-pham-tram-gio.jpg","type":"image\/jpeg"}],"twitter_card":"summary_large_image","twitter_misc":{"Est. reading time":"1 minute"},"schema":{"@context":"https:\/\/schema.org","@graph":[{"@type":"WebPage","@id":"https:\/\/duoclieukimlong.com\/san-pham\/tinh-dau-tram-gio-hue\/","url":"https:\/\/duoclieukimlong.com\/san-pham\/tinh-dau-tram-gio-hue\/","name":"Tinh d\u1ea7u Tr\u00e0m Gi\u00f3 Hu\u1ebf - C\u1eeda h\u00e0ng D\u01b0\u1ee3c Li\u1ec7u Kim Long","isPartOf":{"@id":"https:\/\/duoclieukimlong.com\/#website"},"datePublished":"2025-12-05T07:11:33+00:00","dateModified":"2025-12-05T07:14:32+00:00","breadcrumb":{"@id":"https:\/\/duoclieukimlong.com\/san-pham\/tinh-dau-tram-gio-hue\/#breadcrumb"},"inLanguage":"en-US","potentialAction":[{"@type":"ReadAction","target":["https:\/\/duoclieukimlong.com\/san-pham\/tinh-dau-tram-gio-hue\/"]}]},{"@type":"BreadcrumbList","@id":"https:\/\/duoclieukimlong.com\/san-pham\/tinh-dau-tram-gio-hue\/#breadcrumb","itemListElement":[{"@type":"ListItem","position":1,"name":"Trang ch\u1ee7","item":"https:\/\/duoclieukimlong.com\/"},{"@type":"ListItem","position":2,"name":"S\u1ea3n ph\u1ea9m","item":"https:\/\/duoclieukimlong.com\/shop\/"},{"@type":"ListItem","position":3,"name":"Tinh d\u1ea7u Tr\u00e0m Gi\u00f3 Hu\u1ebf"}]},{"@type":"WebSite","@id":"https:\/\/duoclieukimlong.com\/#website","url":"https:\/\/duoclieukimlong.com\/","name":"C\u1eeda h\u00e0ng D\u01b0\u1ee3c Li\u1ec7u Kim Long","description":"","potentialAction":[{"@type":"SearchAction","target":{"@type":"EntryPoint","urlTemplate":"https:\/\/duoclieukimlong.com\/?s={search_term_string}"},"query-input":"required name=search_term_string"}],"inLanguage":"en-US"}]}},"_links":{"self":[{"href":"https:\/\/duoclieukimlong.com\/en\/wp-json\/wp\/v2\/product\/1204"}],"collection":[{"href":"https:\/\/duoclieukimlong.com\/en\/wp-json\/wp\/v2\/product"}],"about":[{"href":"https:\/\/duoclieukimlong.com\/en\/wp-json\/wp\/v2\/types\/product"}],"replies":[{"embeddable":true,"href":"https:\/\/duoclieukimlong.com\/en\/wp-json\/wp\/v2\/comments?post=1204"}],"wp:featuredmedia":[{"embeddable":true,"href":"https:\/\/duoclieukimlong.com\/en\/wp-json\/wp\/v2\/media\/1200"}],"wp:attachment":[{"href":"https:\/\/duoclieukimlong.com\/en\/wp-json\/wp\/v2\/media?parent=1204"}],"wp:term":[{"taxonomy":"product_cat","embeddable":true,"href":"https:\/\/duoclieukimlong.com\/en\/wp-json\/wp\/v2\/product_cat?post=1204"},{"taxonomy":"product_tag","embeddable":true,"href":"https:\/\/duoclieukimlong.com\/en\/wp-json\/wp\/v2\/product_tag?post=1204"}],"curies":[{"name":"wp","href":"https:\/\/api.w.org\/{rel}","templated":true}]}}