{"id":1205,"date":"2025-12-05T14:13:01","date_gmt":"2025-12-05T07:13:01","guid":{"rendered":"https:\/\/duoclieukimlong.123websitedev.com\/?post_type=product&#038;p=1205"},"modified":"2025-12-05T14:13:01","modified_gmt":"2025-12-05T07:13:01","slug":"tinh-dau-vo-buoi-duong-toc","status":"publish","type":"product","link":"https:\/\/duoclieukimlong.com\/en\/tinh-dau-vo-buoi-duong-toc\/","title":{"rendered":"Grapefruit Peel Essential Oil for Hair Care"},"content":{"rendered":"<p>Tinh d\u1ea7u V\u1ecf B\u01b0\u1edfi l\u00e0 gi\u1ea3i ph\u00e1p c\u1ee9u c\u00e1nh cho m\u00e1i t\u00f3c th\u01b0a y\u1ebfu. C\u00e1c d\u01b0\u1ee1ng ch\u1ea5t trong v\u1ecf b\u01b0\u1edfi th\u1ea5m s\u00e2u v\u00e0o nang t\u00f3c, gi\u00fap nu\u00f4i d\u01b0\u1ee1ng da \u0111\u1ea7u kh\u1ecfe m\u1ea1nh, ph\u1ee5c h\u1ed3i t\u00f3c h\u01b0 t\u1ed5n do h\u00f3a ch\u1ea5t v\u00e0 k\u00edch th\u00edch t\u00f3c con m\u1ecdc nhanh h\u01a1n. V\u1ec1 m\u1eb7t tinh th\u1ea7n, h\u01b0\u01a1ng b\u01b0\u1edfi d\u1ecbu nh\u1eb9 gi\u00fap gi\u1ea3i t\u1ecfa c\u0103ng th\u1eb3ng, mang l\u1ea1i c\u1ea3m gi\u00e1c b\u00ecnh y\u00ean nh\u01b0 \u1edf qu\u00ea nh\u00e0. C\u00e1ch d\u00f9ng hi\u1ec7u qu\u1ea3 nh\u1ea5t l\u00e0 pha lo\u00e3ng v\u1edbi n\u01b0\u1edbc s\u1ea1ch x\u1ecbt l\u00ean ch\u00e2n t\u00f3c sau khi g\u1ed9i ho\u1eb7c tr\u1ed9n c\u00f9ng d\u1ea7u g\u1ed9i \u0111\u1ea7u \u0111\u1ec3 s\u1eed d\u1ee5ng h\u00e0ng ng\u00e0y.<\/p>","protected":false},"excerpt":{"rendered":"<p>\u0110\u01b0\u1ee3c s\u1ea3n xu\u1ea5t b\u1eb1ng ph\u01b0\u01a1ng ph\u00e1p \u00e9p l\u1ea1nh v\u1ecf b\u01b0\u1edfi da xanh \u0111\u1ec3 gi\u1eef nguy\u00ean tinh ch\u1ea5t Limonene. M\u00f9i h\u01b0\u01a1ng thanh tao, nh\u1eb9 nh\u00e0ng, chuy\u00ean d\u00f9ng \u0111\u1ec3 ch\u0103m s\u00f3c t\u00f3c g\u00e3y r\u1ee5ng v\u00e0 k\u00edch th\u00edch m\u1ecdc t\u00f3c con.<\/p>","protected":false},"featured_media":1201,"comment_status":"open","ping_status":"closed","template":"","meta":{"inline_featured_image":false},"product_cat":[156],"product_tag":[],"class_list":{"0":"post-1205","1":"product","2":"type-product","3":"status-publish","4":"has-post-thumbnail","6":"product_cat-thao-duoc","8":"first","9":"instock","10":"shipping-taxable","11":"purchasable","12":"product-type-simple"},"yoast_head":"<!-- This site is optimized with the Yoast SEO Premium plugin v20.9 (Yoast SEO v20.9) - https:\/\/yoast.com\/wordpress\/plugins\/seo\/ -->\n<title>Tinh d\u1ea7u V\u1ecf B\u01b0\u1edfi D\u01b0\u1ee1ng T\u00f3c - C\u1eeda h\u00e0ng D\u01b0\u1ee3c Li\u1ec7u Kim Long<\/title>\n<meta name=\"robots\" content=\"index, follow, max-snippet:-1, max-image-preview:large, max-video-preview:-1\" \/>\n<link rel=\"canonical\" href=\"https:\/\/duoclieukimlong.com\/en\/tinh-dau-vo-buoi-duong-toc\/\" \/>\n<meta property=\"og:locale\" content=\"en_US\" \/>\n<meta property=\"og:type\" content=\"article\" \/>\n<meta property=\"og:title\" content=\"Tinh d\u1ea7u V\u1ecf B\u01b0\u1edfi D\u01b0\u1ee1ng T\u00f3c\" \/>\n<meta property=\"og:description\" content=\"\u0110\u01b0\u1ee3c s\u1ea3n xu\u1ea5t b\u1eb1ng ph\u01b0\u01a1ng ph\u00e1p \u00e9p l\u1ea1nh v\u1ecf b\u01b0\u1edfi da xanh \u0111\u1ec3 gi\u1eef nguy\u00ean tinh ch\u1ea5t Limonene. M\u00f9i h\u01b0\u01a1ng thanh tao, nh\u1eb9 nh\u00e0ng, chuy\u00ean d\u00f9ng \u0111\u1ec3 ch\u0103m s\u00f3c t\u00f3c g\u00e3y r\u1ee5ng v\u00e0 k\u00edch th\u00edch m\u1ecdc t\u00f3c con.\" \/>\n<meta property=\"og:url\" content=\"https:\/\/duoclieukimlong.com\/en\/tinh-dau-vo-buoi-duong-toc\/\" \/>\n<meta property=\"og:site_name\" content=\"C\u1eeda h\u00e0ng D\u01b0\u1ee3c Li\u1ec7u Kim Long\" \/>\n<meta property=\"og:image\" content=\"https:\/\/duoclieukimlong.com\/wp-content\/uploads\/2025\/12\/tindaubuoi.jpg\" \/>\n\t<meta property=\"og:image:width\" content=\"525\" \/>\n\t<meta property=\"og:image:height\" content=\"516\" \/>\n\t<meta property=\"og:image:type\" content=\"image\/jpeg\" \/>\n<meta name=\"twitter:card\" content=\"summary_large_image\" \/>\n<meta name=\"twitter:label1\" content=\"Est. reading time\" \/>\n\t<meta name=\"twitter:data1\" content=\"1 minute\" \/>\n<script type=\"application\/ld+json\" class=\"yoast-schema-graph\">{\"@context\":\"https:\/\/schema.org\",\"@graph\":[{\"@type\":\"WebPage\",\"@id\":\"https:\/\/duoclieukimlong.com\/san-pham\/tinh-dau-vo-buoi-duong-toc\/\",\"url\":\"https:\/\/duoclieukimlong.com\/san-pham\/tinh-dau-vo-buoi-duong-toc\/\",\"name\":\"Tinh d\u1ea7u V\u1ecf B\u01b0\u1edfi D\u01b0\u1ee1ng T\u00f3c - C\u1eeda h\u00e0ng D\u01b0\u1ee3c Li\u1ec7u Kim Long\",\"isPartOf\":{\"@id\":\"https:\/\/duoclieukimlong.com\/#website\"},\"datePublished\":\"2025-12-05T07:13:01+00:00\",\"dateModified\":\"2025-12-05T07:13:01+00:00\",\"breadcrumb\":{\"@id\":\"https:\/\/duoclieukimlong.com\/san-pham\/tinh-dau-vo-buoi-duong-toc\/#breadcrumb\"},\"inLanguage\":\"en-US\",\"potentialAction\":[{\"@type\":\"ReadAction\",\"target\":[\"https:\/\/duoclieukimlong.com\/san-pham\/tinh-dau-vo-buoi-duong-toc\/\"]}]},{\"@type\":\"BreadcrumbList\",\"@id\":\"https:\/\/duoclieukimlong.com\/san-pham\/tinh-dau-vo-buoi-duong-toc\/#breadcrumb\",\"itemListElement\":[{\"@type\":\"ListItem\",\"position\":1,\"name\":\"Trang ch\u1ee7\",\"item\":\"https:\/\/duoclieukimlong.com\/\"},{\"@type\":\"ListItem\",\"position\":2,\"name\":\"S\u1ea3n ph\u1ea9m\",\"item\":\"https:\/\/duoclieukimlong.com\/shop\/\"},{\"@type\":\"ListItem\",\"position\":3,\"name\":\"Tinh d\u1ea7u V\u1ecf B\u01b0\u1edfi D\u01b0\u1ee1ng T\u00f3c\"}]},{\"@type\":\"WebSite\",\"@id\":\"https:\/\/duoclieukimlong.com\/#website\",\"url\":\"https:\/\/duoclieukimlong.com\/\",\"name\":\"C\u1eeda h\u00e0ng D\u01b0\u1ee3c Li\u1ec7u Kim Long\",\"description\":\"\",\"potentialAction\":[{\"@type\":\"SearchAction\",\"target\":{\"@type\":\"EntryPoint\",\"urlTemplate\":\"https:\/\/duoclieukimlong.com\/?s={search_term_string}\"},\"query-input\":\"required name=search_term_string\"}],\"inLanguage\":\"en-US\"}]}<\/script>\n<!-- \/ Yoast SEO Premium plugin. -->","yoast_head_json":{"title":"Tinh d\u1ea7u V\u1ecf B\u01b0\u1edfi D\u01b0\u1ee1ng T\u00f3c - C\u1eeda h\u00e0ng D\u01b0\u1ee3c Li\u1ec7u Kim Long","robots":{"index":"index","follow":"follow","max-snippet":"max-snippet:-1","max-image-preview":"max-image-preview:large","max-video-preview":"max-video-preview:-1"},"canonical":"https:\/\/duoclieukimlong.com\/en\/tinh-dau-vo-buoi-duong-toc\/","og_locale":"en_US","og_type":"article","og_title":"Tinh d\u1ea7u V\u1ecf B\u01b0\u1edfi D\u01b0\u1ee1ng T\u00f3c","og_description":"\u0110\u01b0\u1ee3c s\u1ea3n xu\u1ea5t b\u1eb1ng ph\u01b0\u01a1ng ph\u00e1p \u00e9p l\u1ea1nh v\u1ecf b\u01b0\u1edfi da xanh \u0111\u1ec3 gi\u1eef nguy\u00ean tinh ch\u1ea5t Limonene. M\u00f9i h\u01b0\u01a1ng thanh tao, nh\u1eb9 nh\u00e0ng, chuy\u00ean d\u00f9ng \u0111\u1ec3 ch\u0103m s\u00f3c t\u00f3c g\u00e3y r\u1ee5ng v\u00e0 k\u00edch th\u00edch m\u1ecdc t\u00f3c con.","og_url":"https:\/\/duoclieukimlong.com\/en\/tinh-dau-vo-buoi-duong-toc\/","og_site_name":"C\u1eeda h\u00e0ng D\u01b0\u1ee3c Li\u1ec7u Kim Long","og_image":[{"width":525,"height":516,"url":"https:\/\/duoclieukimlong.com\/wp-content\/uploads\/2025\/12\/tindaubuoi.jpg","type":"image\/jpeg"}],"twitter_card":"summary_large_image","twitter_misc":{"Est. reading time":"1 minute"},"schema":{"@context":"https:\/\/schema.org","@graph":[{"@type":"WebPage","@id":"https:\/\/duoclieukimlong.com\/san-pham\/tinh-dau-vo-buoi-duong-toc\/","url":"https:\/\/duoclieukimlong.com\/san-pham\/tinh-dau-vo-buoi-duong-toc\/","name":"Tinh d\u1ea7u V\u1ecf B\u01b0\u1edfi D\u01b0\u1ee1ng T\u00f3c - C\u1eeda h\u00e0ng D\u01b0\u1ee3c Li\u1ec7u Kim Long","isPartOf":{"@id":"https:\/\/duoclieukimlong.com\/#website"},"datePublished":"2025-12-05T07:13:01+00:00","dateModified":"2025-12-05T07:13:01+00:00","breadcrumb":{"@id":"https:\/\/duoclieukimlong.com\/san-pham\/tinh-dau-vo-buoi-duong-toc\/#breadcrumb"},"inLanguage":"en-US","potentialAction":[{"@type":"ReadAction","target":["https:\/\/duoclieukimlong.com\/san-pham\/tinh-dau-vo-buoi-duong-toc\/"]}]},{"@type":"BreadcrumbList","@id":"https:\/\/duoclieukimlong.com\/san-pham\/tinh-dau-vo-buoi-duong-toc\/#breadcrumb","itemListElement":[{"@type":"ListItem","position":1,"name":"Trang ch\u1ee7","item":"https:\/\/duoclieukimlong.com\/"},{"@type":"ListItem","position":2,"name":"S\u1ea3n ph\u1ea9m","item":"https:\/\/duoclieukimlong.com\/shop\/"},{"@type":"ListItem","position":3,"name":"Tinh d\u1ea7u V\u1ecf B\u01b0\u1edfi D\u01b0\u1ee1ng T\u00f3c"}]},{"@type":"WebSite","@id":"https:\/\/duoclieukimlong.com\/#website","url":"https:\/\/duoclieukimlong.com\/","name":"C\u1eeda h\u00e0ng D\u01b0\u1ee3c Li\u1ec7u Kim Long","description":"","potentialAction":[{"@type":"SearchAction","target":{"@type":"EntryPoint","urlTemplate":"https:\/\/duoclieukimlong.com\/?s={search_term_string}"},"query-input":"required name=search_term_string"}],"inLanguage":"en-US"}]}},"_links":{"self":[{"href":"https:\/\/duoclieukimlong.com\/en\/wp-json\/wp\/v2\/product\/1205"}],"collection":[{"href":"https:\/\/duoclieukimlong.com\/en\/wp-json\/wp\/v2\/product"}],"about":[{"href":"https:\/\/duoclieukimlong.com\/en\/wp-json\/wp\/v2\/types\/product"}],"replies":[{"embeddable":true,"href":"https:\/\/duoclieukimlong.com\/en\/wp-json\/wp\/v2\/comments?post=1205"}],"wp:featuredmedia":[{"embeddable":true,"href":"https:\/\/duoclieukimlong.com\/en\/wp-json\/wp\/v2\/media\/1201"}],"wp:attachment":[{"href":"https:\/\/duoclieukimlong.com\/en\/wp-json\/wp\/v2\/media?parent=1205"}],"wp:term":[{"taxonomy":"product_cat","embeddable":true,"href":"https:\/\/duoclieukimlong.com\/en\/wp-json\/wp\/v2\/product_cat?post=1205"},{"taxonomy":"product_tag","embeddable":true,"href":"https:\/\/duoclieukimlong.com\/en\/wp-json\/wp\/v2\/product_tag?post=1205"}],"curies":[{"name":"wp","href":"https:\/\/api.w.org\/{rel}","templated":true}]}}