{"id":1207,"date":"2025-12-05T14:17:58","date_gmt":"2025-12-05T07:17:58","guid":{"rendered":"https:\/\/duoclieukimlong.123websitedev.com\/?post_type=product&#038;p=1207"},"modified":"2026-03-13T14:41:14","modified_gmt":"2026-03-13T07:41:14","slug":"tinh-dau-ngoc-lan-tay-ylang-ylang","status":"publish","type":"product","link":"https:\/\/duoclieukimlong.com\/en\/tinh-dau-ngoc-lan-tay-ylang-ylang\/","title":{"rendered":"Ylang Ylang Essential Oil"},"content":{"rendered":"<p>Tinh d\u1ea7u Ng\u1ecdc Lan T\u00e2y \u0111\u01b0\u1ee3c ch\u01b0ng c\u1ea5t t\u1eeb nh\u1eefng b\u00f4ng hoa t\u01b0\u01a1i m\u1edbi h\u00e1i, gi\u1eef tr\u1ecdn v\u1eb9n h\u01b0\u01a1ng th\u01a1m sang tr\u1ecdng th\u01b0\u1eddng th\u1ea5y trong c\u00e1c lo\u1ea1i n\u01b0\u1edbc hoa \u0111\u1eaft ti\u1ec1n. T\u00e1c d\u1ee5ng n\u1ed5i b\u1eadt c\u1ee7a n\u00f3 l\u00e0 kh\u1ea3 n\u0103ng tr\u1ea5n t\u0129nh, gi\u00fap \u0111i\u1ec1u h\u00f2a nh\u1ecbp tim v\u00e0 gi\u1ea3m huy\u1ebft \u00e1p cho ng\u01b0\u1eddi hay h\u1ed3i h\u1ed9p. Trong l\u00e0m \u0111\u1eb9p, Ylang Ylang gi\u00fap ki\u1ec3m so\u00e1t b\u00e3 nh\u1eddn, l\u00e0m se kh\u00edt l\u1ed7 ch\u00e2n l\u00f4ng v\u00e0 d\u01b0\u1ee1ng \u1ea9m cho da. \u0110\u00e2y l\u00e0 l\u1ef1a ch\u1ecdn tuy\u1ec7t v\u1eddi \u0111\u1ec3 x\u00f4ng ph\u00f2ng ng\u1ee7 v\u1ee3 ch\u1ed3ng ho\u1eb7c pha v\u00e0o d\u1ea7u massage body \u0111\u1ec3 th\u01b0 gi\u00e3n cu\u1ed1i tu\u1ea7n.<\/p>","protected":false},"excerpt":{"rendered":"<p>Mang h\u01b0\u01a1ng th\u01a1m hoa c\u1ecf ng\u1ecdt ng\u00e0o, quy\u1ebfn r\u0169 v\u00e0 \u0111\u1ea7y n\u1eef t\u00ednh. Th\u01b0\u1eddng \u0111\u01b0\u1ee3c v\u00ed nh\u01b0 lo\u1ea1i tinh d\u1ea7u c\u1ee7a t\u00ecnh y\u00eau, gi\u00fap kh\u01a1i g\u1ee3i c\u1ea3m x\u00fac l\u00e3ng m\u1ea1n v\u00e0 ch\u0103m s\u00f3c l\u00e0n da m\u1ecbn m\u00e0ng.<\/p>","protected":false},"featured_media":1203,"comment_status":"open","ping_status":"closed","template":"","meta":{"inline_featured_image":false},"product_cat":[173,156],"product_tag":[],"class_list":{"0":"post-1207","1":"product","2":"type-product","3":"status-publish","4":"has-post-thumbnail","6":"product_cat-benh-than-gout-theo-toa","7":"product_cat-thao-duoc","9":"first","10":"instock","11":"shipping-taxable","12":"purchasable","13":"product-type-simple"},"yoast_head":"<!-- This site is optimized with the Yoast SEO Premium plugin v20.9 (Yoast SEO v20.9) - https:\/\/yoast.com\/wordpress\/plugins\/seo\/ -->\n<title>Tinh d\u1ea7u Ng\u1ecdc Lan T\u00e2y Ylang Ylang - C\u1eeda h\u00e0ng D\u01b0\u1ee3c Li\u1ec7u Kim Long<\/title>\n<meta name=\"robots\" content=\"index, follow, max-snippet:-1, max-image-preview:large, max-video-preview:-1\" \/>\n<link rel=\"canonical\" href=\"https:\/\/duoclieukimlong.com\/en\/tinh-dau-ngoc-lan-tay-ylang-ylang\/\" \/>\n<meta property=\"og:locale\" content=\"en_US\" \/>\n<meta property=\"og:type\" content=\"article\" \/>\n<meta property=\"og:title\" content=\"Tinh d\u1ea7u Ng\u1ecdc Lan T\u00e2y Ylang Ylang\" \/>\n<meta property=\"og:description\" content=\"Mang h\u01b0\u01a1ng th\u01a1m hoa c\u1ecf ng\u1ecdt ng\u00e0o, quy\u1ebfn r\u0169 v\u00e0 \u0111\u1ea7y n\u1eef t\u00ednh. Th\u01b0\u1eddng \u0111\u01b0\u1ee3c v\u00ed nh\u01b0 lo\u1ea1i tinh d\u1ea7u c\u1ee7a t\u00ecnh y\u00eau, gi\u00fap kh\u01a1i g\u1ee3i c\u1ea3m x\u00fac l\u00e3ng m\u1ea1n v\u00e0 ch\u0103m s\u00f3c l\u00e0n da m\u1ecbn m\u00e0ng.\" \/>\n<meta property=\"og:url\" content=\"https:\/\/duoclieukimlong.com\/en\/tinh-dau-ngoc-lan-tay-ylang-ylang\/\" \/>\n<meta property=\"og:site_name\" content=\"C\u1eeda h\u00e0ng D\u01b0\u1ee3c Li\u1ec7u Kim Long\" \/>\n<meta property=\"article:modified_time\" content=\"2026-03-13T07:41:14+00:00\" \/>\n<meta property=\"og:image\" content=\"https:\/\/duoclieukimlong.com\/wp-content\/uploads\/2025\/12\/tinhdaunl.jpg\" \/>\n\t<meta property=\"og:image:width\" content=\"620\" \/>\n\t<meta property=\"og:image:height\" content=\"348\" \/>\n\t<meta property=\"og:image:type\" content=\"image\/jpeg\" \/>\n<meta name=\"twitter:card\" content=\"summary_large_image\" \/>\n<meta name=\"twitter:label1\" content=\"Est. reading time\" \/>\n\t<meta name=\"twitter:data1\" content=\"1 minute\" \/>\n<script type=\"application\/ld+json\" class=\"yoast-schema-graph\">{\"@context\":\"https:\/\/schema.org\",\"@graph\":[{\"@type\":\"WebPage\",\"@id\":\"https:\/\/duoclieukimlong.com\/tinh-dau-ngoc-lan-tay-ylang-ylang\/\",\"url\":\"https:\/\/duoclieukimlong.com\/tinh-dau-ngoc-lan-tay-ylang-ylang\/\",\"name\":\"Tinh d\u1ea7u Ng\u1ecdc Lan T\u00e2y Ylang Ylang - C\u1eeda h\u00e0ng D\u01b0\u1ee3c Li\u1ec7u Kim Long\",\"isPartOf\":{\"@id\":\"https:\/\/duoclieukimlong.com\/#website\"},\"datePublished\":\"2025-12-05T07:17:58+00:00\",\"dateModified\":\"2026-03-13T07:41:14+00:00\",\"breadcrumb\":{\"@id\":\"https:\/\/duoclieukimlong.com\/tinh-dau-ngoc-lan-tay-ylang-ylang\/#breadcrumb\"},\"inLanguage\":\"en-US\",\"potentialAction\":[{\"@type\":\"ReadAction\",\"target\":[\"https:\/\/duoclieukimlong.com\/tinh-dau-ngoc-lan-tay-ylang-ylang\/\"]}]},{\"@type\":\"BreadcrumbList\",\"@id\":\"https:\/\/duoclieukimlong.com\/tinh-dau-ngoc-lan-tay-ylang-ylang\/#breadcrumb\",\"itemListElement\":[{\"@type\":\"ListItem\",\"position\":1,\"name\":\"Trang ch\u1ee7\",\"item\":\"https:\/\/duoclieukimlong.com\/\"},{\"@type\":\"ListItem\",\"position\":2,\"name\":\"S\u1ea3n ph\u1ea9m\",\"item\":\"https:\/\/duoclieukimlong.com\/shop\/\"},{\"@type\":\"ListItem\",\"position\":3,\"name\":\"Tinh d\u1ea7u Ng\u1ecdc Lan T\u00e2y Ylang Ylang\"}]},{\"@type\":\"WebSite\",\"@id\":\"https:\/\/duoclieukimlong.com\/#website\",\"url\":\"https:\/\/duoclieukimlong.com\/\",\"name\":\"C\u1eeda h\u00e0ng D\u01b0\u1ee3c Li\u1ec7u Kim Long\",\"description\":\"\",\"potentialAction\":[{\"@type\":\"SearchAction\",\"target\":{\"@type\":\"EntryPoint\",\"urlTemplate\":\"https:\/\/duoclieukimlong.com\/?s={search_term_string}\"},\"query-input\":\"required name=search_term_string\"}],\"inLanguage\":\"en-US\"}]}<\/script>\n<!-- \/ Yoast SEO Premium plugin. -->","yoast_head_json":{"title":"Tinh d\u1ea7u Ng\u1ecdc Lan T\u00e2y Ylang Ylang - C\u1eeda h\u00e0ng D\u01b0\u1ee3c Li\u1ec7u Kim Long","robots":{"index":"index","follow":"follow","max-snippet":"max-snippet:-1","max-image-preview":"max-image-preview:large","max-video-preview":"max-video-preview:-1"},"canonical":"https:\/\/duoclieukimlong.com\/en\/tinh-dau-ngoc-lan-tay-ylang-ylang\/","og_locale":"en_US","og_type":"article","og_title":"Tinh d\u1ea7u Ng\u1ecdc Lan T\u00e2y Ylang Ylang","og_description":"Mang h\u01b0\u01a1ng th\u01a1m hoa c\u1ecf ng\u1ecdt ng\u00e0o, quy\u1ebfn r\u0169 v\u00e0 \u0111\u1ea7y n\u1eef t\u00ednh. Th\u01b0\u1eddng \u0111\u01b0\u1ee3c v\u00ed nh\u01b0 lo\u1ea1i tinh d\u1ea7u c\u1ee7a t\u00ecnh y\u00eau, gi\u00fap kh\u01a1i g\u1ee3i c\u1ea3m x\u00fac l\u00e3ng m\u1ea1n v\u00e0 ch\u0103m s\u00f3c l\u00e0n da m\u1ecbn m\u00e0ng.","og_url":"https:\/\/duoclieukimlong.com\/en\/tinh-dau-ngoc-lan-tay-ylang-ylang\/","og_site_name":"C\u1eeda h\u00e0ng D\u01b0\u1ee3c Li\u1ec7u Kim Long","article_modified_time":"2026-03-13T07:41:14+00:00","og_image":[{"width":620,"height":348,"url":"https:\/\/duoclieukimlong.com\/wp-content\/uploads\/2025\/12\/tinhdaunl.jpg","type":"image\/jpeg"}],"twitter_card":"summary_large_image","twitter_misc":{"Est. reading time":"1 minute"},"schema":{"@context":"https:\/\/schema.org","@graph":[{"@type":"WebPage","@id":"https:\/\/duoclieukimlong.com\/tinh-dau-ngoc-lan-tay-ylang-ylang\/","url":"https:\/\/duoclieukimlong.com\/tinh-dau-ngoc-lan-tay-ylang-ylang\/","name":"Tinh d\u1ea7u Ng\u1ecdc Lan T\u00e2y Ylang Ylang - C\u1eeda h\u00e0ng D\u01b0\u1ee3c Li\u1ec7u Kim Long","isPartOf":{"@id":"https:\/\/duoclieukimlong.com\/#website"},"datePublished":"2025-12-05T07:17:58+00:00","dateModified":"2026-03-13T07:41:14+00:00","breadcrumb":{"@id":"https:\/\/duoclieukimlong.com\/tinh-dau-ngoc-lan-tay-ylang-ylang\/#breadcrumb"},"inLanguage":"en-US","potentialAction":[{"@type":"ReadAction","target":["https:\/\/duoclieukimlong.com\/tinh-dau-ngoc-lan-tay-ylang-ylang\/"]}]},{"@type":"BreadcrumbList","@id":"https:\/\/duoclieukimlong.com\/tinh-dau-ngoc-lan-tay-ylang-ylang\/#breadcrumb","itemListElement":[{"@type":"ListItem","position":1,"name":"Trang ch\u1ee7","item":"https:\/\/duoclieukimlong.com\/"},{"@type":"ListItem","position":2,"name":"S\u1ea3n ph\u1ea9m","item":"https:\/\/duoclieukimlong.com\/shop\/"},{"@type":"ListItem","position":3,"name":"Tinh d\u1ea7u Ng\u1ecdc Lan T\u00e2y Ylang Ylang"}]},{"@type":"WebSite","@id":"https:\/\/duoclieukimlong.com\/#website","url":"https:\/\/duoclieukimlong.com\/","name":"C\u1eeda h\u00e0ng D\u01b0\u1ee3c Li\u1ec7u Kim Long","description":"","potentialAction":[{"@type":"SearchAction","target":{"@type":"EntryPoint","urlTemplate":"https:\/\/duoclieukimlong.com\/?s={search_term_string}"},"query-input":"required name=search_term_string"}],"inLanguage":"en-US"}]}},"_links":{"self":[{"href":"https:\/\/duoclieukimlong.com\/en\/wp-json\/wp\/v2\/product\/1207"}],"collection":[{"href":"https:\/\/duoclieukimlong.com\/en\/wp-json\/wp\/v2\/product"}],"about":[{"href":"https:\/\/duoclieukimlong.com\/en\/wp-json\/wp\/v2\/types\/product"}],"replies":[{"embeddable":true,"href":"https:\/\/duoclieukimlong.com\/en\/wp-json\/wp\/v2\/comments?post=1207"}],"wp:featuredmedia":[{"embeddable":true,"href":"https:\/\/duoclieukimlong.com\/en\/wp-json\/wp\/v2\/media\/1203"}],"wp:attachment":[{"href":"https:\/\/duoclieukimlong.com\/en\/wp-json\/wp\/v2\/media?parent=1207"}],"wp:term":[{"taxonomy":"product_cat","embeddable":true,"href":"https:\/\/duoclieukimlong.com\/en\/wp-json\/wp\/v2\/product_cat?post=1207"},{"taxonomy":"product_tag","embeddable":true,"href":"https:\/\/duoclieukimlong.com\/en\/wp-json\/wp\/v2\/product_tag?post=1207"}],"curies":[{"name":"wp","href":"https:\/\/api.w.org\/{rel}","templated":true}]}}