{"id":1209,"date":"2025-12-05T14:23:54","date_gmt":"2025-12-05T07:23:54","guid":{"rendered":"https:\/\/duoclieukimlong.123websitedev.com\/?post_type=product&#038;p=1209"},"modified":"2026-03-13T14:41:13","modified_gmt":"2026-03-13T07:41:13","slug":"cau-ky-tu-ninh-ha","status":"publish","type":"product","link":"https:\/\/duoclieukimlong.com\/en\/cau-ky-tu-ninh-ha\/","title":{"rendered":"Ningxia Goji Berry"},"content":{"rendered":"<p>C\u00e2u K\u1ef7 T\u1eed ngu\u1ed3n g\u1ed1c Ninh H\u1ea1 \u0111\u01b0\u1ee3c gi\u1edbi chuy\u00ean m\u00f4n \u0111\u00e1nh gi\u00e1 cao nh\u1ea5t v\u1ec1 d\u01b0\u1ee3c t\u00ednh. S\u1ea3n ph\u1ea9m \u0111\u01b0\u1ee3c thu ho\u1ea1ch v\u00e0 s\u1ea5y kh\u00f4 theo quy tr\u00ecnh kh\u00e9p k\u00edn, \u0111\u1ea3m b\u1ea3o h\u1ea1t k\u1ef7 t\u1eed kh\u00f4 r\u00e1o nh\u01b0ng v\u1eabn gi\u1eef \u0111\u01b0\u1ee3c \u0111\u1ed9 d\u1ebbo v\u00e0 h\u00e0m l\u01b0\u1ee3ng dinh d\u01b0\u1ee1ng cao. \u0110\u00e2y l\u00e0 nguy\u00ean li\u1ec7u kh\u00f4ng th\u1ec3 thi\u1ebfu trong c\u00e1c b\u00e0i thu\u1ed1c b\u1ed5 th\u1eadn, s\u00e1ng m\u1eaft v\u00e0 c\u00e1c m\u00f3n \u0103n th\u1ef1c d\u01b0\u1ee1ng nh\u01b0 ch\u00e8 d\u01b0\u1ee1ng nhan, g\u00e0 t\u1ea7n. Quy c\u00e1ch \u0111\u00f3ng g\u00f3i bao b\u00ec l\u1edbn 1kg, 5kg ho\u1eb7c bao t\u1ea3i 20kg chuy\u00ean ph\u1ee5c v\u1ee5 kh\u00e1ch mua bu\u00f4n v\u00e0 s\u1ea3n xu\u1ea5t.<\/p>","protected":false},"excerpt":{"rendered":"<p>K\u1ef7 t\u1eed h\u1ea1t to, m\u00e0u \u0111\u1ecf t\u01b0\u01a1i t\u1ef1 nhi\u00ean, th\u1ecbt d\u00e0y v\u00e0 ng\u1ecdt. H\u00e0ng s\u1ea1ch kh\u00f4ng l\u1eabn t\u1ea1p ch\u1ea5t, kh\u00f4ng nhu\u1ed9m ph\u1ea9m m\u00e0u, \u0111\u1ed9 \u1ea9m ti\u00eau chu\u1ea9n d\u01b0\u1edbi 13%. Th\u00edch h\u1ee3p cho c\u00e1c ti\u1ec7m thu\u1ed1c b\u1eafc, c\u01a1 s\u1edf \u0111\u00f3ng g\u00f3i tr\u00e0 ho\u1eb7c nh\u00e0 h\u00e0ng n\u1ea5u l\u1ea9u.<\/p>","protected":false},"featured_media":1212,"comment_status":"open","ping_status":"closed","template":"","meta":{"inline_featured_image":false},"product_cat":[173,156],"product_tag":[],"class_list":{"0":"post-1209","1":"product","2":"type-product","3":"status-publish","4":"has-post-thumbnail","6":"product_cat-benh-than-gout-theo-toa","7":"product_cat-thao-duoc","9":"first","10":"instock","11":"shipping-taxable","12":"purchasable","13":"product-type-simple"},"yoast_head":"<!-- This site is optimized with the Yoast SEO Premium plugin v20.9 (Yoast SEO v20.9) - https:\/\/yoast.com\/wordpress\/plugins\/seo\/ -->\n<title>C\u00e2u K\u1ef7 T\u1eed Ninh H\u1ea1 - C\u1eeda h\u00e0ng D\u01b0\u1ee3c Li\u1ec7u Kim Long<\/title>\n<meta name=\"robots\" content=\"index, follow, max-snippet:-1, max-image-preview:large, max-video-preview:-1\" \/>\n<link rel=\"canonical\" href=\"https:\/\/duoclieukimlong.com\/en\/cau-ky-tu-ninh-ha\/\" \/>\n<meta property=\"og:locale\" content=\"en_US\" \/>\n<meta property=\"og:type\" content=\"article\" \/>\n<meta property=\"og:title\" content=\"C\u00e2u K\u1ef7 T\u1eed Ninh H\u1ea1\" \/>\n<meta property=\"og:description\" content=\"K\u1ef7 t\u1eed h\u1ea1t to, m\u00e0u \u0111\u1ecf t\u01b0\u01a1i t\u1ef1 nhi\u00ean, th\u1ecbt d\u00e0y v\u00e0 ng\u1ecdt. H\u00e0ng s\u1ea1ch kh\u00f4ng l\u1eabn t\u1ea1p ch\u1ea5t, kh\u00f4ng nhu\u1ed9m ph\u1ea9m m\u00e0u, \u0111\u1ed9 \u1ea9m ti\u00eau chu\u1ea9n d\u01b0\u1edbi 13%. Th\u00edch h\u1ee3p cho c\u00e1c ti\u1ec7m thu\u1ed1c b\u1eafc, c\u01a1 s\u1edf \u0111\u00f3ng g\u00f3i tr\u00e0 ho\u1eb7c nh\u00e0 h\u00e0ng n\u1ea5u l\u1ea9u.\" \/>\n<meta property=\"og:url\" content=\"https:\/\/duoclieukimlong.com\/en\/cau-ky-tu-ninh-ha\/\" \/>\n<meta property=\"og:site_name\" content=\"C\u1eeda h\u00e0ng D\u01b0\u1ee3c Li\u1ec7u Kim Long\" \/>\n<meta property=\"article:modified_time\" content=\"2026-03-13T07:41:13+00:00\" \/>\n<meta property=\"og:image\" content=\"https:\/\/duoclieukimlong.com\/wp-content\/uploads\/2025\/12\/Cau-Ky-Tu-Ninh-Ha-Hang.jpg\" \/>\n\t<meta property=\"og:image:width\" content=\"225\" \/>\n\t<meta property=\"og:image:height\" content=\"225\" \/>\n\t<meta property=\"og:image:type\" content=\"image\/jpeg\" \/>\n<meta name=\"twitter:card\" content=\"summary_large_image\" \/>\n<meta name=\"twitter:label1\" content=\"Est. reading time\" \/>\n\t<meta name=\"twitter:data1\" content=\"1 minute\" \/>\n<script type=\"application\/ld+json\" class=\"yoast-schema-graph\">{\"@context\":\"https:\/\/schema.org\",\"@graph\":[{\"@type\":\"WebPage\",\"@id\":\"https:\/\/duoclieukimlong.com\/cau-ky-tu-ninh-ha\/\",\"url\":\"https:\/\/duoclieukimlong.com\/cau-ky-tu-ninh-ha\/\",\"name\":\"C\u00e2u K\u1ef7 T\u1eed Ninh H\u1ea1 - C\u1eeda h\u00e0ng D\u01b0\u1ee3c Li\u1ec7u Kim Long\",\"isPartOf\":{\"@id\":\"https:\/\/duoclieukimlong.com\/#website\"},\"datePublished\":\"2025-12-05T07:23:54+00:00\",\"dateModified\":\"2026-03-13T07:41:13+00:00\",\"breadcrumb\":{\"@id\":\"https:\/\/duoclieukimlong.com\/cau-ky-tu-ninh-ha\/#breadcrumb\"},\"inLanguage\":\"en-US\",\"potentialAction\":[{\"@type\":\"ReadAction\",\"target\":[\"https:\/\/duoclieukimlong.com\/cau-ky-tu-ninh-ha\/\"]}]},{\"@type\":\"BreadcrumbList\",\"@id\":\"https:\/\/duoclieukimlong.com\/cau-ky-tu-ninh-ha\/#breadcrumb\",\"itemListElement\":[{\"@type\":\"ListItem\",\"position\":1,\"name\":\"Trang ch\u1ee7\",\"item\":\"https:\/\/duoclieukimlong.com\/\"},{\"@type\":\"ListItem\",\"position\":2,\"name\":\"S\u1ea3n ph\u1ea9m\",\"item\":\"https:\/\/duoclieukimlong.com\/shop\/\"},{\"@type\":\"ListItem\",\"position\":3,\"name\":\"C\u00e2u K\u1ef7 T\u1eed Ninh H\u1ea1\"}]},{\"@type\":\"WebSite\",\"@id\":\"https:\/\/duoclieukimlong.com\/#website\",\"url\":\"https:\/\/duoclieukimlong.com\/\",\"name\":\"C\u1eeda h\u00e0ng D\u01b0\u1ee3c Li\u1ec7u Kim Long\",\"description\":\"\",\"potentialAction\":[{\"@type\":\"SearchAction\",\"target\":{\"@type\":\"EntryPoint\",\"urlTemplate\":\"https:\/\/duoclieukimlong.com\/?s={search_term_string}\"},\"query-input\":\"required name=search_term_string\"}],\"inLanguage\":\"en-US\"}]}<\/script>\n<!-- \/ Yoast SEO Premium plugin. -->","yoast_head_json":{"title":"C\u00e2u K\u1ef7 T\u1eed Ninh H\u1ea1 - C\u1eeda h\u00e0ng D\u01b0\u1ee3c Li\u1ec7u Kim Long","robots":{"index":"index","follow":"follow","max-snippet":"max-snippet:-1","max-image-preview":"max-image-preview:large","max-video-preview":"max-video-preview:-1"},"canonical":"https:\/\/duoclieukimlong.com\/en\/cau-ky-tu-ninh-ha\/","og_locale":"en_US","og_type":"article","og_title":"C\u00e2u K\u1ef7 T\u1eed Ninh H\u1ea1","og_description":"K\u1ef7 t\u1eed h\u1ea1t to, m\u00e0u \u0111\u1ecf t\u01b0\u01a1i t\u1ef1 nhi\u00ean, th\u1ecbt d\u00e0y v\u00e0 ng\u1ecdt. H\u00e0ng s\u1ea1ch kh\u00f4ng l\u1eabn t\u1ea1p ch\u1ea5t, kh\u00f4ng nhu\u1ed9m ph\u1ea9m m\u00e0u, \u0111\u1ed9 \u1ea9m ti\u00eau chu\u1ea9n d\u01b0\u1edbi 13%. Th\u00edch h\u1ee3p cho c\u00e1c ti\u1ec7m thu\u1ed1c b\u1eafc, c\u01a1 s\u1edf \u0111\u00f3ng g\u00f3i tr\u00e0 ho\u1eb7c nh\u00e0 h\u00e0ng n\u1ea5u l\u1ea9u.","og_url":"https:\/\/duoclieukimlong.com\/en\/cau-ky-tu-ninh-ha\/","og_site_name":"C\u1eeda h\u00e0ng D\u01b0\u1ee3c Li\u1ec7u Kim Long","article_modified_time":"2026-03-13T07:41:13+00:00","og_image":[{"width":225,"height":225,"url":"https:\/\/duoclieukimlong.com\/wp-content\/uploads\/2025\/12\/Cau-Ky-Tu-Ninh-Ha-Hang.jpg","type":"image\/jpeg"}],"twitter_card":"summary_large_image","twitter_misc":{"Est. reading time":"1 minute"},"schema":{"@context":"https:\/\/schema.org","@graph":[{"@type":"WebPage","@id":"https:\/\/duoclieukimlong.com\/cau-ky-tu-ninh-ha\/","url":"https:\/\/duoclieukimlong.com\/cau-ky-tu-ninh-ha\/","name":"C\u00e2u K\u1ef7 T\u1eed Ninh H\u1ea1 - C\u1eeda h\u00e0ng D\u01b0\u1ee3c Li\u1ec7u Kim Long","isPartOf":{"@id":"https:\/\/duoclieukimlong.com\/#website"},"datePublished":"2025-12-05T07:23:54+00:00","dateModified":"2026-03-13T07:41:13+00:00","breadcrumb":{"@id":"https:\/\/duoclieukimlong.com\/cau-ky-tu-ninh-ha\/#breadcrumb"},"inLanguage":"en-US","potentialAction":[{"@type":"ReadAction","target":["https:\/\/duoclieukimlong.com\/cau-ky-tu-ninh-ha\/"]}]},{"@type":"BreadcrumbList","@id":"https:\/\/duoclieukimlong.com\/cau-ky-tu-ninh-ha\/#breadcrumb","itemListElement":[{"@type":"ListItem","position":1,"name":"Trang ch\u1ee7","item":"https:\/\/duoclieukimlong.com\/"},{"@type":"ListItem","position":2,"name":"S\u1ea3n ph\u1ea9m","item":"https:\/\/duoclieukimlong.com\/shop\/"},{"@type":"ListItem","position":3,"name":"C\u00e2u K\u1ef7 T\u1eed Ninh H\u1ea1"}]},{"@type":"WebSite","@id":"https:\/\/duoclieukimlong.com\/#website","url":"https:\/\/duoclieukimlong.com\/","name":"C\u1eeda h\u00e0ng D\u01b0\u1ee3c Li\u1ec7u Kim Long","description":"","potentialAction":[{"@type":"SearchAction","target":{"@type":"EntryPoint","urlTemplate":"https:\/\/duoclieukimlong.com\/?s={search_term_string}"},"query-input":"required name=search_term_string"}],"inLanguage":"en-US"}]}},"_links":{"self":[{"href":"https:\/\/duoclieukimlong.com\/en\/wp-json\/wp\/v2\/product\/1209"}],"collection":[{"href":"https:\/\/duoclieukimlong.com\/en\/wp-json\/wp\/v2\/product"}],"about":[{"href":"https:\/\/duoclieukimlong.com\/en\/wp-json\/wp\/v2\/types\/product"}],"replies":[{"embeddable":true,"href":"https:\/\/duoclieukimlong.com\/en\/wp-json\/wp\/v2\/comments?post=1209"}],"wp:featuredmedia":[{"embeddable":true,"href":"https:\/\/duoclieukimlong.com\/en\/wp-json\/wp\/v2\/media\/1212"}],"wp:attachment":[{"href":"https:\/\/duoclieukimlong.com\/en\/wp-json\/wp\/v2\/media?parent=1209"}],"wp:term":[{"taxonomy":"product_cat","embeddable":true,"href":"https:\/\/duoclieukimlong.com\/en\/wp-json\/wp\/v2\/product_cat?post=1209"},{"taxonomy":"product_tag","embeddable":true,"href":"https:\/\/duoclieukimlong.com\/en\/wp-json\/wp\/v2\/product_tag?post=1209"}],"curies":[{"name":"wp","href":"https:\/\/api.w.org\/{rel}","templated":true}]}}