{"id":1215,"date":"2025-12-05T14:24:55","date_gmt":"2025-12-05T07:24:55","guid":{"rendered":"https:\/\/duoclieukimlong.123websitedev.com\/?post_type=product&#038;p=1215"},"modified":"2026-03-13T14:41:12","modified_gmt":"2026-03-13T07:41:12","slug":"cam-thao-bac-thai-lat","status":"publish","type":"product","link":"https:\/\/duoclieukimlong.com\/en\/cam-thao-bac-thai-lat\/","title":{"rendered":"Sliced Northern Licorice"},"content":{"rendered":"<p>Cam Th\u1ea3o B\u1eafc l\u00e0 v\u1ecb thu\u1ed1c th\u00f4ng d\u1ee5ng nh\u1ea5t trong \u0111\u00f4ng y v\u1edbi t\u00e1c d\u1ee5ng \u0111i\u1ec1u h\u00f2a c\u00e1c v\u1ecb thu\u1ed1c kh\u00e1c. S\u1ea3n ph\u1ea9m b\u00e1n s\u1ec9 c\u1ee7a ch\u00fang t\u00f4i \u0111\u01b0\u1ee3c tuy\u1ec3n ch\u1ecdn t\u1eeb nh\u1eefng r\u1ec5 cam th\u1ea3o gi\u00e0 tu\u1ed5i, \u0111\u1ea3m b\u1ea3o l\u01b0\u1ee3ng \u0111\u01b0\u1eddng v\u00e0 d\u01b0\u1ee3c ch\u1ea5t cao nh\u1ea5t. L\u00e1t c\u1eaft to b\u1ea3n, m\u00e0u v\u00e0ng nh\u1ea1t \u0111\u1eb9p m\u1eaft, r\u1ea5t \u00edt v\u1ee5n. S\u1ea3n ph\u1ea9m ph\u00f9 h\u1ee3p \u0111\u1ec3 ph\u00e2n ph\u1ed1i l\u1ea1i cho c\u00e1c ph\u00f2ng kh\u00e1m y h\u1ecdc c\u1ed5 truy\u1ec1n ho\u1eb7c c\u00e1c c\u00f4ng ty s\u1ea3n xu\u1ea5t n\u01b0\u1edbc gi\u1ea3i kh\u00e1t th\u1ea3o m\u1ed9c. B\u1ea3o qu\u1ea3n n\u01a1i kh\u00f4 tho\u00e1ng c\u00f3 th\u1ec3 \u0111\u1ec3 \u0111\u01b0\u1ee3c tr\u00ean 12 th\u00e1ng.<\/p>","protected":false},"excerpt":{"rendered":"<p>Cam th\u1ea3o \u0111\u00e3 \u0111\u01b0\u1ee3c c\u1ea1o s\u1ea1ch v\u1ecf, th\u00e1i l\u00e1t m\u1ecfng \u0111\u1ec1u \u0111\u1eb9p v\u00e0 s\u1ea5y kh\u00f4. M\u00f9i th\u01a1m \u0111\u1eb7c tr\u01b0ng, v\u1ecb ng\u1ecdt \u0111\u1eadm \u0111\u00e0, kh\u00f4ng b\u1ecb m\u1ed1c m\u1ecdt. D\u00f9ng l\u00e0m ch\u1ea5t d\u1eabn thu\u1ed1c, pha tr\u00e0 thanh nhi\u1ec7t ho\u1eb7c l\u00e0m nguy\u00ean li\u1ec7u ch\u1ebf bi\u1ebfn th\u1ef1c ph\u1ea9m<\/p>","protected":false},"featured_media":1211,"comment_status":"open","ping_status":"closed","template":"","meta":{"inline_featured_image":false},"product_cat":[173,156],"product_tag":[],"class_list":{"0":"post-1215","1":"product","2":"type-product","3":"status-publish","4":"has-post-thumbnail","6":"product_cat-benh-than-gout-theo-toa","7":"product_cat-thao-duoc","9":"first","10":"instock","11":"shipping-taxable","12":"purchasable","13":"product-type-simple"},"yoast_head":"<!-- This site is optimized with the Yoast SEO Premium plugin v20.9 (Yoast SEO v20.9) - https:\/\/yoast.com\/wordpress\/plugins\/seo\/ -->\n<title>Cam Th\u1ea3o B\u1eafc Th\u00e1i L\u00e1t - C\u1eeda h\u00e0ng D\u01b0\u1ee3c Li\u1ec7u Kim Long<\/title>\n<meta name=\"robots\" content=\"index, follow, max-snippet:-1, max-image-preview:large, max-video-preview:-1\" \/>\n<link rel=\"canonical\" href=\"https:\/\/duoclieukimlong.com\/en\/cam-thao-bac-thai-lat\/\" \/>\n<meta property=\"og:locale\" content=\"en_US\" \/>\n<meta property=\"og:type\" content=\"article\" \/>\n<meta property=\"og:title\" content=\"Cam Th\u1ea3o B\u1eafc Th\u00e1i L\u00e1t\" \/>\n<meta property=\"og:description\" content=\"Cam th\u1ea3o \u0111\u00e3 \u0111\u01b0\u1ee3c c\u1ea1o s\u1ea1ch v\u1ecf, th\u00e1i l\u00e1t m\u1ecfng \u0111\u1ec1u \u0111\u1eb9p v\u00e0 s\u1ea5y kh\u00f4. M\u00f9i th\u01a1m \u0111\u1eb7c tr\u01b0ng, v\u1ecb ng\u1ecdt \u0111\u1eadm \u0111\u00e0, kh\u00f4ng b\u1ecb m\u1ed1c m\u1ecdt. D\u00f9ng l\u00e0m ch\u1ea5t d\u1eabn thu\u1ed1c, pha tr\u00e0 thanh nhi\u1ec7t ho\u1eb7c l\u00e0m nguy\u00ean li\u1ec7u ch\u1ebf bi\u1ebfn th\u1ef1c ph\u1ea9m\" \/>\n<meta property=\"og:url\" content=\"https:\/\/duoclieukimlong.com\/en\/cam-thao-bac-thai-lat\/\" \/>\n<meta property=\"og:site_name\" content=\"C\u1eeda h\u00e0ng D\u01b0\u1ee3c Li\u1ec7u Kim Long\" \/>\n<meta property=\"article:modified_time\" content=\"2026-03-13T07:41:12+00:00\" \/>\n<meta property=\"og:image\" content=\"https:\/\/duoclieukimlong.com\/wp-content\/uploads\/2025\/12\/Cam-Thao-Bac-Thai-Lat-Gia.jpg\" \/>\n\t<meta property=\"og:image:width\" content=\"750\" \/>\n\t<meta property=\"og:image:height\" content=\"750\" \/>\n\t<meta property=\"og:image:type\" content=\"image\/jpeg\" \/>\n<meta name=\"twitter:card\" content=\"summary_large_image\" \/>\n<meta name=\"twitter:label1\" content=\"Est. reading time\" \/>\n\t<meta name=\"twitter:data1\" content=\"1 minute\" \/>\n<script type=\"application\/ld+json\" class=\"yoast-schema-graph\">{\"@context\":\"https:\/\/schema.org\",\"@graph\":[{\"@type\":\"WebPage\",\"@id\":\"https:\/\/duoclieukimlong.com\/cam-thao-bac-thai-lat\/\",\"url\":\"https:\/\/duoclieukimlong.com\/cam-thao-bac-thai-lat\/\",\"name\":\"Cam Th\u1ea3o B\u1eafc Th\u00e1i L\u00e1t - C\u1eeda h\u00e0ng D\u01b0\u1ee3c Li\u1ec7u Kim Long\",\"isPartOf\":{\"@id\":\"https:\/\/duoclieukimlong.com\/#website\"},\"datePublished\":\"2025-12-05T07:24:55+00:00\",\"dateModified\":\"2026-03-13T07:41:12+00:00\",\"breadcrumb\":{\"@id\":\"https:\/\/duoclieukimlong.com\/cam-thao-bac-thai-lat\/#breadcrumb\"},\"inLanguage\":\"en-US\",\"potentialAction\":[{\"@type\":\"ReadAction\",\"target\":[\"https:\/\/duoclieukimlong.com\/cam-thao-bac-thai-lat\/\"]}]},{\"@type\":\"BreadcrumbList\",\"@id\":\"https:\/\/duoclieukimlong.com\/cam-thao-bac-thai-lat\/#breadcrumb\",\"itemListElement\":[{\"@type\":\"ListItem\",\"position\":1,\"name\":\"Trang ch\u1ee7\",\"item\":\"https:\/\/duoclieukimlong.com\/\"},{\"@type\":\"ListItem\",\"position\":2,\"name\":\"S\u1ea3n ph\u1ea9m\",\"item\":\"https:\/\/duoclieukimlong.com\/shop\/\"},{\"@type\":\"ListItem\",\"position\":3,\"name\":\"Cam Th\u1ea3o B\u1eafc Th\u00e1i L\u00e1t\"}]},{\"@type\":\"WebSite\",\"@id\":\"https:\/\/duoclieukimlong.com\/#website\",\"url\":\"https:\/\/duoclieukimlong.com\/\",\"name\":\"C\u1eeda h\u00e0ng D\u01b0\u1ee3c Li\u1ec7u Kim Long\",\"description\":\"\",\"potentialAction\":[{\"@type\":\"SearchAction\",\"target\":{\"@type\":\"EntryPoint\",\"urlTemplate\":\"https:\/\/duoclieukimlong.com\/?s={search_term_string}\"},\"query-input\":\"required name=search_term_string\"}],\"inLanguage\":\"en-US\"}]}<\/script>\n<!-- \/ Yoast SEO Premium plugin. -->","yoast_head_json":{"title":"Cam Th\u1ea3o B\u1eafc Th\u00e1i L\u00e1t - C\u1eeda h\u00e0ng D\u01b0\u1ee3c Li\u1ec7u Kim Long","robots":{"index":"index","follow":"follow","max-snippet":"max-snippet:-1","max-image-preview":"max-image-preview:large","max-video-preview":"max-video-preview:-1"},"canonical":"https:\/\/duoclieukimlong.com\/en\/cam-thao-bac-thai-lat\/","og_locale":"en_US","og_type":"article","og_title":"Cam Th\u1ea3o B\u1eafc Th\u00e1i L\u00e1t","og_description":"Cam th\u1ea3o \u0111\u00e3 \u0111\u01b0\u1ee3c c\u1ea1o s\u1ea1ch v\u1ecf, th\u00e1i l\u00e1t m\u1ecfng \u0111\u1ec1u \u0111\u1eb9p v\u00e0 s\u1ea5y kh\u00f4. M\u00f9i th\u01a1m \u0111\u1eb7c tr\u01b0ng, v\u1ecb ng\u1ecdt \u0111\u1eadm \u0111\u00e0, kh\u00f4ng b\u1ecb m\u1ed1c m\u1ecdt. D\u00f9ng l\u00e0m ch\u1ea5t d\u1eabn thu\u1ed1c, pha tr\u00e0 thanh nhi\u1ec7t ho\u1eb7c l\u00e0m nguy\u00ean li\u1ec7u ch\u1ebf bi\u1ebfn th\u1ef1c ph\u1ea9m","og_url":"https:\/\/duoclieukimlong.com\/en\/cam-thao-bac-thai-lat\/","og_site_name":"C\u1eeda h\u00e0ng D\u01b0\u1ee3c Li\u1ec7u Kim Long","article_modified_time":"2026-03-13T07:41:12+00:00","og_image":[{"width":750,"height":750,"url":"https:\/\/duoclieukimlong.com\/wp-content\/uploads\/2025\/12\/Cam-Thao-Bac-Thai-Lat-Gia.jpg","type":"image\/jpeg"}],"twitter_card":"summary_large_image","twitter_misc":{"Est. reading time":"1 minute"},"schema":{"@context":"https:\/\/schema.org","@graph":[{"@type":"WebPage","@id":"https:\/\/duoclieukimlong.com\/cam-thao-bac-thai-lat\/","url":"https:\/\/duoclieukimlong.com\/cam-thao-bac-thai-lat\/","name":"Cam Th\u1ea3o B\u1eafc Th\u00e1i L\u00e1t - C\u1eeda h\u00e0ng D\u01b0\u1ee3c Li\u1ec7u Kim Long","isPartOf":{"@id":"https:\/\/duoclieukimlong.com\/#website"},"datePublished":"2025-12-05T07:24:55+00:00","dateModified":"2026-03-13T07:41:12+00:00","breadcrumb":{"@id":"https:\/\/duoclieukimlong.com\/cam-thao-bac-thai-lat\/#breadcrumb"},"inLanguage":"en-US","potentialAction":[{"@type":"ReadAction","target":["https:\/\/duoclieukimlong.com\/cam-thao-bac-thai-lat\/"]}]},{"@type":"BreadcrumbList","@id":"https:\/\/duoclieukimlong.com\/cam-thao-bac-thai-lat\/#breadcrumb","itemListElement":[{"@type":"ListItem","position":1,"name":"Trang ch\u1ee7","item":"https:\/\/duoclieukimlong.com\/"},{"@type":"ListItem","position":2,"name":"S\u1ea3n ph\u1ea9m","item":"https:\/\/duoclieukimlong.com\/shop\/"},{"@type":"ListItem","position":3,"name":"Cam Th\u1ea3o B\u1eafc Th\u00e1i L\u00e1t"}]},{"@type":"WebSite","@id":"https:\/\/duoclieukimlong.com\/#website","url":"https:\/\/duoclieukimlong.com\/","name":"C\u1eeda h\u00e0ng D\u01b0\u1ee3c Li\u1ec7u Kim Long","description":"","potentialAction":[{"@type":"SearchAction","target":{"@type":"EntryPoint","urlTemplate":"https:\/\/duoclieukimlong.com\/?s={search_term_string}"},"query-input":"required name=search_term_string"}],"inLanguage":"en-US"}]}},"_links":{"self":[{"href":"https:\/\/duoclieukimlong.com\/en\/wp-json\/wp\/v2\/product\/1215"}],"collection":[{"href":"https:\/\/duoclieukimlong.com\/en\/wp-json\/wp\/v2\/product"}],"about":[{"href":"https:\/\/duoclieukimlong.com\/en\/wp-json\/wp\/v2\/types\/product"}],"replies":[{"embeddable":true,"href":"https:\/\/duoclieukimlong.com\/en\/wp-json\/wp\/v2\/comments?post=1215"}],"wp:featuredmedia":[{"embeddable":true,"href":"https:\/\/duoclieukimlong.com\/en\/wp-json\/wp\/v2\/media\/1211"}],"wp:attachment":[{"href":"https:\/\/duoclieukimlong.com\/en\/wp-json\/wp\/v2\/media?parent=1215"}],"wp:term":[{"taxonomy":"product_cat","embeddable":true,"href":"https:\/\/duoclieukimlong.com\/en\/wp-json\/wp\/v2\/product_cat?post=1215"},{"taxonomy":"product_tag","embeddable":true,"href":"https:\/\/duoclieukimlong.com\/en\/wp-json\/wp\/v2\/product_tag?post=1215"}],"curies":[{"name":"wp","href":"https:\/\/api.w.org\/{rel}","templated":true}]}}