{"id":1216,"date":"2025-12-05T14:26:05","date_gmt":"2025-12-05T07:26:05","guid":{"rendered":"https:\/\/duoclieukimlong.123websitedev.com\/?post_type=product&#038;p=1216"},"modified":"2026-03-13T14:41:11","modified_gmt":"2026-03-13T07:41:11","slug":"bong-cuc-chi-hung-yen-say-lanh","status":"publish","type":"product","link":"https:\/\/duoclieukimlong.com\/en\/bong-cuc-chi-hung-yen-say-lanh\/","title":{"rendered":"Freeze-dried Chrysanthemum Flowers from Hung Yen"},"content":{"rendered":"<p>Kh\u00e1c v\u1edbi c\u00fac s\u1ea5y di\u00eam sinh gi\u00e1 r\u1ebb tr\u00ean th\u1ecb tr\u01b0\u1eddng, C\u00fac Chi H\u01b0ng Y\u00ean h\u00e0ng s\u1ea5y l\u1ea1nh gi\u1eef \u0111\u01b0\u1ee3c 95% m\u00e0u s\u1eafc v\u00e0 h\u01b0\u01a1ng v\u1ecb nh\u01b0 hoa t\u01b0\u01a1i. \u0110\u00e2y l\u00e0 d\u00f2ng d\u01b0\u1ee3c li\u1ec7u cao c\u1ea5p th\u01b0\u1eddng \u0111\u01b0\u1ee3c c\u00e1c spa, qu\u00e1n tr\u00e0 \u0111\u1ea1o v\u00e0 \u0111\u01a1n v\u1ecb qu\u00e0 t\u1eb7ng tin d\u00f9ng. C\u00f4ng d\u1ee5ng ch\u00ednh gi\u00fap thanh nhi\u1ec7t, gi\u1ea3i \u0111\u1ed9c gan, l\u00e0m s\u00e1ng m\u1eaft v\u00e0 an th\u1ea7n. V\u1edbi kh\u00e1ch mua s\u1ec9, ch\u00fang t\u00f4i \u0111\u00f3ng g\u00f3i t\u00fai zip b\u1ea1c h\u00fat ch\u00e2n kh\u00f4ng 1kg \u0111\u1ec3 \u0111\u1ea3m b\u1ea3o hoa kh\u00f4ng b\u1ecb n\u00e1t trong qu\u00e1 tr\u00ecnh v\u1eadn chuy\u1ec3n \u0111i xa.<\/p>","protected":false},"excerpt":{"rendered":"<p>Lo\u1ea1i c\u00fac ti\u1ebfn vua b\u00f4ng nh\u1ecf, m\u00e0u v\u00e0ng ngh\u1ec7, \u0111\u01b0\u1ee3c s\u1ea5y l\u1ea1nh \u0111\u1ec3 gi\u1eef nguy\u00ean h\u00ecnh d\u00e1ng v\u00e0 h\u01b0\u01a1ng th\u01a1m. B\u00f4ng c\u00fac s\u1ea1ch, kh\u00f4ng l\u1eabn cu\u1ed1ng l\u00e1, pha n\u01b0\u1edbc m\u00e0u v\u00e0ng chanh trong v\u1eaft. Chuy\u00ean d\u00f9ng l\u00e0m tr\u00e0 hoa cao c\u1ea5p.<\/p>","protected":false},"featured_media":1210,"comment_status":"open","ping_status":"closed","template":"","meta":{"inline_featured_image":false},"product_cat":[173,156],"product_tag":[],"class_list":{"0":"post-1216","1":"product","2":"type-product","3":"status-publish","4":"has-post-thumbnail","6":"product_cat-benh-than-gout-theo-toa","7":"product_cat-thao-duoc","9":"first","10":"instock","11":"shipping-taxable","12":"purchasable","13":"product-type-simple"},"yoast_head":"<!-- This site is optimized with the Yoast SEO Premium plugin v20.9 (Yoast SEO v20.9) - https:\/\/yoast.com\/wordpress\/plugins\/seo\/ -->\n<title>B\u00f4ng C\u00fac Chi H\u01b0ng Y\u00ean S\u1ea5y L\u1ea1nh - C\u1eeda h\u00e0ng D\u01b0\u1ee3c Li\u1ec7u Kim Long<\/title>\n<meta name=\"robots\" content=\"index, follow, max-snippet:-1, max-image-preview:large, max-video-preview:-1\" \/>\n<link rel=\"canonical\" href=\"https:\/\/duoclieukimlong.com\/en\/bong-cuc-chi-hung-yen-say-lanh\/\" \/>\n<meta property=\"og:locale\" content=\"en_US\" \/>\n<meta property=\"og:type\" content=\"article\" \/>\n<meta property=\"og:title\" content=\"B\u00f4ng C\u00fac Chi H\u01b0ng Y\u00ean S\u1ea5y L\u1ea1nh\" \/>\n<meta property=\"og:description\" content=\"Lo\u1ea1i c\u00fac ti\u1ebfn vua b\u00f4ng nh\u1ecf, m\u00e0u v\u00e0ng ngh\u1ec7, \u0111\u01b0\u1ee3c s\u1ea5y l\u1ea1nh \u0111\u1ec3 gi\u1eef nguy\u00ean h\u00ecnh d\u00e1ng v\u00e0 h\u01b0\u01a1ng th\u01a1m. B\u00f4ng c\u00fac s\u1ea1ch, kh\u00f4ng l\u1eabn cu\u1ed1ng l\u00e1, pha n\u01b0\u1edbc m\u00e0u v\u00e0ng chanh trong v\u1eaft. Chuy\u00ean d\u00f9ng l\u00e0m tr\u00e0 hoa cao c\u1ea5p.\" \/>\n<meta property=\"og:url\" content=\"https:\/\/duoclieukimlong.com\/en\/bong-cuc-chi-hung-yen-say-lanh\/\" \/>\n<meta property=\"og:site_name\" content=\"C\u1eeda h\u00e0ng D\u01b0\u1ee3c Li\u1ec7u Kim Long\" \/>\n<meta property=\"article:modified_time\" content=\"2026-03-13T07:41:11+00:00\" \/>\n<meta property=\"og:image\" content=\"https:\/\/duoclieukimlong.com\/wp-content\/uploads\/2025\/12\/bongcuc.jpg\" \/>\n\t<meta property=\"og:image:width\" content=\"400\" \/>\n\t<meta property=\"og:image:height\" content=\"400\" \/>\n\t<meta property=\"og:image:type\" content=\"image\/jpeg\" \/>\n<meta name=\"twitter:card\" content=\"summary_large_image\" \/>\n<meta name=\"twitter:label1\" content=\"Est. reading time\" \/>\n\t<meta name=\"twitter:data1\" content=\"1 minute\" \/>\n<script type=\"application\/ld+json\" class=\"yoast-schema-graph\">{\"@context\":\"https:\/\/schema.org\",\"@graph\":[{\"@type\":\"WebPage\",\"@id\":\"https:\/\/duoclieukimlong.com\/bong-cuc-chi-hung-yen-say-lanh\/\",\"url\":\"https:\/\/duoclieukimlong.com\/bong-cuc-chi-hung-yen-say-lanh\/\",\"name\":\"B\u00f4ng C\u00fac Chi H\u01b0ng Y\u00ean S\u1ea5y L\u1ea1nh - C\u1eeda h\u00e0ng D\u01b0\u1ee3c Li\u1ec7u Kim Long\",\"isPartOf\":{\"@id\":\"https:\/\/duoclieukimlong.com\/#website\"},\"datePublished\":\"2025-12-05T07:26:05+00:00\",\"dateModified\":\"2026-03-13T07:41:11+00:00\",\"breadcrumb\":{\"@id\":\"https:\/\/duoclieukimlong.com\/bong-cuc-chi-hung-yen-say-lanh\/#breadcrumb\"},\"inLanguage\":\"en-US\",\"potentialAction\":[{\"@type\":\"ReadAction\",\"target\":[\"https:\/\/duoclieukimlong.com\/bong-cuc-chi-hung-yen-say-lanh\/\"]}]},{\"@type\":\"BreadcrumbList\",\"@id\":\"https:\/\/duoclieukimlong.com\/bong-cuc-chi-hung-yen-say-lanh\/#breadcrumb\",\"itemListElement\":[{\"@type\":\"ListItem\",\"position\":1,\"name\":\"Trang ch\u1ee7\",\"item\":\"https:\/\/duoclieukimlong.com\/\"},{\"@type\":\"ListItem\",\"position\":2,\"name\":\"S\u1ea3n ph\u1ea9m\",\"item\":\"https:\/\/duoclieukimlong.com\/shop\/\"},{\"@type\":\"ListItem\",\"position\":3,\"name\":\"B\u00f4ng C\u00fac Chi H\u01b0ng Y\u00ean S\u1ea5y L\u1ea1nh\"}]},{\"@type\":\"WebSite\",\"@id\":\"https:\/\/duoclieukimlong.com\/#website\",\"url\":\"https:\/\/duoclieukimlong.com\/\",\"name\":\"C\u1eeda h\u00e0ng D\u01b0\u1ee3c Li\u1ec7u Kim Long\",\"description\":\"\",\"potentialAction\":[{\"@type\":\"SearchAction\",\"target\":{\"@type\":\"EntryPoint\",\"urlTemplate\":\"https:\/\/duoclieukimlong.com\/?s={search_term_string}\"},\"query-input\":\"required name=search_term_string\"}],\"inLanguage\":\"en-US\"}]}<\/script>\n<!-- \/ Yoast SEO Premium plugin. -->","yoast_head_json":{"title":"B\u00f4ng C\u00fac Chi H\u01b0ng Y\u00ean S\u1ea5y L\u1ea1nh - C\u1eeda h\u00e0ng D\u01b0\u1ee3c Li\u1ec7u Kim Long","robots":{"index":"index","follow":"follow","max-snippet":"max-snippet:-1","max-image-preview":"max-image-preview:large","max-video-preview":"max-video-preview:-1"},"canonical":"https:\/\/duoclieukimlong.com\/en\/bong-cuc-chi-hung-yen-say-lanh\/","og_locale":"en_US","og_type":"article","og_title":"B\u00f4ng C\u00fac Chi H\u01b0ng Y\u00ean S\u1ea5y L\u1ea1nh","og_description":"Lo\u1ea1i c\u00fac ti\u1ebfn vua b\u00f4ng nh\u1ecf, m\u00e0u v\u00e0ng ngh\u1ec7, \u0111\u01b0\u1ee3c s\u1ea5y l\u1ea1nh \u0111\u1ec3 gi\u1eef nguy\u00ean h\u00ecnh d\u00e1ng v\u00e0 h\u01b0\u01a1ng th\u01a1m. B\u00f4ng c\u00fac s\u1ea1ch, kh\u00f4ng l\u1eabn cu\u1ed1ng l\u00e1, pha n\u01b0\u1edbc m\u00e0u v\u00e0ng chanh trong v\u1eaft. Chuy\u00ean d\u00f9ng l\u00e0m tr\u00e0 hoa cao c\u1ea5p.","og_url":"https:\/\/duoclieukimlong.com\/en\/bong-cuc-chi-hung-yen-say-lanh\/","og_site_name":"C\u1eeda h\u00e0ng D\u01b0\u1ee3c Li\u1ec7u Kim Long","article_modified_time":"2026-03-13T07:41:11+00:00","og_image":[{"width":400,"height":400,"url":"https:\/\/duoclieukimlong.com\/wp-content\/uploads\/2025\/12\/bongcuc.jpg","type":"image\/jpeg"}],"twitter_card":"summary_large_image","twitter_misc":{"Est. reading time":"1 minute"},"schema":{"@context":"https:\/\/schema.org","@graph":[{"@type":"WebPage","@id":"https:\/\/duoclieukimlong.com\/bong-cuc-chi-hung-yen-say-lanh\/","url":"https:\/\/duoclieukimlong.com\/bong-cuc-chi-hung-yen-say-lanh\/","name":"B\u00f4ng C\u00fac Chi H\u01b0ng Y\u00ean S\u1ea5y L\u1ea1nh - C\u1eeda h\u00e0ng D\u01b0\u1ee3c Li\u1ec7u Kim Long","isPartOf":{"@id":"https:\/\/duoclieukimlong.com\/#website"},"datePublished":"2025-12-05T07:26:05+00:00","dateModified":"2026-03-13T07:41:11+00:00","breadcrumb":{"@id":"https:\/\/duoclieukimlong.com\/bong-cuc-chi-hung-yen-say-lanh\/#breadcrumb"},"inLanguage":"en-US","potentialAction":[{"@type":"ReadAction","target":["https:\/\/duoclieukimlong.com\/bong-cuc-chi-hung-yen-say-lanh\/"]}]},{"@type":"BreadcrumbList","@id":"https:\/\/duoclieukimlong.com\/bong-cuc-chi-hung-yen-say-lanh\/#breadcrumb","itemListElement":[{"@type":"ListItem","position":1,"name":"Trang ch\u1ee7","item":"https:\/\/duoclieukimlong.com\/"},{"@type":"ListItem","position":2,"name":"S\u1ea3n ph\u1ea9m","item":"https:\/\/duoclieukimlong.com\/shop\/"},{"@type":"ListItem","position":3,"name":"B\u00f4ng C\u00fac Chi H\u01b0ng Y\u00ean S\u1ea5y L\u1ea1nh"}]},{"@type":"WebSite","@id":"https:\/\/duoclieukimlong.com\/#website","url":"https:\/\/duoclieukimlong.com\/","name":"C\u1eeda h\u00e0ng D\u01b0\u1ee3c Li\u1ec7u Kim Long","description":"","potentialAction":[{"@type":"SearchAction","target":{"@type":"EntryPoint","urlTemplate":"https:\/\/duoclieukimlong.com\/?s={search_term_string}"},"query-input":"required name=search_term_string"}],"inLanguage":"en-US"}]}},"_links":{"self":[{"href":"https:\/\/duoclieukimlong.com\/en\/wp-json\/wp\/v2\/product\/1216"}],"collection":[{"href":"https:\/\/duoclieukimlong.com\/en\/wp-json\/wp\/v2\/product"}],"about":[{"href":"https:\/\/duoclieukimlong.com\/en\/wp-json\/wp\/v2\/types\/product"}],"replies":[{"embeddable":true,"href":"https:\/\/duoclieukimlong.com\/en\/wp-json\/wp\/v2\/comments?post=1216"}],"wp:featuredmedia":[{"embeddable":true,"href":"https:\/\/duoclieukimlong.com\/en\/wp-json\/wp\/v2\/media\/1210"}],"wp:attachment":[{"href":"https:\/\/duoclieukimlong.com\/en\/wp-json\/wp\/v2\/media?parent=1216"}],"wp:term":[{"taxonomy":"product_cat","embeddable":true,"href":"https:\/\/duoclieukimlong.com\/en\/wp-json\/wp\/v2\/product_cat?post=1216"},{"taxonomy":"product_tag","embeddable":true,"href":"https:\/\/duoclieukimlong.com\/en\/wp-json\/wp\/v2\/product_tag?post=1216"}],"curies":[{"name":"wp","href":"https:\/\/api.w.org\/{rel}","templated":true}]}}