{"id":1217,"date":"2025-12-05T14:26:54","date_gmt":"2025-12-05T07:26:54","guid":{"rendered":"https:\/\/duoclieukimlong.123websitedev.com\/?post_type=product&#038;p=1217"},"modified":"2026-03-13T14:40:43","modified_gmt":"2026-03-13T07:40:43","slug":"duong-quy-cu-kho-thai-lat","status":"publish","type":"product","link":"https:\/\/duoclieukimlong.com\/en\/duong-quy-cu-kho-thai-lat\/","title":{"rendered":"Dried Angelica Root Sliced"},"content":{"rendered":"<p>\u0110\u01b0\u01a1ng Quy \u0111\u01b0\u1ee3c m\u1ec7nh danh l\u00e0 nh\u00e2n s\u00e2m d\u00e0nh cho ph\u1ee5 n\u1eef. S\u1ea3n ph\u1ea9m b\u00e1n s\u1ec9 l\u00e0 lo\u1ea1i \u0111\u01b0\u01a1ng quy th\u00e2n v\u00e0 r\u1ec5 c\u00e1i, lo\u1ea1i b\u1ecf r\u1ec5 con, \u0111\u1ea3m b\u1ea3o l\u00e1t c\u1eaft ch\u1eafc th\u1ecbt v\u00e0 gi\u00e0u tinh d\u1ea7u. \u0110\u00e2y l\u00e0 nguy\u00ean li\u1ec7u \u0111\u1ea7u v\u00e0o quan tr\u1ecdng cho c\u00e1c nh\u00e0 m\u00e1y s\u1ea3n xu\u1ea5t th\u1ef1c ph\u1ea9m ch\u1ee9c n\u0103ng ho\u1eb7c c\u00e1c c\u01a1 s\u1edf ng\u00e2m r\u01b0\u1ee3u thu\u1ed1c. H\u00e0ng lu\u00f4n c\u00f3 s\u1eb5n s\u1ed1 l\u01b0\u1ee3ng l\u1edbn, cam k\u1ebft kh\u00f4ng d\u00f9ng ch\u1ea5t b\u1ea3o qu\u1ea3n ch\u1ed1ng m\u1ed1c, \u0111\u1ed9 \u1ea9m \u0111\u1ea1t chu\u1ea9n xu\u1ea5t kh\u1ea9u.<\/p>","protected":false},"excerpt":{"rendered":"<p>\u0110\u01b0\u01a1ng quy tr\u1ed3ng t\u1ea1i v\u00f9ng d\u01b0\u1ee3c li\u1ec7u s\u1ea1ch, c\u1ee7 to gi\u00e0, m\u00f9i th\u01a1m n\u1ed3ng n\u00e0n. \u0110\u00e3 \u0111\u01b0\u1ee3c r\u1eeda s\u1ea1ch \u0111\u1ea5t c\u00e1t v\u00e0 th\u00e1i l\u00e1t s\u1ea5y kh\u00f4 ti\u1ec7n d\u1ee5ng. V\u1ecb ng\u1ecdt cay, t\u00ednh \u1ea5m, chuy\u00ean b\u1ed5 m\u00e1u v\u00e0 ho\u1ea1t huy\u1ebft.<\/p>","protected":false},"featured_media":1213,"comment_status":"open","ping_status":"closed","template":"","meta":{"inline_featured_image":false},"product_cat":[172,156],"product_tag":[],"class_list":{"0":"post-1217","1":"product","2":"type-product","3":"status-publish","4":"has-post-thumbnail","6":"product_cat-benh-gan-ty-vi-theo-toa","7":"product_cat-thao-duoc","9":"first","10":"instock","11":"shipping-taxable","12":"purchasable","13":"product-type-simple"},"yoast_head":"<!-- This site is optimized with the Yoast SEO Premium plugin v20.9 (Yoast SEO v20.9) - https:\/\/yoast.com\/wordpress\/plugins\/seo\/ -->\n<title>\u0110\u01b0\u01a1ng Quy C\u1ee7 Kh\u00f4 Th\u00e1i L\u00e1t - C\u1eeda h\u00e0ng D\u01b0\u1ee3c Li\u1ec7u Kim Long<\/title>\n<meta name=\"robots\" content=\"index, follow, max-snippet:-1, max-image-preview:large, max-video-preview:-1\" \/>\n<link rel=\"canonical\" href=\"https:\/\/duoclieukimlong.com\/en\/duong-quy-cu-kho-thai-lat\/\" \/>\n<meta property=\"og:locale\" content=\"en_US\" \/>\n<meta property=\"og:type\" content=\"article\" \/>\n<meta property=\"og:title\" content=\"\u0110\u01b0\u01a1ng Quy C\u1ee7 Kh\u00f4 Th\u00e1i L\u00e1t\" \/>\n<meta property=\"og:description\" content=\"\u0110\u01b0\u01a1ng quy tr\u1ed3ng t\u1ea1i v\u00f9ng d\u01b0\u1ee3c li\u1ec7u s\u1ea1ch, c\u1ee7 to gi\u00e0, m\u00f9i th\u01a1m n\u1ed3ng n\u00e0n. \u0110\u00e3 \u0111\u01b0\u1ee3c r\u1eeda s\u1ea1ch \u0111\u1ea5t c\u00e1t v\u00e0 th\u00e1i l\u00e1t s\u1ea5y kh\u00f4 ti\u1ec7n d\u1ee5ng. V\u1ecb ng\u1ecdt cay, t\u00ednh \u1ea5m, chuy\u00ean b\u1ed5 m\u00e1u v\u00e0 ho\u1ea1t huy\u1ebft.\" \/>\n<meta property=\"og:url\" content=\"https:\/\/duoclieukimlong.com\/en\/duong-quy-cu-kho-thai-lat\/\" \/>\n<meta property=\"og:site_name\" content=\"C\u1eeda h\u00e0ng D\u01b0\u1ee3c Li\u1ec7u Kim Long\" \/>\n<meta property=\"article:modified_time\" content=\"2026-03-13T07:40:43+00:00\" \/>\n<meta property=\"og:image\" content=\"https:\/\/duoclieukimlong.com\/wp-content\/uploads\/2025\/12\/duoDuong-Quy-Cu-Kho-Thai-Lat.jpg\" \/>\n\t<meta property=\"og:image:width\" content=\"612\" \/>\n\t<meta property=\"og:image:height\" content=\"429\" \/>\n\t<meta property=\"og:image:type\" content=\"image\/jpeg\" \/>\n<meta name=\"twitter:card\" content=\"summary_large_image\" \/>\n<meta name=\"twitter:label1\" content=\"Est. reading time\" \/>\n\t<meta name=\"twitter:data1\" content=\"1 minute\" \/>\n<script type=\"application\/ld+json\" class=\"yoast-schema-graph\">{\"@context\":\"https:\/\/schema.org\",\"@graph\":[{\"@type\":\"WebPage\",\"@id\":\"https:\/\/duoclieukimlong.com\/duong-quy-cu-kho-thai-lat\/\",\"url\":\"https:\/\/duoclieukimlong.com\/duong-quy-cu-kho-thai-lat\/\",\"name\":\"\u0110\u01b0\u01a1ng Quy C\u1ee7 Kh\u00f4 Th\u00e1i L\u00e1t - C\u1eeda h\u00e0ng D\u01b0\u1ee3c Li\u1ec7u Kim Long\",\"isPartOf\":{\"@id\":\"https:\/\/duoclieukimlong.com\/#website\"},\"datePublished\":\"2025-12-05T07:26:54+00:00\",\"dateModified\":\"2026-03-13T07:40:43+00:00\",\"breadcrumb\":{\"@id\":\"https:\/\/duoclieukimlong.com\/duong-quy-cu-kho-thai-lat\/#breadcrumb\"},\"inLanguage\":\"en-US\",\"potentialAction\":[{\"@type\":\"ReadAction\",\"target\":[\"https:\/\/duoclieukimlong.com\/duong-quy-cu-kho-thai-lat\/\"]}]},{\"@type\":\"BreadcrumbList\",\"@id\":\"https:\/\/duoclieukimlong.com\/duong-quy-cu-kho-thai-lat\/#breadcrumb\",\"itemListElement\":[{\"@type\":\"ListItem\",\"position\":1,\"name\":\"Trang ch\u1ee7\",\"item\":\"https:\/\/duoclieukimlong.com\/\"},{\"@type\":\"ListItem\",\"position\":2,\"name\":\"S\u1ea3n ph\u1ea9m\",\"item\":\"https:\/\/duoclieukimlong.com\/shop\/\"},{\"@type\":\"ListItem\",\"position\":3,\"name\":\"\u0110\u01b0\u01a1ng Quy C\u1ee7 Kh\u00f4 Th\u00e1i L\u00e1t\"}]},{\"@type\":\"WebSite\",\"@id\":\"https:\/\/duoclieukimlong.com\/#website\",\"url\":\"https:\/\/duoclieukimlong.com\/\",\"name\":\"C\u1eeda h\u00e0ng D\u01b0\u1ee3c Li\u1ec7u Kim Long\",\"description\":\"\",\"potentialAction\":[{\"@type\":\"SearchAction\",\"target\":{\"@type\":\"EntryPoint\",\"urlTemplate\":\"https:\/\/duoclieukimlong.com\/?s={search_term_string}\"},\"query-input\":\"required name=search_term_string\"}],\"inLanguage\":\"en-US\"}]}<\/script>\n<!-- \/ Yoast SEO Premium plugin. -->","yoast_head_json":{"title":"\u0110\u01b0\u01a1ng Quy C\u1ee7 Kh\u00f4 Th\u00e1i L\u00e1t - C\u1eeda h\u00e0ng D\u01b0\u1ee3c Li\u1ec7u Kim Long","robots":{"index":"index","follow":"follow","max-snippet":"max-snippet:-1","max-image-preview":"max-image-preview:large","max-video-preview":"max-video-preview:-1"},"canonical":"https:\/\/duoclieukimlong.com\/en\/duong-quy-cu-kho-thai-lat\/","og_locale":"en_US","og_type":"article","og_title":"\u0110\u01b0\u01a1ng Quy C\u1ee7 Kh\u00f4 Th\u00e1i L\u00e1t","og_description":"\u0110\u01b0\u01a1ng quy tr\u1ed3ng t\u1ea1i v\u00f9ng d\u01b0\u1ee3c li\u1ec7u s\u1ea1ch, c\u1ee7 to gi\u00e0, m\u00f9i th\u01a1m n\u1ed3ng n\u00e0n. \u0110\u00e3 \u0111\u01b0\u1ee3c r\u1eeda s\u1ea1ch \u0111\u1ea5t c\u00e1t v\u00e0 th\u00e1i l\u00e1t s\u1ea5y kh\u00f4 ti\u1ec7n d\u1ee5ng. V\u1ecb ng\u1ecdt cay, t\u00ednh \u1ea5m, chuy\u00ean b\u1ed5 m\u00e1u v\u00e0 ho\u1ea1t huy\u1ebft.","og_url":"https:\/\/duoclieukimlong.com\/en\/duong-quy-cu-kho-thai-lat\/","og_site_name":"C\u1eeda h\u00e0ng D\u01b0\u1ee3c Li\u1ec7u Kim Long","article_modified_time":"2026-03-13T07:40:43+00:00","og_image":[{"width":612,"height":429,"url":"https:\/\/duoclieukimlong.com\/wp-content\/uploads\/2025\/12\/duoDuong-Quy-Cu-Kho-Thai-Lat.jpg","type":"image\/jpeg"}],"twitter_card":"summary_large_image","twitter_misc":{"Est. reading time":"1 minute"},"schema":{"@context":"https:\/\/schema.org","@graph":[{"@type":"WebPage","@id":"https:\/\/duoclieukimlong.com\/duong-quy-cu-kho-thai-lat\/","url":"https:\/\/duoclieukimlong.com\/duong-quy-cu-kho-thai-lat\/","name":"\u0110\u01b0\u01a1ng Quy C\u1ee7 Kh\u00f4 Th\u00e1i L\u00e1t - C\u1eeda h\u00e0ng D\u01b0\u1ee3c Li\u1ec7u Kim Long","isPartOf":{"@id":"https:\/\/duoclieukimlong.com\/#website"},"datePublished":"2025-12-05T07:26:54+00:00","dateModified":"2026-03-13T07:40:43+00:00","breadcrumb":{"@id":"https:\/\/duoclieukimlong.com\/duong-quy-cu-kho-thai-lat\/#breadcrumb"},"inLanguage":"en-US","potentialAction":[{"@type":"ReadAction","target":["https:\/\/duoclieukimlong.com\/duong-quy-cu-kho-thai-lat\/"]}]},{"@type":"BreadcrumbList","@id":"https:\/\/duoclieukimlong.com\/duong-quy-cu-kho-thai-lat\/#breadcrumb","itemListElement":[{"@type":"ListItem","position":1,"name":"Trang ch\u1ee7","item":"https:\/\/duoclieukimlong.com\/"},{"@type":"ListItem","position":2,"name":"S\u1ea3n ph\u1ea9m","item":"https:\/\/duoclieukimlong.com\/shop\/"},{"@type":"ListItem","position":3,"name":"\u0110\u01b0\u01a1ng Quy C\u1ee7 Kh\u00f4 Th\u00e1i L\u00e1t"}]},{"@type":"WebSite","@id":"https:\/\/duoclieukimlong.com\/#website","url":"https:\/\/duoclieukimlong.com\/","name":"C\u1eeda h\u00e0ng D\u01b0\u1ee3c Li\u1ec7u Kim Long","description":"","potentialAction":[{"@type":"SearchAction","target":{"@type":"EntryPoint","urlTemplate":"https:\/\/duoclieukimlong.com\/?s={search_term_string}"},"query-input":"required name=search_term_string"}],"inLanguage":"en-US"}]}},"_links":{"self":[{"href":"https:\/\/duoclieukimlong.com\/en\/wp-json\/wp\/v2\/product\/1217"}],"collection":[{"href":"https:\/\/duoclieukimlong.com\/en\/wp-json\/wp\/v2\/product"}],"about":[{"href":"https:\/\/duoclieukimlong.com\/en\/wp-json\/wp\/v2\/types\/product"}],"replies":[{"embeddable":true,"href":"https:\/\/duoclieukimlong.com\/en\/wp-json\/wp\/v2\/comments?post=1217"}],"wp:featuredmedia":[{"embeddable":true,"href":"https:\/\/duoclieukimlong.com\/en\/wp-json\/wp\/v2\/media\/1213"}],"wp:attachment":[{"href":"https:\/\/duoclieukimlong.com\/en\/wp-json\/wp\/v2\/media?parent=1217"}],"wp:term":[{"taxonomy":"product_cat","embeddable":true,"href":"https:\/\/duoclieukimlong.com\/en\/wp-json\/wp\/v2\/product_cat?post=1217"},{"taxonomy":"product_tag","embeddable":true,"href":"https:\/\/duoclieukimlong.com\/en\/wp-json\/wp\/v2\/product_tag?post=1217"}],"curies":[{"name":"wp","href":"https:\/\/api.w.org\/{rel}","templated":true}]}}