{"id":1218,"date":"2025-12-05T14:27:37","date_gmt":"2025-12-05T07:27:37","guid":{"rendered":"https:\/\/duoclieukimlong.123websitedev.com\/?post_type=product&#038;p=1218"},"modified":"2026-03-13T14:40:42","modified_gmt":"2026-03-13T07:40:42","slug":"long-nhan-hung-yen","status":"publish","type":"product","link":"https:\/\/duoclieukimlong.com\/en\/long-nhan-hung-yen\/","title":{"rendered":"Hung Yen Longan"},"content":{"rendered":"<p>Long nh\u00e3n H\u01b0ng Y\u00ean l\u00e0 \u0111\u1eb7c s\u1ea3n n\u1ed5i ti\u1ebfng d\u00f9ng trong c\u1ea3 \u1ea9m th\u1ef1c v\u00e0 l\u00e0m thu\u1ed1c. Long nh\u00e3n lo\u1ea1i \u0111\u1eb7c bi\u1ec7t \u0111\u01b0\u1ee3c t\u00e1ch tay th\u1ee7 c\u00f4ng t\u1eeb qu\u1ea3 nh\u00e3n t\u01b0\u01a1i ch\u1ecdn l\u1ecdc, s\u1ea5y l\u00f2 h\u01a1i c\u00f4ng ngh\u1ec7 m\u1edbi gi\u00fap long nh\u00e3n kh\u00f4 \u0111\u1ec1u m\u00e0 v\u1eabn gi\u1eef \u0111\u01b0\u1ee3c \u0111\u1ed9 d\u1ebbo dai. S\u1ea3n ph\u1ea9m r\u1ea5t d\u00f4i khi ch\u1ebf bi\u1ebfn, chuy\u00ean cung c\u1ea5p cho c\u00e1c qu\u00e1n ch\u00e8, ti\u1ec7m thu\u1ed1c b\u1eafc ho\u1eb7c l\u00e0m qu\u00e0 bi\u1ebfu. T\u00e1c d\u1ee5ng ch\u00ednh gi\u00fap ki\u1ec7n t\u1ef3, b\u1ed5 huy\u1ebft, ch\u1eefa m\u1ea5t ng\u1ee7 v\u00e0 suy nh\u01b0\u1ee3c th\u1ea7n kinh hi\u1ec7u qu\u1ea3.<\/p>","protected":false},"excerpt":{"rendered":"<p>C\u00f9i nh\u00e3n d\u00e0y, m\u00e0u v\u00e0ng \u01b0\u01a1m h\u1ed5 ph\u00e1ch, s\u1ea5y kh\u00f4 d\u1ebbo th\u01a1m. V\u1ecb ng\u1ecdt s\u1eafc t\u1ef1 nhi\u00ean c\u1ee7a nh\u00e3n l\u1ed3ng, tuy\u1ec7t \u0111\u1ed1i kh\u00f4ng t\u1ea9m th\u00eam \u0111\u01b0\u1eddng hay ch\u1ea5t t\u1ea1o m\u00e0u. H\u00e0ng m\u1edbi v\u1ee5 m\u00f9a n\u0103m nay, kh\u00f4ng b\u1ecb l\u1ea1i \u0111\u01b0\u1eddng.<\/p>","protected":false},"featured_media":1214,"comment_status":"open","ping_status":"closed","template":"","meta":{"inline_featured_image":false},"product_cat":[172,156],"product_tag":[],"class_list":{"0":"post-1218","1":"product","2":"type-product","3":"status-publish","4":"has-post-thumbnail","6":"product_cat-benh-gan-ty-vi-theo-toa","7":"product_cat-thao-duoc","9":"first","10":"instock","11":"shipping-taxable","12":"purchasable","13":"product-type-simple"},"yoast_head":"<!-- This site is optimized with the Yoast SEO Premium plugin v20.9 (Yoast SEO v20.9) - https:\/\/yoast.com\/wordpress\/plugins\/seo\/ -->\n<title>Long Nh\u00e3n H\u01b0ng Y\u00ean - C\u1eeda h\u00e0ng D\u01b0\u1ee3c Li\u1ec7u Kim Long<\/title>\n<meta name=\"robots\" content=\"index, follow, max-snippet:-1, max-image-preview:large, max-video-preview:-1\" \/>\n<link rel=\"canonical\" href=\"https:\/\/duoclieukimlong.com\/en\/long-nhan-hung-yen\/\" \/>\n<meta property=\"og:locale\" content=\"en_US\" \/>\n<meta property=\"og:type\" content=\"article\" \/>\n<meta property=\"og:title\" content=\"Long Nh\u00e3n H\u01b0ng Y\u00ean\" \/>\n<meta property=\"og:description\" content=\"C\u00f9i nh\u00e3n d\u00e0y, m\u00e0u v\u00e0ng \u01b0\u01a1m h\u1ed5 ph\u00e1ch, s\u1ea5y kh\u00f4 d\u1ebbo th\u01a1m. V\u1ecb ng\u1ecdt s\u1eafc t\u1ef1 nhi\u00ean c\u1ee7a nh\u00e3n l\u1ed3ng, tuy\u1ec7t \u0111\u1ed1i kh\u00f4ng t\u1ea9m th\u00eam \u0111\u01b0\u1eddng hay ch\u1ea5t t\u1ea1o m\u00e0u. H\u00e0ng m\u1edbi v\u1ee5 m\u00f9a n\u0103m nay, kh\u00f4ng b\u1ecb l\u1ea1i \u0111\u01b0\u1eddng.\" \/>\n<meta property=\"og:url\" content=\"https:\/\/duoclieukimlong.com\/en\/long-nhan-hung-yen\/\" \/>\n<meta property=\"og:site_name\" content=\"C\u1eeda h\u00e0ng D\u01b0\u1ee3c Li\u1ec7u Kim Long\" \/>\n<meta property=\"article:modified_time\" content=\"2026-03-13T07:40:42+00:00\" \/>\n<meta property=\"og:image\" content=\"https:\/\/duoclieukimlong.com\/wp-content\/uploads\/2025\/12\/long-nhan.jpeg\" \/>\n\t<meta property=\"og:image:width\" content=\"600\" \/>\n\t<meta property=\"og:image:height\" content=\"600\" \/>\n\t<meta property=\"og:image:type\" content=\"image\/jpeg\" \/>\n<meta name=\"twitter:card\" content=\"summary_large_image\" \/>\n<meta name=\"twitter:label1\" content=\"Est. reading time\" \/>\n\t<meta name=\"twitter:data1\" content=\"1 minute\" \/>\n<script type=\"application\/ld+json\" class=\"yoast-schema-graph\">{\"@context\":\"https:\/\/schema.org\",\"@graph\":[{\"@type\":\"WebPage\",\"@id\":\"https:\/\/duoclieukimlong.com\/long-nhan-hung-yen\/\",\"url\":\"https:\/\/duoclieukimlong.com\/long-nhan-hung-yen\/\",\"name\":\"Long Nh\u00e3n H\u01b0ng Y\u00ean - C\u1eeda h\u00e0ng D\u01b0\u1ee3c Li\u1ec7u Kim Long\",\"isPartOf\":{\"@id\":\"https:\/\/duoclieukimlong.com\/#website\"},\"datePublished\":\"2025-12-05T07:27:37+00:00\",\"dateModified\":\"2026-03-13T07:40:42+00:00\",\"breadcrumb\":{\"@id\":\"https:\/\/duoclieukimlong.com\/long-nhan-hung-yen\/#breadcrumb\"},\"inLanguage\":\"en-US\",\"potentialAction\":[{\"@type\":\"ReadAction\",\"target\":[\"https:\/\/duoclieukimlong.com\/long-nhan-hung-yen\/\"]}]},{\"@type\":\"BreadcrumbList\",\"@id\":\"https:\/\/duoclieukimlong.com\/long-nhan-hung-yen\/#breadcrumb\",\"itemListElement\":[{\"@type\":\"ListItem\",\"position\":1,\"name\":\"Trang ch\u1ee7\",\"item\":\"https:\/\/duoclieukimlong.com\/\"},{\"@type\":\"ListItem\",\"position\":2,\"name\":\"S\u1ea3n ph\u1ea9m\",\"item\":\"https:\/\/duoclieukimlong.com\/shop\/\"},{\"@type\":\"ListItem\",\"position\":3,\"name\":\"Long Nh\u00e3n H\u01b0ng Y\u00ean\"}]},{\"@type\":\"WebSite\",\"@id\":\"https:\/\/duoclieukimlong.com\/#website\",\"url\":\"https:\/\/duoclieukimlong.com\/\",\"name\":\"C\u1eeda h\u00e0ng D\u01b0\u1ee3c Li\u1ec7u Kim Long\",\"description\":\"\",\"potentialAction\":[{\"@type\":\"SearchAction\",\"target\":{\"@type\":\"EntryPoint\",\"urlTemplate\":\"https:\/\/duoclieukimlong.com\/?s={search_term_string}\"},\"query-input\":\"required name=search_term_string\"}],\"inLanguage\":\"en-US\"}]}<\/script>\n<!-- \/ Yoast SEO Premium plugin. -->","yoast_head_json":{"title":"Long Nh\u00e3n H\u01b0ng Y\u00ean - C\u1eeda h\u00e0ng D\u01b0\u1ee3c Li\u1ec7u Kim Long","robots":{"index":"index","follow":"follow","max-snippet":"max-snippet:-1","max-image-preview":"max-image-preview:large","max-video-preview":"max-video-preview:-1"},"canonical":"https:\/\/duoclieukimlong.com\/en\/long-nhan-hung-yen\/","og_locale":"en_US","og_type":"article","og_title":"Long Nh\u00e3n H\u01b0ng Y\u00ean","og_description":"C\u00f9i nh\u00e3n d\u00e0y, m\u00e0u v\u00e0ng \u01b0\u01a1m h\u1ed5 ph\u00e1ch, s\u1ea5y kh\u00f4 d\u1ebbo th\u01a1m. V\u1ecb ng\u1ecdt s\u1eafc t\u1ef1 nhi\u00ean c\u1ee7a nh\u00e3n l\u1ed3ng, tuy\u1ec7t \u0111\u1ed1i kh\u00f4ng t\u1ea9m th\u00eam \u0111\u01b0\u1eddng hay ch\u1ea5t t\u1ea1o m\u00e0u. H\u00e0ng m\u1edbi v\u1ee5 m\u00f9a n\u0103m nay, kh\u00f4ng b\u1ecb l\u1ea1i \u0111\u01b0\u1eddng.","og_url":"https:\/\/duoclieukimlong.com\/en\/long-nhan-hung-yen\/","og_site_name":"C\u1eeda h\u00e0ng D\u01b0\u1ee3c Li\u1ec7u Kim Long","article_modified_time":"2026-03-13T07:40:42+00:00","og_image":[{"width":600,"height":600,"url":"https:\/\/duoclieukimlong.com\/wp-content\/uploads\/2025\/12\/long-nhan.jpeg","type":"image\/jpeg"}],"twitter_card":"summary_large_image","twitter_misc":{"Est. reading time":"1 minute"},"schema":{"@context":"https:\/\/schema.org","@graph":[{"@type":"WebPage","@id":"https:\/\/duoclieukimlong.com\/long-nhan-hung-yen\/","url":"https:\/\/duoclieukimlong.com\/long-nhan-hung-yen\/","name":"Long Nh\u00e3n H\u01b0ng Y\u00ean - C\u1eeda h\u00e0ng D\u01b0\u1ee3c Li\u1ec7u Kim Long","isPartOf":{"@id":"https:\/\/duoclieukimlong.com\/#website"},"datePublished":"2025-12-05T07:27:37+00:00","dateModified":"2026-03-13T07:40:42+00:00","breadcrumb":{"@id":"https:\/\/duoclieukimlong.com\/long-nhan-hung-yen\/#breadcrumb"},"inLanguage":"en-US","potentialAction":[{"@type":"ReadAction","target":["https:\/\/duoclieukimlong.com\/long-nhan-hung-yen\/"]}]},{"@type":"BreadcrumbList","@id":"https:\/\/duoclieukimlong.com\/long-nhan-hung-yen\/#breadcrumb","itemListElement":[{"@type":"ListItem","position":1,"name":"Trang ch\u1ee7","item":"https:\/\/duoclieukimlong.com\/"},{"@type":"ListItem","position":2,"name":"S\u1ea3n ph\u1ea9m","item":"https:\/\/duoclieukimlong.com\/shop\/"},{"@type":"ListItem","position":3,"name":"Long Nh\u00e3n H\u01b0ng Y\u00ean"}]},{"@type":"WebSite","@id":"https:\/\/duoclieukimlong.com\/#website","url":"https:\/\/duoclieukimlong.com\/","name":"C\u1eeda h\u00e0ng D\u01b0\u1ee3c Li\u1ec7u Kim Long","description":"","potentialAction":[{"@type":"SearchAction","target":{"@type":"EntryPoint","urlTemplate":"https:\/\/duoclieukimlong.com\/?s={search_term_string}"},"query-input":"required name=search_term_string"}],"inLanguage":"en-US"}]}},"_links":{"self":[{"href":"https:\/\/duoclieukimlong.com\/en\/wp-json\/wp\/v2\/product\/1218"}],"collection":[{"href":"https:\/\/duoclieukimlong.com\/en\/wp-json\/wp\/v2\/product"}],"about":[{"href":"https:\/\/duoclieukimlong.com\/en\/wp-json\/wp\/v2\/types\/product"}],"replies":[{"embeddable":true,"href":"https:\/\/duoclieukimlong.com\/en\/wp-json\/wp\/v2\/comments?post=1218"}],"wp:featuredmedia":[{"embeddable":true,"href":"https:\/\/duoclieukimlong.com\/en\/wp-json\/wp\/v2\/media\/1214"}],"wp:attachment":[{"href":"https:\/\/duoclieukimlong.com\/en\/wp-json\/wp\/v2\/media?parent=1218"}],"wp:term":[{"taxonomy":"product_cat","embeddable":true,"href":"https:\/\/duoclieukimlong.com\/en\/wp-json\/wp\/v2\/product_cat?post=1218"},{"taxonomy":"product_tag","embeddable":true,"href":"https:\/\/duoclieukimlong.com\/en\/wp-json\/wp\/v2\/product_tag?post=1218"}],"curies":[{"name":"wp","href":"https:\/\/api.w.org\/{rel}","templated":true}]}}