{"id":1219,"date":"2025-12-05T14:32:59","date_gmt":"2025-12-05T07:32:59","guid":{"rendered":"https:\/\/duoclieukimlong.123websitedev.com\/?post_type=product&#038;p=1219"},"modified":"2026-03-13T14:40:25","modified_gmt":"2026-03-13T07:40:25","slug":"bot-can-tay-say-lanh","status":"publish","type":"product","link":"https:\/\/duoclieukimlong.com\/en\/bot-can-tay-say-lanh\/","title":{"rendered":"Freeze-dried Celery Powder"},"content":{"rendered":"<p>B\u1ed9t C\u1ea7n T\u00e2y \u0111ang l\u00e0 xu h\u01b0\u1edbng ch\u0103m s\u00f3c s\u1ee9c kh\u1ecfe \u0111\u01b0\u1ee3c \u01b0a chu\u1ed9ng nh\u1edd kh\u1ea3 n\u0103ng detox m\u1ea1nh m\u1ebd. Kh\u00e1c v\u1edbi c\u1ea7n t\u00e2y t\u01b0\u01a1i c\u00f3 m\u00f9i h\u0103ng kh\u00f3 u\u1ed1ng, b\u1ed9t c\u1ea7n t\u00e2y s\u1ea5y l\u1ea1nh \u0111\u00e3 \u0111\u01b0\u1ee3c kh\u1eed b\u1edbt m\u00f9i n\u1ed3ng nh\u01b0ng v\u1eabn gi\u1eef l\u1ea1i tr\u1ecdn v\u1eb9n vitamin v\u00e0 kho\u00e1ng ch\u1ea5t. S\u1ea3n ph\u1ea9m tan nhanh trong n\u01b0\u1edbc, r\u1ea5t ti\u1ec7n l\u1ee3i cho ng\u01b0\u1eddi b\u1eadn r\u1ed9n mu\u1ed1n b\u1ed5 sung rau xanh. S\u1eed d\u1ee5ng \u0111\u1ec1u \u0111\u1eb7n m\u1ed7i s\u00e1ng tr\u01b0\u1edbc khi \u0103n 30 ph\u00fat gi\u00fap ki\u1ec3m so\u00e1t c\u00e2n n\u1eb7ng, \u0111\u1eb9p da v\u00e0 \u1ed5n \u0111\u1ecbnh huy\u1ebft \u00e1p.<\/p>","protected":false},"excerpt":{"rendered":"<p>\u0110\u01b0\u1ee3c s\u1ea3n xu\u1ea5t t\u1eeb 100% rau c\u1ea7n t\u00e2y t\u01b0\u01a1i b\u1eb1ng c\u00f4ng ngh\u1ec7 s\u1ea5y l\u1ea1nh Nh\u1eadt B\u1ea3n. Gi\u1eef nguy\u00ean m\u00e0u xanh t\u1ef1 nhi\u00ean, m\u00f9i v\u1ecb nguy\u00ean b\u1ea3n v\u00e0 h\u00e0m l\u01b0\u1ee3ng ch\u1ea5t x\u01a1 d\u1ed3i d\u00e0o. H\u1ed7 tr\u1ee3 gi\u1ea3m c\u00e2n v\u00e0 th\u1ea3i \u0111\u1ed9c c\u01a1 th\u1ec3 hi\u1ec7u qu\u1ea3.<\/p>","protected":false},"featured_media":1220,"comment_status":"open","ping_status":"closed","template":"","meta":{"inline_featured_image":false},"product_cat":[172,156],"product_tag":[],"class_list":{"0":"post-1219","1":"product","2":"type-product","3":"status-publish","4":"has-post-thumbnail","6":"product_cat-benh-gan-ty-vi-theo-toa","7":"product_cat-thao-duoc","9":"first","10":"instock","11":"featured","12":"shipping-taxable","13":"purchasable","14":"product-type-simple"},"yoast_head":"<!-- This site is optimized with the Yoast SEO Premium plugin v20.9 (Yoast SEO v20.9) - https:\/\/yoast.com\/wordpress\/plugins\/seo\/ -->\n<title>B\u1ed9t C\u1ea7n T\u00e2y S\u1ea5y L\u1ea1nh - C\u1eeda h\u00e0ng D\u01b0\u1ee3c Li\u1ec7u Kim Long<\/title>\n<meta name=\"robots\" content=\"index, follow, max-snippet:-1, max-image-preview:large, max-video-preview:-1\" \/>\n<link rel=\"canonical\" href=\"https:\/\/duoclieukimlong.com\/en\/bot-can-tay-say-lanh\/\" \/>\n<meta property=\"og:locale\" content=\"en_US\" \/>\n<meta property=\"og:type\" content=\"article\" \/>\n<meta property=\"og:title\" content=\"B\u1ed9t C\u1ea7n T\u00e2y S\u1ea5y L\u1ea1nh\" \/>\n<meta property=\"og:description\" content=\"\u0110\u01b0\u1ee3c s\u1ea3n xu\u1ea5t t\u1eeb 100% rau c\u1ea7n t\u00e2y t\u01b0\u01a1i b\u1eb1ng c\u00f4ng ngh\u1ec7 s\u1ea5y l\u1ea1nh Nh\u1eadt B\u1ea3n. Gi\u1eef nguy\u00ean m\u00e0u xanh t\u1ef1 nhi\u00ean, m\u00f9i v\u1ecb nguy\u00ean b\u1ea3n v\u00e0 h\u00e0m l\u01b0\u1ee3ng ch\u1ea5t x\u01a1 d\u1ed3i d\u00e0o. H\u1ed7 tr\u1ee3 gi\u1ea3m c\u00e2n v\u00e0 th\u1ea3i \u0111\u1ed9c c\u01a1 th\u1ec3 hi\u1ec7u qu\u1ea3.\" \/>\n<meta property=\"og:url\" content=\"https:\/\/duoclieukimlong.com\/en\/bot-can-tay-say-lanh\/\" \/>\n<meta property=\"og:site_name\" content=\"C\u1eeda h\u00e0ng D\u01b0\u1ee3c Li\u1ec7u Kim Long\" \/>\n<meta property=\"article:modified_time\" content=\"2026-03-13T07:40:25+00:00\" \/>\n<meta property=\"og:image\" content=\"https:\/\/duoclieukimlong.com\/wp-content\/uploads\/2025\/12\/Banh-my-tu-bot-can-tay-say-lanh.png\" \/>\n\t<meta property=\"og:image:width\" content=\"1319\" \/>\n\t<meta property=\"og:image:height\" content=\"742\" \/>\n\t<meta property=\"og:image:type\" content=\"image\/png\" \/>\n<meta name=\"twitter:card\" content=\"summary_large_image\" \/>\n<meta name=\"twitter:label1\" content=\"Est. reading time\" \/>\n\t<meta name=\"twitter:data1\" content=\"1 minute\" \/>\n<script type=\"application\/ld+json\" class=\"yoast-schema-graph\">{\"@context\":\"https:\/\/schema.org\",\"@graph\":[{\"@type\":\"WebPage\",\"@id\":\"https:\/\/duoclieukimlong.com\/bot-can-tay-say-lanh\/\",\"url\":\"https:\/\/duoclieukimlong.com\/bot-can-tay-say-lanh\/\",\"name\":\"B\u1ed9t C\u1ea7n T\u00e2y S\u1ea5y L\u1ea1nh - C\u1eeda h\u00e0ng D\u01b0\u1ee3c Li\u1ec7u Kim Long\",\"isPartOf\":{\"@id\":\"https:\/\/duoclieukimlong.com\/#website\"},\"datePublished\":\"2025-12-05T07:32:59+00:00\",\"dateModified\":\"2026-03-13T07:40:25+00:00\",\"breadcrumb\":{\"@id\":\"https:\/\/duoclieukimlong.com\/bot-can-tay-say-lanh\/#breadcrumb\"},\"inLanguage\":\"en-US\",\"potentialAction\":[{\"@type\":\"ReadAction\",\"target\":[\"https:\/\/duoclieukimlong.com\/bot-can-tay-say-lanh\/\"]}]},{\"@type\":\"BreadcrumbList\",\"@id\":\"https:\/\/duoclieukimlong.com\/bot-can-tay-say-lanh\/#breadcrumb\",\"itemListElement\":[{\"@type\":\"ListItem\",\"position\":1,\"name\":\"Trang ch\u1ee7\",\"item\":\"https:\/\/duoclieukimlong.com\/\"},{\"@type\":\"ListItem\",\"position\":2,\"name\":\"S\u1ea3n ph\u1ea9m\",\"item\":\"https:\/\/duoclieukimlong.com\/shop\/\"},{\"@type\":\"ListItem\",\"position\":3,\"name\":\"B\u1ed9t C\u1ea7n T\u00e2y S\u1ea5y L\u1ea1nh\"}]},{\"@type\":\"WebSite\",\"@id\":\"https:\/\/duoclieukimlong.com\/#website\",\"url\":\"https:\/\/duoclieukimlong.com\/\",\"name\":\"C\u1eeda h\u00e0ng D\u01b0\u1ee3c Li\u1ec7u Kim Long\",\"description\":\"\",\"potentialAction\":[{\"@type\":\"SearchAction\",\"target\":{\"@type\":\"EntryPoint\",\"urlTemplate\":\"https:\/\/duoclieukimlong.com\/?s={search_term_string}\"},\"query-input\":\"required name=search_term_string\"}],\"inLanguage\":\"en-US\"}]}<\/script>\n<!-- \/ Yoast SEO Premium plugin. -->","yoast_head_json":{"title":"B\u1ed9t C\u1ea7n T\u00e2y S\u1ea5y L\u1ea1nh - C\u1eeda h\u00e0ng D\u01b0\u1ee3c Li\u1ec7u Kim Long","robots":{"index":"index","follow":"follow","max-snippet":"max-snippet:-1","max-image-preview":"max-image-preview:large","max-video-preview":"max-video-preview:-1"},"canonical":"https:\/\/duoclieukimlong.com\/en\/bot-can-tay-say-lanh\/","og_locale":"en_US","og_type":"article","og_title":"B\u1ed9t C\u1ea7n T\u00e2y S\u1ea5y L\u1ea1nh","og_description":"\u0110\u01b0\u1ee3c s\u1ea3n xu\u1ea5t t\u1eeb 100% rau c\u1ea7n t\u00e2y t\u01b0\u01a1i b\u1eb1ng c\u00f4ng ngh\u1ec7 s\u1ea5y l\u1ea1nh Nh\u1eadt B\u1ea3n. Gi\u1eef nguy\u00ean m\u00e0u xanh t\u1ef1 nhi\u00ean, m\u00f9i v\u1ecb nguy\u00ean b\u1ea3n v\u00e0 h\u00e0m l\u01b0\u1ee3ng ch\u1ea5t x\u01a1 d\u1ed3i d\u00e0o. H\u1ed7 tr\u1ee3 gi\u1ea3m c\u00e2n v\u00e0 th\u1ea3i \u0111\u1ed9c c\u01a1 th\u1ec3 hi\u1ec7u qu\u1ea3.","og_url":"https:\/\/duoclieukimlong.com\/en\/bot-can-tay-say-lanh\/","og_site_name":"C\u1eeda h\u00e0ng D\u01b0\u1ee3c Li\u1ec7u Kim Long","article_modified_time":"2026-03-13T07:40:25+00:00","og_image":[{"width":1319,"height":742,"url":"https:\/\/duoclieukimlong.com\/wp-content\/uploads\/2025\/12\/Banh-my-tu-bot-can-tay-say-lanh.png","type":"image\/png"}],"twitter_card":"summary_large_image","twitter_misc":{"Est. reading time":"1 minute"},"schema":{"@context":"https:\/\/schema.org","@graph":[{"@type":"WebPage","@id":"https:\/\/duoclieukimlong.com\/bot-can-tay-say-lanh\/","url":"https:\/\/duoclieukimlong.com\/bot-can-tay-say-lanh\/","name":"B\u1ed9t C\u1ea7n T\u00e2y S\u1ea5y L\u1ea1nh - C\u1eeda h\u00e0ng D\u01b0\u1ee3c Li\u1ec7u Kim Long","isPartOf":{"@id":"https:\/\/duoclieukimlong.com\/#website"},"datePublished":"2025-12-05T07:32:59+00:00","dateModified":"2026-03-13T07:40:25+00:00","breadcrumb":{"@id":"https:\/\/duoclieukimlong.com\/bot-can-tay-say-lanh\/#breadcrumb"},"inLanguage":"en-US","potentialAction":[{"@type":"ReadAction","target":["https:\/\/duoclieukimlong.com\/bot-can-tay-say-lanh\/"]}]},{"@type":"BreadcrumbList","@id":"https:\/\/duoclieukimlong.com\/bot-can-tay-say-lanh\/#breadcrumb","itemListElement":[{"@type":"ListItem","position":1,"name":"Trang ch\u1ee7","item":"https:\/\/duoclieukimlong.com\/"},{"@type":"ListItem","position":2,"name":"S\u1ea3n ph\u1ea9m","item":"https:\/\/duoclieukimlong.com\/shop\/"},{"@type":"ListItem","position":3,"name":"B\u1ed9t C\u1ea7n T\u00e2y S\u1ea5y L\u1ea1nh"}]},{"@type":"WebSite","@id":"https:\/\/duoclieukimlong.com\/#website","url":"https:\/\/duoclieukimlong.com\/","name":"C\u1eeda h\u00e0ng D\u01b0\u1ee3c Li\u1ec7u Kim Long","description":"","potentialAction":[{"@type":"SearchAction","target":{"@type":"EntryPoint","urlTemplate":"https:\/\/duoclieukimlong.com\/?s={search_term_string}"},"query-input":"required name=search_term_string"}],"inLanguage":"en-US"}]}},"_links":{"self":[{"href":"https:\/\/duoclieukimlong.com\/en\/wp-json\/wp\/v2\/product\/1219"}],"collection":[{"href":"https:\/\/duoclieukimlong.com\/en\/wp-json\/wp\/v2\/product"}],"about":[{"href":"https:\/\/duoclieukimlong.com\/en\/wp-json\/wp\/v2\/types\/product"}],"replies":[{"embeddable":true,"href":"https:\/\/duoclieukimlong.com\/en\/wp-json\/wp\/v2\/comments?post=1219"}],"wp:featuredmedia":[{"embeddable":true,"href":"https:\/\/duoclieukimlong.com\/en\/wp-json\/wp\/v2\/media\/1220"}],"wp:attachment":[{"href":"https:\/\/duoclieukimlong.com\/en\/wp-json\/wp\/v2\/media?parent=1219"}],"wp:term":[{"taxonomy":"product_cat","embeddable":true,"href":"https:\/\/duoclieukimlong.com\/en\/wp-json\/wp\/v2\/product_cat?post=1219"},{"taxonomy":"product_tag","embeddable":true,"href":"https:\/\/duoclieukimlong.com\/en\/wp-json\/wp\/v2\/product_tag?post=1219"}],"curies":[{"name":"wp","href":"https:\/\/api.w.org\/{rel}","templated":true}]}}