{"id":1225,"date":"2025-12-05T14:34:37","date_gmt":"2025-12-05T07:34:37","guid":{"rendered":"https:\/\/duoclieukimlong.123websitedev.com\/?post_type=product&#038;p=1225"},"modified":"2026-03-13T14:40:24","modified_gmt":"2026-03-13T07:40:24","slug":"tinh-bot-nghe-do-hung-yen","status":"publish","type":"product","link":"https:\/\/duoclieukimlong.com\/en\/tinh-bot-nghe-do-hung-yen\/","title":{"rendered":"Hung Yen Red Turmeric Powder"},"content":{"rendered":"<p>Tinh b\u1ed9t ngh\u1ec7 \u0111\u1ecf l\u00e0 b\u00e0i thu\u1ed1c d\u00e2n gian qu\u00fd gi\u00e1 chuy\u00ean tr\u1ecb c\u00e1c b\u1ec7nh v\u1ec1 d\u1ea1 d\u00e0y v\u00e0 \u0111\u01b0\u1eddng ru\u1ed9t. Nh\u1edd c\u00f4ng ngh\u1ec7 l\u1ecdc t\u1ea1p ch\u1ea5t hi\u1ec7n \u0111\u1ea1i, s\u1ea3n ph\u1ea9m c\u00f3 \u0111\u1ed9 m\u1ecbn cao, kh\u00f4ng l\u1ee3n c\u1ee3n khi pha. Curcumin trong ngh\u1ec7 \u0111\u1ecf gi\u00fap l\u00e0m l\u00e0nh v\u1ebft lo\u00e9t d\u1ea1 d\u00e0y, kh\u00e1ng vi\u00eam v\u00e0 ph\u1ee5c h\u1ed3i s\u1ee9c kh\u1ecfe cho ph\u1ee5 n\u1eef sau sinh c\u1ef1c t\u1ed1t. Ngo\u00e0i vi\u1ec7c u\u1ed1ng v\u1edbi m\u1eadt ong, c\u00f3 th\u1ec3 d\u00f9ng tinh b\u1ed9t ngh\u1ec7 tr\u1ed9n v\u1edbi s\u1eefa chua kh\u00f4ng \u0111\u01b0\u1eddng \u0111\u1ec3 \u0111\u1eafp m\u1eb7t n\u1ea1 tr\u1ecb th\u00e2m n\u00e1m v\u00e0 l\u00e0m s\u00e1ng da.<\/p>","protected":false},"excerpt":{"rendered":"<p>Chi\u1ebft xu\u1ea5t t\u1eeb c\u1ee7 ngh\u1ec7 \u0111\u1ecf (ngh\u1ec7 n\u1ebfp) gi\u00e0 ng\u00e0y, \u0111\u00e3 t\u00e1ch b\u1ecf ho\u00e0n to\u00e0n d\u1ea7u ngh\u1ec7 v\u00e0 c\u1eb7n b\u00e3. H\u00e0m l\u01b0\u1ee3ng Curcumin cao g\u1ea5p 4 l\u1ea7n ngh\u1ec7 v\u00e0ng th\u00f4ng th\u01b0\u1eddng. Kh\u00f4ng g\u00e2y n\u00f3ng trong, kh\u00f4ng v\u00e0ng da khi u\u1ed1ng.<\/p>","protected":false},"featured_media":1224,"comment_status":"open","ping_status":"closed","template":"","meta":{"inline_featured_image":false},"product_cat":[172,156],"product_tag":[],"class_list":{"0":"post-1225","1":"product","2":"type-product","3":"status-publish","4":"has-post-thumbnail","6":"product_cat-benh-gan-ty-vi-theo-toa","7":"product_cat-thao-duoc","9":"first","10":"instock","11":"shipping-taxable","12":"purchasable","13":"product-type-simple"},"yoast_head":"<!-- This site is optimized with the Yoast SEO Premium plugin v20.9 (Yoast SEO v20.9) - https:\/\/yoast.com\/wordpress\/plugins\/seo\/ -->\n<title>Tinh B\u1ed9t Ngh\u1ec7 \u0110\u1ecf H\u01b0ng Y\u00ean - C\u1eeda h\u00e0ng D\u01b0\u1ee3c Li\u1ec7u Kim Long<\/title>\n<meta name=\"robots\" content=\"index, follow, max-snippet:-1, max-image-preview:large, max-video-preview:-1\" \/>\n<link rel=\"canonical\" href=\"https:\/\/duoclieukimlong.com\/en\/tinh-bot-nghe-do-hung-yen\/\" \/>\n<meta property=\"og:locale\" content=\"en_US\" \/>\n<meta property=\"og:type\" content=\"article\" \/>\n<meta property=\"og:title\" content=\"Tinh B\u1ed9t Ngh\u1ec7 \u0110\u1ecf H\u01b0ng Y\u00ean\" \/>\n<meta property=\"og:description\" content=\"Chi\u1ebft xu\u1ea5t t\u1eeb c\u1ee7 ngh\u1ec7 \u0111\u1ecf (ngh\u1ec7 n\u1ebfp) gi\u00e0 ng\u00e0y, \u0111\u00e3 t\u00e1ch b\u1ecf ho\u00e0n to\u00e0n d\u1ea7u ngh\u1ec7 v\u00e0 c\u1eb7n b\u00e3. H\u00e0m l\u01b0\u1ee3ng Curcumin cao g\u1ea5p 4 l\u1ea7n ngh\u1ec7 v\u00e0ng th\u00f4ng th\u01b0\u1eddng. Kh\u00f4ng g\u00e2y n\u00f3ng trong, kh\u00f4ng v\u00e0ng da khi u\u1ed1ng.\" \/>\n<meta property=\"og:url\" content=\"https:\/\/duoclieukimlong.com\/en\/tinh-bot-nghe-do-hung-yen\/\" \/>\n<meta property=\"og:site_name\" content=\"C\u1eeda h\u00e0ng D\u01b0\u1ee3c Li\u1ec7u Kim Long\" \/>\n<meta property=\"article:modified_time\" content=\"2026-03-13T07:40:24+00:00\" \/>\n<meta property=\"og:image\" content=\"https:\/\/duoclieukimlong.com\/wp-content\/uploads\/2025\/12\/tinhotnghe.jpg\" \/>\n\t<meta property=\"og:image:width\" content=\"225\" \/>\n\t<meta property=\"og:image:height\" content=\"225\" \/>\n\t<meta property=\"og:image:type\" content=\"image\/jpeg\" \/>\n<meta name=\"twitter:card\" content=\"summary_large_image\" \/>\n<meta name=\"twitter:label1\" content=\"Est. reading time\" \/>\n\t<meta name=\"twitter:data1\" content=\"1 minute\" \/>\n<script type=\"application\/ld+json\" class=\"yoast-schema-graph\">{\"@context\":\"https:\/\/schema.org\",\"@graph\":[{\"@type\":\"WebPage\",\"@id\":\"https:\/\/duoclieukimlong.com\/tinh-bot-nghe-do-hung-yen\/\",\"url\":\"https:\/\/duoclieukimlong.com\/tinh-bot-nghe-do-hung-yen\/\",\"name\":\"Tinh B\u1ed9t Ngh\u1ec7 \u0110\u1ecf H\u01b0ng Y\u00ean - C\u1eeda h\u00e0ng D\u01b0\u1ee3c Li\u1ec7u Kim Long\",\"isPartOf\":{\"@id\":\"https:\/\/duoclieukimlong.com\/#website\"},\"datePublished\":\"2025-12-05T07:34:37+00:00\",\"dateModified\":\"2026-03-13T07:40:24+00:00\",\"breadcrumb\":{\"@id\":\"https:\/\/duoclieukimlong.com\/tinh-bot-nghe-do-hung-yen\/#breadcrumb\"},\"inLanguage\":\"en-US\",\"potentialAction\":[{\"@type\":\"ReadAction\",\"target\":[\"https:\/\/duoclieukimlong.com\/tinh-bot-nghe-do-hung-yen\/\"]}]},{\"@type\":\"BreadcrumbList\",\"@id\":\"https:\/\/duoclieukimlong.com\/tinh-bot-nghe-do-hung-yen\/#breadcrumb\",\"itemListElement\":[{\"@type\":\"ListItem\",\"position\":1,\"name\":\"Trang ch\u1ee7\",\"item\":\"https:\/\/duoclieukimlong.com\/\"},{\"@type\":\"ListItem\",\"position\":2,\"name\":\"S\u1ea3n ph\u1ea9m\",\"item\":\"https:\/\/duoclieukimlong.com\/shop\/\"},{\"@type\":\"ListItem\",\"position\":3,\"name\":\"Tinh B\u1ed9t Ngh\u1ec7 \u0110\u1ecf H\u01b0ng Y\u00ean\"}]},{\"@type\":\"WebSite\",\"@id\":\"https:\/\/duoclieukimlong.com\/#website\",\"url\":\"https:\/\/duoclieukimlong.com\/\",\"name\":\"C\u1eeda h\u00e0ng D\u01b0\u1ee3c Li\u1ec7u Kim Long\",\"description\":\"\",\"potentialAction\":[{\"@type\":\"SearchAction\",\"target\":{\"@type\":\"EntryPoint\",\"urlTemplate\":\"https:\/\/duoclieukimlong.com\/?s={search_term_string}\"},\"query-input\":\"required name=search_term_string\"}],\"inLanguage\":\"en-US\"}]}<\/script>\n<!-- \/ Yoast SEO Premium plugin. -->","yoast_head_json":{"title":"Tinh B\u1ed9t Ngh\u1ec7 \u0110\u1ecf H\u01b0ng Y\u00ean - C\u1eeda h\u00e0ng D\u01b0\u1ee3c Li\u1ec7u Kim Long","robots":{"index":"index","follow":"follow","max-snippet":"max-snippet:-1","max-image-preview":"max-image-preview:large","max-video-preview":"max-video-preview:-1"},"canonical":"https:\/\/duoclieukimlong.com\/en\/tinh-bot-nghe-do-hung-yen\/","og_locale":"en_US","og_type":"article","og_title":"Tinh B\u1ed9t Ngh\u1ec7 \u0110\u1ecf H\u01b0ng Y\u00ean","og_description":"Chi\u1ebft xu\u1ea5t t\u1eeb c\u1ee7 ngh\u1ec7 \u0111\u1ecf (ngh\u1ec7 n\u1ebfp) gi\u00e0 ng\u00e0y, \u0111\u00e3 t\u00e1ch b\u1ecf ho\u00e0n to\u00e0n d\u1ea7u ngh\u1ec7 v\u00e0 c\u1eb7n b\u00e3. H\u00e0m l\u01b0\u1ee3ng Curcumin cao g\u1ea5p 4 l\u1ea7n ngh\u1ec7 v\u00e0ng th\u00f4ng th\u01b0\u1eddng. Kh\u00f4ng g\u00e2y n\u00f3ng trong, kh\u00f4ng v\u00e0ng da khi u\u1ed1ng.","og_url":"https:\/\/duoclieukimlong.com\/en\/tinh-bot-nghe-do-hung-yen\/","og_site_name":"C\u1eeda h\u00e0ng D\u01b0\u1ee3c Li\u1ec7u Kim Long","article_modified_time":"2026-03-13T07:40:24+00:00","og_image":[{"width":225,"height":225,"url":"https:\/\/duoclieukimlong.com\/wp-content\/uploads\/2025\/12\/tinhotnghe.jpg","type":"image\/jpeg"}],"twitter_card":"summary_large_image","twitter_misc":{"Est. reading time":"1 minute"},"schema":{"@context":"https:\/\/schema.org","@graph":[{"@type":"WebPage","@id":"https:\/\/duoclieukimlong.com\/tinh-bot-nghe-do-hung-yen\/","url":"https:\/\/duoclieukimlong.com\/tinh-bot-nghe-do-hung-yen\/","name":"Tinh B\u1ed9t Ngh\u1ec7 \u0110\u1ecf H\u01b0ng Y\u00ean - C\u1eeda h\u00e0ng D\u01b0\u1ee3c Li\u1ec7u Kim Long","isPartOf":{"@id":"https:\/\/duoclieukimlong.com\/#website"},"datePublished":"2025-12-05T07:34:37+00:00","dateModified":"2026-03-13T07:40:24+00:00","breadcrumb":{"@id":"https:\/\/duoclieukimlong.com\/tinh-bot-nghe-do-hung-yen\/#breadcrumb"},"inLanguage":"en-US","potentialAction":[{"@type":"ReadAction","target":["https:\/\/duoclieukimlong.com\/tinh-bot-nghe-do-hung-yen\/"]}]},{"@type":"BreadcrumbList","@id":"https:\/\/duoclieukimlong.com\/tinh-bot-nghe-do-hung-yen\/#breadcrumb","itemListElement":[{"@type":"ListItem","position":1,"name":"Trang ch\u1ee7","item":"https:\/\/duoclieukimlong.com\/"},{"@type":"ListItem","position":2,"name":"S\u1ea3n ph\u1ea9m","item":"https:\/\/duoclieukimlong.com\/shop\/"},{"@type":"ListItem","position":3,"name":"Tinh B\u1ed9t Ngh\u1ec7 \u0110\u1ecf H\u01b0ng Y\u00ean"}]},{"@type":"WebSite","@id":"https:\/\/duoclieukimlong.com\/#website","url":"https:\/\/duoclieukimlong.com\/","name":"C\u1eeda h\u00e0ng D\u01b0\u1ee3c Li\u1ec7u Kim Long","description":"","potentialAction":[{"@type":"SearchAction","target":{"@type":"EntryPoint","urlTemplate":"https:\/\/duoclieukimlong.com\/?s={search_term_string}"},"query-input":"required name=search_term_string"}],"inLanguage":"en-US"}]}},"_links":{"self":[{"href":"https:\/\/duoclieukimlong.com\/en\/wp-json\/wp\/v2\/product\/1225"}],"collection":[{"href":"https:\/\/duoclieukimlong.com\/en\/wp-json\/wp\/v2\/product"}],"about":[{"href":"https:\/\/duoclieukimlong.com\/en\/wp-json\/wp\/v2\/types\/product"}],"replies":[{"embeddable":true,"href":"https:\/\/duoclieukimlong.com\/en\/wp-json\/wp\/v2\/comments?post=1225"}],"wp:featuredmedia":[{"embeddable":true,"href":"https:\/\/duoclieukimlong.com\/en\/wp-json\/wp\/v2\/media\/1224"}],"wp:attachment":[{"href":"https:\/\/duoclieukimlong.com\/en\/wp-json\/wp\/v2\/media?parent=1225"}],"wp:term":[{"taxonomy":"product_cat","embeddable":true,"href":"https:\/\/duoclieukimlong.com\/en\/wp-json\/wp\/v2\/product_cat?post=1225"},{"taxonomy":"product_tag","embeddable":true,"href":"https:\/\/duoclieukimlong.com\/en\/wp-json\/wp\/v2\/product_tag?post=1225"}],"curies":[{"name":"wp","href":"https:\/\/api.w.org\/{rel}","templated":true}]}}