{"id":1226,"date":"2025-12-05T14:35:18","date_gmt":"2025-12-05T07:35:18","guid":{"rendered":"https:\/\/duoclieukimlong.123websitedev.com\/?post_type=product&#038;p=1226"},"modified":"2026-03-13T14:40:23","modified_gmt":"2026-03-13T07:40:23","slug":"bot-rau-ma-quang-thanh","status":"publish","type":"product","link":"https:\/\/duoclieukimlong.com\/en\/bot-rau-ma-quang-thanh\/","title":{"rendered":"Quang Thanh Gotu Kola Powder"},"content":{"rendered":"<p>B\u1ed9t rau m\u00e1 l\u00e0 th\u1ee9c u\u1ed1ng thanh nhi\u1ec7t tuy\u1ec7t v\u1eddi gi\u00fap m\u00e1t gan, ti\u00eau \u0111\u1ed9c v\u00e0 gi\u1ea3m m\u1ee5n nh\u1ecdt t\u1eeb b\u00ean trong. C\u00f4ng ngh\u1ec7 nghi\u1ec1n c\u1ed1i \u0111\u00e1 granit gi\u00fap b\u1ed9t gi\u1eef \u0111\u01b0\u1ee3c \u0111\u1ed9 m\u1ecbn si\u00eau nh\u1ecf, khi pha kh\u00f4ng b\u1ecb l\u1eafng c\u1eb7n. Trong rau m\u00e1 ch\u1ee9a nhi\u1ec1u Asiaticoside gi\u00fap t\u00e1i t\u1ea1o t\u1ebf b\u00e0o da, l\u00e0m li\u1ec1n s\u1eb9o nhanh ch\u00f3ng. Ch\u1ec9 c\u1ea7n 1 th\u00eca b\u1ed9t pha v\u1edbi \u0111\u01b0\u1eddng v\u00e0 \u0111\u00e1 l\u1ea1nh, b\u1ea1n \u0111\u00e3 c\u00f3 ngay ly n\u01b0\u1edbc rau m\u00e1 th\u01a1m ngon m\u00e0 kh\u00f4ng t\u1ed1n c\u00f4ng xay \u00e9p l\u1ec9nh k\u1ec9nh.<\/p>","protected":false},"excerpt":{"rendered":"<p>S\u1eed d\u1ee5ng nguy\u00ean li\u1ec7u t\u1eeb v\u00f9ng tr\u1ed3ng rau m\u00e1 chuy\u00ean canh \u0111\u1ea1t chu\u1ea9n VietGAP. B\u1ed9t m\u1ecbn, m\u00e0u xanh \u0111\u1eadm, th\u01a1m m\u00e1t m\u00f9i rau m\u00e1 t\u01b0\u01a1i. Gi\u1ea3i ph\u00e1p gi\u1ea3i nhi\u1ec7t t\u1ee9c th\u00ec cho nh\u1eefng ng\u00e0y h\u00e8 n\u00f3ng b\u1ee9c.<\/p>","protected":false},"featured_media":1222,"comment_status":"open","ping_status":"closed","template":"","meta":{"inline_featured_image":false},"product_cat":[172,156],"product_tag":[],"class_list":{"0":"post-1226","1":"product","2":"type-product","3":"status-publish","4":"has-post-thumbnail","6":"product_cat-benh-gan-ty-vi-theo-toa","7":"product_cat-thao-duoc","9":"first","10":"instock","11":"shipping-taxable","12":"purchasable","13":"product-type-simple"},"yoast_head":"<!-- This site is optimized with the Yoast SEO Premium plugin v20.9 (Yoast SEO v20.9) - https:\/\/yoast.com\/wordpress\/plugins\/seo\/ -->\n<title>B\u1ed9t Rau M\u00e1 Qu\u1ea3ng Thanh - C\u1eeda h\u00e0ng D\u01b0\u1ee3c Li\u1ec7u Kim Long<\/title>\n<meta name=\"robots\" content=\"index, follow, max-snippet:-1, max-image-preview:large, max-video-preview:-1\" \/>\n<link rel=\"canonical\" href=\"https:\/\/duoclieukimlong.com\/en\/bot-rau-ma-quang-thanh\/\" \/>\n<meta property=\"og:locale\" content=\"en_US\" \/>\n<meta property=\"og:type\" content=\"article\" \/>\n<meta property=\"og:title\" content=\"B\u1ed9t Rau M\u00e1 Qu\u1ea3ng Thanh\" \/>\n<meta property=\"og:description\" content=\"S\u1eed d\u1ee5ng nguy\u00ean li\u1ec7u t\u1eeb v\u00f9ng tr\u1ed3ng rau m\u00e1 chuy\u00ean canh \u0111\u1ea1t chu\u1ea9n VietGAP. B\u1ed9t m\u1ecbn, m\u00e0u xanh \u0111\u1eadm, th\u01a1m m\u00e1t m\u00f9i rau m\u00e1 t\u01b0\u01a1i. Gi\u1ea3i ph\u00e1p gi\u1ea3i nhi\u1ec7t t\u1ee9c th\u00ec cho nh\u1eefng ng\u00e0y h\u00e8 n\u00f3ng b\u1ee9c.\" \/>\n<meta property=\"og:url\" content=\"https:\/\/duoclieukimlong.com\/en\/bot-rau-ma-quang-thanh\/\" \/>\n<meta property=\"og:site_name\" content=\"C\u1eeda h\u00e0ng D\u01b0\u1ee3c Li\u1ec7u Kim Long\" \/>\n<meta property=\"article:modified_time\" content=\"2026-03-13T07:40:23+00:00\" \/>\n<meta property=\"og:image\" content=\"https:\/\/duoclieukimlong.com\/wp-content\/uploads\/2025\/12\/botrauma.jpg\" \/>\n\t<meta property=\"og:image:width\" content=\"500\" \/>\n\t<meta property=\"og:image:height\" content=\"500\" \/>\n\t<meta property=\"og:image:type\" content=\"image\/jpeg\" \/>\n<meta name=\"twitter:card\" content=\"summary_large_image\" \/>\n<meta name=\"twitter:label1\" content=\"Est. reading time\" \/>\n\t<meta name=\"twitter:data1\" content=\"1 minute\" \/>\n<script type=\"application\/ld+json\" class=\"yoast-schema-graph\">{\"@context\":\"https:\/\/schema.org\",\"@graph\":[{\"@type\":\"WebPage\",\"@id\":\"https:\/\/duoclieukimlong.com\/bot-rau-ma-quang-thanh\/\",\"url\":\"https:\/\/duoclieukimlong.com\/bot-rau-ma-quang-thanh\/\",\"name\":\"B\u1ed9t Rau M\u00e1 Qu\u1ea3ng Thanh - C\u1eeda h\u00e0ng D\u01b0\u1ee3c Li\u1ec7u Kim Long\",\"isPartOf\":{\"@id\":\"https:\/\/duoclieukimlong.com\/#website\"},\"datePublished\":\"2025-12-05T07:35:18+00:00\",\"dateModified\":\"2026-03-13T07:40:23+00:00\",\"breadcrumb\":{\"@id\":\"https:\/\/duoclieukimlong.com\/bot-rau-ma-quang-thanh\/#breadcrumb\"},\"inLanguage\":\"en-US\",\"potentialAction\":[{\"@type\":\"ReadAction\",\"target\":[\"https:\/\/duoclieukimlong.com\/bot-rau-ma-quang-thanh\/\"]}]},{\"@type\":\"BreadcrumbList\",\"@id\":\"https:\/\/duoclieukimlong.com\/bot-rau-ma-quang-thanh\/#breadcrumb\",\"itemListElement\":[{\"@type\":\"ListItem\",\"position\":1,\"name\":\"Trang ch\u1ee7\",\"item\":\"https:\/\/duoclieukimlong.com\/\"},{\"@type\":\"ListItem\",\"position\":2,\"name\":\"S\u1ea3n ph\u1ea9m\",\"item\":\"https:\/\/duoclieukimlong.com\/shop\/\"},{\"@type\":\"ListItem\",\"position\":3,\"name\":\"B\u1ed9t Rau M\u00e1 Qu\u1ea3ng Thanh\"}]},{\"@type\":\"WebSite\",\"@id\":\"https:\/\/duoclieukimlong.com\/#website\",\"url\":\"https:\/\/duoclieukimlong.com\/\",\"name\":\"C\u1eeda h\u00e0ng D\u01b0\u1ee3c Li\u1ec7u Kim Long\",\"description\":\"\",\"potentialAction\":[{\"@type\":\"SearchAction\",\"target\":{\"@type\":\"EntryPoint\",\"urlTemplate\":\"https:\/\/duoclieukimlong.com\/?s={search_term_string}\"},\"query-input\":\"required name=search_term_string\"}],\"inLanguage\":\"en-US\"}]}<\/script>\n<!-- \/ Yoast SEO Premium plugin. -->","yoast_head_json":{"title":"B\u1ed9t Rau M\u00e1 Qu\u1ea3ng Thanh - C\u1eeda h\u00e0ng D\u01b0\u1ee3c Li\u1ec7u Kim Long","robots":{"index":"index","follow":"follow","max-snippet":"max-snippet:-1","max-image-preview":"max-image-preview:large","max-video-preview":"max-video-preview:-1"},"canonical":"https:\/\/duoclieukimlong.com\/en\/bot-rau-ma-quang-thanh\/","og_locale":"en_US","og_type":"article","og_title":"B\u1ed9t Rau M\u00e1 Qu\u1ea3ng Thanh","og_description":"S\u1eed d\u1ee5ng nguy\u00ean li\u1ec7u t\u1eeb v\u00f9ng tr\u1ed3ng rau m\u00e1 chuy\u00ean canh \u0111\u1ea1t chu\u1ea9n VietGAP. B\u1ed9t m\u1ecbn, m\u00e0u xanh \u0111\u1eadm, th\u01a1m m\u00e1t m\u00f9i rau m\u00e1 t\u01b0\u01a1i. Gi\u1ea3i ph\u00e1p gi\u1ea3i nhi\u1ec7t t\u1ee9c th\u00ec cho nh\u1eefng ng\u00e0y h\u00e8 n\u00f3ng b\u1ee9c.","og_url":"https:\/\/duoclieukimlong.com\/en\/bot-rau-ma-quang-thanh\/","og_site_name":"C\u1eeda h\u00e0ng D\u01b0\u1ee3c Li\u1ec7u Kim Long","article_modified_time":"2026-03-13T07:40:23+00:00","og_image":[{"width":500,"height":500,"url":"https:\/\/duoclieukimlong.com\/wp-content\/uploads\/2025\/12\/botrauma.jpg","type":"image\/jpeg"}],"twitter_card":"summary_large_image","twitter_misc":{"Est. reading time":"1 minute"},"schema":{"@context":"https:\/\/schema.org","@graph":[{"@type":"WebPage","@id":"https:\/\/duoclieukimlong.com\/bot-rau-ma-quang-thanh\/","url":"https:\/\/duoclieukimlong.com\/bot-rau-ma-quang-thanh\/","name":"B\u1ed9t Rau M\u00e1 Qu\u1ea3ng Thanh - C\u1eeda h\u00e0ng D\u01b0\u1ee3c Li\u1ec7u Kim Long","isPartOf":{"@id":"https:\/\/duoclieukimlong.com\/#website"},"datePublished":"2025-12-05T07:35:18+00:00","dateModified":"2026-03-13T07:40:23+00:00","breadcrumb":{"@id":"https:\/\/duoclieukimlong.com\/bot-rau-ma-quang-thanh\/#breadcrumb"},"inLanguage":"en-US","potentialAction":[{"@type":"ReadAction","target":["https:\/\/duoclieukimlong.com\/bot-rau-ma-quang-thanh\/"]}]},{"@type":"BreadcrumbList","@id":"https:\/\/duoclieukimlong.com\/bot-rau-ma-quang-thanh\/#breadcrumb","itemListElement":[{"@type":"ListItem","position":1,"name":"Trang ch\u1ee7","item":"https:\/\/duoclieukimlong.com\/"},{"@type":"ListItem","position":2,"name":"S\u1ea3n ph\u1ea9m","item":"https:\/\/duoclieukimlong.com\/shop\/"},{"@type":"ListItem","position":3,"name":"B\u1ed9t Rau M\u00e1 Qu\u1ea3ng Thanh"}]},{"@type":"WebSite","@id":"https:\/\/duoclieukimlong.com\/#website","url":"https:\/\/duoclieukimlong.com\/","name":"C\u1eeda h\u00e0ng D\u01b0\u1ee3c Li\u1ec7u Kim Long","description":"","potentialAction":[{"@type":"SearchAction","target":{"@type":"EntryPoint","urlTemplate":"https:\/\/duoclieukimlong.com\/?s={search_term_string}"},"query-input":"required name=search_term_string"}],"inLanguage":"en-US"}]}},"_links":{"self":[{"href":"https:\/\/duoclieukimlong.com\/en\/wp-json\/wp\/v2\/product\/1226"}],"collection":[{"href":"https:\/\/duoclieukimlong.com\/en\/wp-json\/wp\/v2\/product"}],"about":[{"href":"https:\/\/duoclieukimlong.com\/en\/wp-json\/wp\/v2\/types\/product"}],"replies":[{"embeddable":true,"href":"https:\/\/duoclieukimlong.com\/en\/wp-json\/wp\/v2\/comments?post=1226"}],"wp:featuredmedia":[{"embeddable":true,"href":"https:\/\/duoclieukimlong.com\/en\/wp-json\/wp\/v2\/media\/1222"}],"wp:attachment":[{"href":"https:\/\/duoclieukimlong.com\/en\/wp-json\/wp\/v2\/media?parent=1226"}],"wp:term":[{"taxonomy":"product_cat","embeddable":true,"href":"https:\/\/duoclieukimlong.com\/en\/wp-json\/wp\/v2\/product_cat?post=1226"},{"taxonomy":"product_tag","embeddable":true,"href":"https:\/\/duoclieukimlong.com\/en\/wp-json\/wp\/v2\/product_tag?post=1226"}],"curies":[{"name":"wp","href":"https:\/\/api.w.org\/{rel}","templated":true}]}}