{"id":1227,"date":"2025-12-05T14:35:56","date_gmt":"2025-12-05T07:35:56","guid":{"rendered":"https:\/\/duoclieukimlong.123websitedev.com\/?post_type=product&#038;p=1227"},"modified":"2026-03-13T14:39:59","modified_gmt":"2026-03-13T07:39:59","slug":"bot-tia-to-huu-co","status":"publish","type":"product","link":"https:\/\/duoclieukimlong.com\/en\/bot-tia-to-huu-co\/","title":{"rendered":"Organic Perilla Powder"},"content":{"rendered":"<p>B\u1ed9t t\u00eda t\u00f4 \u0111\u01b0\u1ee3c xem l\u00e0 kh\u1eafc tinh c\u1ee7a b\u1ec7nh Gout nh\u1edd kh\u1ea3 n\u0103ng \u1ee9c ch\u1ebf axit uric trong m\u00e1u. Ng\u01b0\u1eddi b\u1ecb \u0111au nh\u1ee9c x\u01b0\u01a1ng kh\u1edbp u\u1ed1ng tr\u00e0 b\u1ed9t t\u00eda t\u00f4 h\u00e0ng ng\u00e0y s\u1ebd th\u1ea5y c\u1ea3i thi\u1ec7n r\u00f5 r\u1ec7t. Ngo\u00e0i ra, t\u00eda t\u00f4 c\u00f2n c\u00f3 t\u00ednh kh\u00e1ng khu\u1ea9n cao, gi\u00fap tr\u1ecb c\u1ea3m m\u1ea1o, ho khan khi th\u1eddi ti\u1ebft thay \u0111\u1ed5i. Trong l\u00e0m \u0111\u1eb9p, x\u00f4ng h\u01a1i ho\u1eb7c \u0111\u1eafp m\u1eb7t n\u1ea1 b\u1ed9t t\u00eda t\u00f4 gi\u00fap l\u00e0m s\u1ea1ch s\u00e2u l\u1ed7 ch\u00e2n l\u00f4ng, tr\u1ecb m\u1ee5n c\u00e1m v\u00e0 l\u00e0m tr\u1eafng da an to\u00e0n.<\/p>","protected":false},"excerpt":{"rendered":"<p>Ch\u1ebf bi\u1ebfn t\u1eeb l\u00e1 v\u00e0 th\u00e2n t\u00eda t\u00f4 t\u00edm tr\u1ed3ng theo ph\u01b0\u01a1ng ph\u00e1p h\u1eefu c\u01a1. H\u01b0\u01a1ng v\u1ecb th\u01a1m n\u1ed3ng \u0111\u1eb7c tr\u01b0ng, t\u00ednh \u1ea5m. Chuy\u00ean d\u00f9ng \u0111\u1ec3 gi\u1ea3i c\u1ea3m, h\u1ed7 tr\u1ee3 \u0111i\u1ec1u tr\u1ecb b\u1ec7nh Gout v\u00e0 l\u00e0m \u0111\u1eb9p da.<\/p>","protected":false},"featured_media":1223,"comment_status":"open","ping_status":"closed","template":"","meta":{"inline_featured_image":false},"product_cat":[172,171,156],"product_tag":[],"class_list":{"0":"post-1227","1":"product","2":"type-product","3":"status-publish","4":"has-post-thumbnail","6":"product_cat-benh-gan-ty-vi-theo-toa","7":"product_cat-benh-tim-mach-theo-toa","8":"product_cat-thao-duoc","10":"first","11":"instock","12":"featured","13":"shipping-taxable","14":"purchasable","15":"product-type-simple"},"yoast_head":"<!-- This site is optimized with the Yoast SEO Premium plugin v20.9 (Yoast SEO v20.9) - https:\/\/yoast.com\/wordpress\/plugins\/seo\/ -->\n<title>B\u1ed9t T\u00eda T\u00f4 H\u1eefu C\u01a1 - C\u1eeda h\u00e0ng D\u01b0\u1ee3c Li\u1ec7u Kim Long<\/title>\n<meta name=\"robots\" content=\"index, follow, max-snippet:-1, max-image-preview:large, max-video-preview:-1\" \/>\n<link rel=\"canonical\" href=\"https:\/\/duoclieukimlong.com\/en\/bot-tia-to-huu-co\/\" \/>\n<meta property=\"og:locale\" content=\"en_US\" \/>\n<meta property=\"og:type\" content=\"article\" \/>\n<meta property=\"og:title\" content=\"B\u1ed9t T\u00eda T\u00f4 H\u1eefu C\u01a1\" \/>\n<meta property=\"og:description\" content=\"Ch\u1ebf bi\u1ebfn t\u1eeb l\u00e1 v\u00e0 th\u00e2n t\u00eda t\u00f4 t\u00edm tr\u1ed3ng theo ph\u01b0\u01a1ng ph\u00e1p h\u1eefu c\u01a1. H\u01b0\u01a1ng v\u1ecb th\u01a1m n\u1ed3ng \u0111\u1eb7c tr\u01b0ng, t\u00ednh \u1ea5m. Chuy\u00ean d\u00f9ng \u0111\u1ec3 gi\u1ea3i c\u1ea3m, h\u1ed7 tr\u1ee3 \u0111i\u1ec1u tr\u1ecb b\u1ec7nh Gout v\u00e0 l\u00e0m \u0111\u1eb9p da.\" \/>\n<meta property=\"og:url\" content=\"https:\/\/duoclieukimlong.com\/en\/bot-tia-to-huu-co\/\" \/>\n<meta property=\"og:site_name\" content=\"C\u1eeda h\u00e0ng D\u01b0\u1ee3c Li\u1ec7u Kim Long\" \/>\n<meta property=\"article:modified_time\" content=\"2026-03-13T07:39:59+00:00\" \/>\n<meta property=\"og:image\" content=\"https:\/\/duoclieukimlong.com\/wp-content\/uploads\/2025\/12\/bot-rau-tia-to-perilla-.jpg\" \/>\n\t<meta property=\"og:image:width\" content=\"500\" \/>\n\t<meta property=\"og:image:height\" content=\"500\" \/>\n\t<meta property=\"og:image:type\" content=\"image\/jpeg\" \/>\n<meta name=\"twitter:card\" content=\"summary_large_image\" \/>\n<meta name=\"twitter:label1\" content=\"Est. reading time\" \/>\n\t<meta name=\"twitter:data1\" content=\"1 minute\" \/>\n<script type=\"application\/ld+json\" class=\"yoast-schema-graph\">{\"@context\":\"https:\/\/schema.org\",\"@graph\":[{\"@type\":\"WebPage\",\"@id\":\"https:\/\/duoclieukimlong.com\/bot-tia-to-huu-co\/\",\"url\":\"https:\/\/duoclieukimlong.com\/bot-tia-to-huu-co\/\",\"name\":\"B\u1ed9t T\u00eda T\u00f4 H\u1eefu C\u01a1 - C\u1eeda h\u00e0ng D\u01b0\u1ee3c Li\u1ec7u Kim Long\",\"isPartOf\":{\"@id\":\"https:\/\/duoclieukimlong.com\/#website\"},\"datePublished\":\"2025-12-05T07:35:56+00:00\",\"dateModified\":\"2026-03-13T07:39:59+00:00\",\"breadcrumb\":{\"@id\":\"https:\/\/duoclieukimlong.com\/bot-tia-to-huu-co\/#breadcrumb\"},\"inLanguage\":\"en-US\",\"potentialAction\":[{\"@type\":\"ReadAction\",\"target\":[\"https:\/\/duoclieukimlong.com\/bot-tia-to-huu-co\/\"]}]},{\"@type\":\"BreadcrumbList\",\"@id\":\"https:\/\/duoclieukimlong.com\/bot-tia-to-huu-co\/#breadcrumb\",\"itemListElement\":[{\"@type\":\"ListItem\",\"position\":1,\"name\":\"Trang ch\u1ee7\",\"item\":\"https:\/\/duoclieukimlong.com\/\"},{\"@type\":\"ListItem\",\"position\":2,\"name\":\"S\u1ea3n ph\u1ea9m\",\"item\":\"https:\/\/duoclieukimlong.com\/shop\/\"},{\"@type\":\"ListItem\",\"position\":3,\"name\":\"B\u1ed9t T\u00eda T\u00f4 H\u1eefu C\u01a1\"}]},{\"@type\":\"WebSite\",\"@id\":\"https:\/\/duoclieukimlong.com\/#website\",\"url\":\"https:\/\/duoclieukimlong.com\/\",\"name\":\"C\u1eeda h\u00e0ng D\u01b0\u1ee3c Li\u1ec7u Kim Long\",\"description\":\"\",\"potentialAction\":[{\"@type\":\"SearchAction\",\"target\":{\"@type\":\"EntryPoint\",\"urlTemplate\":\"https:\/\/duoclieukimlong.com\/?s={search_term_string}\"},\"query-input\":\"required name=search_term_string\"}],\"inLanguage\":\"en-US\"}]}<\/script>\n<!-- \/ Yoast SEO Premium plugin. -->","yoast_head_json":{"title":"B\u1ed9t T\u00eda T\u00f4 H\u1eefu C\u01a1 - C\u1eeda h\u00e0ng D\u01b0\u1ee3c Li\u1ec7u Kim Long","robots":{"index":"index","follow":"follow","max-snippet":"max-snippet:-1","max-image-preview":"max-image-preview:large","max-video-preview":"max-video-preview:-1"},"canonical":"https:\/\/duoclieukimlong.com\/en\/bot-tia-to-huu-co\/","og_locale":"en_US","og_type":"article","og_title":"B\u1ed9t T\u00eda T\u00f4 H\u1eefu C\u01a1","og_description":"Ch\u1ebf bi\u1ebfn t\u1eeb l\u00e1 v\u00e0 th\u00e2n t\u00eda t\u00f4 t\u00edm tr\u1ed3ng theo ph\u01b0\u01a1ng ph\u00e1p h\u1eefu c\u01a1. H\u01b0\u01a1ng v\u1ecb th\u01a1m n\u1ed3ng \u0111\u1eb7c tr\u01b0ng, t\u00ednh \u1ea5m. Chuy\u00ean d\u00f9ng \u0111\u1ec3 gi\u1ea3i c\u1ea3m, h\u1ed7 tr\u1ee3 \u0111i\u1ec1u tr\u1ecb b\u1ec7nh Gout v\u00e0 l\u00e0m \u0111\u1eb9p da.","og_url":"https:\/\/duoclieukimlong.com\/en\/bot-tia-to-huu-co\/","og_site_name":"C\u1eeda h\u00e0ng D\u01b0\u1ee3c Li\u1ec7u Kim Long","article_modified_time":"2026-03-13T07:39:59+00:00","og_image":[{"width":500,"height":500,"url":"https:\/\/duoclieukimlong.com\/wp-content\/uploads\/2025\/12\/bot-rau-tia-to-perilla-.jpg","type":"image\/jpeg"}],"twitter_card":"summary_large_image","twitter_misc":{"Est. reading time":"1 minute"},"schema":{"@context":"https:\/\/schema.org","@graph":[{"@type":"WebPage","@id":"https:\/\/duoclieukimlong.com\/bot-tia-to-huu-co\/","url":"https:\/\/duoclieukimlong.com\/bot-tia-to-huu-co\/","name":"B\u1ed9t T\u00eda T\u00f4 H\u1eefu C\u01a1 - C\u1eeda h\u00e0ng D\u01b0\u1ee3c Li\u1ec7u Kim Long","isPartOf":{"@id":"https:\/\/duoclieukimlong.com\/#website"},"datePublished":"2025-12-05T07:35:56+00:00","dateModified":"2026-03-13T07:39:59+00:00","breadcrumb":{"@id":"https:\/\/duoclieukimlong.com\/bot-tia-to-huu-co\/#breadcrumb"},"inLanguage":"en-US","potentialAction":[{"@type":"ReadAction","target":["https:\/\/duoclieukimlong.com\/bot-tia-to-huu-co\/"]}]},{"@type":"BreadcrumbList","@id":"https:\/\/duoclieukimlong.com\/bot-tia-to-huu-co\/#breadcrumb","itemListElement":[{"@type":"ListItem","position":1,"name":"Trang ch\u1ee7","item":"https:\/\/duoclieukimlong.com\/"},{"@type":"ListItem","position":2,"name":"S\u1ea3n ph\u1ea9m","item":"https:\/\/duoclieukimlong.com\/shop\/"},{"@type":"ListItem","position":3,"name":"B\u1ed9t T\u00eda T\u00f4 H\u1eefu C\u01a1"}]},{"@type":"WebSite","@id":"https:\/\/duoclieukimlong.com\/#website","url":"https:\/\/duoclieukimlong.com\/","name":"C\u1eeda h\u00e0ng D\u01b0\u1ee3c Li\u1ec7u Kim Long","description":"","potentialAction":[{"@type":"SearchAction","target":{"@type":"EntryPoint","urlTemplate":"https:\/\/duoclieukimlong.com\/?s={search_term_string}"},"query-input":"required name=search_term_string"}],"inLanguage":"en-US"}]}},"_links":{"self":[{"href":"https:\/\/duoclieukimlong.com\/en\/wp-json\/wp\/v2\/product\/1227"}],"collection":[{"href":"https:\/\/duoclieukimlong.com\/en\/wp-json\/wp\/v2\/product"}],"about":[{"href":"https:\/\/duoclieukimlong.com\/en\/wp-json\/wp\/v2\/types\/product"}],"replies":[{"embeddable":true,"href":"https:\/\/duoclieukimlong.com\/en\/wp-json\/wp\/v2\/comments?post=1227"}],"wp:featuredmedia":[{"embeddable":true,"href":"https:\/\/duoclieukimlong.com\/en\/wp-json\/wp\/v2\/media\/1223"}],"wp:attachment":[{"href":"https:\/\/duoclieukimlong.com\/en\/wp-json\/wp\/v2\/media?parent=1227"}],"wp:term":[{"taxonomy":"product_cat","embeddable":true,"href":"https:\/\/duoclieukimlong.com\/en\/wp-json\/wp\/v2\/product_cat?post=1227"},{"taxonomy":"product_tag","embeddable":true,"href":"https:\/\/duoclieukimlong.com\/en\/wp-json\/wp\/v2\/product_tag?post=1227"}],"curies":[{"name":"wp","href":"https:\/\/api.w.org\/{rel}","templated":true}]}}