{"id":1228,"date":"2025-12-05T14:37:01","date_gmt":"2025-12-05T07:37:01","guid":{"rendered":"https:\/\/duoclieukimlong.123websitedev.com\/?post_type=product&#038;p=1228"},"modified":"2026-03-13T14:39:59","modified_gmt":"2026-03-13T07:39:59","slug":"bot-chum-ngay-dinh-duong","status":"publish","type":"product","link":"https:\/\/duoclieukimlong.com\/en\/bot-chum-ngay-dinh-duong\/","title":{"rendered":"Nutritional Moringa Powder"},"content":{"rendered":"<p>B\u1ed9t ch\u00f9m ng\u00e2y l\u00e0 si\u00eau th\u1ef1c ph\u1ea9m b\u1ed5 sung vi ch\u1ea5t cho ng\u01b0\u1eddi \u0103n chay, tr\u1ebb em bi\u1ebfng \u0103n ho\u1eb7c ng\u01b0\u1eddi m\u1edbi \u1ed1m d\u1eady. Ch\u1ec9 c\u1ea7n m\u1ed9t l\u01b0\u1ee3ng nh\u1ecf b\u1ed9t ch\u00f9m ng\u00e2y \u0111\u00e3 cung c\u1ea5p \u0111\u1ea7y \u0111\u1ee7 protein, canxi v\u00e0 c\u00e1c axit amin thi\u1ebft y\u1ebfu cho c\u01a1 th\u1ec3. S\u1ea3n ph\u1ea9m c\u00f3 m\u00f9i th\u01a1m nh\u1eb9 gi\u1ed1ng tr\u00e0 xanh, r\u1ea5t d\u1ec5 k\u1ebft h\u1ee3p v\u00e0o c\u00e1c m\u00f3n \u0103n nh\u01b0 ch\u00e1o, s\u00fap, l\u00e0m b\u00e1nh ho\u1eb7c pha sinh t\u1ed1. L\u01b0u \u00fd kh\u00f4ng n\u00ean d\u00f9ng bu\u1ed5i t\u1ed1i v\u00ec h\u00e0m l\u01b0\u1ee3ng vitamin C cao c\u00f3 th\u1ec3 g\u00e2y t\u1ec9nh t\u00e1o kh\u00f3 ng\u1ee7.<\/p>","protected":false},"excerpt":{"rendered":"<p>\u0110\u01b0\u1ee3c m\u1ec7nh danh l\u00e0 c\u00e2y \u0111\u1ed9 sinh nh\u1edd h\u00e0m l\u01b0\u1ee3ng dinh d\u01b0\u1ee1ng si\u00eau cao. B\u1ed9t ch\u00f9m ng\u00e2y ch\u1ee9a vitamin C g\u1ea5p 7 l\u1ea7n cam, vitamin A g\u1ea5p 4 l\u1ea7n c\u00e0 r\u1ed1t. Th\u00edch h\u1ee3p d\u00f9ng n\u1ea5u ch\u00e1o cho b\u00e9 ho\u1eb7c pha s\u1eefa u\u1ed1ng<\/p>","protected":false},"featured_media":1221,"comment_status":"open","ping_status":"closed","template":"","meta":{"inline_featured_image":false},"product_cat":[172,171,156],"product_tag":[],"class_list":{"0":"post-1228","1":"product","2":"type-product","3":"status-publish","4":"has-post-thumbnail","6":"product_cat-benh-gan-ty-vi-theo-toa","7":"product_cat-benh-tim-mach-theo-toa","8":"product_cat-thao-duoc","10":"first","11":"instock","12":"shipping-taxable","13":"purchasable","14":"product-type-simple"},"yoast_head":"<!-- This site is optimized with the Yoast SEO Premium plugin v20.9 (Yoast SEO v20.9) - https:\/\/yoast.com\/wordpress\/plugins\/seo\/ -->\n<title>B\u1ed9t Ch\u00f9m Ng\u00e2y Dinh D\u01b0\u1ee1ng - C\u1eeda h\u00e0ng D\u01b0\u1ee3c Li\u1ec7u Kim Long<\/title>\n<meta name=\"robots\" content=\"index, follow, max-snippet:-1, max-image-preview:large, max-video-preview:-1\" \/>\n<link rel=\"canonical\" href=\"https:\/\/duoclieukimlong.com\/en\/bot-chum-ngay-dinh-duong\/\" \/>\n<meta property=\"og:locale\" content=\"en_US\" \/>\n<meta property=\"og:type\" content=\"article\" \/>\n<meta property=\"og:title\" content=\"B\u1ed9t Ch\u00f9m Ng\u00e2y Dinh D\u01b0\u1ee1ng\" \/>\n<meta property=\"og:description\" content=\"\u0110\u01b0\u1ee3c m\u1ec7nh danh l\u00e0 c\u00e2y \u0111\u1ed9 sinh nh\u1edd h\u00e0m l\u01b0\u1ee3ng dinh d\u01b0\u1ee1ng si\u00eau cao. B\u1ed9t ch\u00f9m ng\u00e2y ch\u1ee9a vitamin C g\u1ea5p 7 l\u1ea7n cam, vitamin A g\u1ea5p 4 l\u1ea7n c\u00e0 r\u1ed1t. Th\u00edch h\u1ee3p d\u00f9ng n\u1ea5u ch\u00e1o cho b\u00e9 ho\u1eb7c pha s\u1eefa u\u1ed1ng\" \/>\n<meta property=\"og:url\" content=\"https:\/\/duoclieukimlong.com\/en\/bot-chum-ngay-dinh-duong\/\" \/>\n<meta property=\"og:site_name\" content=\"C\u1eeda h\u00e0ng D\u01b0\u1ee3c Li\u1ec7u Kim Long\" \/>\n<meta property=\"article:modified_time\" content=\"2026-03-13T07:39:59+00:00\" \/>\n<meta property=\"og:image\" content=\"https:\/\/duoclieukimlong.com\/wp-content\/uploads\/2025\/12\/bot-chum-ngay-moringa.jpg\" \/>\n\t<meta property=\"og:image:width\" content=\"500\" \/>\n\t<meta property=\"og:image:height\" content=\"500\" \/>\n\t<meta property=\"og:image:type\" content=\"image\/jpeg\" \/>\n<meta name=\"twitter:card\" content=\"summary_large_image\" \/>\n<meta name=\"twitter:label1\" content=\"Est. reading time\" \/>\n\t<meta name=\"twitter:data1\" content=\"1 minute\" \/>\n<script type=\"application\/ld+json\" class=\"yoast-schema-graph\">{\"@context\":\"https:\/\/schema.org\",\"@graph\":[{\"@type\":\"WebPage\",\"@id\":\"https:\/\/duoclieukimlong.com\/bot-chum-ngay-dinh-duong\/\",\"url\":\"https:\/\/duoclieukimlong.com\/bot-chum-ngay-dinh-duong\/\",\"name\":\"B\u1ed9t Ch\u00f9m Ng\u00e2y Dinh D\u01b0\u1ee1ng - C\u1eeda h\u00e0ng D\u01b0\u1ee3c Li\u1ec7u Kim Long\",\"isPartOf\":{\"@id\":\"https:\/\/duoclieukimlong.com\/#website\"},\"datePublished\":\"2025-12-05T07:37:01+00:00\",\"dateModified\":\"2026-03-13T07:39:59+00:00\",\"breadcrumb\":{\"@id\":\"https:\/\/duoclieukimlong.com\/bot-chum-ngay-dinh-duong\/#breadcrumb\"},\"inLanguage\":\"en-US\",\"potentialAction\":[{\"@type\":\"ReadAction\",\"target\":[\"https:\/\/duoclieukimlong.com\/bot-chum-ngay-dinh-duong\/\"]}]},{\"@type\":\"BreadcrumbList\",\"@id\":\"https:\/\/duoclieukimlong.com\/bot-chum-ngay-dinh-duong\/#breadcrumb\",\"itemListElement\":[{\"@type\":\"ListItem\",\"position\":1,\"name\":\"Trang ch\u1ee7\",\"item\":\"https:\/\/duoclieukimlong.com\/\"},{\"@type\":\"ListItem\",\"position\":2,\"name\":\"S\u1ea3n ph\u1ea9m\",\"item\":\"https:\/\/duoclieukimlong.com\/shop\/\"},{\"@type\":\"ListItem\",\"position\":3,\"name\":\"B\u1ed9t Ch\u00f9m Ng\u00e2y Dinh D\u01b0\u1ee1ng\"}]},{\"@type\":\"WebSite\",\"@id\":\"https:\/\/duoclieukimlong.com\/#website\",\"url\":\"https:\/\/duoclieukimlong.com\/\",\"name\":\"C\u1eeda h\u00e0ng D\u01b0\u1ee3c Li\u1ec7u Kim Long\",\"description\":\"\",\"potentialAction\":[{\"@type\":\"SearchAction\",\"target\":{\"@type\":\"EntryPoint\",\"urlTemplate\":\"https:\/\/duoclieukimlong.com\/?s={search_term_string}\"},\"query-input\":\"required name=search_term_string\"}],\"inLanguage\":\"en-US\"}]}<\/script>\n<!-- \/ Yoast SEO Premium plugin. -->","yoast_head_json":{"title":"B\u1ed9t Ch\u00f9m Ng\u00e2y Dinh D\u01b0\u1ee1ng - C\u1eeda h\u00e0ng D\u01b0\u1ee3c Li\u1ec7u Kim Long","robots":{"index":"index","follow":"follow","max-snippet":"max-snippet:-1","max-image-preview":"max-image-preview:large","max-video-preview":"max-video-preview:-1"},"canonical":"https:\/\/duoclieukimlong.com\/en\/bot-chum-ngay-dinh-duong\/","og_locale":"en_US","og_type":"article","og_title":"B\u1ed9t Ch\u00f9m Ng\u00e2y Dinh D\u01b0\u1ee1ng","og_description":"\u0110\u01b0\u1ee3c m\u1ec7nh danh l\u00e0 c\u00e2y \u0111\u1ed9 sinh nh\u1edd h\u00e0m l\u01b0\u1ee3ng dinh d\u01b0\u1ee1ng si\u00eau cao. B\u1ed9t ch\u00f9m ng\u00e2y ch\u1ee9a vitamin C g\u1ea5p 7 l\u1ea7n cam, vitamin A g\u1ea5p 4 l\u1ea7n c\u00e0 r\u1ed1t. Th\u00edch h\u1ee3p d\u00f9ng n\u1ea5u ch\u00e1o cho b\u00e9 ho\u1eb7c pha s\u1eefa u\u1ed1ng","og_url":"https:\/\/duoclieukimlong.com\/en\/bot-chum-ngay-dinh-duong\/","og_site_name":"C\u1eeda h\u00e0ng D\u01b0\u1ee3c Li\u1ec7u Kim Long","article_modified_time":"2026-03-13T07:39:59+00:00","og_image":[{"width":500,"height":500,"url":"https:\/\/duoclieukimlong.com\/wp-content\/uploads\/2025\/12\/bot-chum-ngay-moringa.jpg","type":"image\/jpeg"}],"twitter_card":"summary_large_image","twitter_misc":{"Est. reading time":"1 minute"},"schema":{"@context":"https:\/\/schema.org","@graph":[{"@type":"WebPage","@id":"https:\/\/duoclieukimlong.com\/bot-chum-ngay-dinh-duong\/","url":"https:\/\/duoclieukimlong.com\/bot-chum-ngay-dinh-duong\/","name":"B\u1ed9t Ch\u00f9m Ng\u00e2y Dinh D\u01b0\u1ee1ng - C\u1eeda h\u00e0ng D\u01b0\u1ee3c Li\u1ec7u Kim Long","isPartOf":{"@id":"https:\/\/duoclieukimlong.com\/#website"},"datePublished":"2025-12-05T07:37:01+00:00","dateModified":"2026-03-13T07:39:59+00:00","breadcrumb":{"@id":"https:\/\/duoclieukimlong.com\/bot-chum-ngay-dinh-duong\/#breadcrumb"},"inLanguage":"en-US","potentialAction":[{"@type":"ReadAction","target":["https:\/\/duoclieukimlong.com\/bot-chum-ngay-dinh-duong\/"]}]},{"@type":"BreadcrumbList","@id":"https:\/\/duoclieukimlong.com\/bot-chum-ngay-dinh-duong\/#breadcrumb","itemListElement":[{"@type":"ListItem","position":1,"name":"Trang ch\u1ee7","item":"https:\/\/duoclieukimlong.com\/"},{"@type":"ListItem","position":2,"name":"S\u1ea3n ph\u1ea9m","item":"https:\/\/duoclieukimlong.com\/shop\/"},{"@type":"ListItem","position":3,"name":"B\u1ed9t Ch\u00f9m Ng\u00e2y Dinh D\u01b0\u1ee1ng"}]},{"@type":"WebSite","@id":"https:\/\/duoclieukimlong.com\/#website","url":"https:\/\/duoclieukimlong.com\/","name":"C\u1eeda h\u00e0ng D\u01b0\u1ee3c Li\u1ec7u Kim Long","description":"","potentialAction":[{"@type":"SearchAction","target":{"@type":"EntryPoint","urlTemplate":"https:\/\/duoclieukimlong.com\/?s={search_term_string}"},"query-input":"required name=search_term_string"}],"inLanguage":"en-US"}]}},"_links":{"self":[{"href":"https:\/\/duoclieukimlong.com\/en\/wp-json\/wp\/v2\/product\/1228"}],"collection":[{"href":"https:\/\/duoclieukimlong.com\/en\/wp-json\/wp\/v2\/product"}],"about":[{"href":"https:\/\/duoclieukimlong.com\/en\/wp-json\/wp\/v2\/types\/product"}],"replies":[{"embeddable":true,"href":"https:\/\/duoclieukimlong.com\/en\/wp-json\/wp\/v2\/comments?post=1228"}],"wp:featuredmedia":[{"embeddable":true,"href":"https:\/\/duoclieukimlong.com\/en\/wp-json\/wp\/v2\/media\/1221"}],"wp:attachment":[{"href":"https:\/\/duoclieukimlong.com\/en\/wp-json\/wp\/v2\/media?parent=1228"}],"wp:term":[{"taxonomy":"product_cat","embeddable":true,"href":"https:\/\/duoclieukimlong.com\/en\/wp-json\/wp\/v2\/product_cat?post=1228"},{"taxonomy":"product_tag","embeddable":true,"href":"https:\/\/duoclieukimlong.com\/en\/wp-json\/wp\/v2\/product_tag?post=1228"}],"curies":[{"name":"wp","href":"https:\/\/api.w.org\/{rel}","templated":true}]}}