{"id":1239,"date":"2025-12-05T14:51:25","date_gmt":"2025-12-05T07:51:25","guid":{"rendered":"https:\/\/duoclieukimlong.123websitedev.com\/?post_type=product&#038;p=1239"},"modified":"2026-03-13T14:39:59","modified_gmt":"2026-03-13T07:39:59","slug":"sam-ngoc-linh-tuoi","status":"publish","type":"product","link":"https:\/\/duoclieukimlong.com\/en\/sam-ngoc-linh-tuoi\/","title":{"rendered":"Fresh Ngoc Linh Ginseng"},"content":{"rendered":"<p>S\u00e2m Ng\u1ecdc Linh t\u01b0\u01a1i l\u00e0 qu\u1ed1c b\u1ea3o c\u1ee7a Vi\u1ec7t Nam, n\u1ed5i ti\u1ebfng v\u1edbi kh\u1ea3 n\u0103ng ph\u1ee5c h\u1ed3i s\u1ee9c kh\u1ecfe th\u1ea7n k\u1ef3. S\u1ea3n ph\u1ea9m \u0111\u01b0\u1ee3c giao \u0111\u1ebfn tay kh\u00e1ch h\u00e0ng v\u1eabn c\u00f2n nguy\u00ean l\u1edbp \u0111\u1ea5t m\u00f9n n\u00fai cao \u0111\u1ec3 gi\u1eef \u0111\u1ed9 t\u01b0\u01a1i. C\u1ee7 s\u00e2m c\u00f3 m\u00e0u v\u00e0ng n\u00e2u ho\u1eb7c x\u00e1m nh\u1ea1t, tr\u00ean th\u00e2n c\u00f3 nhi\u1ec1u s\u1eb9o do l\u00e1 r\u1ee5ng qua t\u1eebng n\u0103m (\u0111\u1ed1t s\u00e2m). S\u00e2m t\u01b0\u01a1i th\u01b0\u1eddng d\u00f9ng \u0111\u1ec3 ng\u00e2m r\u01b0\u1ee3u tr\u01b0ng b\u00e0y r\u1ea5t sang tr\u1ecdng ho\u1eb7c ng\u00e2m m\u1eadt ong \u0111\u1ec3 d\u00f9ng d\u1ea7n. Khi \u0103n t\u01b0\u01a1i s\u1ebd c\u1ea3m nh\u1eadn \u0111\u01b0\u1ee3c v\u1ecb \u0111\u1eafng g\u1eaft ban \u0111\u1ea7u nh\u01b0ng ng\u1ecdt h\u1eadu r\u1ea5t s\u00e2u v\u00e0 l\u01b0u h\u01b0\u01a1ng th\u01a1m m\u00e1t trong c\u1ed5 h\u1ecdng r\u1ea5t l\u00e2u.<\/p>","protected":false},"excerpt":{"rendered":"<p>S\u00e2m t\u01b0\u01a1i nguy\u00ean c\u1ee7 bao g\u1ed3m c\u1ea3 th\u00e2n l\u00e1, \u0111\u01b0\u1ee3c khai th\u00e1c tr\u1ef1c ti\u1ebfp t\u1ea1i v\u01b0\u1eddn s\u00e2m g\u1ed1c tr\u00ean \u0111\u1ec9nh n\u00fai Ng\u1ecdc Linh. C\u1ee7 s\u00e2m gi\u00e0 nhi\u1ec1u \u0111\u1ed1t, r\u1ec5 b\u00e1m ch\u1eafc, ch\u1ee9a h\u00e0m l\u01b0\u1ee3ng Saponin t\u1ef1 nhi\u00ean cao nh\u1ea5t th\u1ebf gi\u1edbi.<\/p>","protected":false},"featured_media":1241,"comment_status":"open","ping_status":"closed","template":"","meta":{"inline_featured_image":false},"product_cat":[172,171,156],"product_tag":[],"class_list":{"0":"post-1239","1":"product","2":"type-product","3":"status-publish","4":"has-post-thumbnail","6":"product_cat-benh-gan-ty-vi-theo-toa","7":"product_cat-benh-tim-mach-theo-toa","8":"product_cat-thao-duoc","10":"first","11":"instock","12":"featured","13":"shipping-taxable","14":"purchasable","15":"product-type-simple"},"yoast_head":"<!-- This site is optimized with the Yoast SEO Premium plugin v20.9 (Yoast SEO v20.9) - https:\/\/yoast.com\/wordpress\/plugins\/seo\/ -->\n<title>S\u00e2m Ng\u1ecdc Linh T\u01b0\u01a1i - C\u1eeda h\u00e0ng D\u01b0\u1ee3c Li\u1ec7u Kim Long<\/title>\n<meta name=\"robots\" content=\"index, follow, max-snippet:-1, max-image-preview:large, max-video-preview:-1\" \/>\n<link rel=\"canonical\" href=\"https:\/\/duoclieukimlong.com\/en\/sam-ngoc-linh-tuoi\/\" \/>\n<meta property=\"og:locale\" content=\"en_US\" \/>\n<meta property=\"og:type\" content=\"article\" \/>\n<meta property=\"og:title\" content=\"S\u00e2m Ng\u1ecdc Linh T\u01b0\u01a1i\" \/>\n<meta property=\"og:description\" content=\"S\u00e2m t\u01b0\u01a1i nguy\u00ean c\u1ee7 bao g\u1ed3m c\u1ea3 th\u00e2n l\u00e1, \u0111\u01b0\u1ee3c khai th\u00e1c tr\u1ef1c ti\u1ebfp t\u1ea1i v\u01b0\u1eddn s\u00e2m g\u1ed1c tr\u00ean \u0111\u1ec9nh n\u00fai Ng\u1ecdc Linh. C\u1ee7 s\u00e2m gi\u00e0 nhi\u1ec1u \u0111\u1ed1t, r\u1ec5 b\u00e1m ch\u1eafc, ch\u1ee9a h\u00e0m l\u01b0\u1ee3ng Saponin t\u1ef1 nhi\u00ean cao nh\u1ea5t th\u1ebf gi\u1edbi.\" \/>\n<meta property=\"og:url\" content=\"https:\/\/duoclieukimlong.com\/en\/sam-ngoc-linh-tuoi\/\" \/>\n<meta property=\"og:site_name\" content=\"C\u1eeda h\u00e0ng D\u01b0\u1ee3c Li\u1ec7u Kim Long\" \/>\n<meta property=\"article:modified_time\" content=\"2026-03-13T07:39:59+00:00\" \/>\n<meta property=\"og:image\" content=\"https:\/\/duoclieukimlong.com\/wp-content\/uploads\/2025\/12\/Cu-Ba-Kich-Tim-Tuoi-Quang-Ninh.jpg\" \/>\n\t<meta property=\"og:image:width\" content=\"1200\" \/>\n\t<meta property=\"og:image:height\" content=\"900\" \/>\n\t<meta property=\"og:image:type\" content=\"image\/jpeg\" \/>\n<meta name=\"twitter:card\" content=\"summary_large_image\" \/>\n<meta name=\"twitter:label1\" content=\"Est. reading time\" \/>\n\t<meta name=\"twitter:data1\" content=\"1 minute\" \/>\n<script type=\"application\/ld+json\" class=\"yoast-schema-graph\">{\"@context\":\"https:\/\/schema.org\",\"@graph\":[{\"@type\":\"WebPage\",\"@id\":\"https:\/\/duoclieukimlong.com\/sam-ngoc-linh-tuoi\/\",\"url\":\"https:\/\/duoclieukimlong.com\/sam-ngoc-linh-tuoi\/\",\"name\":\"S\u00e2m Ng\u1ecdc Linh T\u01b0\u01a1i - C\u1eeda h\u00e0ng D\u01b0\u1ee3c Li\u1ec7u Kim Long\",\"isPartOf\":{\"@id\":\"https:\/\/duoclieukimlong.com\/#website\"},\"datePublished\":\"2025-12-05T07:51:25+00:00\",\"dateModified\":\"2026-03-13T07:39:59+00:00\",\"breadcrumb\":{\"@id\":\"https:\/\/duoclieukimlong.com\/sam-ngoc-linh-tuoi\/#breadcrumb\"},\"inLanguage\":\"en-US\",\"potentialAction\":[{\"@type\":\"ReadAction\",\"target\":[\"https:\/\/duoclieukimlong.com\/sam-ngoc-linh-tuoi\/\"]}]},{\"@type\":\"BreadcrumbList\",\"@id\":\"https:\/\/duoclieukimlong.com\/sam-ngoc-linh-tuoi\/#breadcrumb\",\"itemListElement\":[{\"@type\":\"ListItem\",\"position\":1,\"name\":\"Trang ch\u1ee7\",\"item\":\"https:\/\/duoclieukimlong.com\/\"},{\"@type\":\"ListItem\",\"position\":2,\"name\":\"S\u1ea3n ph\u1ea9m\",\"item\":\"https:\/\/duoclieukimlong.com\/shop\/\"},{\"@type\":\"ListItem\",\"position\":3,\"name\":\"S\u00e2m Ng\u1ecdc Linh T\u01b0\u01a1i\"}]},{\"@type\":\"WebSite\",\"@id\":\"https:\/\/duoclieukimlong.com\/#website\",\"url\":\"https:\/\/duoclieukimlong.com\/\",\"name\":\"C\u1eeda h\u00e0ng D\u01b0\u1ee3c Li\u1ec7u Kim Long\",\"description\":\"\",\"potentialAction\":[{\"@type\":\"SearchAction\",\"target\":{\"@type\":\"EntryPoint\",\"urlTemplate\":\"https:\/\/duoclieukimlong.com\/?s={search_term_string}\"},\"query-input\":\"required name=search_term_string\"}],\"inLanguage\":\"en-US\"}]}<\/script>\n<!-- \/ Yoast SEO Premium plugin. -->","yoast_head_json":{"title":"S\u00e2m Ng\u1ecdc Linh T\u01b0\u01a1i - C\u1eeda h\u00e0ng D\u01b0\u1ee3c Li\u1ec7u Kim Long","robots":{"index":"index","follow":"follow","max-snippet":"max-snippet:-1","max-image-preview":"max-image-preview:large","max-video-preview":"max-video-preview:-1"},"canonical":"https:\/\/duoclieukimlong.com\/en\/sam-ngoc-linh-tuoi\/","og_locale":"en_US","og_type":"article","og_title":"S\u00e2m Ng\u1ecdc Linh T\u01b0\u01a1i","og_description":"S\u00e2m t\u01b0\u01a1i nguy\u00ean c\u1ee7 bao g\u1ed3m c\u1ea3 th\u00e2n l\u00e1, \u0111\u01b0\u1ee3c khai th\u00e1c tr\u1ef1c ti\u1ebfp t\u1ea1i v\u01b0\u1eddn s\u00e2m g\u1ed1c tr\u00ean \u0111\u1ec9nh n\u00fai Ng\u1ecdc Linh. C\u1ee7 s\u00e2m gi\u00e0 nhi\u1ec1u \u0111\u1ed1t, r\u1ec5 b\u00e1m ch\u1eafc, ch\u1ee9a h\u00e0m l\u01b0\u1ee3ng Saponin t\u1ef1 nhi\u00ean cao nh\u1ea5t th\u1ebf gi\u1edbi.","og_url":"https:\/\/duoclieukimlong.com\/en\/sam-ngoc-linh-tuoi\/","og_site_name":"C\u1eeda h\u00e0ng D\u01b0\u1ee3c Li\u1ec7u Kim Long","article_modified_time":"2026-03-13T07:39:59+00:00","og_image":[{"width":1200,"height":900,"url":"https:\/\/duoclieukimlong.com\/wp-content\/uploads\/2025\/12\/Cu-Ba-Kich-Tim-Tuoi-Quang-Ninh.jpg","type":"image\/jpeg"}],"twitter_card":"summary_large_image","twitter_misc":{"Est. reading time":"1 minute"},"schema":{"@context":"https:\/\/schema.org","@graph":[{"@type":"WebPage","@id":"https:\/\/duoclieukimlong.com\/sam-ngoc-linh-tuoi\/","url":"https:\/\/duoclieukimlong.com\/sam-ngoc-linh-tuoi\/","name":"S\u00e2m Ng\u1ecdc Linh T\u01b0\u01a1i - C\u1eeda h\u00e0ng D\u01b0\u1ee3c Li\u1ec7u Kim Long","isPartOf":{"@id":"https:\/\/duoclieukimlong.com\/#website"},"datePublished":"2025-12-05T07:51:25+00:00","dateModified":"2026-03-13T07:39:59+00:00","breadcrumb":{"@id":"https:\/\/duoclieukimlong.com\/sam-ngoc-linh-tuoi\/#breadcrumb"},"inLanguage":"en-US","potentialAction":[{"@type":"ReadAction","target":["https:\/\/duoclieukimlong.com\/sam-ngoc-linh-tuoi\/"]}]},{"@type":"BreadcrumbList","@id":"https:\/\/duoclieukimlong.com\/sam-ngoc-linh-tuoi\/#breadcrumb","itemListElement":[{"@type":"ListItem","position":1,"name":"Trang ch\u1ee7","item":"https:\/\/duoclieukimlong.com\/"},{"@type":"ListItem","position":2,"name":"S\u1ea3n ph\u1ea9m","item":"https:\/\/duoclieukimlong.com\/shop\/"},{"@type":"ListItem","position":3,"name":"S\u00e2m Ng\u1ecdc Linh T\u01b0\u01a1i"}]},{"@type":"WebSite","@id":"https:\/\/duoclieukimlong.com\/#website","url":"https:\/\/duoclieukimlong.com\/","name":"C\u1eeda h\u00e0ng D\u01b0\u1ee3c Li\u1ec7u Kim Long","description":"","potentialAction":[{"@type":"SearchAction","target":{"@type":"EntryPoint","urlTemplate":"https:\/\/duoclieukimlong.com\/?s={search_term_string}"},"query-input":"required name=search_term_string"}],"inLanguage":"en-US"}]}},"_links":{"self":[{"href":"https:\/\/duoclieukimlong.com\/en\/wp-json\/wp\/v2\/product\/1239"}],"collection":[{"href":"https:\/\/duoclieukimlong.com\/en\/wp-json\/wp\/v2\/product"}],"about":[{"href":"https:\/\/duoclieukimlong.com\/en\/wp-json\/wp\/v2\/types\/product"}],"replies":[{"embeddable":true,"href":"https:\/\/duoclieukimlong.com\/en\/wp-json\/wp\/v2\/comments?post=1239"}],"wp:featuredmedia":[{"embeddable":true,"href":"https:\/\/duoclieukimlong.com\/en\/wp-json\/wp\/v2\/media\/1241"}],"wp:attachment":[{"href":"https:\/\/duoclieukimlong.com\/en\/wp-json\/wp\/v2\/media?parent=1239"}],"wp:term":[{"taxonomy":"product_cat","embeddable":true,"href":"https:\/\/duoclieukimlong.com\/en\/wp-json\/wp\/v2\/product_cat?post=1239"},{"taxonomy":"product_tag","embeddable":true,"href":"https:\/\/duoclieukimlong.com\/en\/wp-json\/wp\/v2\/product_tag?post=1239"}],"curies":[{"name":"wp","href":"https:\/\/api.w.org\/{rel}","templated":true}]}}