{"id":1245,"date":"2025-12-05T14:52:18","date_gmt":"2025-12-05T07:52:18","guid":{"rendered":"https:\/\/duoclieukimlong.123websitedev.com\/?post_type=product&#038;p=1245"},"modified":"2026-03-13T14:39:59","modified_gmt":"2026-03-13T07:39:59","slug":"cu-ba-kich-tim-tuoi","status":"publish","type":"product","link":"https:\/\/duoclieukimlong.com\/en\/cu-ba-kich-tim-tuoi\/","title":{"rendered":"Fresh Purple Morinda Officinalis Root"},"content":{"rendered":"<p>Ba k\u00edch t\u00edm t\u01b0\u01a1i l\u00e0 lo\u1ea1i th\u1ea3o d\u01b0\u1ee3c h\u00e0ng \u0111\u1ea7u d\u00e0nh cho ph\u00e1i m\u1ea1nh. Kh\u00e1c v\u1edbi ba k\u00edch tr\u1eafng, lo\u1ea1i t\u00edm c\u00f3 d\u01b0\u1ee3c t\u00ednh cao h\u01a1n v\u00e0 khi ng\u00e2m r\u01b0\u1ee3u s\u1ebd cho ra m\u00e0u t\u00edm than r\u1ea5t \u0111\u1eb9p m\u1eaft. C\u1ee7 sau khi r\u1eeda s\u1ea1ch \u0111\u1ea5t c\u00e1t nh\u00ecn gi\u1ed1ng nh\u01b0 ru\u1ed9t g\u00e0, b\u1ebb ra b\u00ean trong th\u1ecbt m\u00e0u t\u00edm v\u00e0 c\u00f3 l\u00f5i g\u1ed7. L\u01b0u \u00fd quan tr\u1ecdng nh\u1ea5t khi s\u01a1 ch\u1ebf ba k\u00edch t\u01b0\u01a1i l\u00e0 b\u1eaft bu\u1ed9c ph\u1ea3i r\u00fat b\u1ecf ph\u1ea7n l\u00f5i g\u1ed7 b\u00ean trong v\u00ec l\u00f5i n\u00e0y c\u00f3 th\u1ec3 g\u00e2y k\u00edch \u1ee9ng tim m\u1ea1ch. R\u01b0\u1ee3u ba k\u00edch c\u00f3 m\u00f9i th\u01a1m d\u1ecbu, v\u1ecb ng\u1ecdt nh\u1eb9, r\u1ea5t d\u1ec5 u\u1ed1ng v\u00e0 kh\u00f4ng g\u00e2y \u0111au \u0111\u1ea7u.<\/p>","protected":false},"excerpt":{"rendered":"<p>\u0110\u1eb7c s\u1ea3n Ba K\u00edch v\u00f9ng Ti\u00ean Y\u00ean, Qu\u1ea3ng Ninh. C\u1ee7 t\u01b0\u01a1i m\u1eadp m\u1ea1p, ru\u1ed9t m\u00e0u t\u00edm s\u1eabm \u0111\u1eb7c tr\u01b0ng. Chuy\u00ean d\u00f9ng \u0111\u1ec3 ng\u00e2m r\u01b0\u1ee3u gi\u00fap b\u1ed5 th\u1eadn tr\u00e1ng d\u01b0\u01a1ng v\u00e0 ki\u1ec7n g\u00e2n c\u1ed1t.<\/p>","protected":false},"featured_media":1241,"comment_status":"open","ping_status":"closed","template":"","meta":{"inline_featured_image":false},"product_cat":[172,171,156],"product_tag":[],"class_list":{"0":"post-1245","1":"product","2":"type-product","3":"status-publish","4":"has-post-thumbnail","6":"product_cat-benh-gan-ty-vi-theo-toa","7":"product_cat-benh-tim-mach-theo-toa","8":"product_cat-thao-duoc","10":"first","11":"instock","12":"shipping-taxable","13":"purchasable","14":"product-type-simple"},"yoast_head":"<!-- This site is optimized with the Yoast SEO Premium plugin v20.9 (Yoast SEO v20.9) - https:\/\/yoast.com\/wordpress\/plugins\/seo\/ -->\n<title>C\u1ee7 Ba K\u00edch T\u00edm T\u01b0\u01a1i - C\u1eeda h\u00e0ng D\u01b0\u1ee3c Li\u1ec7u Kim Long<\/title>\n<meta name=\"robots\" content=\"index, follow, max-snippet:-1, max-image-preview:large, max-video-preview:-1\" \/>\n<link rel=\"canonical\" href=\"https:\/\/duoclieukimlong.com\/en\/cu-ba-kich-tim-tuoi\/\" \/>\n<meta property=\"og:locale\" content=\"en_US\" \/>\n<meta property=\"og:type\" content=\"article\" \/>\n<meta property=\"og:title\" content=\"C\u1ee7 Ba K\u00edch T\u00edm T\u01b0\u01a1i\" \/>\n<meta property=\"og:description\" content=\"\u0110\u1eb7c s\u1ea3n Ba K\u00edch v\u00f9ng Ti\u00ean Y\u00ean, Qu\u1ea3ng Ninh. C\u1ee7 t\u01b0\u01a1i m\u1eadp m\u1ea1p, ru\u1ed9t m\u00e0u t\u00edm s\u1eabm \u0111\u1eb7c tr\u01b0ng. Chuy\u00ean d\u00f9ng \u0111\u1ec3 ng\u00e2m r\u01b0\u1ee3u gi\u00fap b\u1ed5 th\u1eadn tr\u00e1ng d\u01b0\u01a1ng v\u00e0 ki\u1ec7n g\u00e2n c\u1ed1t.\" \/>\n<meta property=\"og:url\" content=\"https:\/\/duoclieukimlong.com\/en\/cu-ba-kich-tim-tuoi\/\" \/>\n<meta property=\"og:site_name\" content=\"C\u1eeda h\u00e0ng D\u01b0\u1ee3c Li\u1ec7u Kim Long\" \/>\n<meta property=\"article:modified_time\" content=\"2026-03-13T07:39:59+00:00\" \/>\n<meta property=\"og:image\" content=\"https:\/\/duoclieukimlong.com\/wp-content\/uploads\/2025\/12\/Cu-Ba-Kich-Tim-Tuoi-Quang-Ninh.jpg\" \/>\n\t<meta property=\"og:image:width\" content=\"1200\" \/>\n\t<meta property=\"og:image:height\" content=\"900\" \/>\n\t<meta property=\"og:image:type\" content=\"image\/jpeg\" \/>\n<meta name=\"twitter:card\" content=\"summary_large_image\" \/>\n<meta name=\"twitter:label1\" content=\"Est. reading time\" \/>\n\t<meta name=\"twitter:data1\" content=\"1 minute\" \/>\n<script type=\"application\/ld+json\" class=\"yoast-schema-graph\">{\"@context\":\"https:\/\/schema.org\",\"@graph\":[{\"@type\":\"WebPage\",\"@id\":\"https:\/\/duoclieukimlong.com\/cu-ba-kich-tim-tuoi\/\",\"url\":\"https:\/\/duoclieukimlong.com\/cu-ba-kich-tim-tuoi\/\",\"name\":\"C\u1ee7 Ba K\u00edch T\u00edm T\u01b0\u01a1i - C\u1eeda h\u00e0ng D\u01b0\u1ee3c Li\u1ec7u Kim Long\",\"isPartOf\":{\"@id\":\"https:\/\/duoclieukimlong.com\/#website\"},\"datePublished\":\"2025-12-05T07:52:18+00:00\",\"dateModified\":\"2026-03-13T07:39:59+00:00\",\"breadcrumb\":{\"@id\":\"https:\/\/duoclieukimlong.com\/cu-ba-kich-tim-tuoi\/#breadcrumb\"},\"inLanguage\":\"en-US\",\"potentialAction\":[{\"@type\":\"ReadAction\",\"target\":[\"https:\/\/duoclieukimlong.com\/cu-ba-kich-tim-tuoi\/\"]}]},{\"@type\":\"BreadcrumbList\",\"@id\":\"https:\/\/duoclieukimlong.com\/cu-ba-kich-tim-tuoi\/#breadcrumb\",\"itemListElement\":[{\"@type\":\"ListItem\",\"position\":1,\"name\":\"Trang ch\u1ee7\",\"item\":\"https:\/\/duoclieukimlong.com\/\"},{\"@type\":\"ListItem\",\"position\":2,\"name\":\"S\u1ea3n ph\u1ea9m\",\"item\":\"https:\/\/duoclieukimlong.com\/shop\/\"},{\"@type\":\"ListItem\",\"position\":3,\"name\":\"C\u1ee7 Ba K\u00edch T\u00edm T\u01b0\u01a1i\"}]},{\"@type\":\"WebSite\",\"@id\":\"https:\/\/duoclieukimlong.com\/#website\",\"url\":\"https:\/\/duoclieukimlong.com\/\",\"name\":\"C\u1eeda h\u00e0ng D\u01b0\u1ee3c Li\u1ec7u Kim Long\",\"description\":\"\",\"potentialAction\":[{\"@type\":\"SearchAction\",\"target\":{\"@type\":\"EntryPoint\",\"urlTemplate\":\"https:\/\/duoclieukimlong.com\/?s={search_term_string}\"},\"query-input\":\"required name=search_term_string\"}],\"inLanguage\":\"en-US\"}]}<\/script>\n<!-- \/ Yoast SEO Premium plugin. -->","yoast_head_json":{"title":"C\u1ee7 Ba K\u00edch T\u00edm T\u01b0\u01a1i - C\u1eeda h\u00e0ng D\u01b0\u1ee3c Li\u1ec7u Kim Long","robots":{"index":"index","follow":"follow","max-snippet":"max-snippet:-1","max-image-preview":"max-image-preview:large","max-video-preview":"max-video-preview:-1"},"canonical":"https:\/\/duoclieukimlong.com\/en\/cu-ba-kich-tim-tuoi\/","og_locale":"en_US","og_type":"article","og_title":"C\u1ee7 Ba K\u00edch T\u00edm T\u01b0\u01a1i","og_description":"\u0110\u1eb7c s\u1ea3n Ba K\u00edch v\u00f9ng Ti\u00ean Y\u00ean, Qu\u1ea3ng Ninh. C\u1ee7 t\u01b0\u01a1i m\u1eadp m\u1ea1p, ru\u1ed9t m\u00e0u t\u00edm s\u1eabm \u0111\u1eb7c tr\u01b0ng. Chuy\u00ean d\u00f9ng \u0111\u1ec3 ng\u00e2m r\u01b0\u1ee3u gi\u00fap b\u1ed5 th\u1eadn tr\u00e1ng d\u01b0\u01a1ng v\u00e0 ki\u1ec7n g\u00e2n c\u1ed1t.","og_url":"https:\/\/duoclieukimlong.com\/en\/cu-ba-kich-tim-tuoi\/","og_site_name":"C\u1eeda h\u00e0ng D\u01b0\u1ee3c Li\u1ec7u Kim Long","article_modified_time":"2026-03-13T07:39:59+00:00","og_image":[{"width":1200,"height":900,"url":"https:\/\/duoclieukimlong.com\/wp-content\/uploads\/2025\/12\/Cu-Ba-Kich-Tim-Tuoi-Quang-Ninh.jpg","type":"image\/jpeg"}],"twitter_card":"summary_large_image","twitter_misc":{"Est. reading time":"1 minute"},"schema":{"@context":"https:\/\/schema.org","@graph":[{"@type":"WebPage","@id":"https:\/\/duoclieukimlong.com\/cu-ba-kich-tim-tuoi\/","url":"https:\/\/duoclieukimlong.com\/cu-ba-kich-tim-tuoi\/","name":"C\u1ee7 Ba K\u00edch T\u00edm T\u01b0\u01a1i - C\u1eeda h\u00e0ng D\u01b0\u1ee3c Li\u1ec7u Kim Long","isPartOf":{"@id":"https:\/\/duoclieukimlong.com\/#website"},"datePublished":"2025-12-05T07:52:18+00:00","dateModified":"2026-03-13T07:39:59+00:00","breadcrumb":{"@id":"https:\/\/duoclieukimlong.com\/cu-ba-kich-tim-tuoi\/#breadcrumb"},"inLanguage":"en-US","potentialAction":[{"@type":"ReadAction","target":["https:\/\/duoclieukimlong.com\/cu-ba-kich-tim-tuoi\/"]}]},{"@type":"BreadcrumbList","@id":"https:\/\/duoclieukimlong.com\/cu-ba-kich-tim-tuoi\/#breadcrumb","itemListElement":[{"@type":"ListItem","position":1,"name":"Trang ch\u1ee7","item":"https:\/\/duoclieukimlong.com\/"},{"@type":"ListItem","position":2,"name":"S\u1ea3n ph\u1ea9m","item":"https:\/\/duoclieukimlong.com\/shop\/"},{"@type":"ListItem","position":3,"name":"C\u1ee7 Ba K\u00edch T\u00edm T\u01b0\u01a1i"}]},{"@type":"WebSite","@id":"https:\/\/duoclieukimlong.com\/#website","url":"https:\/\/duoclieukimlong.com\/","name":"C\u1eeda h\u00e0ng D\u01b0\u1ee3c Li\u1ec7u Kim Long","description":"","potentialAction":[{"@type":"SearchAction","target":{"@type":"EntryPoint","urlTemplate":"https:\/\/duoclieukimlong.com\/?s={search_term_string}"},"query-input":"required name=search_term_string"}],"inLanguage":"en-US"}]}},"_links":{"self":[{"href":"https:\/\/duoclieukimlong.com\/en\/wp-json\/wp\/v2\/product\/1245"}],"collection":[{"href":"https:\/\/duoclieukimlong.com\/en\/wp-json\/wp\/v2\/product"}],"about":[{"href":"https:\/\/duoclieukimlong.com\/en\/wp-json\/wp\/v2\/types\/product"}],"replies":[{"embeddable":true,"href":"https:\/\/duoclieukimlong.com\/en\/wp-json\/wp\/v2\/comments?post=1245"}],"wp:featuredmedia":[{"embeddable":true,"href":"https:\/\/duoclieukimlong.com\/en\/wp-json\/wp\/v2\/media\/1241"}],"wp:attachment":[{"href":"https:\/\/duoclieukimlong.com\/en\/wp-json\/wp\/v2\/media?parent=1245"}],"wp:term":[{"taxonomy":"product_cat","embeddable":true,"href":"https:\/\/duoclieukimlong.com\/en\/wp-json\/wp\/v2\/product_cat?post=1245"},{"taxonomy":"product_tag","embeddable":true,"href":"https:\/\/duoclieukimlong.com\/en\/wp-json\/wp\/v2\/product_tag?post=1245"}],"curies":[{"name":"wp","href":"https:\/\/api.w.org\/{rel}","templated":true}]}}