{"id":1246,"date":"2025-12-05T14:52:57","date_gmt":"2025-12-05T07:52:57","guid":{"rendered":"https:\/\/duoclieukimlong.123websitedev.com\/?post_type=product&#038;p=1246"},"modified":"2026-03-13T14:39:58","modified_gmt":"2026-03-13T07:39:58","slug":"sam-duong-quy-tuoi-nguyen-cu","status":"publish","type":"product","link":"https:\/\/duoclieukimlong.com\/en\/sam-duong-quy-tuoi-nguyen-cu\/","title":{"rendered":"Fresh Whole Angelica Sinensis"},"content":{"rendered":"<p>\u0110\u01b0\u01a1ng Quy t\u01b0\u01a1i \u0111\u01b0\u1ee3c v\u00ed nh\u01b0 nh\u00e2n s\u00e2m d\u00e0nh cho ph\u1ee5 n\u1eef nh\u1edd t\u00e1c d\u1ee5ng b\u1ed5 m\u00e1u v\u00e0 \u0111i\u1ec1u h\u00f2a kinh nguy\u1ec7t tuy\u1ec7t v\u1eddi. So v\u1edbi lo\u1ea1i kh\u00f4, \u0111\u01b0\u01a1ng quy t\u01b0\u01a1i gi\u1eef \u0111\u01b0\u1ee3c to\u00e0n b\u1ed9 l\u01b0\u1ee3ng tinh d\u1ea7u qu\u00fd gi\u00e1 n\u00ean m\u00f9i th\u01a1m m\u1ea1nh h\u01a1n r\u1ea5t nhi\u1ec1u. C\u1ee7 s\u00e2m c\u00f3 h\u00ecnh d\u00e1ng \u0111\u1eb9p, nhi\u1ec1u r\u1ec5 ph\u1ee5, khi r\u1eeda s\u1ea1ch l\u1edbp \u0111\u1ea5t b\u00ean ngo\u00e0i s\u1ebd l\u1ed9 ra l\u1edbp v\u1ecf m\u00e0u v\u00e0ng n\u00e2u s\u00e1ng b\u00f3ng. Ngo\u00e0i vi\u1ec7c ng\u00e2m r\u01b0\u1ee3u \u0111\u1ec3 b\u1ed3i b\u1ed5 kh\u00ed huy\u1ebft, c\u00e1c b\u00e0 n\u1ed9i tr\u1ee3 th\u01b0\u1eddng d\u00f9ng \u0111\u01b0\u01a1ng quy t\u01b0\u01a1i th\u00e1i l\u00e1t \u0111\u1ec3 h\u1ea7m canh g\u00e0, n\u1ea5u l\u1ea9u, v\u1eeba kh\u1eed m\u00f9i tanh th\u1ef1c ph\u1ea9m v\u1eeba t\u0103ng gi\u00e1 tr\u1ecb dinh d\u01b0\u1ee1ng cho m\u00f3n \u0103n.<\/p>","protected":false},"excerpt":{"rendered":"<p>C\u1ee7 s\u00e2m \u0111\u01b0\u01a1ng quy t\u01b0\u01a1i v\u1eeba m\u1edbi thu ho\u1ea1ch, c\u00f2n nguy\u00ean ph\u1ea7n l\u00e1 v\u00e0 r\u1ec5 d\u00e0i. M\u00f9i th\u01a1m th\u1ea3o d\u01b0\u1ee3c n\u1ed3ng n\u00e0n lan t\u1ecfa c\u1ea3 ph\u00f2ng. Th\u01b0\u1eddng d\u00f9ng \u0111\u1ec3 ng\u00e2m r\u01b0\u1ee3u, h\u1ea7m g\u00e0 ho\u1eb7c n\u1ea5u l\u1ea9u d\u01b0\u1ee1ng sinh.<\/p>","protected":false},"featured_media":1244,"comment_status":"open","ping_status":"closed","template":"","meta":{"inline_featured_image":false},"product_cat":[172,171,156],"product_tag":[],"class_list":{"0":"post-1246","1":"product","2":"type-product","3":"status-publish","4":"has-post-thumbnail","6":"product_cat-benh-gan-ty-vi-theo-toa","7":"product_cat-benh-tim-mach-theo-toa","8":"product_cat-thao-duoc","10":"first","11":"instock","12":"featured","13":"shipping-taxable","14":"purchasable","15":"product-type-simple"},"yoast_head":"<!-- This site is optimized with the Yoast SEO Premium plugin v20.9 (Yoast SEO v20.9) - https:\/\/yoast.com\/wordpress\/plugins\/seo\/ -->\n<title>S\u00e2m \u0110\u01b0\u01a1ng Quy T\u01b0\u01a1i Nguy\u00ean C\u1ee7 - C\u1eeda h\u00e0ng D\u01b0\u1ee3c Li\u1ec7u Kim Long<\/title>\n<meta name=\"robots\" content=\"index, follow, max-snippet:-1, max-image-preview:large, max-video-preview:-1\" \/>\n<link rel=\"canonical\" href=\"https:\/\/duoclieukimlong.com\/en\/sam-duong-quy-tuoi-nguyen-cu\/\" \/>\n<meta property=\"og:locale\" content=\"en_US\" \/>\n<meta property=\"og:type\" content=\"article\" \/>\n<meta property=\"og:title\" content=\"S\u00e2m \u0110\u01b0\u01a1ng Quy T\u01b0\u01a1i Nguy\u00ean C\u1ee7\" \/>\n<meta property=\"og:description\" content=\"C\u1ee7 s\u00e2m \u0111\u01b0\u01a1ng quy t\u01b0\u01a1i v\u1eeba m\u1edbi thu ho\u1ea1ch, c\u00f2n nguy\u00ean ph\u1ea7n l\u00e1 v\u00e0 r\u1ec5 d\u00e0i. M\u00f9i th\u01a1m th\u1ea3o d\u01b0\u1ee3c n\u1ed3ng n\u00e0n lan t\u1ecfa c\u1ea3 ph\u00f2ng. Th\u01b0\u1eddng d\u00f9ng \u0111\u1ec3 ng\u00e2m r\u01b0\u1ee3u, h\u1ea7m g\u00e0 ho\u1eb7c n\u1ea5u l\u1ea9u d\u01b0\u1ee1ng sinh.\" \/>\n<meta property=\"og:url\" content=\"https:\/\/duoclieukimlong.com\/en\/sam-duong-quy-tuoi-nguyen-cu\/\" \/>\n<meta property=\"og:site_name\" content=\"C\u1eeda h\u00e0ng D\u01b0\u1ee3c Li\u1ec7u Kim Long\" \/>\n<meta property=\"article:modified_time\" content=\"2026-03-13T07:39:58+00:00\" \/>\n<meta property=\"og:image\" content=\"https:\/\/duoclieukimlong.com\/wp-content\/uploads\/2025\/12\/sam-duong-quy.webp\" \/>\n\t<meta property=\"og:image:width\" content=\"500\" \/>\n\t<meta property=\"og:image:height\" content=\"500\" \/>\n\t<meta property=\"og:image:type\" content=\"image\/webp\" \/>\n<meta name=\"twitter:card\" content=\"summary_large_image\" \/>\n<meta name=\"twitter:label1\" content=\"Est. reading time\" \/>\n\t<meta name=\"twitter:data1\" content=\"1 minute\" \/>\n<script type=\"application\/ld+json\" class=\"yoast-schema-graph\">{\"@context\":\"https:\/\/schema.org\",\"@graph\":[{\"@type\":\"WebPage\",\"@id\":\"https:\/\/duoclieukimlong.com\/sam-duong-quy-tuoi-nguyen-cu\/\",\"url\":\"https:\/\/duoclieukimlong.com\/sam-duong-quy-tuoi-nguyen-cu\/\",\"name\":\"S\u00e2m \u0110\u01b0\u01a1ng Quy T\u01b0\u01a1i Nguy\u00ean C\u1ee7 - C\u1eeda h\u00e0ng D\u01b0\u1ee3c Li\u1ec7u Kim Long\",\"isPartOf\":{\"@id\":\"https:\/\/duoclieukimlong.com\/#website\"},\"datePublished\":\"2025-12-05T07:52:57+00:00\",\"dateModified\":\"2026-03-13T07:39:58+00:00\",\"breadcrumb\":{\"@id\":\"https:\/\/duoclieukimlong.com\/sam-duong-quy-tuoi-nguyen-cu\/#breadcrumb\"},\"inLanguage\":\"en-US\",\"potentialAction\":[{\"@type\":\"ReadAction\",\"target\":[\"https:\/\/duoclieukimlong.com\/sam-duong-quy-tuoi-nguyen-cu\/\"]}]},{\"@type\":\"BreadcrumbList\",\"@id\":\"https:\/\/duoclieukimlong.com\/sam-duong-quy-tuoi-nguyen-cu\/#breadcrumb\",\"itemListElement\":[{\"@type\":\"ListItem\",\"position\":1,\"name\":\"Trang ch\u1ee7\",\"item\":\"https:\/\/duoclieukimlong.com\/\"},{\"@type\":\"ListItem\",\"position\":2,\"name\":\"S\u1ea3n ph\u1ea9m\",\"item\":\"https:\/\/duoclieukimlong.com\/shop\/\"},{\"@type\":\"ListItem\",\"position\":3,\"name\":\"S\u00e2m \u0110\u01b0\u01a1ng Quy T\u01b0\u01a1i Nguy\u00ean C\u1ee7\"}]},{\"@type\":\"WebSite\",\"@id\":\"https:\/\/duoclieukimlong.com\/#website\",\"url\":\"https:\/\/duoclieukimlong.com\/\",\"name\":\"C\u1eeda h\u00e0ng D\u01b0\u1ee3c Li\u1ec7u Kim Long\",\"description\":\"\",\"potentialAction\":[{\"@type\":\"SearchAction\",\"target\":{\"@type\":\"EntryPoint\",\"urlTemplate\":\"https:\/\/duoclieukimlong.com\/?s={search_term_string}\"},\"query-input\":\"required name=search_term_string\"}],\"inLanguage\":\"en-US\"}]}<\/script>\n<!-- \/ Yoast SEO Premium plugin. -->","yoast_head_json":{"title":"S\u00e2m \u0110\u01b0\u01a1ng Quy T\u01b0\u01a1i Nguy\u00ean C\u1ee7 - C\u1eeda h\u00e0ng D\u01b0\u1ee3c Li\u1ec7u Kim Long","robots":{"index":"index","follow":"follow","max-snippet":"max-snippet:-1","max-image-preview":"max-image-preview:large","max-video-preview":"max-video-preview:-1"},"canonical":"https:\/\/duoclieukimlong.com\/en\/sam-duong-quy-tuoi-nguyen-cu\/","og_locale":"en_US","og_type":"article","og_title":"S\u00e2m \u0110\u01b0\u01a1ng Quy T\u01b0\u01a1i Nguy\u00ean C\u1ee7","og_description":"C\u1ee7 s\u00e2m \u0111\u01b0\u01a1ng quy t\u01b0\u01a1i v\u1eeba m\u1edbi thu ho\u1ea1ch, c\u00f2n nguy\u00ean ph\u1ea7n l\u00e1 v\u00e0 r\u1ec5 d\u00e0i. M\u00f9i th\u01a1m th\u1ea3o d\u01b0\u1ee3c n\u1ed3ng n\u00e0n lan t\u1ecfa c\u1ea3 ph\u00f2ng. Th\u01b0\u1eddng d\u00f9ng \u0111\u1ec3 ng\u00e2m r\u01b0\u1ee3u, h\u1ea7m g\u00e0 ho\u1eb7c n\u1ea5u l\u1ea9u d\u01b0\u1ee1ng sinh.","og_url":"https:\/\/duoclieukimlong.com\/en\/sam-duong-quy-tuoi-nguyen-cu\/","og_site_name":"C\u1eeda h\u00e0ng D\u01b0\u1ee3c Li\u1ec7u Kim Long","article_modified_time":"2026-03-13T07:39:58+00:00","og_image":[{"width":500,"height":500,"url":"https:\/\/duoclieukimlong.com\/wp-content\/uploads\/2025\/12\/sam-duong-quy.webp","type":"image\/webp"}],"twitter_card":"summary_large_image","twitter_misc":{"Est. reading time":"1 minute"},"schema":{"@context":"https:\/\/schema.org","@graph":[{"@type":"WebPage","@id":"https:\/\/duoclieukimlong.com\/sam-duong-quy-tuoi-nguyen-cu\/","url":"https:\/\/duoclieukimlong.com\/sam-duong-quy-tuoi-nguyen-cu\/","name":"S\u00e2m \u0110\u01b0\u01a1ng Quy T\u01b0\u01a1i Nguy\u00ean C\u1ee7 - C\u1eeda h\u00e0ng D\u01b0\u1ee3c Li\u1ec7u Kim Long","isPartOf":{"@id":"https:\/\/duoclieukimlong.com\/#website"},"datePublished":"2025-12-05T07:52:57+00:00","dateModified":"2026-03-13T07:39:58+00:00","breadcrumb":{"@id":"https:\/\/duoclieukimlong.com\/sam-duong-quy-tuoi-nguyen-cu\/#breadcrumb"},"inLanguage":"en-US","potentialAction":[{"@type":"ReadAction","target":["https:\/\/duoclieukimlong.com\/sam-duong-quy-tuoi-nguyen-cu\/"]}]},{"@type":"BreadcrumbList","@id":"https:\/\/duoclieukimlong.com\/sam-duong-quy-tuoi-nguyen-cu\/#breadcrumb","itemListElement":[{"@type":"ListItem","position":1,"name":"Trang ch\u1ee7","item":"https:\/\/duoclieukimlong.com\/"},{"@type":"ListItem","position":2,"name":"S\u1ea3n ph\u1ea9m","item":"https:\/\/duoclieukimlong.com\/shop\/"},{"@type":"ListItem","position":3,"name":"S\u00e2m \u0110\u01b0\u01a1ng Quy T\u01b0\u01a1i Nguy\u00ean C\u1ee7"}]},{"@type":"WebSite","@id":"https:\/\/duoclieukimlong.com\/#website","url":"https:\/\/duoclieukimlong.com\/","name":"C\u1eeda h\u00e0ng D\u01b0\u1ee3c Li\u1ec7u Kim Long","description":"","potentialAction":[{"@type":"SearchAction","target":{"@type":"EntryPoint","urlTemplate":"https:\/\/duoclieukimlong.com\/?s={search_term_string}"},"query-input":"required name=search_term_string"}],"inLanguage":"en-US"}]}},"_links":{"self":[{"href":"https:\/\/duoclieukimlong.com\/en\/wp-json\/wp\/v2\/product\/1246"}],"collection":[{"href":"https:\/\/duoclieukimlong.com\/en\/wp-json\/wp\/v2\/product"}],"about":[{"href":"https:\/\/duoclieukimlong.com\/en\/wp-json\/wp\/v2\/types\/product"}],"replies":[{"embeddable":true,"href":"https:\/\/duoclieukimlong.com\/en\/wp-json\/wp\/v2\/comments?post=1246"}],"wp:featuredmedia":[{"embeddable":true,"href":"https:\/\/duoclieukimlong.com\/en\/wp-json\/wp\/v2\/media\/1244"}],"wp:attachment":[{"href":"https:\/\/duoclieukimlong.com\/en\/wp-json\/wp\/v2\/media?parent=1246"}],"wp:term":[{"taxonomy":"product_cat","embeddable":true,"href":"https:\/\/duoclieukimlong.com\/en\/wp-json\/wp\/v2\/product_cat?post=1246"},{"taxonomy":"product_tag","embeddable":true,"href":"https:\/\/duoclieukimlong.com\/en\/wp-json\/wp\/v2\/product_tag?post=1246"}],"curies":[{"name":"wp","href":"https:\/\/api.w.org\/{rel}","templated":true}]}}