{"id":1247,"date":"2025-12-05T14:53:34","date_gmt":"2025-12-05T07:53:34","guid":{"rendered":"https:\/\/duoclieukimlong.123websitedev.com\/?post_type=product&#038;p=1247"},"modified":"2026-03-13T14:39:58","modified_gmt":"2026-03-13T07:39:58","slug":"bong-atiso-tuoi-da-lat","status":"publish","type":"product","link":"https:\/\/duoclieukimlong.com\/en\/bong-atiso-tuoi-da-lat\/","title":{"rendered":"Fresh Dalat Artichokes"},"content":{"rendered":"<p>Hoa Atiso t\u01b0\u01a1i l\u00e0 m\u1ed9t lo\u1ea1i th\u1ef1c ph\u1ea9m thu\u1ed1c n\u1ed5i ti\u1ebfng gi\u00fap thanh l\u1ecdc c\u01a1 th\u1ec3. B\u00f4ng hoa c\u00f3 c\u1ea5u t\u1ea1o g\u1ed3m nhi\u1ec1u l\u1edbp c\u00e1nh d\u00e0y m\u1ecdng n\u01b0\u1edbc x\u1ebfp ch\u1ed3ng l\u00ean nhau. Khi ch\u1ebf bi\u1ebfn, ng\u01b0\u1eddi d\u00f9ng th\u01b0\u1eddng h\u1ea7m b\u00f4ng atiso v\u1edbi gi\u00f2 heo ho\u1eb7c s\u01b0\u1eddn non t\u1ea1o n\u00ean m\u00f3n canh ng\u1ecdt thanh, r\u1ea5t t\u1ed1t cho ng\u01b0\u1eddi hay u\u1ed1ng r\u01b0\u1ee3u bia ho\u1eb7c b\u1ecb n\u00f3ng trong ng\u01b0\u1eddi. Ngo\u00e0i ra, Atiso t\u01b0\u01a1i c\u00f2n c\u00f3 th\u1ec3 n\u1ea5u n\u01b0\u1edbc u\u1ed1ng thay tr\u00e0 gi\u00fap l\u1ee3i ti\u1ec3u, ng\u1ee7 ngon v\u00e0 l\u00e0m \u0111\u1eb9p da. S\u1ea3n ph\u1ea9m t\u01b0\u01a1i n\u00ean b\u1ea3o qu\u1ea3n trong ng\u0103n m\u00e1t t\u1ee7 l\u1ea1nh v\u00e0 d\u00f9ng h\u1ebft trong v\u00f2ng 5 \u0111\u1ebfn 7 ng\u00e0y.<\/p>","protected":false},"excerpt":{"rendered":"<p>B\u00f4ng Atiso t\u01b0\u01a1i lo\u1ea1i 1, b\u00f4ng to, c\u00e1nh d\u00e0y v\u00e0 m\u1eadp, m\u00e0u xanh m\u01b0\u1edbt. \u0110\u01b0\u1ee3c c\u1eaft m\u1edbi m\u1ed7i ng\u00e0y t\u1eeb c\u00e1c nh\u00e0 v\u01b0\u1eddn \u0110\u00e0 L\u1ea1t. C\u00f4ng d\u1ee5ng ch\u00ednh l\u00e0 gi\u1ea3i nhi\u1ec7t, m\u00e1t gan v\u00e0 h\u1ed7 tr\u1ee3 ti\u00eau h\u00f3a.<\/p>","protected":false},"featured_media":1240,"comment_status":"open","ping_status":"closed","template":"","meta":{"inline_featured_image":false},"product_cat":[172,171,156],"product_tag":[],"class_list":{"0":"post-1247","1":"product","2":"type-product","3":"status-publish","4":"has-post-thumbnail","6":"product_cat-benh-gan-ty-vi-theo-toa","7":"product_cat-benh-tim-mach-theo-toa","8":"product_cat-thao-duoc","10":"first","11":"instock","12":"shipping-taxable","13":"purchasable","14":"product-type-simple"},"yoast_head":"<!-- This site is optimized with the Yoast SEO Premium plugin v20.9 (Yoast SEO v20.9) - https:\/\/yoast.com\/wordpress\/plugins\/seo\/ -->\n<title>B\u00f4ng Atiso T\u01b0\u01a1i \u0110\u00e0 L\u1ea1t - C\u1eeda h\u00e0ng D\u01b0\u1ee3c Li\u1ec7u Kim Long<\/title>\n<meta name=\"robots\" content=\"index, follow, max-snippet:-1, max-image-preview:large, max-video-preview:-1\" \/>\n<link rel=\"canonical\" href=\"https:\/\/duoclieukimlong.com\/en\/bong-atiso-tuoi-da-lat\/\" \/>\n<meta property=\"og:locale\" content=\"en_US\" \/>\n<meta property=\"og:type\" content=\"article\" \/>\n<meta property=\"og:title\" content=\"B\u00f4ng Atiso T\u01b0\u01a1i \u0110\u00e0 L\u1ea1t\" \/>\n<meta property=\"og:description\" content=\"B\u00f4ng Atiso t\u01b0\u01a1i lo\u1ea1i 1, b\u00f4ng to, c\u00e1nh d\u00e0y v\u00e0 m\u1eadp, m\u00e0u xanh m\u01b0\u1edbt. \u0110\u01b0\u1ee3c c\u1eaft m\u1edbi m\u1ed7i ng\u00e0y t\u1eeb c\u00e1c nh\u00e0 v\u01b0\u1eddn \u0110\u00e0 L\u1ea1t. C\u00f4ng d\u1ee5ng ch\u00ednh l\u00e0 gi\u1ea3i nhi\u1ec7t, m\u00e1t gan v\u00e0 h\u1ed7 tr\u1ee3 ti\u00eau h\u00f3a.\" \/>\n<meta property=\"og:url\" content=\"https:\/\/duoclieukimlong.com\/en\/bong-atiso-tuoi-da-lat\/\" \/>\n<meta property=\"og:site_name\" content=\"C\u1eeda h\u00e0ng D\u01b0\u1ee3c Li\u1ec7u Kim Long\" \/>\n<meta property=\"article:modified_time\" content=\"2026-03-13T07:39:58+00:00\" \/>\n<meta property=\"og:image\" content=\"https:\/\/duoclieukimlong.com\/wp-content\/uploads\/2025\/12\/bongcaidalat.jpg\" \/>\n\t<meta property=\"og:image:width\" content=\"225\" \/>\n\t<meta property=\"og:image:height\" content=\"225\" \/>\n\t<meta property=\"og:image:type\" content=\"image\/jpeg\" \/>\n<meta name=\"twitter:card\" content=\"summary_large_image\" \/>\n<meta name=\"twitter:label1\" content=\"Est. reading time\" \/>\n\t<meta name=\"twitter:data1\" content=\"1 minute\" \/>\n<script type=\"application\/ld+json\" class=\"yoast-schema-graph\">{\"@context\":\"https:\/\/schema.org\",\"@graph\":[{\"@type\":\"WebPage\",\"@id\":\"https:\/\/duoclieukimlong.com\/bong-atiso-tuoi-da-lat\/\",\"url\":\"https:\/\/duoclieukimlong.com\/bong-atiso-tuoi-da-lat\/\",\"name\":\"B\u00f4ng Atiso T\u01b0\u01a1i \u0110\u00e0 L\u1ea1t - C\u1eeda h\u00e0ng D\u01b0\u1ee3c Li\u1ec7u Kim Long\",\"isPartOf\":{\"@id\":\"https:\/\/duoclieukimlong.com\/#website\"},\"datePublished\":\"2025-12-05T07:53:34+00:00\",\"dateModified\":\"2026-03-13T07:39:58+00:00\",\"breadcrumb\":{\"@id\":\"https:\/\/duoclieukimlong.com\/bong-atiso-tuoi-da-lat\/#breadcrumb\"},\"inLanguage\":\"en-US\",\"potentialAction\":[{\"@type\":\"ReadAction\",\"target\":[\"https:\/\/duoclieukimlong.com\/bong-atiso-tuoi-da-lat\/\"]}]},{\"@type\":\"BreadcrumbList\",\"@id\":\"https:\/\/duoclieukimlong.com\/bong-atiso-tuoi-da-lat\/#breadcrumb\",\"itemListElement\":[{\"@type\":\"ListItem\",\"position\":1,\"name\":\"Trang ch\u1ee7\",\"item\":\"https:\/\/duoclieukimlong.com\/\"},{\"@type\":\"ListItem\",\"position\":2,\"name\":\"S\u1ea3n ph\u1ea9m\",\"item\":\"https:\/\/duoclieukimlong.com\/shop\/\"},{\"@type\":\"ListItem\",\"position\":3,\"name\":\"B\u00f4ng Atiso T\u01b0\u01a1i \u0110\u00e0 L\u1ea1t\"}]},{\"@type\":\"WebSite\",\"@id\":\"https:\/\/duoclieukimlong.com\/#website\",\"url\":\"https:\/\/duoclieukimlong.com\/\",\"name\":\"C\u1eeda h\u00e0ng D\u01b0\u1ee3c Li\u1ec7u Kim Long\",\"description\":\"\",\"potentialAction\":[{\"@type\":\"SearchAction\",\"target\":{\"@type\":\"EntryPoint\",\"urlTemplate\":\"https:\/\/duoclieukimlong.com\/?s={search_term_string}\"},\"query-input\":\"required name=search_term_string\"}],\"inLanguage\":\"en-US\"}]}<\/script>\n<!-- \/ Yoast SEO Premium plugin. -->","yoast_head_json":{"title":"B\u00f4ng Atiso T\u01b0\u01a1i \u0110\u00e0 L\u1ea1t - C\u1eeda h\u00e0ng D\u01b0\u1ee3c Li\u1ec7u Kim Long","robots":{"index":"index","follow":"follow","max-snippet":"max-snippet:-1","max-image-preview":"max-image-preview:large","max-video-preview":"max-video-preview:-1"},"canonical":"https:\/\/duoclieukimlong.com\/en\/bong-atiso-tuoi-da-lat\/","og_locale":"en_US","og_type":"article","og_title":"B\u00f4ng Atiso T\u01b0\u01a1i \u0110\u00e0 L\u1ea1t","og_description":"B\u00f4ng Atiso t\u01b0\u01a1i lo\u1ea1i 1, b\u00f4ng to, c\u00e1nh d\u00e0y v\u00e0 m\u1eadp, m\u00e0u xanh m\u01b0\u1edbt. \u0110\u01b0\u1ee3c c\u1eaft m\u1edbi m\u1ed7i ng\u00e0y t\u1eeb c\u00e1c nh\u00e0 v\u01b0\u1eddn \u0110\u00e0 L\u1ea1t. C\u00f4ng d\u1ee5ng ch\u00ednh l\u00e0 gi\u1ea3i nhi\u1ec7t, m\u00e1t gan v\u00e0 h\u1ed7 tr\u1ee3 ti\u00eau h\u00f3a.","og_url":"https:\/\/duoclieukimlong.com\/en\/bong-atiso-tuoi-da-lat\/","og_site_name":"C\u1eeda h\u00e0ng D\u01b0\u1ee3c Li\u1ec7u Kim Long","article_modified_time":"2026-03-13T07:39:58+00:00","og_image":[{"width":225,"height":225,"url":"https:\/\/duoclieukimlong.com\/wp-content\/uploads\/2025\/12\/bongcaidalat.jpg","type":"image\/jpeg"}],"twitter_card":"summary_large_image","twitter_misc":{"Est. reading time":"1 minute"},"schema":{"@context":"https:\/\/schema.org","@graph":[{"@type":"WebPage","@id":"https:\/\/duoclieukimlong.com\/bong-atiso-tuoi-da-lat\/","url":"https:\/\/duoclieukimlong.com\/bong-atiso-tuoi-da-lat\/","name":"B\u00f4ng Atiso T\u01b0\u01a1i \u0110\u00e0 L\u1ea1t - C\u1eeda h\u00e0ng D\u01b0\u1ee3c Li\u1ec7u Kim Long","isPartOf":{"@id":"https:\/\/duoclieukimlong.com\/#website"},"datePublished":"2025-12-05T07:53:34+00:00","dateModified":"2026-03-13T07:39:58+00:00","breadcrumb":{"@id":"https:\/\/duoclieukimlong.com\/bong-atiso-tuoi-da-lat\/#breadcrumb"},"inLanguage":"en-US","potentialAction":[{"@type":"ReadAction","target":["https:\/\/duoclieukimlong.com\/bong-atiso-tuoi-da-lat\/"]}]},{"@type":"BreadcrumbList","@id":"https:\/\/duoclieukimlong.com\/bong-atiso-tuoi-da-lat\/#breadcrumb","itemListElement":[{"@type":"ListItem","position":1,"name":"Trang ch\u1ee7","item":"https:\/\/duoclieukimlong.com\/"},{"@type":"ListItem","position":2,"name":"S\u1ea3n ph\u1ea9m","item":"https:\/\/duoclieukimlong.com\/shop\/"},{"@type":"ListItem","position":3,"name":"B\u00f4ng Atiso T\u01b0\u01a1i \u0110\u00e0 L\u1ea1t"}]},{"@type":"WebSite","@id":"https:\/\/duoclieukimlong.com\/#website","url":"https:\/\/duoclieukimlong.com\/","name":"C\u1eeda h\u00e0ng D\u01b0\u1ee3c Li\u1ec7u Kim Long","description":"","potentialAction":[{"@type":"SearchAction","target":{"@type":"EntryPoint","urlTemplate":"https:\/\/duoclieukimlong.com\/?s={search_term_string}"},"query-input":"required name=search_term_string"}],"inLanguage":"en-US"}]}},"_links":{"self":[{"href":"https:\/\/duoclieukimlong.com\/en\/wp-json\/wp\/v2\/product\/1247"}],"collection":[{"href":"https:\/\/duoclieukimlong.com\/en\/wp-json\/wp\/v2\/product"}],"about":[{"href":"https:\/\/duoclieukimlong.com\/en\/wp-json\/wp\/v2\/types\/product"}],"replies":[{"embeddable":true,"href":"https:\/\/duoclieukimlong.com\/en\/wp-json\/wp\/v2\/comments?post=1247"}],"wp:featuredmedia":[{"embeddable":true,"href":"https:\/\/duoclieukimlong.com\/en\/wp-json\/wp\/v2\/media\/1240"}],"wp:attachment":[{"href":"https:\/\/duoclieukimlong.com\/en\/wp-json\/wp\/v2\/media?parent=1247"}],"wp:term":[{"taxonomy":"product_cat","embeddable":true,"href":"https:\/\/duoclieukimlong.com\/en\/wp-json\/wp\/v2\/product_cat?post=1247"},{"taxonomy":"product_tag","embeddable":true,"href":"https:\/\/duoclieukimlong.com\/en\/wp-json\/wp\/v2\/product_tag?post=1247"}],"curies":[{"name":"wp","href":"https:\/\/api.w.org\/{rel}","templated":true}]}}