{"id":1248,"date":"2025-12-05T14:54:13","date_gmt":"2025-12-05T07:54:13","guid":{"rendered":"https:\/\/duoclieukimlong.123websitedev.com\/?post_type=product&#038;p=1248"},"modified":"2026-03-13T14:35:02","modified_gmt":"2026-03-13T07:35:02","slug":"cu-tam-that-bac-tuoi","status":"publish","type":"product","link":"https:\/\/duoclieukimlong.com\/en\/cu-tam-that-bac-tuoi\/","title":{"rendered":"Fresh Panax Pseudoginseng Root"},"content":{"rendered":"<p>Tam th\u1ea5t b\u1eafc t\u01b0\u01a1i c\u00f2n \u0111\u01b0\u1ee3c g\u1ecdi l\u00e0 kim b\u1ea5t ho\u00e1n (v\u00e0ng kh\u00f4ng \u0111\u1ed5i) v\u00ec gi\u00e1 tr\u1ecb ch\u1eefa b\u1ec7nh qu\u00fd gi\u00e1 c\u1ee7a n\u00f3. C\u1ee7 t\u01b0\u01a1i ch\u1ee9a nhi\u1ec1u d\u1ecbch chi\u1ebft nh\u00e2n s\u00e2m (Ginsenoside) h\u01a1n h\u1eb3n so v\u1edbi lo\u1ea1i \u0111\u00e3 ph\u01a1i kh\u00f4. C\u00e1ch d\u00f9ng ph\u1ed5 bi\u1ebfn nh\u1ea5t l\u00e0 th\u00e1i l\u00e1t m\u1ecfng ng\u00e2m v\u1edbi m\u1eadt ong r\u1eebng \u0111\u1ec3 gi\u1ea3m b\u1edbt v\u1ecb \u0111\u1eafng, ho\u1eb7c h\u1ea7m v\u1edbi tim l\u1ee3n, chim b\u1ed3 c\u00e2u cho ng\u01b0\u1eddi \u1ed1m b\u1ed3i b\u1ed5. \u0110\u1eb7c bi\u1ec7t, tam th\u1ea5t t\u01b0\u01a1i c\u00f3 kh\u1ea3 n\u0103ng ti\u00eau huy\u1ebft \u1ee9 r\u1ea5t t\u1ed1t, th\u01b0\u1eddng d\u00f9ng cho ng\u01b0\u1eddi b\u1ecb ch\u1ea5n th\u01b0\u01a1ng b\u1ea7m t\u00edm ho\u1eb7c ph\u1ee5 n\u1eef m\u1edbi sinh mu\u1ed1n nhanh s\u1ea1ch huy\u1ebft h\u00f4i.<\/p>","protected":false},"excerpt":{"rendered":"<p>Tam th\u1ea5t t\u01b0\u01a1i tr\u1ed3ng t\u1ea1i v\u00f9ng n\u00fai cao H\u00e0 Giang, c\u1ee7 s\u1ea7n s\u00f9i, ch\u1eafc n\u1ecbch nh\u01b0 \u0111\u00e1. V\u1ecb \u0111\u1eafng, t\u00ednh \u00f4n, c\u00f3 t\u00e1c d\u1ee5ng c\u1ea7m m\u00e1u, ti\u00eau s\u01b0ng v\u00e0 b\u1ed5 m\u00e1u c\u1ef1c t\u1ed1t cho ph\u1ee5 n\u1eef sau sinh.<\/p>","protected":false},"featured_media":1243,"comment_status":"open","ping_status":"closed","template":"","meta":{"inline_featured_image":false},"product_cat":[170,156],"product_tag":[],"class_list":{"0":"post-1248","1":"product","2":"type-product","3":"status-publish","4":"has-post-thumbnail","6":"product_cat-duoc-lieu-thuoc-bac","7":"product_cat-thao-duoc","9":"first","10":"instock","11":"shipping-taxable","12":"purchasable","13":"product-type-simple"},"yoast_head":"<!-- This site is optimized with the Yoast SEO Premium plugin v20.9 (Yoast SEO v20.9) - https:\/\/yoast.com\/wordpress\/plugins\/seo\/ -->\n<title>C\u1ee7 Tam Th\u1ea5t B\u1eafc T\u01b0\u01a1i - C\u1eeda h\u00e0ng D\u01b0\u1ee3c Li\u1ec7u Kim Long<\/title>\n<meta name=\"robots\" content=\"index, follow, max-snippet:-1, max-image-preview:large, max-video-preview:-1\" \/>\n<link rel=\"canonical\" href=\"https:\/\/duoclieukimlong.com\/en\/cu-tam-that-bac-tuoi\/\" \/>\n<meta property=\"og:locale\" content=\"en_US\" \/>\n<meta property=\"og:type\" content=\"article\" \/>\n<meta property=\"og:title\" content=\"C\u1ee7 Tam Th\u1ea5t B\u1eafc T\u01b0\u01a1i\" \/>\n<meta property=\"og:description\" content=\"Tam th\u1ea5t t\u01b0\u01a1i tr\u1ed3ng t\u1ea1i v\u00f9ng n\u00fai cao H\u00e0 Giang, c\u1ee7 s\u1ea7n s\u00f9i, ch\u1eafc n\u1ecbch nh\u01b0 \u0111\u00e1. V\u1ecb \u0111\u1eafng, t\u00ednh \u00f4n, c\u00f3 t\u00e1c d\u1ee5ng c\u1ea7m m\u00e1u, ti\u00eau s\u01b0ng v\u00e0 b\u1ed5 m\u00e1u c\u1ef1c t\u1ed1t cho ph\u1ee5 n\u1eef sau sinh.\" \/>\n<meta property=\"og:url\" content=\"https:\/\/duoclieukimlong.com\/en\/cu-tam-that-bac-tuoi\/\" \/>\n<meta property=\"og:site_name\" content=\"C\u1eeda h\u00e0ng D\u01b0\u1ee3c Li\u1ec7u Kim Long\" \/>\n<meta property=\"article:modified_time\" content=\"2026-03-13T07:35:02+00:00\" \/>\n<meta property=\"og:image\" content=\"https:\/\/duoclieukimlong.com\/wp-content\/uploads\/2025\/12\/tam-that.jpg\" \/>\n\t<meta property=\"og:image:width\" content=\"500\" \/>\n\t<meta property=\"og:image:height\" content=\"362\" \/>\n\t<meta property=\"og:image:type\" content=\"image\/jpeg\" \/>\n<meta name=\"twitter:card\" content=\"summary_large_image\" \/>\n<meta name=\"twitter:label1\" content=\"Est. reading time\" \/>\n\t<meta name=\"twitter:data1\" content=\"1 minute\" \/>\n<script type=\"application\/ld+json\" class=\"yoast-schema-graph\">{\"@context\":\"https:\/\/schema.org\",\"@graph\":[{\"@type\":\"WebPage\",\"@id\":\"https:\/\/duoclieukimlong.com\/cu-tam-that-bac-tuoi\/\",\"url\":\"https:\/\/duoclieukimlong.com\/cu-tam-that-bac-tuoi\/\",\"name\":\"C\u1ee7 Tam Th\u1ea5t B\u1eafc T\u01b0\u01a1i - C\u1eeda h\u00e0ng D\u01b0\u1ee3c Li\u1ec7u Kim Long\",\"isPartOf\":{\"@id\":\"https:\/\/duoclieukimlong.com\/#website\"},\"datePublished\":\"2025-12-05T07:54:13+00:00\",\"dateModified\":\"2026-03-13T07:35:02+00:00\",\"breadcrumb\":{\"@id\":\"https:\/\/duoclieukimlong.com\/cu-tam-that-bac-tuoi\/#breadcrumb\"},\"inLanguage\":\"en-US\",\"potentialAction\":[{\"@type\":\"ReadAction\",\"target\":[\"https:\/\/duoclieukimlong.com\/cu-tam-that-bac-tuoi\/\"]}]},{\"@type\":\"BreadcrumbList\",\"@id\":\"https:\/\/duoclieukimlong.com\/cu-tam-that-bac-tuoi\/#breadcrumb\",\"itemListElement\":[{\"@type\":\"ListItem\",\"position\":1,\"name\":\"Trang ch\u1ee7\",\"item\":\"https:\/\/duoclieukimlong.com\/\"},{\"@type\":\"ListItem\",\"position\":2,\"name\":\"S\u1ea3n ph\u1ea9m\",\"item\":\"https:\/\/duoclieukimlong.com\/shop\/\"},{\"@type\":\"ListItem\",\"position\":3,\"name\":\"C\u1ee7 Tam Th\u1ea5t B\u1eafc T\u01b0\u01a1i\"}]},{\"@type\":\"WebSite\",\"@id\":\"https:\/\/duoclieukimlong.com\/#website\",\"url\":\"https:\/\/duoclieukimlong.com\/\",\"name\":\"C\u1eeda h\u00e0ng D\u01b0\u1ee3c Li\u1ec7u Kim Long\",\"description\":\"\",\"potentialAction\":[{\"@type\":\"SearchAction\",\"target\":{\"@type\":\"EntryPoint\",\"urlTemplate\":\"https:\/\/duoclieukimlong.com\/?s={search_term_string}\"},\"query-input\":\"required name=search_term_string\"}],\"inLanguage\":\"en-US\"}]}<\/script>\n<!-- \/ Yoast SEO Premium plugin. -->","yoast_head_json":{"title":"C\u1ee7 Tam Th\u1ea5t B\u1eafc T\u01b0\u01a1i - C\u1eeda h\u00e0ng D\u01b0\u1ee3c Li\u1ec7u Kim Long","robots":{"index":"index","follow":"follow","max-snippet":"max-snippet:-1","max-image-preview":"max-image-preview:large","max-video-preview":"max-video-preview:-1"},"canonical":"https:\/\/duoclieukimlong.com\/en\/cu-tam-that-bac-tuoi\/","og_locale":"en_US","og_type":"article","og_title":"C\u1ee7 Tam Th\u1ea5t B\u1eafc T\u01b0\u01a1i","og_description":"Tam th\u1ea5t t\u01b0\u01a1i tr\u1ed3ng t\u1ea1i v\u00f9ng n\u00fai cao H\u00e0 Giang, c\u1ee7 s\u1ea7n s\u00f9i, ch\u1eafc n\u1ecbch nh\u01b0 \u0111\u00e1. V\u1ecb \u0111\u1eafng, t\u00ednh \u00f4n, c\u00f3 t\u00e1c d\u1ee5ng c\u1ea7m m\u00e1u, ti\u00eau s\u01b0ng v\u00e0 b\u1ed5 m\u00e1u c\u1ef1c t\u1ed1t cho ph\u1ee5 n\u1eef sau sinh.","og_url":"https:\/\/duoclieukimlong.com\/en\/cu-tam-that-bac-tuoi\/","og_site_name":"C\u1eeda h\u00e0ng D\u01b0\u1ee3c Li\u1ec7u Kim Long","article_modified_time":"2026-03-13T07:35:02+00:00","og_image":[{"width":500,"height":362,"url":"https:\/\/duoclieukimlong.com\/wp-content\/uploads\/2025\/12\/tam-that.jpg","type":"image\/jpeg"}],"twitter_card":"summary_large_image","twitter_misc":{"Est. reading time":"1 minute"},"schema":{"@context":"https:\/\/schema.org","@graph":[{"@type":"WebPage","@id":"https:\/\/duoclieukimlong.com\/cu-tam-that-bac-tuoi\/","url":"https:\/\/duoclieukimlong.com\/cu-tam-that-bac-tuoi\/","name":"C\u1ee7 Tam Th\u1ea5t B\u1eafc T\u01b0\u01a1i - C\u1eeda h\u00e0ng D\u01b0\u1ee3c Li\u1ec7u Kim Long","isPartOf":{"@id":"https:\/\/duoclieukimlong.com\/#website"},"datePublished":"2025-12-05T07:54:13+00:00","dateModified":"2026-03-13T07:35:02+00:00","breadcrumb":{"@id":"https:\/\/duoclieukimlong.com\/cu-tam-that-bac-tuoi\/#breadcrumb"},"inLanguage":"en-US","potentialAction":[{"@type":"ReadAction","target":["https:\/\/duoclieukimlong.com\/cu-tam-that-bac-tuoi\/"]}]},{"@type":"BreadcrumbList","@id":"https:\/\/duoclieukimlong.com\/cu-tam-that-bac-tuoi\/#breadcrumb","itemListElement":[{"@type":"ListItem","position":1,"name":"Trang ch\u1ee7","item":"https:\/\/duoclieukimlong.com\/"},{"@type":"ListItem","position":2,"name":"S\u1ea3n ph\u1ea9m","item":"https:\/\/duoclieukimlong.com\/shop\/"},{"@type":"ListItem","position":3,"name":"C\u1ee7 Tam Th\u1ea5t B\u1eafc T\u01b0\u01a1i"}]},{"@type":"WebSite","@id":"https:\/\/duoclieukimlong.com\/#website","url":"https:\/\/duoclieukimlong.com\/","name":"C\u1eeda h\u00e0ng D\u01b0\u1ee3c Li\u1ec7u Kim Long","description":"","potentialAction":[{"@type":"SearchAction","target":{"@type":"EntryPoint","urlTemplate":"https:\/\/duoclieukimlong.com\/?s={search_term_string}"},"query-input":"required name=search_term_string"}],"inLanguage":"en-US"}]}},"_links":{"self":[{"href":"https:\/\/duoclieukimlong.com\/en\/wp-json\/wp\/v2\/product\/1248"}],"collection":[{"href":"https:\/\/duoclieukimlong.com\/en\/wp-json\/wp\/v2\/product"}],"about":[{"href":"https:\/\/duoclieukimlong.com\/en\/wp-json\/wp\/v2\/types\/product"}],"replies":[{"embeddable":true,"href":"https:\/\/duoclieukimlong.com\/en\/wp-json\/wp\/v2\/comments?post=1248"}],"wp:featuredmedia":[{"embeddable":true,"href":"https:\/\/duoclieukimlong.com\/en\/wp-json\/wp\/v2\/media\/1243"}],"wp:attachment":[{"href":"https:\/\/duoclieukimlong.com\/en\/wp-json\/wp\/v2\/media?parent=1248"}],"wp:term":[{"taxonomy":"product_cat","embeddable":true,"href":"https:\/\/duoclieukimlong.com\/en\/wp-json\/wp\/v2\/product_cat?post=1248"},{"taxonomy":"product_tag","embeddable":true,"href":"https:\/\/duoclieukimlong.com\/en\/wp-json\/wp\/v2\/product_tag?post=1248"}],"curies":[{"name":"wp","href":"https:\/\/api.w.org\/{rel}","templated":true}]}}