{"id":1249,"date":"2025-12-05T14:59:49","date_gmt":"2025-12-05T07:59:49","guid":{"rendered":"https:\/\/duoclieukimlong.123websitedev.com\/?post_type=product&#038;p=1249"},"modified":"2026-03-13T14:35:02","modified_gmt":"2026-03-13T07:35:02","slug":"cay-giong-huong-thao-rosemary","status":"publish","type":"product","link":"https:\/\/duoclieukimlong.com\/en\/cay-giong-huong-thao-rosemary\/","title":{"rendered":"Rosemary Seedlings"},"content":{"rendered":"<p data-path-to-node=\"3\">C\u00e2y H\u01b0\u01a1ng Th\u1ea3o hay c\u00f2n g\u1ecdi l\u00e0 Rosemary c\u00f3 ngu\u1ed3n g\u1ed1c t\u1eeb v\u00f9ng \u0110\u1ecba Trung H\u1ea3i nh\u01b0ng ph\u00e1t tri\u1ec3n r\u1ea5t t\u1ed1t t\u1ea1i kh\u00ed h\u1eadu Vi\u1ec7t Nam. Tinh d\u1ea7u trong l\u00e1 h\u01b0\u01a1ng th\u1ea3o gi\u00fap k\u00edch th\u00edch tr\u00ed n\u00e3o, t\u0103ng c\u01b0\u1eddng tr\u00ed nh\u1edb v\u00e0 s\u1ef1 t\u1eadp trung, r\u1ea5t th\u00edch h\u1ee3p \u0111\u1ec3 b\u00e0n l\u00e0m vi\u1ec7c. Trong \u1ea9m th\u1ef1c, ch\u1ec9 c\u1ea7n m\u1ed9t nh\u00e1nh nh\u1ecf h\u01b0\u01a1ng th\u1ea3o c\u0169ng \u0111\u1ee7 l\u00e0m d\u1eady m\u00f9i m\u00f3n b\u00edt t\u1ebft ho\u1eb7c g\u00e0 n\u01b0\u1edbng. C\u00e2y \u01b0a n\u1eafng, \u0111\u1ea5t tho\u00e1t n\u01b0\u1edbc t\u1ed1t, kh\u00f4ng ch\u1ecbu \u0111\u01b0\u1ee3c \u00fang ng\u1eadp.<\/p>","protected":false},"excerpt":{"rendered":"<p>C\u00e2y b\u1ee5i nh\u1ecf, l\u00e1 h\u00ecnh kim, t\u1ecfa ra m\u00f9i th\u01a1m r\u1ea5t d\u1ec5 ch\u1ecbu khi ch\u1ea1m v\u00e0o. V\u1eeba l\u00e0 c\u00e2y c\u1ea3nh \u0111\u1ec3 b\u00e0n gi\u00fap gi\u1ea3m stress, \u0111u\u1ed5i mu\u1ed7i, v\u1eeba l\u00e0 gia v\u1ecb \u00c2u cao c\u1ea5p cho c\u00e1c m\u00f3n n\u01b0\u1edbng.<\/p>","protected":false},"featured_media":1253,"comment_status":"open","ping_status":"closed","template":"","meta":{"inline_featured_image":false},"product_cat":[170,156],"product_tag":[],"class_list":{"0":"post-1249","1":"product","2":"type-product","3":"status-publish","4":"has-post-thumbnail","6":"product_cat-duoc-lieu-thuoc-bac","7":"product_cat-thao-duoc","9":"first","10":"instock","11":"shipping-taxable","12":"purchasable","13":"product-type-simple"},"yoast_head":"<!-- This site is optimized with the Yoast SEO Premium plugin v20.9 (Yoast SEO v20.9) - https:\/\/yoast.com\/wordpress\/plugins\/seo\/ -->\n<title>C\u00e2y Gi\u1ed1ng H\u01b0\u01a1ng Th\u1ea3o Rosemary - C\u1eeda h\u00e0ng D\u01b0\u1ee3c Li\u1ec7u Kim Long<\/title>\n<meta name=\"robots\" content=\"index, follow, max-snippet:-1, max-image-preview:large, max-video-preview:-1\" \/>\n<link rel=\"canonical\" href=\"https:\/\/duoclieukimlong.com\/en\/cay-giong-huong-thao-rosemary\/\" \/>\n<meta property=\"og:locale\" content=\"en_US\" \/>\n<meta property=\"og:type\" content=\"article\" \/>\n<meta property=\"og:title\" content=\"C\u00e2y Gi\u1ed1ng H\u01b0\u01a1ng Th\u1ea3o Rosemary\" \/>\n<meta property=\"og:description\" content=\"C\u00e2y b\u1ee5i nh\u1ecf, l\u00e1 h\u00ecnh kim, t\u1ecfa ra m\u00f9i th\u01a1m r\u1ea5t d\u1ec5 ch\u1ecbu khi ch\u1ea1m v\u00e0o. V\u1eeba l\u00e0 c\u00e2y c\u1ea3nh \u0111\u1ec3 b\u00e0n gi\u00fap gi\u1ea3m stress, \u0111u\u1ed5i mu\u1ed7i, v\u1eeba l\u00e0 gia v\u1ecb \u00c2u cao c\u1ea5p cho c\u00e1c m\u00f3n n\u01b0\u1edbng.\" \/>\n<meta property=\"og:url\" content=\"https:\/\/duoclieukimlong.com\/en\/cay-giong-huong-thao-rosemary\/\" \/>\n<meta property=\"og:site_name\" content=\"C\u1eeda h\u00e0ng D\u01b0\u1ee3c Li\u1ec7u Kim Long\" \/>\n<meta property=\"article:modified_time\" content=\"2026-03-13T07:35:02+00:00\" \/>\n<meta property=\"og:image\" content=\"https:\/\/duoclieukimlong.com\/wp-content\/uploads\/2025\/12\/Cay-Giong-Huong-Thao-Rosemary.png\" \/>\n\t<meta property=\"og:image:width\" content=\"1200\" \/>\n\t<meta property=\"og:image:height\" content=\"673\" \/>\n\t<meta property=\"og:image:type\" content=\"image\/png\" \/>\n<meta name=\"twitter:card\" content=\"summary_large_image\" \/>\n<meta name=\"twitter:label1\" content=\"Est. reading time\" \/>\n\t<meta name=\"twitter:data1\" content=\"1 minute\" \/>\n<script type=\"application\/ld+json\" class=\"yoast-schema-graph\">{\"@context\":\"https:\/\/schema.org\",\"@graph\":[{\"@type\":\"WebPage\",\"@id\":\"https:\/\/duoclieukimlong.com\/cay-giong-huong-thao-rosemary\/\",\"url\":\"https:\/\/duoclieukimlong.com\/cay-giong-huong-thao-rosemary\/\",\"name\":\"C\u00e2y Gi\u1ed1ng H\u01b0\u01a1ng Th\u1ea3o Rosemary - C\u1eeda h\u00e0ng D\u01b0\u1ee3c Li\u1ec7u Kim Long\",\"isPartOf\":{\"@id\":\"https:\/\/duoclieukimlong.com\/#website\"},\"datePublished\":\"2025-12-05T07:59:49+00:00\",\"dateModified\":\"2026-03-13T07:35:02+00:00\",\"breadcrumb\":{\"@id\":\"https:\/\/duoclieukimlong.com\/cay-giong-huong-thao-rosemary\/#breadcrumb\"},\"inLanguage\":\"en-US\",\"potentialAction\":[{\"@type\":\"ReadAction\",\"target\":[\"https:\/\/duoclieukimlong.com\/cay-giong-huong-thao-rosemary\/\"]}]},{\"@type\":\"BreadcrumbList\",\"@id\":\"https:\/\/duoclieukimlong.com\/cay-giong-huong-thao-rosemary\/#breadcrumb\",\"itemListElement\":[{\"@type\":\"ListItem\",\"position\":1,\"name\":\"Trang ch\u1ee7\",\"item\":\"https:\/\/duoclieukimlong.com\/\"},{\"@type\":\"ListItem\",\"position\":2,\"name\":\"S\u1ea3n ph\u1ea9m\",\"item\":\"https:\/\/duoclieukimlong.com\/shop\/\"},{\"@type\":\"ListItem\",\"position\":3,\"name\":\"C\u00e2y Gi\u1ed1ng H\u01b0\u01a1ng Th\u1ea3o Rosemary\"}]},{\"@type\":\"WebSite\",\"@id\":\"https:\/\/duoclieukimlong.com\/#website\",\"url\":\"https:\/\/duoclieukimlong.com\/\",\"name\":\"C\u1eeda h\u00e0ng D\u01b0\u1ee3c Li\u1ec7u Kim Long\",\"description\":\"\",\"potentialAction\":[{\"@type\":\"SearchAction\",\"target\":{\"@type\":\"EntryPoint\",\"urlTemplate\":\"https:\/\/duoclieukimlong.com\/?s={search_term_string}\"},\"query-input\":\"required name=search_term_string\"}],\"inLanguage\":\"en-US\"}]}<\/script>\n<!-- \/ Yoast SEO Premium plugin. -->","yoast_head_json":{"title":"C\u00e2y Gi\u1ed1ng H\u01b0\u01a1ng Th\u1ea3o Rosemary - C\u1eeda h\u00e0ng D\u01b0\u1ee3c Li\u1ec7u Kim Long","robots":{"index":"index","follow":"follow","max-snippet":"max-snippet:-1","max-image-preview":"max-image-preview:large","max-video-preview":"max-video-preview:-1"},"canonical":"https:\/\/duoclieukimlong.com\/en\/cay-giong-huong-thao-rosemary\/","og_locale":"en_US","og_type":"article","og_title":"C\u00e2y Gi\u1ed1ng H\u01b0\u01a1ng Th\u1ea3o Rosemary","og_description":"C\u00e2y b\u1ee5i nh\u1ecf, l\u00e1 h\u00ecnh kim, t\u1ecfa ra m\u00f9i th\u01a1m r\u1ea5t d\u1ec5 ch\u1ecbu khi ch\u1ea1m v\u00e0o. V\u1eeba l\u00e0 c\u00e2y c\u1ea3nh \u0111\u1ec3 b\u00e0n gi\u00fap gi\u1ea3m stress, \u0111u\u1ed5i mu\u1ed7i, v\u1eeba l\u00e0 gia v\u1ecb \u00c2u cao c\u1ea5p cho c\u00e1c m\u00f3n n\u01b0\u1edbng.","og_url":"https:\/\/duoclieukimlong.com\/en\/cay-giong-huong-thao-rosemary\/","og_site_name":"C\u1eeda h\u00e0ng D\u01b0\u1ee3c Li\u1ec7u Kim Long","article_modified_time":"2026-03-13T07:35:02+00:00","og_image":[{"width":1200,"height":673,"url":"https:\/\/duoclieukimlong.com\/wp-content\/uploads\/2025\/12\/Cay-Giong-Huong-Thao-Rosemary.png","type":"image\/png"}],"twitter_card":"summary_large_image","twitter_misc":{"Est. reading time":"1 minute"},"schema":{"@context":"https:\/\/schema.org","@graph":[{"@type":"WebPage","@id":"https:\/\/duoclieukimlong.com\/cay-giong-huong-thao-rosemary\/","url":"https:\/\/duoclieukimlong.com\/cay-giong-huong-thao-rosemary\/","name":"C\u00e2y Gi\u1ed1ng H\u01b0\u01a1ng Th\u1ea3o Rosemary - C\u1eeda h\u00e0ng D\u01b0\u1ee3c Li\u1ec7u Kim Long","isPartOf":{"@id":"https:\/\/duoclieukimlong.com\/#website"},"datePublished":"2025-12-05T07:59:49+00:00","dateModified":"2026-03-13T07:35:02+00:00","breadcrumb":{"@id":"https:\/\/duoclieukimlong.com\/cay-giong-huong-thao-rosemary\/#breadcrumb"},"inLanguage":"en-US","potentialAction":[{"@type":"ReadAction","target":["https:\/\/duoclieukimlong.com\/cay-giong-huong-thao-rosemary\/"]}]},{"@type":"BreadcrumbList","@id":"https:\/\/duoclieukimlong.com\/cay-giong-huong-thao-rosemary\/#breadcrumb","itemListElement":[{"@type":"ListItem","position":1,"name":"Trang ch\u1ee7","item":"https:\/\/duoclieukimlong.com\/"},{"@type":"ListItem","position":2,"name":"S\u1ea3n ph\u1ea9m","item":"https:\/\/duoclieukimlong.com\/shop\/"},{"@type":"ListItem","position":3,"name":"C\u00e2y Gi\u1ed1ng H\u01b0\u01a1ng Th\u1ea3o Rosemary"}]},{"@type":"WebSite","@id":"https:\/\/duoclieukimlong.com\/#website","url":"https:\/\/duoclieukimlong.com\/","name":"C\u1eeda h\u00e0ng D\u01b0\u1ee3c Li\u1ec7u Kim Long","description":"","potentialAction":[{"@type":"SearchAction","target":{"@type":"EntryPoint","urlTemplate":"https:\/\/duoclieukimlong.com\/?s={search_term_string}"},"query-input":"required name=search_term_string"}],"inLanguage":"en-US"}]}},"_links":{"self":[{"href":"https:\/\/duoclieukimlong.com\/en\/wp-json\/wp\/v2\/product\/1249"}],"collection":[{"href":"https:\/\/duoclieukimlong.com\/en\/wp-json\/wp\/v2\/product"}],"about":[{"href":"https:\/\/duoclieukimlong.com\/en\/wp-json\/wp\/v2\/types\/product"}],"replies":[{"embeddable":true,"href":"https:\/\/duoclieukimlong.com\/en\/wp-json\/wp\/v2\/comments?post=1249"}],"wp:featuredmedia":[{"embeddable":true,"href":"https:\/\/duoclieukimlong.com\/en\/wp-json\/wp\/v2\/media\/1253"}],"wp:attachment":[{"href":"https:\/\/duoclieukimlong.com\/en\/wp-json\/wp\/v2\/media?parent=1249"}],"wp:term":[{"taxonomy":"product_cat","embeddable":true,"href":"https:\/\/duoclieukimlong.com\/en\/wp-json\/wp\/v2\/product_cat?post=1249"},{"taxonomy":"product_tag","embeddable":true,"href":"https:\/\/duoclieukimlong.com\/en\/wp-json\/wp\/v2\/product_tag?post=1249"}],"curies":[{"name":"wp","href":"https:\/\/api.w.org\/{rel}","templated":true}]}}