{"id":1255,"date":"2025-12-05T15:00:59","date_gmt":"2025-12-05T08:00:59","guid":{"rendered":"https:\/\/duoclieukimlong.123websitedev.com\/?post_type=product&#038;p=1255"},"modified":"2026-03-13T14:35:01","modified_gmt":"2026-03-13T07:35:01","slug":"cay-dinh-lang-nep-la-nho","status":"publish","type":"product","link":"https:\/\/duoclieukimlong.com\/en\/grape-vine\/","title":{"rendered":"Small Leaf Polyscias fruticosa"},"content":{"rendered":"<p>Among the varieties of ginseng, the pandan leaf variety (small leaves) is the most popular because of its high medicinal properties and tastes better than the large leaf variety. The plant is easy to grow and grows year-round. Fresh ginseng leaves are often used to eat with sour sausage, make salad or cook shrimp soup to nourish mothers with blocked milk ducts. The perennial roots have the effect of nourishing blood and increasing strength, not inferior to ginseng. In addition, dried leaves are also used to make pillows to help children sleep well and not sweat at night.<\/p>","protected":false},"excerpt":{"rendered":"<p>Considered as the poor man&#039;s ginseng. The small, smooth, and beautiful pandan-leafed ginseng is good for growing as a bonsai or eating the leaves raw or soaking the roots in wine.<\/p>","protected":false},"featured_media":1252,"comment_status":"open","ping_status":"closed","template":"","meta":{"inline_featured_image":false},"product_cat":[170,156],"product_tag":[],"class_list":{"0":"post-1255","1":"product","2":"type-product","3":"status-publish","4":"has-post-thumbnail","6":"product_cat-duoc-lieu-thuoc-bac","7":"product_cat-thao-duoc","9":"first","10":"instock","11":"featured","12":"shipping-taxable","13":"purchasable","14":"product-type-simple"},"yoast_head":"<!-- This site is optimized with the Yoast SEO Premium plugin v20.9 (Yoast SEO v20.9) - https:\/\/yoast.com\/wordpress\/plugins\/seo\/ -->\n<title>C\u00e2y \u0110inh L\u0103ng N\u1ebfp L\u00e1 Nh\u1ecf - C\u1eeda h\u00e0ng D\u01b0\u1ee3c Li\u1ec7u Kim Long<\/title>\n<meta name=\"robots\" content=\"index, follow, max-snippet:-1, max-image-preview:large, max-video-preview:-1\" \/>\n<link rel=\"canonical\" href=\"https:\/\/duoclieukimlong.com\/en\/grape-vine\/\" \/>\n<meta property=\"og:locale\" content=\"en_US\" \/>\n<meta property=\"og:type\" content=\"article\" \/>\n<meta property=\"og:title\" content=\"C\u00e2y \u0110inh L\u0103ng N\u1ebfp L\u00e1 Nh\u1ecf\" \/>\n<meta property=\"og:description\" content=\"\u0110\u01b0\u1ee3c v\u00ed nh\u01b0 nh\u00e2n s\u00e2m c\u1ee7a ng\u01b0\u1eddi ngh\u00e8o. Lo\u1ea1i \u0111inh l\u0103ng l\u00e1 n\u1ebfp nh\u1ecf m\u1ecbn, d\u00e1ng \u0111\u1eb9p, tr\u1ed3ng l\u00e0m c\u1ea3nh bonsai ho\u1eb7c l\u1ea5y l\u00e1 \u0103n s\u1ed1ng, l\u1ea5y r\u1ec5 ng\u00e2m r\u01b0\u1ee3u \u0111\u1ec1u t\u1ed1t.\" \/>\n<meta property=\"og:url\" content=\"https:\/\/duoclieukimlong.com\/en\/grape-vine\/\" \/>\n<meta property=\"og:site_name\" content=\"C\u1eeda h\u00e0ng D\u01b0\u1ee3c Li\u1ec7u Kim Long\" \/>\n<meta property=\"article:modified_time\" content=\"2026-03-13T07:35:01+00:00\" \/>\n<meta property=\"og:image\" content=\"https:\/\/duoclieukimlong.com\/wp-content\/uploads\/2025\/12\/Cay-Dinh-Lang-Nep-La-Nho.jpg\" \/>\n\t<meta property=\"og:image:width\" content=\"800\" \/>\n\t<meta property=\"og:image:height\" content=\"800\" \/>\n\t<meta property=\"og:image:type\" content=\"image\/jpeg\" \/>\n<meta name=\"twitter:card\" content=\"summary_large_image\" \/>\n<meta name=\"twitter:label1\" content=\"Est. reading time\" \/>\n\t<meta name=\"twitter:data1\" content=\"1 minute\" \/>\n<script type=\"application\/ld+json\" class=\"yoast-schema-graph\">{\"@context\":\"https:\/\/schema.org\",\"@graph\":[{\"@type\":\"WebPage\",\"@id\":\"https:\/\/duoclieukimlong.com\/cay-dinh-lang-nep-la-nho\/\",\"url\":\"https:\/\/duoclieukimlong.com\/cay-dinh-lang-nep-la-nho\/\",\"name\":\"C\u00e2y \u0110inh L\u0103ng N\u1ebfp L\u00e1 Nh\u1ecf - C\u1eeda h\u00e0ng D\u01b0\u1ee3c Li\u1ec7u Kim Long\",\"isPartOf\":{\"@id\":\"https:\/\/duoclieukimlong.com\/#website\"},\"datePublished\":\"2025-12-05T08:00:59+00:00\",\"dateModified\":\"2026-03-13T07:35:01+00:00\",\"breadcrumb\":{\"@id\":\"https:\/\/duoclieukimlong.com\/cay-dinh-lang-nep-la-nho\/#breadcrumb\"},\"inLanguage\":\"en-US\",\"potentialAction\":[{\"@type\":\"ReadAction\",\"target\":[\"https:\/\/duoclieukimlong.com\/cay-dinh-lang-nep-la-nho\/\"]}]},{\"@type\":\"BreadcrumbList\",\"@id\":\"https:\/\/duoclieukimlong.com\/cay-dinh-lang-nep-la-nho\/#breadcrumb\",\"itemListElement\":[{\"@type\":\"ListItem\",\"position\":1,\"name\":\"Trang ch\u1ee7\",\"item\":\"https:\/\/duoclieukimlong.com\/\"},{\"@type\":\"ListItem\",\"position\":2,\"name\":\"S\u1ea3n ph\u1ea9m\",\"item\":\"https:\/\/duoclieukimlong.com\/shop\/\"},{\"@type\":\"ListItem\",\"position\":3,\"name\":\"C\u00e2y \u0110inh L\u0103ng N\u1ebfp L\u00e1 Nh\u1ecf\"}]},{\"@type\":\"WebSite\",\"@id\":\"https:\/\/duoclieukimlong.com\/#website\",\"url\":\"https:\/\/duoclieukimlong.com\/\",\"name\":\"C\u1eeda h\u00e0ng D\u01b0\u1ee3c Li\u1ec7u Kim Long\",\"description\":\"\",\"potentialAction\":[{\"@type\":\"SearchAction\",\"target\":{\"@type\":\"EntryPoint\",\"urlTemplate\":\"https:\/\/duoclieukimlong.com\/?s={search_term_string}\"},\"query-input\":\"required name=search_term_string\"}],\"inLanguage\":\"en-US\"}]}<\/script>\n<!-- \/ Yoast SEO Premium plugin. -->","yoast_head_json":{"title":"C\u00e2y \u0110inh L\u0103ng N\u1ebfp L\u00e1 Nh\u1ecf - C\u1eeda h\u00e0ng D\u01b0\u1ee3c Li\u1ec7u Kim Long","robots":{"index":"index","follow":"follow","max-snippet":"max-snippet:-1","max-image-preview":"max-image-preview:large","max-video-preview":"max-video-preview:-1"},"canonical":"https:\/\/duoclieukimlong.com\/en\/grape-vine\/","og_locale":"en_US","og_type":"article","og_title":"C\u00e2y \u0110inh L\u0103ng N\u1ebfp L\u00e1 Nh\u1ecf","og_description":"\u0110\u01b0\u1ee3c v\u00ed nh\u01b0 nh\u00e2n s\u00e2m c\u1ee7a ng\u01b0\u1eddi ngh\u00e8o. Lo\u1ea1i \u0111inh l\u0103ng l\u00e1 n\u1ebfp nh\u1ecf m\u1ecbn, d\u00e1ng \u0111\u1eb9p, tr\u1ed3ng l\u00e0m c\u1ea3nh bonsai ho\u1eb7c l\u1ea5y l\u00e1 \u0103n s\u1ed1ng, l\u1ea5y r\u1ec5 ng\u00e2m r\u01b0\u1ee3u \u0111\u1ec1u t\u1ed1t.","og_url":"https:\/\/duoclieukimlong.com\/en\/grape-vine\/","og_site_name":"C\u1eeda h\u00e0ng D\u01b0\u1ee3c Li\u1ec7u Kim Long","article_modified_time":"2026-03-13T07:35:01+00:00","og_image":[{"width":800,"height":800,"url":"https:\/\/duoclieukimlong.com\/wp-content\/uploads\/2025\/12\/Cay-Dinh-Lang-Nep-La-Nho.jpg","type":"image\/jpeg"}],"twitter_card":"summary_large_image","twitter_misc":{"Est. reading time":"1 minute"},"schema":{"@context":"https:\/\/schema.org","@graph":[{"@type":"WebPage","@id":"https:\/\/duoclieukimlong.com\/cay-dinh-lang-nep-la-nho\/","url":"https:\/\/duoclieukimlong.com\/cay-dinh-lang-nep-la-nho\/","name":"C\u00e2y \u0110inh L\u0103ng N\u1ebfp L\u00e1 Nh\u1ecf - C\u1eeda h\u00e0ng D\u01b0\u1ee3c Li\u1ec7u Kim Long","isPartOf":{"@id":"https:\/\/duoclieukimlong.com\/#website"},"datePublished":"2025-12-05T08:00:59+00:00","dateModified":"2026-03-13T07:35:01+00:00","breadcrumb":{"@id":"https:\/\/duoclieukimlong.com\/cay-dinh-lang-nep-la-nho\/#breadcrumb"},"inLanguage":"en-US","potentialAction":[{"@type":"ReadAction","target":["https:\/\/duoclieukimlong.com\/cay-dinh-lang-nep-la-nho\/"]}]},{"@type":"BreadcrumbList","@id":"https:\/\/duoclieukimlong.com\/cay-dinh-lang-nep-la-nho\/#breadcrumb","itemListElement":[{"@type":"ListItem","position":1,"name":"Trang ch\u1ee7","item":"https:\/\/duoclieukimlong.com\/"},{"@type":"ListItem","position":2,"name":"S\u1ea3n ph\u1ea9m","item":"https:\/\/duoclieukimlong.com\/shop\/"},{"@type":"ListItem","position":3,"name":"C\u00e2y \u0110inh L\u0103ng N\u1ebfp L\u00e1 Nh\u1ecf"}]},{"@type":"WebSite","@id":"https:\/\/duoclieukimlong.com\/#website","url":"https:\/\/duoclieukimlong.com\/","name":"C\u1eeda h\u00e0ng D\u01b0\u1ee3c Li\u1ec7u Kim Long","description":"","potentialAction":[{"@type":"SearchAction","target":{"@type":"EntryPoint","urlTemplate":"https:\/\/duoclieukimlong.com\/?s={search_term_string}"},"query-input":"required name=search_term_string"}],"inLanguage":"en-US"}]}},"_links":{"self":[{"href":"https:\/\/duoclieukimlong.com\/en\/wp-json\/wp\/v2\/product\/1255"}],"collection":[{"href":"https:\/\/duoclieukimlong.com\/en\/wp-json\/wp\/v2\/product"}],"about":[{"href":"https:\/\/duoclieukimlong.com\/en\/wp-json\/wp\/v2\/types\/product"}],"replies":[{"embeddable":true,"href":"https:\/\/duoclieukimlong.com\/en\/wp-json\/wp\/v2\/comments?post=1255"}],"wp:featuredmedia":[{"embeddable":true,"href":"https:\/\/duoclieukimlong.com\/en\/wp-json\/wp\/v2\/media\/1252"}],"wp:attachment":[{"href":"https:\/\/duoclieukimlong.com\/en\/wp-json\/wp\/v2\/media?parent=1255"}],"wp:term":[{"taxonomy":"product_cat","embeddable":true,"href":"https:\/\/duoclieukimlong.com\/en\/wp-json\/wp\/v2\/product_cat?post=1255"},{"taxonomy":"product_tag","embeddable":true,"href":"https:\/\/duoclieukimlong.com\/en\/wp-json\/wp\/v2\/product_tag?post=1255"}],"curies":[{"name":"wp","href":"https:\/\/api.w.org\/{rel}","templated":true}]}}