{"id":1258,"date":"2025-12-05T15:01:50","date_gmt":"2025-12-05T08:01:50","guid":{"rendered":"https:\/\/duoclieukimlong.123websitedev.com\/?post_type=product&#038;p=1258"},"modified":"2026-03-13T14:35:01","modified_gmt":"2026-03-13T07:35:01","slug":"cay-xa-den-hoa-binh","status":"publish","type":"product","link":"https:\/\/duoclieukimlong.com\/en\/cay-xa-den-hoa-binh\/","title":{"rendered":"Hoa Binh Black Tea Tree"},"content":{"rendered":"<p>X\u1ea1 \u0111en l\u00e0 c\u00e2y thu\u1ed1c nam d\u1ec5 tr\u1ed3ng, ph\u00f9 h\u1ee3p v\u1edbi m\u1ecdi lo\u1ea1i \u0111\u1ea5t v\u00e0 kh\u00f4ng t\u1ed1n c\u00f4ng ch\u0103m s\u00f3c. Tr\u1ed3ng m\u1ed9t b\u1ee5i x\u1ea1 \u0111en trong v\u01b0\u1eddn nh\u00e0 l\u00e0 b\u1ea1n \u0111\u00e3 c\u00f3 s\u1eb5n ngu\u1ed3n d\u01b0\u1ee3c li\u1ec7u s\u1ea1ch \u0111\u1ec3 \u0111un n\u01b0\u1edbc u\u1ed1ng h\u00e0ng ng\u00e0y. N\u01b0\u1edbc s\u1eafc t\u1eeb l\u00e1 v\u00e0 th\u00e2n x\u1ea1 \u0111en c\u00f3 v\u1ecb \u0111\u1eafng nh\u1eb9, t\u00ednh h\u00e0n, gi\u00fap \u1ed5n \u0111\u1ecbnh huy\u1ebft \u00e1p cho ng\u01b0\u1eddi gi\u00e0, h\u1ed7 tr\u1ee3 \u0111i\u1ec1u tr\u1ecb x\u01a1 gan, men gan cao v\u00e0 c\u00e1c b\u1ec7nh l\u00fd v\u1ec1 u h\u1ea1ch. C\u00e2y sinh tr\u01b0\u1edfng m\u1ea1nh, c\u00f3 th\u1ec3 thu ho\u1ea1ch l\u00e1 quanh n\u0103m.<\/p>","protected":false},"excerpt":{"rendered":"<p>Gi\u1ed1ng chu\u1ea9n F1 t\u1eeb v\u00f9ng d\u01b0\u1ee3c li\u1ec7u H\u00f2a B\u00ecnh. Th\u00e2n leo th\u00e2n g\u1ed7, l\u00e1 c\u00f3 m\u00e0u t\u00eda nh\u1eb9 khi c\u00f2n non, m\u00e9p l\u00e1 c\u00f3 r\u0103ng c\u01b0a. N\u1ed5i ti\u1ebfng v\u1edbi kh\u1ea3 n\u0103ng h\u1ed7 tr\u1ee3 ti\u00eau vi\u00eam, gi\u1ea3i \u0111\u1ed9c gan v\u00e0 ng\u0103n ng\u1eeba ung b\u01b0\u1edbu.<\/p>","protected":false},"featured_media":1254,"comment_status":"open","ping_status":"closed","template":"","meta":{"inline_featured_image":false},"product_cat":[170,156],"product_tag":[],"class_list":{"0":"post-1258","1":"product","2":"type-product","3":"status-publish","4":"has-post-thumbnail","6":"product_cat-duoc-lieu-thuoc-bac","7":"product_cat-thao-duoc","9":"first","10":"instock","11":"shipping-taxable","12":"purchasable","13":"product-type-simple"},"yoast_head":"<!-- This site is optimized with the Yoast SEO Premium plugin v20.9 (Yoast SEO v20.9) - https:\/\/yoast.com\/wordpress\/plugins\/seo\/ -->\n<title>C\u00e2y X\u1ea1 \u0110en H\u00f2a B\u00ecnh - C\u1eeda h\u00e0ng D\u01b0\u1ee3c Li\u1ec7u Kim Long<\/title>\n<meta name=\"robots\" content=\"index, follow, max-snippet:-1, max-image-preview:large, max-video-preview:-1\" \/>\n<link rel=\"canonical\" href=\"https:\/\/duoclieukimlong.com\/en\/cay-xa-den-hoa-binh\/\" \/>\n<meta property=\"og:locale\" content=\"en_US\" \/>\n<meta property=\"og:type\" content=\"article\" \/>\n<meta property=\"og:title\" content=\"C\u00e2y X\u1ea1 \u0110en H\u00f2a B\u00ecnh\" \/>\n<meta property=\"og:description\" content=\"Gi\u1ed1ng chu\u1ea9n F1 t\u1eeb v\u00f9ng d\u01b0\u1ee3c li\u1ec7u H\u00f2a B\u00ecnh. Th\u00e2n leo th\u00e2n g\u1ed7, l\u00e1 c\u00f3 m\u00e0u t\u00eda nh\u1eb9 khi c\u00f2n non, m\u00e9p l\u00e1 c\u00f3 r\u0103ng c\u01b0a. N\u1ed5i ti\u1ebfng v\u1edbi kh\u1ea3 n\u0103ng h\u1ed7 tr\u1ee3 ti\u00eau vi\u00eam, gi\u1ea3i \u0111\u1ed9c gan v\u00e0 ng\u0103n ng\u1eeba ung b\u01b0\u1edbu.\" \/>\n<meta property=\"og:url\" content=\"https:\/\/duoclieukimlong.com\/en\/cay-xa-den-hoa-binh\/\" \/>\n<meta property=\"og:site_name\" content=\"C\u1eeda h\u00e0ng D\u01b0\u1ee3c Li\u1ec7u Kim Long\" \/>\n<meta property=\"article:modified_time\" content=\"2026-03-13T07:35:01+00:00\" \/>\n<meta property=\"og:image\" content=\"https:\/\/duoclieukimlong.com\/wp-content\/uploads\/2025\/12\/Cay-Xa-Den-Hoa-Binh.jpg\" \/>\n\t<meta property=\"og:image:width\" content=\"840\" \/>\n\t<meta property=\"og:image:height\" content=\"480\" \/>\n\t<meta property=\"og:image:type\" content=\"image\/jpeg\" \/>\n<meta name=\"twitter:card\" content=\"summary_large_image\" \/>\n<meta name=\"twitter:label1\" content=\"Est. reading time\" \/>\n\t<meta name=\"twitter:data1\" content=\"1 minute\" \/>\n<script type=\"application\/ld+json\" class=\"yoast-schema-graph\">{\"@context\":\"https:\/\/schema.org\",\"@graph\":[{\"@type\":\"WebPage\",\"@id\":\"https:\/\/duoclieukimlong.com\/cay-xa-den-hoa-binh\/\",\"url\":\"https:\/\/duoclieukimlong.com\/cay-xa-den-hoa-binh\/\",\"name\":\"C\u00e2y X\u1ea1 \u0110en H\u00f2a B\u00ecnh - C\u1eeda h\u00e0ng D\u01b0\u1ee3c Li\u1ec7u Kim Long\",\"isPartOf\":{\"@id\":\"https:\/\/duoclieukimlong.com\/#website\"},\"datePublished\":\"2025-12-05T08:01:50+00:00\",\"dateModified\":\"2026-03-13T07:35:01+00:00\",\"breadcrumb\":{\"@id\":\"https:\/\/duoclieukimlong.com\/cay-xa-den-hoa-binh\/#breadcrumb\"},\"inLanguage\":\"en-US\",\"potentialAction\":[{\"@type\":\"ReadAction\",\"target\":[\"https:\/\/duoclieukimlong.com\/cay-xa-den-hoa-binh\/\"]}]},{\"@type\":\"BreadcrumbList\",\"@id\":\"https:\/\/duoclieukimlong.com\/cay-xa-den-hoa-binh\/#breadcrumb\",\"itemListElement\":[{\"@type\":\"ListItem\",\"position\":1,\"name\":\"Trang ch\u1ee7\",\"item\":\"https:\/\/duoclieukimlong.com\/\"},{\"@type\":\"ListItem\",\"position\":2,\"name\":\"S\u1ea3n ph\u1ea9m\",\"item\":\"https:\/\/duoclieukimlong.com\/shop\/\"},{\"@type\":\"ListItem\",\"position\":3,\"name\":\"C\u00e2y X\u1ea1 \u0110en H\u00f2a B\u00ecnh\"}]},{\"@type\":\"WebSite\",\"@id\":\"https:\/\/duoclieukimlong.com\/#website\",\"url\":\"https:\/\/duoclieukimlong.com\/\",\"name\":\"C\u1eeda h\u00e0ng D\u01b0\u1ee3c Li\u1ec7u Kim Long\",\"description\":\"\",\"potentialAction\":[{\"@type\":\"SearchAction\",\"target\":{\"@type\":\"EntryPoint\",\"urlTemplate\":\"https:\/\/duoclieukimlong.com\/?s={search_term_string}\"},\"query-input\":\"required name=search_term_string\"}],\"inLanguage\":\"en-US\"}]}<\/script>\n<!-- \/ Yoast SEO Premium plugin. -->","yoast_head_json":{"title":"C\u00e2y X\u1ea1 \u0110en H\u00f2a B\u00ecnh - C\u1eeda h\u00e0ng D\u01b0\u1ee3c Li\u1ec7u Kim Long","robots":{"index":"index","follow":"follow","max-snippet":"max-snippet:-1","max-image-preview":"max-image-preview:large","max-video-preview":"max-video-preview:-1"},"canonical":"https:\/\/duoclieukimlong.com\/en\/cay-xa-den-hoa-binh\/","og_locale":"en_US","og_type":"article","og_title":"C\u00e2y X\u1ea1 \u0110en H\u00f2a B\u00ecnh","og_description":"Gi\u1ed1ng chu\u1ea9n F1 t\u1eeb v\u00f9ng d\u01b0\u1ee3c li\u1ec7u H\u00f2a B\u00ecnh. Th\u00e2n leo th\u00e2n g\u1ed7, l\u00e1 c\u00f3 m\u00e0u t\u00eda nh\u1eb9 khi c\u00f2n non, m\u00e9p l\u00e1 c\u00f3 r\u0103ng c\u01b0a. N\u1ed5i ti\u1ebfng v\u1edbi kh\u1ea3 n\u0103ng h\u1ed7 tr\u1ee3 ti\u00eau vi\u00eam, gi\u1ea3i \u0111\u1ed9c gan v\u00e0 ng\u0103n ng\u1eeba ung b\u01b0\u1edbu.","og_url":"https:\/\/duoclieukimlong.com\/en\/cay-xa-den-hoa-binh\/","og_site_name":"C\u1eeda h\u00e0ng D\u01b0\u1ee3c Li\u1ec7u Kim Long","article_modified_time":"2026-03-13T07:35:01+00:00","og_image":[{"width":840,"height":480,"url":"https:\/\/duoclieukimlong.com\/wp-content\/uploads\/2025\/12\/Cay-Xa-Den-Hoa-Binh.jpg","type":"image\/jpeg"}],"twitter_card":"summary_large_image","twitter_misc":{"Est. reading time":"1 minute"},"schema":{"@context":"https:\/\/schema.org","@graph":[{"@type":"WebPage","@id":"https:\/\/duoclieukimlong.com\/cay-xa-den-hoa-binh\/","url":"https:\/\/duoclieukimlong.com\/cay-xa-den-hoa-binh\/","name":"C\u00e2y X\u1ea1 \u0110en H\u00f2a B\u00ecnh - C\u1eeda h\u00e0ng D\u01b0\u1ee3c Li\u1ec7u Kim Long","isPartOf":{"@id":"https:\/\/duoclieukimlong.com\/#website"},"datePublished":"2025-12-05T08:01:50+00:00","dateModified":"2026-03-13T07:35:01+00:00","breadcrumb":{"@id":"https:\/\/duoclieukimlong.com\/cay-xa-den-hoa-binh\/#breadcrumb"},"inLanguage":"en-US","potentialAction":[{"@type":"ReadAction","target":["https:\/\/duoclieukimlong.com\/cay-xa-den-hoa-binh\/"]}]},{"@type":"BreadcrumbList","@id":"https:\/\/duoclieukimlong.com\/cay-xa-den-hoa-binh\/#breadcrumb","itemListElement":[{"@type":"ListItem","position":1,"name":"Trang ch\u1ee7","item":"https:\/\/duoclieukimlong.com\/"},{"@type":"ListItem","position":2,"name":"S\u1ea3n ph\u1ea9m","item":"https:\/\/duoclieukimlong.com\/shop\/"},{"@type":"ListItem","position":3,"name":"C\u00e2y X\u1ea1 \u0110en H\u00f2a B\u00ecnh"}]},{"@type":"WebSite","@id":"https:\/\/duoclieukimlong.com\/#website","url":"https:\/\/duoclieukimlong.com\/","name":"C\u1eeda h\u00e0ng D\u01b0\u1ee3c Li\u1ec7u Kim Long","description":"","potentialAction":[{"@type":"SearchAction","target":{"@type":"EntryPoint","urlTemplate":"https:\/\/duoclieukimlong.com\/?s={search_term_string}"},"query-input":"required name=search_term_string"}],"inLanguage":"en-US"}]}},"_links":{"self":[{"href":"https:\/\/duoclieukimlong.com\/en\/wp-json\/wp\/v2\/product\/1258"}],"collection":[{"href":"https:\/\/duoclieukimlong.com\/en\/wp-json\/wp\/v2\/product"}],"about":[{"href":"https:\/\/duoclieukimlong.com\/en\/wp-json\/wp\/v2\/types\/product"}],"replies":[{"embeddable":true,"href":"https:\/\/duoclieukimlong.com\/en\/wp-json\/wp\/v2\/comments?post=1258"}],"wp:featuredmedia":[{"embeddable":true,"href":"https:\/\/duoclieukimlong.com\/en\/wp-json\/wp\/v2\/media\/1254"}],"wp:attachment":[{"href":"https:\/\/duoclieukimlong.com\/en\/wp-json\/wp\/v2\/media?parent=1258"}],"wp:term":[{"taxonomy":"product_cat","embeddable":true,"href":"https:\/\/duoclieukimlong.com\/en\/wp-json\/wp\/v2\/product_cat?post=1258"},{"taxonomy":"product_tag","embeddable":true,"href":"https:\/\/duoclieukimlong.com\/en\/wp-json\/wp\/v2\/product_tag?post=1258"}],"curies":[{"name":"wp","href":"https:\/\/api.w.org\/{rel}","templated":true}]}}