{"id":1259,"date":"2025-12-05T15:02:30","date_gmt":"2025-12-05T08:02:30","guid":{"rendered":"https:\/\/duoclieukimlong.123websitedev.com\/?post_type=product&#038;p=1259"},"modified":"2026-03-13T14:35:01","modified_gmt":"2026-03-13T07:35:01","slug":"cay-ca-gai-leo","status":"publish","type":"product","link":"https:\/\/duoclieukimlong.com\/en\/cay-ca-gai-leo\/","title":{"rendered":"Solanum procumbens"},"content":{"rendered":"<p>C\u00e0 gai leo l\u00e0 lo\u1ea1i c\u00e2y d\u1ea1i c\u00f3 s\u1ee9c s\u1ed1ng m\u00e3nh li\u1ec7t, ch\u1ecbu h\u1ea1n r\u1ea5t t\u1ed1t. Khoa h\u1ecdc \u0111\u00e3 ch\u1ee9ng minh \u0111\u00e2y l\u00e0 m\u1ed9t trong s\u1ed1 \u00edt d\u01b0\u1ee3c li\u1ec7u c\u00f3 kh\u1ea3 n\u0103ng ng\u0103n ch\u1eb7n x\u01a1 gan ti\u1ebfn tri\u1ec3n v\u00e0 h\u1ea1 men gan nhanh ch\u00f3ng. Tr\u1ed3ng c\u00e0 gai leo t\u1ea1i nh\u00e0 r\u1ea5t \u0111\u01a1n gi\u1ea3n, c\u00e2y \u00edt s\u00e2u b\u1ec7nh. Khi thu ho\u1ea1ch c\u00f3 th\u1ec3 c\u1eaft c\u1ea3 d\u00e2y, ph\u01a1i kh\u00f4 r\u1ed3i sao v\u00e0ng h\u1ea1 th\u1ed5 \u0111\u1ec3 s\u1eafc n\u01b0\u1edbc u\u1ed1ng. \u0110\u00e2y l\u00e0 m\u00f3n qu\u00e0 s\u1ee9c kh\u1ecfe \u00fd ngh\u0129a d\u00e0nh cho nh\u1eefng ng\u01b0\u1eddi th\u01b0\u1eddng xuy\u00ean ph\u1ea3i ti\u1ebfp kh\u00e1ch, u\u1ed1ng nhi\u1ec1u r\u01b0\u1ee3u bia.<\/p>","protected":false},"excerpt":{"rendered":"<p>C\u00e2y th\u00e2n d\u00e2y nh\u1ecf, c\u00f3 nhi\u1ec1u gai, hoa m\u00e0u tr\u1eafng ho\u1eb7c t\u00edm nh\u1ea1t. \u0110\u00e2y l\u00e0 th\u1ea3o d\u01b0\u1ee3c s\u1ed1 m\u1ed9t trong vi\u1ec7c b\u1ea3o v\u1ec7 gan, gi\u1ea3i \u0111\u1ed9c r\u01b0\u1ee3u bia v\u00e0 h\u1ed7 tr\u1ee3 \u0111i\u1ec1u tr\u1ecb vi\u00eam gan B.<\/p>","protected":false},"featured_media":1251,"comment_status":"open","ping_status":"closed","template":"","meta":{"inline_featured_image":false},"product_cat":[170,156],"product_tag":[],"class_list":{"0":"post-1259","1":"product","2":"type-product","3":"status-publish","4":"has-post-thumbnail","6":"product_cat-duoc-lieu-thuoc-bac","7":"product_cat-thao-duoc","9":"first","10":"instock","11":"featured","12":"shipping-taxable","13":"purchasable","14":"product-type-simple"},"yoast_head":"<!-- This site is optimized with the Yoast SEO Premium plugin v20.9 (Yoast SEO v20.9) - https:\/\/yoast.com\/wordpress\/plugins\/seo\/ -->\n<title>C\u00e2y C\u00e0 Gai Leo - C\u1eeda h\u00e0ng D\u01b0\u1ee3c Li\u1ec7u Kim Long<\/title>\n<meta name=\"robots\" content=\"index, follow, max-snippet:-1, max-image-preview:large, max-video-preview:-1\" \/>\n<link rel=\"canonical\" href=\"https:\/\/duoclieukimlong.com\/en\/cay-ca-gai-leo\/\" \/>\n<meta property=\"og:locale\" content=\"en_US\" \/>\n<meta property=\"og:type\" content=\"article\" \/>\n<meta property=\"og:title\" content=\"C\u00e2y C\u00e0 Gai Leo\" \/>\n<meta property=\"og:description\" content=\"C\u00e2y th\u00e2n d\u00e2y nh\u1ecf, c\u00f3 nhi\u1ec1u gai, hoa m\u00e0u tr\u1eafng ho\u1eb7c t\u00edm nh\u1ea1t. \u0110\u00e2y l\u00e0 th\u1ea3o d\u01b0\u1ee3c s\u1ed1 m\u1ed9t trong vi\u1ec7c b\u1ea3o v\u1ec7 gan, gi\u1ea3i \u0111\u1ed9c r\u01b0\u1ee3u bia v\u00e0 h\u1ed7 tr\u1ee3 \u0111i\u1ec1u tr\u1ecb vi\u00eam gan B.\" \/>\n<meta property=\"og:url\" content=\"https:\/\/duoclieukimlong.com\/en\/cay-ca-gai-leo\/\" \/>\n<meta property=\"og:site_name\" content=\"C\u1eeda h\u00e0ng D\u01b0\u1ee3c Li\u1ec7u Kim Long\" \/>\n<meta property=\"article:modified_time\" content=\"2026-03-13T07:35:01+00:00\" \/>\n<meta property=\"og:image\" content=\"https:\/\/duoclieukimlong.com\/wp-content\/uploads\/2025\/12\/Cay-Ca-Gai-Leo-Mien-Trung.png\" \/>\n\t<meta property=\"og:image:width\" content=\"300\" \/>\n\t<meta property=\"og:image:height\" content=\"300\" \/>\n\t<meta property=\"og:image:type\" content=\"image\/png\" \/>\n<meta name=\"twitter:card\" content=\"summary_large_image\" \/>\n<meta name=\"twitter:label1\" content=\"Est. reading time\" \/>\n\t<meta name=\"twitter:data1\" content=\"1 minute\" \/>\n<script type=\"application\/ld+json\" class=\"yoast-schema-graph\">{\"@context\":\"https:\/\/schema.org\",\"@graph\":[{\"@type\":\"WebPage\",\"@id\":\"https:\/\/duoclieukimlong.com\/cay-ca-gai-leo\/\",\"url\":\"https:\/\/duoclieukimlong.com\/cay-ca-gai-leo\/\",\"name\":\"C\u00e2y C\u00e0 Gai Leo - C\u1eeda h\u00e0ng D\u01b0\u1ee3c Li\u1ec7u Kim Long\",\"isPartOf\":{\"@id\":\"https:\/\/duoclieukimlong.com\/#website\"},\"datePublished\":\"2025-12-05T08:02:30+00:00\",\"dateModified\":\"2026-03-13T07:35:01+00:00\",\"breadcrumb\":{\"@id\":\"https:\/\/duoclieukimlong.com\/cay-ca-gai-leo\/#breadcrumb\"},\"inLanguage\":\"en-US\",\"potentialAction\":[{\"@type\":\"ReadAction\",\"target\":[\"https:\/\/duoclieukimlong.com\/cay-ca-gai-leo\/\"]}]},{\"@type\":\"BreadcrumbList\",\"@id\":\"https:\/\/duoclieukimlong.com\/cay-ca-gai-leo\/#breadcrumb\",\"itemListElement\":[{\"@type\":\"ListItem\",\"position\":1,\"name\":\"Trang ch\u1ee7\",\"item\":\"https:\/\/duoclieukimlong.com\/\"},{\"@type\":\"ListItem\",\"position\":2,\"name\":\"S\u1ea3n ph\u1ea9m\",\"item\":\"https:\/\/duoclieukimlong.com\/shop\/\"},{\"@type\":\"ListItem\",\"position\":3,\"name\":\"C\u00e2y C\u00e0 Gai Leo\"}]},{\"@type\":\"WebSite\",\"@id\":\"https:\/\/duoclieukimlong.com\/#website\",\"url\":\"https:\/\/duoclieukimlong.com\/\",\"name\":\"C\u1eeda h\u00e0ng D\u01b0\u1ee3c Li\u1ec7u Kim Long\",\"description\":\"\",\"potentialAction\":[{\"@type\":\"SearchAction\",\"target\":{\"@type\":\"EntryPoint\",\"urlTemplate\":\"https:\/\/duoclieukimlong.com\/?s={search_term_string}\"},\"query-input\":\"required name=search_term_string\"}],\"inLanguage\":\"en-US\"}]}<\/script>\n<!-- \/ Yoast SEO Premium plugin. -->","yoast_head_json":{"title":"C\u00e2y C\u00e0 Gai Leo - C\u1eeda h\u00e0ng D\u01b0\u1ee3c Li\u1ec7u Kim Long","robots":{"index":"index","follow":"follow","max-snippet":"max-snippet:-1","max-image-preview":"max-image-preview:large","max-video-preview":"max-video-preview:-1"},"canonical":"https:\/\/duoclieukimlong.com\/en\/cay-ca-gai-leo\/","og_locale":"en_US","og_type":"article","og_title":"C\u00e2y C\u00e0 Gai Leo","og_description":"C\u00e2y th\u00e2n d\u00e2y nh\u1ecf, c\u00f3 nhi\u1ec1u gai, hoa m\u00e0u tr\u1eafng ho\u1eb7c t\u00edm nh\u1ea1t. \u0110\u00e2y l\u00e0 th\u1ea3o d\u01b0\u1ee3c s\u1ed1 m\u1ed9t trong vi\u1ec7c b\u1ea3o v\u1ec7 gan, gi\u1ea3i \u0111\u1ed9c r\u01b0\u1ee3u bia v\u00e0 h\u1ed7 tr\u1ee3 \u0111i\u1ec1u tr\u1ecb vi\u00eam gan B.","og_url":"https:\/\/duoclieukimlong.com\/en\/cay-ca-gai-leo\/","og_site_name":"C\u1eeda h\u00e0ng D\u01b0\u1ee3c Li\u1ec7u Kim Long","article_modified_time":"2026-03-13T07:35:01+00:00","og_image":[{"width":300,"height":300,"url":"https:\/\/duoclieukimlong.com\/wp-content\/uploads\/2025\/12\/Cay-Ca-Gai-Leo-Mien-Trung.png","type":"image\/png"}],"twitter_card":"summary_large_image","twitter_misc":{"Est. reading time":"1 minute"},"schema":{"@context":"https:\/\/schema.org","@graph":[{"@type":"WebPage","@id":"https:\/\/duoclieukimlong.com\/cay-ca-gai-leo\/","url":"https:\/\/duoclieukimlong.com\/cay-ca-gai-leo\/","name":"C\u00e2y C\u00e0 Gai Leo - C\u1eeda h\u00e0ng D\u01b0\u1ee3c Li\u1ec7u Kim Long","isPartOf":{"@id":"https:\/\/duoclieukimlong.com\/#website"},"datePublished":"2025-12-05T08:02:30+00:00","dateModified":"2026-03-13T07:35:01+00:00","breadcrumb":{"@id":"https:\/\/duoclieukimlong.com\/cay-ca-gai-leo\/#breadcrumb"},"inLanguage":"en-US","potentialAction":[{"@type":"ReadAction","target":["https:\/\/duoclieukimlong.com\/cay-ca-gai-leo\/"]}]},{"@type":"BreadcrumbList","@id":"https:\/\/duoclieukimlong.com\/cay-ca-gai-leo\/#breadcrumb","itemListElement":[{"@type":"ListItem","position":1,"name":"Trang ch\u1ee7","item":"https:\/\/duoclieukimlong.com\/"},{"@type":"ListItem","position":2,"name":"S\u1ea3n ph\u1ea9m","item":"https:\/\/duoclieukimlong.com\/shop\/"},{"@type":"ListItem","position":3,"name":"C\u00e2y C\u00e0 Gai Leo"}]},{"@type":"WebSite","@id":"https:\/\/duoclieukimlong.com\/#website","url":"https:\/\/duoclieukimlong.com\/","name":"C\u1eeda h\u00e0ng D\u01b0\u1ee3c Li\u1ec7u Kim Long","description":"","potentialAction":[{"@type":"SearchAction","target":{"@type":"EntryPoint","urlTemplate":"https:\/\/duoclieukimlong.com\/?s={search_term_string}"},"query-input":"required name=search_term_string"}],"inLanguage":"en-US"}]}},"_links":{"self":[{"href":"https:\/\/duoclieukimlong.com\/en\/wp-json\/wp\/v2\/product\/1259"}],"collection":[{"href":"https:\/\/duoclieukimlong.com\/en\/wp-json\/wp\/v2\/product"}],"about":[{"href":"https:\/\/duoclieukimlong.com\/en\/wp-json\/wp\/v2\/types\/product"}],"replies":[{"embeddable":true,"href":"https:\/\/duoclieukimlong.com\/en\/wp-json\/wp\/v2\/comments?post=1259"}],"wp:featuredmedia":[{"embeddable":true,"href":"https:\/\/duoclieukimlong.com\/en\/wp-json\/wp\/v2\/media\/1251"}],"wp:attachment":[{"href":"https:\/\/duoclieukimlong.com\/en\/wp-json\/wp\/v2\/media?parent=1259"}],"wp:term":[{"taxonomy":"product_cat","embeddable":true,"href":"https:\/\/duoclieukimlong.com\/en\/wp-json\/wp\/v2\/product_cat?post=1259"},{"taxonomy":"product_tag","embeddable":true,"href":"https:\/\/duoclieukimlong.com\/en\/wp-json\/wp\/v2\/product_tag?post=1259"}],"curies":[{"name":"wp","href":"https:\/\/api.w.org\/{rel}","templated":true}]}}