{"id":1261,"date":"2025-12-05T15:04:51","date_gmt":"2025-12-05T08:04:51","guid":{"rendered":"https:\/\/duoclieukimlong.123websitedev.com\/?post_type=product&#038;p=1261"},"modified":"2026-03-13T14:35:01","modified_gmt":"2026-03-13T07:35:01","slug":"cay-bac-ha-nhat-ban","status":"publish","type":"product","link":"https:\/\/duoclieukimlong.com\/en\/cay-bac-ha-nhat-ban\/","title":{"rendered":"Japanese Mint"},"content":{"rendered":"<p>B\u1ea1c h\u00e0 Nh\u1eadt r\u1ea5t kh\u1ecfe, lan nhanh v\u00e0 \u01b0a \u1ea9m. Ch\u1ec9 c\u1ea7n tr\u1ed3ng m\u1ed9t ch\u1eadu nh\u1ecf, sau 1 th\u00e1ng c\u00e2y s\u1ebd lan ra k\u00edn ch\u1eadu. L\u00e1 b\u1ea1c h\u00e0 t\u01b0\u01a1i l\u00e0 nguy\u00ean li\u1ec7u kh\u00f4ng th\u1ec3 thi\u1ebfu cho c\u00e1c m\u00f3n \u0111\u1ed3 u\u1ed1ng nh\u01b0 tr\u00e0 chanh, mojito hay d\u00f9ng \u0111\u1ec3 trang tr\u00ed b\u00e1nh ng\u1ecdt. Ngo\u00e0i ra, m\u00f9i h\u01b0\u01a1ng m\u1ea1nh m\u1ebd c\u1ee7a lo\u1ea1i c\u00e2y n\u00e0y l\u00e0 kh\u1eafc tinh c\u1ee7a ki\u1ebfn, gi\u00e1n v\u00e0 chu\u1ed9t. Khi b\u1ecb \u0111au \u0111\u1ea7u ho\u1eb7c ng\u1ea1t m\u0169i, ch\u1ec9 c\u1ea7n v\u00f2 n\u00e1t v\u00e0i l\u00e1 b\u1ea1c h\u00e0 ng\u1eedi s\u1ebd th\u1ea5y d\u1ec5 ch\u1ecbu ngay l\u1eadp t\u1ee9c.<\/p>","protected":false},"excerpt":{"rendered":"<p>D\u00f2ng b\u1ea1c h\u00e0 c\u00f3 h\u00e0m l\u01b0\u1ee3ng tinh d\u1ea7u Menthol cao nh\u1ea5t. L\u00e1 xanh \u0111\u1eadm, m\u00e9p r\u0103ng c\u01b0a, m\u00f9i th\u01a1m m\u00e1t l\u1ea1nh x\u1ed9c l\u00ean m\u0169i ngay khi ng\u1eaft l\u00e1. D\u00f9ng pha ch\u1ebf \u0111\u1ed3 u\u1ed1ng, l\u00e0m b\u00e1nh ho\u1eb7c x\u00f4ng h\u01a1i gi\u1ea3i c\u1ea3m.<\/p>","protected":false},"featured_media":1250,"comment_status":"open","ping_status":"closed","template":"","meta":{"inline_featured_image":false},"product_cat":[170,156],"product_tag":[],"class_list":{"0":"post-1261","1":"product","2":"type-product","3":"status-publish","4":"has-post-thumbnail","6":"product_cat-duoc-lieu-thuoc-bac","7":"product_cat-thao-duoc","9":"first","10":"instock","11":"shipping-taxable","12":"purchasable","13":"product-type-simple"},"yoast_head":"<!-- This site is optimized with the Yoast SEO Premium plugin v20.9 (Yoast SEO v20.9) - https:\/\/yoast.com\/wordpress\/plugins\/seo\/ -->\n<title>C\u00e2y B\u1ea1c H\u00e0 Nh\u1eadt B\u1ea3n - C\u1eeda h\u00e0ng D\u01b0\u1ee3c Li\u1ec7u Kim Long<\/title>\n<meta name=\"robots\" content=\"index, follow, max-snippet:-1, max-image-preview:large, max-video-preview:-1\" \/>\n<link rel=\"canonical\" href=\"https:\/\/duoclieukimlong.com\/en\/cay-bac-ha-nhat-ban\/\" \/>\n<meta property=\"og:locale\" content=\"en_US\" \/>\n<meta property=\"og:type\" content=\"article\" \/>\n<meta property=\"og:title\" content=\"C\u00e2y B\u1ea1c H\u00e0 Nh\u1eadt B\u1ea3n\" \/>\n<meta property=\"og:description\" content=\"D\u00f2ng b\u1ea1c h\u00e0 c\u00f3 h\u00e0m l\u01b0\u1ee3ng tinh d\u1ea7u Menthol cao nh\u1ea5t. L\u00e1 xanh \u0111\u1eadm, m\u00e9p r\u0103ng c\u01b0a, m\u00f9i th\u01a1m m\u00e1t l\u1ea1nh x\u1ed9c l\u00ean m\u0169i ngay khi ng\u1eaft l\u00e1. D\u00f9ng pha ch\u1ebf \u0111\u1ed3 u\u1ed1ng, l\u00e0m b\u00e1nh ho\u1eb7c x\u00f4ng h\u01a1i gi\u1ea3i c\u1ea3m.\" \/>\n<meta property=\"og:url\" content=\"https:\/\/duoclieukimlong.com\/en\/cay-bac-ha-nhat-ban\/\" \/>\n<meta property=\"og:site_name\" content=\"C\u1eeda h\u00e0ng D\u01b0\u1ee3c Li\u1ec7u Kim Long\" \/>\n<meta property=\"article:modified_time\" content=\"2026-03-13T07:35:01+00:00\" \/>\n<meta property=\"og:image\" content=\"https:\/\/duoclieukimlong.com\/wp-content\/uploads\/2025\/12\/Cay-Bac-Ha-Nhat-Ban.jpg\" \/>\n\t<meta property=\"og:image:width\" content=\"608\" \/>\n\t<meta property=\"og:image:height\" content=\"404\" \/>\n\t<meta property=\"og:image:type\" content=\"image\/jpeg\" \/>\n<meta name=\"twitter:card\" content=\"summary_large_image\" \/>\n<meta name=\"twitter:label1\" content=\"Est. reading time\" \/>\n\t<meta name=\"twitter:data1\" content=\"1 minute\" \/>\n<script type=\"application\/ld+json\" class=\"yoast-schema-graph\">{\"@context\":\"https:\/\/schema.org\",\"@graph\":[{\"@type\":\"WebPage\",\"@id\":\"https:\/\/duoclieukimlong.com\/cay-bac-ha-nhat-ban\/\",\"url\":\"https:\/\/duoclieukimlong.com\/cay-bac-ha-nhat-ban\/\",\"name\":\"C\u00e2y B\u1ea1c H\u00e0 Nh\u1eadt B\u1ea3n - C\u1eeda h\u00e0ng D\u01b0\u1ee3c Li\u1ec7u Kim Long\",\"isPartOf\":{\"@id\":\"https:\/\/duoclieukimlong.com\/#website\"},\"datePublished\":\"2025-12-05T08:04:51+00:00\",\"dateModified\":\"2026-03-13T07:35:01+00:00\",\"breadcrumb\":{\"@id\":\"https:\/\/duoclieukimlong.com\/cay-bac-ha-nhat-ban\/#breadcrumb\"},\"inLanguage\":\"en-US\",\"potentialAction\":[{\"@type\":\"ReadAction\",\"target\":[\"https:\/\/duoclieukimlong.com\/cay-bac-ha-nhat-ban\/\"]}]},{\"@type\":\"BreadcrumbList\",\"@id\":\"https:\/\/duoclieukimlong.com\/cay-bac-ha-nhat-ban\/#breadcrumb\",\"itemListElement\":[{\"@type\":\"ListItem\",\"position\":1,\"name\":\"Trang ch\u1ee7\",\"item\":\"https:\/\/duoclieukimlong.com\/\"},{\"@type\":\"ListItem\",\"position\":2,\"name\":\"S\u1ea3n ph\u1ea9m\",\"item\":\"https:\/\/duoclieukimlong.com\/shop\/\"},{\"@type\":\"ListItem\",\"position\":3,\"name\":\"C\u00e2y B\u1ea1c H\u00e0 Nh\u1eadt B\u1ea3n\"}]},{\"@type\":\"WebSite\",\"@id\":\"https:\/\/duoclieukimlong.com\/#website\",\"url\":\"https:\/\/duoclieukimlong.com\/\",\"name\":\"C\u1eeda h\u00e0ng D\u01b0\u1ee3c Li\u1ec7u Kim Long\",\"description\":\"\",\"potentialAction\":[{\"@type\":\"SearchAction\",\"target\":{\"@type\":\"EntryPoint\",\"urlTemplate\":\"https:\/\/duoclieukimlong.com\/?s={search_term_string}\"},\"query-input\":\"required name=search_term_string\"}],\"inLanguage\":\"en-US\"}]}<\/script>\n<!-- \/ Yoast SEO Premium plugin. -->","yoast_head_json":{"title":"C\u00e2y B\u1ea1c H\u00e0 Nh\u1eadt B\u1ea3n - C\u1eeda h\u00e0ng D\u01b0\u1ee3c Li\u1ec7u Kim Long","robots":{"index":"index","follow":"follow","max-snippet":"max-snippet:-1","max-image-preview":"max-image-preview:large","max-video-preview":"max-video-preview:-1"},"canonical":"https:\/\/duoclieukimlong.com\/en\/cay-bac-ha-nhat-ban\/","og_locale":"en_US","og_type":"article","og_title":"C\u00e2y B\u1ea1c H\u00e0 Nh\u1eadt B\u1ea3n","og_description":"D\u00f2ng b\u1ea1c h\u00e0 c\u00f3 h\u00e0m l\u01b0\u1ee3ng tinh d\u1ea7u Menthol cao nh\u1ea5t. L\u00e1 xanh \u0111\u1eadm, m\u00e9p r\u0103ng c\u01b0a, m\u00f9i th\u01a1m m\u00e1t l\u1ea1nh x\u1ed9c l\u00ean m\u0169i ngay khi ng\u1eaft l\u00e1. D\u00f9ng pha ch\u1ebf \u0111\u1ed3 u\u1ed1ng, l\u00e0m b\u00e1nh ho\u1eb7c x\u00f4ng h\u01a1i gi\u1ea3i c\u1ea3m.","og_url":"https:\/\/duoclieukimlong.com\/en\/cay-bac-ha-nhat-ban\/","og_site_name":"C\u1eeda h\u00e0ng D\u01b0\u1ee3c Li\u1ec7u Kim Long","article_modified_time":"2026-03-13T07:35:01+00:00","og_image":[{"width":608,"height":404,"url":"https:\/\/duoclieukimlong.com\/wp-content\/uploads\/2025\/12\/Cay-Bac-Ha-Nhat-Ban.jpg","type":"image\/jpeg"}],"twitter_card":"summary_large_image","twitter_misc":{"Est. reading time":"1 minute"},"schema":{"@context":"https:\/\/schema.org","@graph":[{"@type":"WebPage","@id":"https:\/\/duoclieukimlong.com\/cay-bac-ha-nhat-ban\/","url":"https:\/\/duoclieukimlong.com\/cay-bac-ha-nhat-ban\/","name":"C\u00e2y B\u1ea1c H\u00e0 Nh\u1eadt B\u1ea3n - C\u1eeda h\u00e0ng D\u01b0\u1ee3c Li\u1ec7u Kim Long","isPartOf":{"@id":"https:\/\/duoclieukimlong.com\/#website"},"datePublished":"2025-12-05T08:04:51+00:00","dateModified":"2026-03-13T07:35:01+00:00","breadcrumb":{"@id":"https:\/\/duoclieukimlong.com\/cay-bac-ha-nhat-ban\/#breadcrumb"},"inLanguage":"en-US","potentialAction":[{"@type":"ReadAction","target":["https:\/\/duoclieukimlong.com\/cay-bac-ha-nhat-ban\/"]}]},{"@type":"BreadcrumbList","@id":"https:\/\/duoclieukimlong.com\/cay-bac-ha-nhat-ban\/#breadcrumb","itemListElement":[{"@type":"ListItem","position":1,"name":"Trang ch\u1ee7","item":"https:\/\/duoclieukimlong.com\/"},{"@type":"ListItem","position":2,"name":"S\u1ea3n ph\u1ea9m","item":"https:\/\/duoclieukimlong.com\/shop\/"},{"@type":"ListItem","position":3,"name":"C\u00e2y B\u1ea1c H\u00e0 Nh\u1eadt B\u1ea3n"}]},{"@type":"WebSite","@id":"https:\/\/duoclieukimlong.com\/#website","url":"https:\/\/duoclieukimlong.com\/","name":"C\u1eeda h\u00e0ng D\u01b0\u1ee3c Li\u1ec7u Kim Long","description":"","potentialAction":[{"@type":"SearchAction","target":{"@type":"EntryPoint","urlTemplate":"https:\/\/duoclieukimlong.com\/?s={search_term_string}"},"query-input":"required name=search_term_string"}],"inLanguage":"en-US"}]}},"_links":{"self":[{"href":"https:\/\/duoclieukimlong.com\/en\/wp-json\/wp\/v2\/product\/1261"}],"collection":[{"href":"https:\/\/duoclieukimlong.com\/en\/wp-json\/wp\/v2\/product"}],"about":[{"href":"https:\/\/duoclieukimlong.com\/en\/wp-json\/wp\/v2\/types\/product"}],"replies":[{"embeddable":true,"href":"https:\/\/duoclieukimlong.com\/en\/wp-json\/wp\/v2\/comments?post=1261"}],"wp:featuredmedia":[{"embeddable":true,"href":"https:\/\/duoclieukimlong.com\/en\/wp-json\/wp\/v2\/media\/1250"}],"wp:attachment":[{"href":"https:\/\/duoclieukimlong.com\/en\/wp-json\/wp\/v2\/media?parent=1261"}],"wp:term":[{"taxonomy":"product_cat","embeddable":true,"href":"https:\/\/duoclieukimlong.com\/en\/wp-json\/wp\/v2\/product_cat?post=1261"},{"taxonomy":"product_tag","embeddable":true,"href":"https:\/\/duoclieukimlong.com\/en\/wp-json\/wp\/v2\/product_tag?post=1261"}],"curies":[{"name":"wp","href":"https:\/\/api.w.org\/{rel}","templated":true}]}}