{"id":1271,"date":"2025-12-05T15:09:50","date_gmt":"2025-12-05T08:09:50","guid":{"rendered":"https:\/\/duoclieukimlong.123websitedev.com\/?post_type=product&#038;p=1271"},"modified":"2026-03-13T14:33:52","modified_gmt":"2026-03-13T07:33:52","slug":"hat-dieu-rang-muoi","status":"publish","type":"product","link":"https:\/\/duoclieukimlong.com\/en\/salted-cashews\/","title":{"rendered":"Salted Roasted Cashews"},"content":{"rendered":"<p>Roasted salted cashews are a healthy and luxurious snack to give as gifts or to entertain guests during Tet. We select firm cashews that are not damaged or broken. Retaining the thin outer shell when roasting helps the kernel not to burn and stay crispy longer. When eating, you just need to squeeze the shell gently and it will come off easily. Cashews contain a lot of magnesium and antioxidants, help strengthen bones and support effective weight loss by creating a feeling of fullness for a long time.<\/p>","protected":false},"excerpt":{"rendered":"<p>Specialty cashew nuts of type A (largest size) from the cashew capital of Binh Phuoc. Nuts with shell intact, roasted by hand with salt. The harmonious light salty taste enhances the characteristic sweet taste of cashew nuts.<\/p>","protected":false},"featured_media":1265,"comment_status":"open","ping_status":"closed","template":"","meta":{"inline_featured_image":false},"product_cat":[169,156],"product_tag":[],"class_list":{"0":"post-1271","1":"product","2":"type-product","3":"status-publish","4":"has-post-thumbnail","6":"product_cat-duoc-lieu-thuoc-nam","7":"product_cat-thao-duoc","9":"first","10":"instock","11":"featured","12":"shipping-taxable","13":"purchasable","14":"product-type-simple"},"yoast_head":"<!-- This site is optimized with the Yoast SEO Premium plugin v20.9 (Yoast SEO v20.9) - https:\/\/yoast.com\/wordpress\/plugins\/seo\/ -->\n<title>H\u1ea1t \u0110i\u1ec1u Rang Mu\u1ed1i - C\u1eeda h\u00e0ng D\u01b0\u1ee3c Li\u1ec7u Kim Long<\/title>\n<meta name=\"robots\" content=\"index, follow, max-snippet:-1, max-image-preview:large, max-video-preview:-1\" \/>\n<link rel=\"canonical\" href=\"https:\/\/duoclieukimlong.com\/en\/salted-cashews\/\" \/>\n<meta property=\"og:locale\" content=\"en_US\" \/>\n<meta property=\"og:type\" content=\"article\" \/>\n<meta property=\"og:title\" content=\"H\u1ea1t \u0110i\u1ec1u Rang Mu\u1ed1i\" \/>\n<meta property=\"og:description\" content=\"\u0110\u1eb7c s\u1ea3n h\u1ea1t \u0111i\u1ec1u lo\u1ea1i A c\u1ed3 (size to nh\u1ea5t) c\u1ee7a v\u00f9ng th\u1ee7 ph\u1ee7 \u0111i\u1ec1u B\u00ecnh Ph\u01b0\u1edbc. H\u1ea1t c\u00f2n nguy\u00ean v\u1ecf l\u1ee5a, rang c\u1ee7i th\u1ee7 c\u00f4ng v\u1edbi mu\u1ed1i tinh. V\u1ecb m\u1eb7n nh\u1eb9 h\u00e0i h\u00f2a l\u00e0m t\u00f4n l\u00ean v\u1ecb ng\u1ecdt b\u00f9i \u0111\u1eb7c tr\u01b0ng c\u1ee7a h\u1ea1t \u0111i\u1ec1u.\" \/>\n<meta property=\"og:url\" content=\"https:\/\/duoclieukimlong.com\/en\/salted-cashews\/\" \/>\n<meta property=\"og:site_name\" content=\"C\u1eeda h\u00e0ng D\u01b0\u1ee3c Li\u1ec7u Kim Long\" \/>\n<meta property=\"article:modified_time\" content=\"2026-03-13T07:33:52+00:00\" \/>\n<meta property=\"og:image\" content=\"https:\/\/duoclieukimlong.com\/wp-content\/uploads\/2025\/12\/Hat-Dieu-Rang-Muoi-Binh-Phuoc.png\" \/>\n\t<meta property=\"og:image:width\" content=\"1920\" \/>\n\t<meta property=\"og:image:height\" content=\"1920\" \/>\n\t<meta property=\"og:image:type\" content=\"image\/png\" \/>\n<meta name=\"twitter:card\" content=\"summary_large_image\" \/>\n<meta name=\"twitter:label1\" content=\"Est. reading time\" \/>\n\t<meta name=\"twitter:data1\" content=\"1 minute\" \/>\n<script type=\"application\/ld+json\" class=\"yoast-schema-graph\">{\"@context\":\"https:\/\/schema.org\",\"@graph\":[{\"@type\":\"WebPage\",\"@id\":\"https:\/\/duoclieukimlong.com\/hat-dieu-rang-muoi\/\",\"url\":\"https:\/\/duoclieukimlong.com\/hat-dieu-rang-muoi\/\",\"name\":\"H\u1ea1t \u0110i\u1ec1u Rang Mu\u1ed1i - C\u1eeda h\u00e0ng D\u01b0\u1ee3c Li\u1ec7u Kim Long\",\"isPartOf\":{\"@id\":\"https:\/\/duoclieukimlong.com\/#website\"},\"datePublished\":\"2025-12-05T08:09:50+00:00\",\"dateModified\":\"2026-03-13T07:33:52+00:00\",\"breadcrumb\":{\"@id\":\"https:\/\/duoclieukimlong.com\/hat-dieu-rang-muoi\/#breadcrumb\"},\"inLanguage\":\"en-US\",\"potentialAction\":[{\"@type\":\"ReadAction\",\"target\":[\"https:\/\/duoclieukimlong.com\/hat-dieu-rang-muoi\/\"]}]},{\"@type\":\"BreadcrumbList\",\"@id\":\"https:\/\/duoclieukimlong.com\/hat-dieu-rang-muoi\/#breadcrumb\",\"itemListElement\":[{\"@type\":\"ListItem\",\"position\":1,\"name\":\"Trang ch\u1ee7\",\"item\":\"https:\/\/duoclieukimlong.com\/\"},{\"@type\":\"ListItem\",\"position\":2,\"name\":\"S\u1ea3n ph\u1ea9m\",\"item\":\"https:\/\/duoclieukimlong.com\/shop\/\"},{\"@type\":\"ListItem\",\"position\":3,\"name\":\"H\u1ea1t \u0110i\u1ec1u Rang Mu\u1ed1i\"}]},{\"@type\":\"WebSite\",\"@id\":\"https:\/\/duoclieukimlong.com\/#website\",\"url\":\"https:\/\/duoclieukimlong.com\/\",\"name\":\"C\u1eeda h\u00e0ng D\u01b0\u1ee3c Li\u1ec7u Kim Long\",\"description\":\"\",\"potentialAction\":[{\"@type\":\"SearchAction\",\"target\":{\"@type\":\"EntryPoint\",\"urlTemplate\":\"https:\/\/duoclieukimlong.com\/?s={search_term_string}\"},\"query-input\":\"required name=search_term_string\"}],\"inLanguage\":\"en-US\"}]}<\/script>\n<!-- \/ Yoast SEO Premium plugin. -->","yoast_head_json":{"title":"H\u1ea1t \u0110i\u1ec1u Rang Mu\u1ed1i - C\u1eeda h\u00e0ng D\u01b0\u1ee3c Li\u1ec7u Kim Long","robots":{"index":"index","follow":"follow","max-snippet":"max-snippet:-1","max-image-preview":"max-image-preview:large","max-video-preview":"max-video-preview:-1"},"canonical":"https:\/\/duoclieukimlong.com\/en\/salted-cashews\/","og_locale":"en_US","og_type":"article","og_title":"H\u1ea1t \u0110i\u1ec1u Rang Mu\u1ed1i","og_description":"\u0110\u1eb7c s\u1ea3n h\u1ea1t \u0111i\u1ec1u lo\u1ea1i A c\u1ed3 (size to nh\u1ea5t) c\u1ee7a v\u00f9ng th\u1ee7 ph\u1ee7 \u0111i\u1ec1u B\u00ecnh Ph\u01b0\u1edbc. H\u1ea1t c\u00f2n nguy\u00ean v\u1ecf l\u1ee5a, rang c\u1ee7i th\u1ee7 c\u00f4ng v\u1edbi mu\u1ed1i tinh. V\u1ecb m\u1eb7n nh\u1eb9 h\u00e0i h\u00f2a l\u00e0m t\u00f4n l\u00ean v\u1ecb ng\u1ecdt b\u00f9i \u0111\u1eb7c tr\u01b0ng c\u1ee7a h\u1ea1t \u0111i\u1ec1u.","og_url":"https:\/\/duoclieukimlong.com\/en\/salted-cashews\/","og_site_name":"C\u1eeda h\u00e0ng D\u01b0\u1ee3c Li\u1ec7u Kim Long","article_modified_time":"2026-03-13T07:33:52+00:00","og_image":[{"width":1920,"height":1920,"url":"https:\/\/duoclieukimlong.com\/wp-content\/uploads\/2025\/12\/Hat-Dieu-Rang-Muoi-Binh-Phuoc.png","type":"image\/png"}],"twitter_card":"summary_large_image","twitter_misc":{"Est. reading time":"1 minute"},"schema":{"@context":"https:\/\/schema.org","@graph":[{"@type":"WebPage","@id":"https:\/\/duoclieukimlong.com\/hat-dieu-rang-muoi\/","url":"https:\/\/duoclieukimlong.com\/hat-dieu-rang-muoi\/","name":"H\u1ea1t \u0110i\u1ec1u Rang Mu\u1ed1i - C\u1eeda h\u00e0ng D\u01b0\u1ee3c Li\u1ec7u Kim Long","isPartOf":{"@id":"https:\/\/duoclieukimlong.com\/#website"},"datePublished":"2025-12-05T08:09:50+00:00","dateModified":"2026-03-13T07:33:52+00:00","breadcrumb":{"@id":"https:\/\/duoclieukimlong.com\/hat-dieu-rang-muoi\/#breadcrumb"},"inLanguage":"en-US","potentialAction":[{"@type":"ReadAction","target":["https:\/\/duoclieukimlong.com\/hat-dieu-rang-muoi\/"]}]},{"@type":"BreadcrumbList","@id":"https:\/\/duoclieukimlong.com\/hat-dieu-rang-muoi\/#breadcrumb","itemListElement":[{"@type":"ListItem","position":1,"name":"Trang ch\u1ee7","item":"https:\/\/duoclieukimlong.com\/"},{"@type":"ListItem","position":2,"name":"S\u1ea3n ph\u1ea9m","item":"https:\/\/duoclieukimlong.com\/shop\/"},{"@type":"ListItem","position":3,"name":"H\u1ea1t \u0110i\u1ec1u Rang Mu\u1ed1i"}]},{"@type":"WebSite","@id":"https:\/\/duoclieukimlong.com\/#website","url":"https:\/\/duoclieukimlong.com\/","name":"C\u1eeda h\u00e0ng D\u01b0\u1ee3c Li\u1ec7u Kim Long","description":"","potentialAction":[{"@type":"SearchAction","target":{"@type":"EntryPoint","urlTemplate":"https:\/\/duoclieukimlong.com\/?s={search_term_string}"},"query-input":"required name=search_term_string"}],"inLanguage":"en-US"}]}},"_links":{"self":[{"href":"https:\/\/duoclieukimlong.com\/en\/wp-json\/wp\/v2\/product\/1271"}],"collection":[{"href":"https:\/\/duoclieukimlong.com\/en\/wp-json\/wp\/v2\/product"}],"about":[{"href":"https:\/\/duoclieukimlong.com\/en\/wp-json\/wp\/v2\/types\/product"}],"replies":[{"embeddable":true,"href":"https:\/\/duoclieukimlong.com\/en\/wp-json\/wp\/v2\/comments?post=1271"}],"wp:featuredmedia":[{"embeddable":true,"href":"https:\/\/duoclieukimlong.com\/en\/wp-json\/wp\/v2\/media\/1265"}],"wp:attachment":[{"href":"https:\/\/duoclieukimlong.com\/en\/wp-json\/wp\/v2\/media?parent=1271"}],"wp:term":[{"taxonomy":"product_cat","embeddable":true,"href":"https:\/\/duoclieukimlong.com\/en\/wp-json\/wp\/v2\/product_cat?post=1271"},{"taxonomy":"product_tag","embeddable":true,"href":"https:\/\/duoclieukimlong.com\/en\/wp-json\/wp\/v2\/product_tag?post=1271"}],"curies":[{"name":"wp","href":"https:\/\/api.w.org\/{rel}","templated":true}]}}