{"id":1272,"date":"2025-12-05T15:10:21","date_gmt":"2025-12-05T08:10:21","guid":{"rendered":"https:\/\/duoclieukimlong.123websitedev.com\/?post_type=product&#038;p=1272"},"modified":"2026-03-13T14:33:51","modified_gmt":"2026-03-13T07:33:51","slug":"hat-oc-cho-my-vang-chandler","status":"publish","type":"product","link":"https:\/\/duoclieukimlong.com\/en\/chandler-gold-chopsticks\/","title":{"rendered":"Chandler Golden American Walnuts"},"content":{"rendered":"<p>Walnuts are a golden food for pregnant women and children thanks to the Omega-3 content 5 times higher than salmon. Adding walnuts to the daily menu helps enhance memory, improve sleep quality and beautify the skin from the inside. Chandler walnut products have the advantage of thin shells, easy to peel, and the kernel is less astringent than traditional glutinous walnuts. You can eat them directly, make nutritious nut milk or mix them with salads and cakes, all of which are delicious and nutritious.<\/p>","protected":false},"excerpt":{"rendered":"<p>Officially imported from California, USA. Chandler walnuts have thin shells, high kernel ratio, bright yellow color. Known as a super brain food, rich and fatty flavor, not rancid.<\/p>","protected":false},"featured_media":1267,"comment_status":"open","ping_status":"closed","template":"","meta":{"inline_featured_image":false},"product_cat":[169,156],"product_tag":[],"class_list":{"0":"post-1272","1":"product","2":"type-product","3":"status-publish","4":"has-post-thumbnail","6":"product_cat-duoc-lieu-thuoc-nam","7":"product_cat-thao-duoc","9":"first","10":"instock","11":"shipping-taxable","12":"purchasable","13":"product-type-simple"},"yoast_head":"<!-- This site is optimized with the Yoast SEO Premium plugin v20.9 (Yoast SEO v20.9) - https:\/\/yoast.com\/wordpress\/plugins\/seo\/ -->\n<title>H\u1ea1t \u00d3c Ch\u00f3 M\u1ef9 V\u00e0ng Chandler - C\u1eeda h\u00e0ng D\u01b0\u1ee3c Li\u1ec7u Kim Long<\/title>\n<meta name=\"robots\" content=\"index, follow, max-snippet:-1, max-image-preview:large, max-video-preview:-1\" \/>\n<link rel=\"canonical\" href=\"https:\/\/duoclieukimlong.com\/en\/chandler-gold-chopsticks\/\" \/>\n<meta property=\"og:locale\" content=\"en_US\" \/>\n<meta property=\"og:type\" content=\"article\" \/>\n<meta property=\"og:title\" content=\"H\u1ea1t \u00d3c Ch\u00f3 M\u1ef9 V\u00e0ng Chandler\" \/>\n<meta property=\"og:description\" content=\"Nh\u1eadp kh\u1ea9u ch\u00ednh ng\u1ea1ch t\u1eeb California, M\u1ef9. D\u00f2ng \u00f3c ch\u00f3 Chandler v\u1ecf m\u1ecfng, nh\u00e2n t\u1ef7 l\u1ec7 cao, m\u00e0u v\u00e0ng s\u00e1ng. \u0110\u01b0\u1ee3c bi\u1ebft \u0111\u1ebfn l\u00e0 si\u00eau th\u1ef1c ph\u1ea9m b\u1ed5 n\u00e3o, h\u01b0\u01a1ng v\u1ecb b\u00f9i b\u00e9o, kh\u00f4ng b\u1ecb h\u00f4i d\u1ea7u.\" \/>\n<meta property=\"og:url\" content=\"https:\/\/duoclieukimlong.com\/en\/chandler-gold-chopsticks\/\" \/>\n<meta property=\"og:site_name\" content=\"C\u1eeda h\u00e0ng D\u01b0\u1ee3c Li\u1ec7u Kim Long\" \/>\n<meta property=\"article:modified_time\" content=\"2026-03-13T07:33:51+00:00\" \/>\n<meta property=\"og:image\" content=\"https:\/\/duoclieukimlong.com\/wp-content\/uploads\/2025\/12\/Hat-Oc-Cho-My-Vang-Chandler.jpg\" \/>\n\t<meta property=\"og:image:width\" content=\"196\" \/>\n\t<meta property=\"og:image:height\" content=\"257\" \/>\n\t<meta property=\"og:image:type\" content=\"image\/jpeg\" \/>\n<meta name=\"twitter:card\" content=\"summary_large_image\" \/>\n<meta name=\"twitter:label1\" content=\"Est. reading time\" \/>\n\t<meta name=\"twitter:data1\" content=\"1 minute\" \/>\n<script type=\"application\/ld+json\" class=\"yoast-schema-graph\">{\"@context\":\"https:\/\/schema.org\",\"@graph\":[{\"@type\":\"WebPage\",\"@id\":\"https:\/\/duoclieukimlong.com\/hat-oc-cho-my-vang-chandler\/\",\"url\":\"https:\/\/duoclieukimlong.com\/hat-oc-cho-my-vang-chandler\/\",\"name\":\"H\u1ea1t \u00d3c Ch\u00f3 M\u1ef9 V\u00e0ng Chandler - C\u1eeda h\u00e0ng D\u01b0\u1ee3c Li\u1ec7u Kim Long\",\"isPartOf\":{\"@id\":\"https:\/\/duoclieukimlong.com\/#website\"},\"datePublished\":\"2025-12-05T08:10:21+00:00\",\"dateModified\":\"2026-03-13T07:33:51+00:00\",\"breadcrumb\":{\"@id\":\"https:\/\/duoclieukimlong.com\/hat-oc-cho-my-vang-chandler\/#breadcrumb\"},\"inLanguage\":\"en-US\",\"potentialAction\":[{\"@type\":\"ReadAction\",\"target\":[\"https:\/\/duoclieukimlong.com\/hat-oc-cho-my-vang-chandler\/\"]}]},{\"@type\":\"BreadcrumbList\",\"@id\":\"https:\/\/duoclieukimlong.com\/hat-oc-cho-my-vang-chandler\/#breadcrumb\",\"itemListElement\":[{\"@type\":\"ListItem\",\"position\":1,\"name\":\"Trang ch\u1ee7\",\"item\":\"https:\/\/duoclieukimlong.com\/\"},{\"@type\":\"ListItem\",\"position\":2,\"name\":\"S\u1ea3n ph\u1ea9m\",\"item\":\"https:\/\/duoclieukimlong.com\/shop\/\"},{\"@type\":\"ListItem\",\"position\":3,\"name\":\"H\u1ea1t \u00d3c Ch\u00f3 M\u1ef9 V\u00e0ng Chandler\"}]},{\"@type\":\"WebSite\",\"@id\":\"https:\/\/duoclieukimlong.com\/#website\",\"url\":\"https:\/\/duoclieukimlong.com\/\",\"name\":\"C\u1eeda h\u00e0ng D\u01b0\u1ee3c Li\u1ec7u Kim Long\",\"description\":\"\",\"potentialAction\":[{\"@type\":\"SearchAction\",\"target\":{\"@type\":\"EntryPoint\",\"urlTemplate\":\"https:\/\/duoclieukimlong.com\/?s={search_term_string}\"},\"query-input\":\"required name=search_term_string\"}],\"inLanguage\":\"en-US\"}]}<\/script>\n<!-- \/ Yoast SEO Premium plugin. -->","yoast_head_json":{"title":"H\u1ea1t \u00d3c Ch\u00f3 M\u1ef9 V\u00e0ng Chandler - C\u1eeda h\u00e0ng D\u01b0\u1ee3c Li\u1ec7u Kim Long","robots":{"index":"index","follow":"follow","max-snippet":"max-snippet:-1","max-image-preview":"max-image-preview:large","max-video-preview":"max-video-preview:-1"},"canonical":"https:\/\/duoclieukimlong.com\/en\/chandler-gold-chopsticks\/","og_locale":"en_US","og_type":"article","og_title":"H\u1ea1t \u00d3c Ch\u00f3 M\u1ef9 V\u00e0ng Chandler","og_description":"Nh\u1eadp kh\u1ea9u ch\u00ednh ng\u1ea1ch t\u1eeb California, M\u1ef9. D\u00f2ng \u00f3c ch\u00f3 Chandler v\u1ecf m\u1ecfng, nh\u00e2n t\u1ef7 l\u1ec7 cao, m\u00e0u v\u00e0ng s\u00e1ng. \u0110\u01b0\u1ee3c bi\u1ebft \u0111\u1ebfn l\u00e0 si\u00eau th\u1ef1c ph\u1ea9m b\u1ed5 n\u00e3o, h\u01b0\u01a1ng v\u1ecb b\u00f9i b\u00e9o, kh\u00f4ng b\u1ecb h\u00f4i d\u1ea7u.","og_url":"https:\/\/duoclieukimlong.com\/en\/chandler-gold-chopsticks\/","og_site_name":"C\u1eeda h\u00e0ng D\u01b0\u1ee3c Li\u1ec7u Kim Long","article_modified_time":"2026-03-13T07:33:51+00:00","og_image":[{"width":196,"height":257,"url":"https:\/\/duoclieukimlong.com\/wp-content\/uploads\/2025\/12\/Hat-Oc-Cho-My-Vang-Chandler.jpg","type":"image\/jpeg"}],"twitter_card":"summary_large_image","twitter_misc":{"Est. reading time":"1 minute"},"schema":{"@context":"https:\/\/schema.org","@graph":[{"@type":"WebPage","@id":"https:\/\/duoclieukimlong.com\/hat-oc-cho-my-vang-chandler\/","url":"https:\/\/duoclieukimlong.com\/hat-oc-cho-my-vang-chandler\/","name":"H\u1ea1t \u00d3c Ch\u00f3 M\u1ef9 V\u00e0ng Chandler - C\u1eeda h\u00e0ng D\u01b0\u1ee3c Li\u1ec7u Kim Long","isPartOf":{"@id":"https:\/\/duoclieukimlong.com\/#website"},"datePublished":"2025-12-05T08:10:21+00:00","dateModified":"2026-03-13T07:33:51+00:00","breadcrumb":{"@id":"https:\/\/duoclieukimlong.com\/hat-oc-cho-my-vang-chandler\/#breadcrumb"},"inLanguage":"en-US","potentialAction":[{"@type":"ReadAction","target":["https:\/\/duoclieukimlong.com\/hat-oc-cho-my-vang-chandler\/"]}]},{"@type":"BreadcrumbList","@id":"https:\/\/duoclieukimlong.com\/hat-oc-cho-my-vang-chandler\/#breadcrumb","itemListElement":[{"@type":"ListItem","position":1,"name":"Trang ch\u1ee7","item":"https:\/\/duoclieukimlong.com\/"},{"@type":"ListItem","position":2,"name":"S\u1ea3n ph\u1ea9m","item":"https:\/\/duoclieukimlong.com\/shop\/"},{"@type":"ListItem","position":3,"name":"H\u1ea1t \u00d3c Ch\u00f3 M\u1ef9 V\u00e0ng Chandler"}]},{"@type":"WebSite","@id":"https:\/\/duoclieukimlong.com\/#website","url":"https:\/\/duoclieukimlong.com\/","name":"C\u1eeda h\u00e0ng D\u01b0\u1ee3c Li\u1ec7u Kim Long","description":"","potentialAction":[{"@type":"SearchAction","target":{"@type":"EntryPoint","urlTemplate":"https:\/\/duoclieukimlong.com\/?s={search_term_string}"},"query-input":"required name=search_term_string"}],"inLanguage":"en-US"}]}},"_links":{"self":[{"href":"https:\/\/duoclieukimlong.com\/en\/wp-json\/wp\/v2\/product\/1272"}],"collection":[{"href":"https:\/\/duoclieukimlong.com\/en\/wp-json\/wp\/v2\/product"}],"about":[{"href":"https:\/\/duoclieukimlong.com\/en\/wp-json\/wp\/v2\/types\/product"}],"replies":[{"embeddable":true,"href":"https:\/\/duoclieukimlong.com\/en\/wp-json\/wp\/v2\/comments?post=1272"}],"wp:featuredmedia":[{"embeddable":true,"href":"https:\/\/duoclieukimlong.com\/en\/wp-json\/wp\/v2\/media\/1267"}],"wp:attachment":[{"href":"https:\/\/duoclieukimlong.com\/en\/wp-json\/wp\/v2\/media?parent=1272"}],"wp:term":[{"taxonomy":"product_cat","embeddable":true,"href":"https:\/\/duoclieukimlong.com\/en\/wp-json\/wp\/v2\/product_cat?post=1272"},{"taxonomy":"product_tag","embeddable":true,"href":"https:\/\/duoclieukimlong.com\/en\/wp-json\/wp\/v2\/product_tag?post=1272"}],"curies":[{"name":"wp","href":"https:\/\/api.w.org\/{rel}","templated":true}]}}