{"id":1273,"date":"2025-12-05T15:11:50","date_gmt":"2025-12-05T08:11:50","guid":{"rendered":"https:\/\/duoclieukimlong.123websitedev.com\/?post_type=product&#038;p=1273"},"modified":"2026-03-13T14:33:50","modified_gmt":"2026-03-13T07:33:50","slug":"hanh-nhan-rang-bo-ca-vo","status":"publish","type":"product","link":"https:\/\/duoclieukimlong.com\/en\/roasted-almonds-and-fish-sauce\/","title":{"rendered":"Roasted Almonds with Butter and Shell"},"content":{"rendered":"<p>Butter roasted almonds are the perfect combination of the natural sweetness of almonds and the seductive aroma of butter. The product is not only delicious but also a rich source of Vitamin E, helping to prevent aging and maintain youthful skin. Modern roasting technology helps the nuts to ripen evenly from the inside out, without being hard. Note that the thin outer shell of butter roasted almonds is completely edible, adding crunch and rich flavor to the product.<\/p>","protected":false},"excerpt":{"rendered":"<p>American almonds are marinated in premium margarine and roasted until crispy. The thin, crispy, fragrant shell envelops the rich, fatty filling inside. A favorite snack of office workers.<\/p>","protected":false},"featured_media":1264,"comment_status":"open","ping_status":"closed","template":"","meta":{"inline_featured_image":false},"product_cat":[169,156],"product_tag":[],"class_list":{"0":"post-1273","1":"product","2":"type-product","3":"status-publish","4":"has-post-thumbnail","6":"product_cat-duoc-lieu-thuoc-nam","7":"product_cat-thao-duoc","9":"first","10":"instock","11":"shipping-taxable","12":"purchasable","13":"product-type-simple"},"yoast_head":"<!-- This site is optimized with the Yoast SEO Premium plugin v20.9 (Yoast SEO v20.9) - https:\/\/yoast.com\/wordpress\/plugins\/seo\/ -->\n<title>H\u1ea1nh Nh\u00e2n Rang B\u01a1 C\u1ea3 V\u1ecf - C\u1eeda h\u00e0ng D\u01b0\u1ee3c Li\u1ec7u Kim Long<\/title>\n<meta name=\"robots\" content=\"index, follow, max-snippet:-1, max-image-preview:large, max-video-preview:-1\" \/>\n<link rel=\"canonical\" href=\"https:\/\/duoclieukimlong.com\/en\/roasted-almonds-and-fish-sauce\/\" \/>\n<meta property=\"og:locale\" content=\"en_US\" \/>\n<meta property=\"og:type\" content=\"article\" \/>\n<meta property=\"og:title\" content=\"H\u1ea1nh Nh\u00e2n Rang B\u01a1 C\u1ea3 V\u1ecf\" \/>\n<meta property=\"og:description\" content=\"H\u1ea1nh nh\u00e2n M\u1ef9 \u0111\u01b0\u1ee3c t\u1ea9m \u01b0\u1edbp b\u01a1 th\u1ef1c v\u1eadt cao c\u1ea5p v\u00e0 rang s\u1ea5y gi\u00f2n. L\u1edbp v\u1ecf m\u1ecfng gi\u00f2n r\u1ee5m th\u01a1m n\u1ee9c m\u0169i, bao b\u1ecdc l\u1ea5y ph\u1ea7n nh\u00e2n b\u00e9o ng\u1eady b\u00ean trong. M\u00f3n \u0103n v\u1eb7t kho\u00e1i kh\u1ea9u c\u1ee7a d\u00e2n v\u0103n ph\u00f2ng.\" \/>\n<meta property=\"og:url\" content=\"https:\/\/duoclieukimlong.com\/en\/roasted-almonds-and-fish-sauce\/\" \/>\n<meta property=\"og:site_name\" content=\"C\u1eeda h\u00e0ng D\u01b0\u1ee3c Li\u1ec7u Kim Long\" \/>\n<meta property=\"article:modified_time\" content=\"2026-03-13T07:33:50+00:00\" \/>\n<meta property=\"og:image\" content=\"https:\/\/duoclieukimlong.com\/wp-content\/uploads\/2025\/12\/Hanh-Nhan-Rang-Bo-Ca-Vo.jpg\" \/>\n\t<meta property=\"og:image:width\" content=\"500\" \/>\n\t<meta property=\"og:image:height\" content=\"500\" \/>\n\t<meta property=\"og:image:type\" content=\"image\/jpeg\" \/>\n<meta name=\"twitter:card\" content=\"summary_large_image\" \/>\n<meta name=\"twitter:label1\" content=\"Est. reading time\" \/>\n\t<meta name=\"twitter:data1\" content=\"1 minute\" \/>\n<script type=\"application\/ld+json\" class=\"yoast-schema-graph\">{\"@context\":\"https:\/\/schema.org\",\"@graph\":[{\"@type\":\"WebPage\",\"@id\":\"https:\/\/duoclieukimlong.com\/hanh-nhan-rang-bo-ca-vo\/\",\"url\":\"https:\/\/duoclieukimlong.com\/hanh-nhan-rang-bo-ca-vo\/\",\"name\":\"H\u1ea1nh Nh\u00e2n Rang B\u01a1 C\u1ea3 V\u1ecf - C\u1eeda h\u00e0ng D\u01b0\u1ee3c Li\u1ec7u Kim Long\",\"isPartOf\":{\"@id\":\"https:\/\/duoclieukimlong.com\/#website\"},\"datePublished\":\"2025-12-05T08:11:50+00:00\",\"dateModified\":\"2026-03-13T07:33:50+00:00\",\"breadcrumb\":{\"@id\":\"https:\/\/duoclieukimlong.com\/hanh-nhan-rang-bo-ca-vo\/#breadcrumb\"},\"inLanguage\":\"en-US\",\"potentialAction\":[{\"@type\":\"ReadAction\",\"target\":[\"https:\/\/duoclieukimlong.com\/hanh-nhan-rang-bo-ca-vo\/\"]}]},{\"@type\":\"BreadcrumbList\",\"@id\":\"https:\/\/duoclieukimlong.com\/hanh-nhan-rang-bo-ca-vo\/#breadcrumb\",\"itemListElement\":[{\"@type\":\"ListItem\",\"position\":1,\"name\":\"Trang ch\u1ee7\",\"item\":\"https:\/\/duoclieukimlong.com\/\"},{\"@type\":\"ListItem\",\"position\":2,\"name\":\"S\u1ea3n ph\u1ea9m\",\"item\":\"https:\/\/duoclieukimlong.com\/shop\/\"},{\"@type\":\"ListItem\",\"position\":3,\"name\":\"H\u1ea1nh Nh\u00e2n Rang B\u01a1 C\u1ea3 V\u1ecf\"}]},{\"@type\":\"WebSite\",\"@id\":\"https:\/\/duoclieukimlong.com\/#website\",\"url\":\"https:\/\/duoclieukimlong.com\/\",\"name\":\"C\u1eeda h\u00e0ng D\u01b0\u1ee3c Li\u1ec7u Kim Long\",\"description\":\"\",\"potentialAction\":[{\"@type\":\"SearchAction\",\"target\":{\"@type\":\"EntryPoint\",\"urlTemplate\":\"https:\/\/duoclieukimlong.com\/?s={search_term_string}\"},\"query-input\":\"required name=search_term_string\"}],\"inLanguage\":\"en-US\"}]}<\/script>\n<!-- \/ Yoast SEO Premium plugin. -->","yoast_head_json":{"title":"H\u1ea1nh Nh\u00e2n Rang B\u01a1 C\u1ea3 V\u1ecf - C\u1eeda h\u00e0ng D\u01b0\u1ee3c Li\u1ec7u Kim Long","robots":{"index":"index","follow":"follow","max-snippet":"max-snippet:-1","max-image-preview":"max-image-preview:large","max-video-preview":"max-video-preview:-1"},"canonical":"https:\/\/duoclieukimlong.com\/en\/roasted-almonds-and-fish-sauce\/","og_locale":"en_US","og_type":"article","og_title":"H\u1ea1nh Nh\u00e2n Rang B\u01a1 C\u1ea3 V\u1ecf","og_description":"H\u1ea1nh nh\u00e2n M\u1ef9 \u0111\u01b0\u1ee3c t\u1ea9m \u01b0\u1edbp b\u01a1 th\u1ef1c v\u1eadt cao c\u1ea5p v\u00e0 rang s\u1ea5y gi\u00f2n. L\u1edbp v\u1ecf m\u1ecfng gi\u00f2n r\u1ee5m th\u01a1m n\u1ee9c m\u0169i, bao b\u1ecdc l\u1ea5y ph\u1ea7n nh\u00e2n b\u00e9o ng\u1eady b\u00ean trong. M\u00f3n \u0103n v\u1eb7t kho\u00e1i kh\u1ea9u c\u1ee7a d\u00e2n v\u0103n ph\u00f2ng.","og_url":"https:\/\/duoclieukimlong.com\/en\/roasted-almonds-and-fish-sauce\/","og_site_name":"C\u1eeda h\u00e0ng D\u01b0\u1ee3c Li\u1ec7u Kim Long","article_modified_time":"2026-03-13T07:33:50+00:00","og_image":[{"width":500,"height":500,"url":"https:\/\/duoclieukimlong.com\/wp-content\/uploads\/2025\/12\/Hanh-Nhan-Rang-Bo-Ca-Vo.jpg","type":"image\/jpeg"}],"twitter_card":"summary_large_image","twitter_misc":{"Est. reading time":"1 minute"},"schema":{"@context":"https:\/\/schema.org","@graph":[{"@type":"WebPage","@id":"https:\/\/duoclieukimlong.com\/hanh-nhan-rang-bo-ca-vo\/","url":"https:\/\/duoclieukimlong.com\/hanh-nhan-rang-bo-ca-vo\/","name":"H\u1ea1nh Nh\u00e2n Rang B\u01a1 C\u1ea3 V\u1ecf - C\u1eeda h\u00e0ng D\u01b0\u1ee3c Li\u1ec7u Kim Long","isPartOf":{"@id":"https:\/\/duoclieukimlong.com\/#website"},"datePublished":"2025-12-05T08:11:50+00:00","dateModified":"2026-03-13T07:33:50+00:00","breadcrumb":{"@id":"https:\/\/duoclieukimlong.com\/hanh-nhan-rang-bo-ca-vo\/#breadcrumb"},"inLanguage":"en-US","potentialAction":[{"@type":"ReadAction","target":["https:\/\/duoclieukimlong.com\/hanh-nhan-rang-bo-ca-vo\/"]}]},{"@type":"BreadcrumbList","@id":"https:\/\/duoclieukimlong.com\/hanh-nhan-rang-bo-ca-vo\/#breadcrumb","itemListElement":[{"@type":"ListItem","position":1,"name":"Trang ch\u1ee7","item":"https:\/\/duoclieukimlong.com\/"},{"@type":"ListItem","position":2,"name":"S\u1ea3n ph\u1ea9m","item":"https:\/\/duoclieukimlong.com\/shop\/"},{"@type":"ListItem","position":3,"name":"H\u1ea1nh Nh\u00e2n Rang B\u01a1 C\u1ea3 V\u1ecf"}]},{"@type":"WebSite","@id":"https:\/\/duoclieukimlong.com\/#website","url":"https:\/\/duoclieukimlong.com\/","name":"C\u1eeda h\u00e0ng D\u01b0\u1ee3c Li\u1ec7u Kim Long","description":"","potentialAction":[{"@type":"SearchAction","target":{"@type":"EntryPoint","urlTemplate":"https:\/\/duoclieukimlong.com\/?s={search_term_string}"},"query-input":"required name=search_term_string"}],"inLanguage":"en-US"}]}},"_links":{"self":[{"href":"https:\/\/duoclieukimlong.com\/en\/wp-json\/wp\/v2\/product\/1273"}],"collection":[{"href":"https:\/\/duoclieukimlong.com\/en\/wp-json\/wp\/v2\/product"}],"about":[{"href":"https:\/\/duoclieukimlong.com\/en\/wp-json\/wp\/v2\/types\/product"}],"replies":[{"embeddable":true,"href":"https:\/\/duoclieukimlong.com\/en\/wp-json\/wp\/v2\/comments?post=1273"}],"wp:featuredmedia":[{"embeddable":true,"href":"https:\/\/duoclieukimlong.com\/en\/wp-json\/wp\/v2\/media\/1264"}],"wp:attachment":[{"href":"https:\/\/duoclieukimlong.com\/en\/wp-json\/wp\/v2\/media?parent=1273"}],"wp:term":[{"taxonomy":"product_cat","embeddable":true,"href":"https:\/\/duoclieukimlong.com\/en\/wp-json\/wp\/v2\/product_cat?post=1273"},{"taxonomy":"product_tag","embeddable":true,"href":"https:\/\/duoclieukimlong.com\/en\/wp-json\/wp\/v2\/product_tag?post=1273"}],"curies":[{"name":"wp","href":"https:\/\/api.w.org\/{rel}","templated":true}]}}