{"id":1274,"date":"2025-12-05T15:13:16","date_gmt":"2025-12-05T08:13:16","guid":{"rendered":"https:\/\/duoclieukimlong.123websitedev.com\/?post_type=product&#038;p=1274"},"modified":"2026-03-13T14:33:49","modified_gmt":"2026-03-13T07:33:49","slug":"granola-ngu-coc-an-kieng","status":"publish","type":"product","link":"https:\/\/duoclieukimlong.com\/en\/granola-ngu-coc-an-kieng\/","title":{"rendered":"Diet Granola"},"content":{"rendered":"<h1><span style=\"font-size: 85%;\">Granola l\u00e0 gi\u1ea3i ph\u00e1p b\u1eefa \u0103n s\u1ea1ch (Eat Clean) \u0111\u01b0\u1ee3c \u01b0a chu\u1ed9ng nh\u1ea5t hi\u1ec7n nay. <\/span><\/h1>\n<p><img loading=\"lazy\" decoding=\"async\" class=\"alignnone size-full wp-image-1480\" src=\"https:\/\/duoclieukimlong.com\/wp-content\/uploads\/2025\/12\/z7342990922848_789699d1b88ab379c7139ddbc0e12599.jpg\" alt=\"\" width=\"1012\" height=\"963\" srcset=\"https:\/\/duoclieukimlong.com\/wp-content\/uploads\/2025\/12\/z7342990922848_789699d1b88ab379c7139ddbc0e12599.jpg 1012w, https:\/\/duoclieukimlong.com\/wp-content\/uploads\/2025\/12\/z7342990922848_789699d1b88ab379c7139ddbc0e12599-420x400.jpg 420w, https:\/\/duoclieukimlong.com\/wp-content\/uploads\/2025\/12\/z7342990922848_789699d1b88ab379c7139ddbc0e12599-841x800.jpg 841w, https:\/\/duoclieukimlong.com\/wp-content\/uploads\/2025\/12\/z7342990922848_789699d1b88ab379c7139ddbc0e12599-768x731.jpg 768w, https:\/\/duoclieukimlong.com\/wp-content\/uploads\/2025\/12\/z7342990922848_789699d1b88ab379c7139ddbc0e12599-13x12.jpg 13w, https:\/\/duoclieukimlong.com\/wp-content\/uploads\/2025\/12\/z7342990922848_789699d1b88ab379c7139ddbc0e12599-600x571.jpg 600w\" sizes=\"(max-width: 1012px) 100vw, 1012px\" \/><\/p>\n<p>S\u1ea3n ph\u1ea9m c\u1ee7a ch\u00fang t\u00f4i \u0111\u01b0\u1ee3c n\u01b0\u1edbng m\u1ed9c v\u1edbi m\u1eadt ong hoa c\u00e0 ph\u00ea, t\u1ea1o \u0111\u1ed9 ng\u1ecdt thanh t\u1ef1 nhi\u00ean v\u00e0 \u0111\u1ed9 gi\u00f2n r\u1ee5m m\u00e0 kh\u00f4ng g\u00e2y b\u00e9o. Trong m\u1ed9t h\u0169 Granola ch\u1ee9a \u0111\u1ea7y \u0111\u1ee7 ch\u1ea5t x\u01a1, protein v\u00e0 ch\u1ea5t b\u00e9o t\u1ed1t, gi\u00fap b\u1ea1n n\u1ea1p \u0111\u1ea7y n\u0103ng l\u01b0\u1ee3ng cho bu\u1ed5i s\u00e1ng m\u00e0 kh\u00f4ng lo t\u00edch m\u1ee1 th\u1eeba. C\u00e1ch d\u00f9ng ngon nh\u1ea5t l\u00e0 tr\u1ed9n 2-3 th\u00eca ng\u0169 c\u1ed1c v\u1edbi s\u1eefa chua kh\u00f4ng \u0111\u01b0\u1eddng v\u00e0 tr\u00e1i c\u00e2y t\u01b0\u01a1i nh\u01b0 chu\u1ed1i, d\u00e2u t\u00e2y, t\u00e1o.<\/p>","protected":false},"excerpt":{"rendered":"<p>S\u1ef1 k\u1ebft h\u1ee3p c\u1ee7a y\u1ebfn m\u1ea1ch n\u01b0\u1edbng m\u1eadt ong c\u00f9ng 7 lo\u1ea1i h\u1ea1t dinh d\u01b0\u1ee1ng nh\u01b0 h\u1ea1nh nh\u00e2n, b\u00ed xanh, h\u1ea1t \u0111i\u1ec1u, nho kh\u00f4. Kh\u00f4ng d\u00f9ng \u0111\u01b0\u1eddng tinh luy\u1ec7n. B\u1eefa s\u00e1ng ti\u1ec7n l\u1ee3i trong 3 ph\u00fat cho ng\u01b0\u1eddi gi\u1ea3m c\u00e2n.<\/p>","protected":false},"featured_media":1263,"comment_status":"open","ping_status":"closed","template":"","meta":{"inline_featured_image":false},"product_cat":[169,156],"product_tag":[],"class_list":{"0":"post-1274","1":"product","2":"type-product","3":"status-publish","4":"has-post-thumbnail","6":"product_cat-duoc-lieu-thuoc-nam","7":"product_cat-thao-duoc","9":"first","10":"instock","11":"shipping-taxable","12":"purchasable","13":"product-type-simple"},"yoast_head":"<!-- This site is optimized with the Yoast SEO Premium plugin v20.9 (Yoast SEO v20.9) - https:\/\/yoast.com\/wordpress\/plugins\/seo\/ -->\n<title>Granola Ng\u0169 C\u1ed1c \u0102n Ki\u00eang - C\u1eeda h\u00e0ng D\u01b0\u1ee3c Li\u1ec7u Kim Long<\/title>\n<meta name=\"robots\" content=\"index, follow, max-snippet:-1, max-image-preview:large, max-video-preview:-1\" \/>\n<link rel=\"canonical\" href=\"https:\/\/duoclieukimlong.com\/en\/granola-ngu-coc-an-kieng\/\" \/>\n<meta property=\"og:locale\" content=\"en_US\" \/>\n<meta property=\"og:type\" content=\"article\" \/>\n<meta property=\"og:title\" content=\"Granola Ng\u0169 C\u1ed1c \u0102n Ki\u00eang\" \/>\n<meta property=\"og:description\" content=\"S\u1ef1 k\u1ebft h\u1ee3p c\u1ee7a y\u1ebfn m\u1ea1ch n\u01b0\u1edbng m\u1eadt ong c\u00f9ng 7 lo\u1ea1i h\u1ea1t dinh d\u01b0\u1ee1ng nh\u01b0 h\u1ea1nh nh\u00e2n, b\u00ed xanh, h\u1ea1t \u0111i\u1ec1u, nho kh\u00f4. Kh\u00f4ng d\u00f9ng \u0111\u01b0\u1eddng tinh luy\u1ec7n. B\u1eefa s\u00e1ng ti\u1ec7n l\u1ee3i trong 3 ph\u00fat cho ng\u01b0\u1eddi gi\u1ea3m c\u00e2n.\" \/>\n<meta property=\"og:url\" content=\"https:\/\/duoclieukimlong.com\/en\/granola-ngu-coc-an-kieng\/\" \/>\n<meta property=\"og:site_name\" content=\"C\u1eeda h\u00e0ng D\u01b0\u1ee3c Li\u1ec7u Kim Long\" \/>\n<meta property=\"article:modified_time\" content=\"2026-03-13T07:33:49+00:00\" \/>\n<meta property=\"og:image\" content=\"https:\/\/duoclieukimlong.com\/wp-content\/uploads\/2025\/12\/Granola-Ngu-Coc-An-Kieng.png\" \/>\n\t<meta property=\"og:image:width\" content=\"1000\" \/>\n\t<meta property=\"og:image:height\" content=\"1000\" \/>\n\t<meta property=\"og:image:type\" content=\"image\/png\" \/>\n<meta name=\"twitter:card\" content=\"summary_large_image\" \/>\n<meta name=\"twitter:label1\" content=\"Est. reading time\" \/>\n\t<meta name=\"twitter:data1\" content=\"1 minute\" \/>\n<script type=\"application\/ld+json\" class=\"yoast-schema-graph\">{\"@context\":\"https:\/\/schema.org\",\"@graph\":[{\"@type\":\"WebPage\",\"@id\":\"https:\/\/duoclieukimlong.com\/granola-ngu-coc-an-kieng\/\",\"url\":\"https:\/\/duoclieukimlong.com\/granola-ngu-coc-an-kieng\/\",\"name\":\"Granola Ng\u0169 C\u1ed1c \u0102n Ki\u00eang - C\u1eeda h\u00e0ng D\u01b0\u1ee3c Li\u1ec7u Kim Long\",\"isPartOf\":{\"@id\":\"https:\/\/duoclieukimlong.com\/#website\"},\"datePublished\":\"2025-12-05T08:13:16+00:00\",\"dateModified\":\"2026-03-13T07:33:49+00:00\",\"breadcrumb\":{\"@id\":\"https:\/\/duoclieukimlong.com\/granola-ngu-coc-an-kieng\/#breadcrumb\"},\"inLanguage\":\"en-US\",\"potentialAction\":[{\"@type\":\"ReadAction\",\"target\":[\"https:\/\/duoclieukimlong.com\/granola-ngu-coc-an-kieng\/\"]}]},{\"@type\":\"BreadcrumbList\",\"@id\":\"https:\/\/duoclieukimlong.com\/granola-ngu-coc-an-kieng\/#breadcrumb\",\"itemListElement\":[{\"@type\":\"ListItem\",\"position\":1,\"name\":\"Trang ch\u1ee7\",\"item\":\"https:\/\/duoclieukimlong.com\/\"},{\"@type\":\"ListItem\",\"position\":2,\"name\":\"S\u1ea3n ph\u1ea9m\",\"item\":\"https:\/\/duoclieukimlong.com\/shop\/\"},{\"@type\":\"ListItem\",\"position\":3,\"name\":\"Granola Ng\u0169 C\u1ed1c \u0102n Ki\u00eang\"}]},{\"@type\":\"WebSite\",\"@id\":\"https:\/\/duoclieukimlong.com\/#website\",\"url\":\"https:\/\/duoclieukimlong.com\/\",\"name\":\"C\u1eeda h\u00e0ng D\u01b0\u1ee3c Li\u1ec7u Kim Long\",\"description\":\"\",\"potentialAction\":[{\"@type\":\"SearchAction\",\"target\":{\"@type\":\"EntryPoint\",\"urlTemplate\":\"https:\/\/duoclieukimlong.com\/?s={search_term_string}\"},\"query-input\":\"required name=search_term_string\"}],\"inLanguage\":\"en-US\"}]}<\/script>\n<!-- \/ Yoast SEO Premium plugin. -->","yoast_head_json":{"title":"Granola Ng\u0169 C\u1ed1c \u0102n Ki\u00eang - C\u1eeda h\u00e0ng D\u01b0\u1ee3c Li\u1ec7u Kim Long","robots":{"index":"index","follow":"follow","max-snippet":"max-snippet:-1","max-image-preview":"max-image-preview:large","max-video-preview":"max-video-preview:-1"},"canonical":"https:\/\/duoclieukimlong.com\/en\/granola-ngu-coc-an-kieng\/","og_locale":"en_US","og_type":"article","og_title":"Granola Ng\u0169 C\u1ed1c \u0102n Ki\u00eang","og_description":"S\u1ef1 k\u1ebft h\u1ee3p c\u1ee7a y\u1ebfn m\u1ea1ch n\u01b0\u1edbng m\u1eadt ong c\u00f9ng 7 lo\u1ea1i h\u1ea1t dinh d\u01b0\u1ee1ng nh\u01b0 h\u1ea1nh nh\u00e2n, b\u00ed xanh, h\u1ea1t \u0111i\u1ec1u, nho kh\u00f4. Kh\u00f4ng d\u00f9ng \u0111\u01b0\u1eddng tinh luy\u1ec7n. B\u1eefa s\u00e1ng ti\u1ec7n l\u1ee3i trong 3 ph\u00fat cho ng\u01b0\u1eddi gi\u1ea3m c\u00e2n.","og_url":"https:\/\/duoclieukimlong.com\/en\/granola-ngu-coc-an-kieng\/","og_site_name":"C\u1eeda h\u00e0ng D\u01b0\u1ee3c Li\u1ec7u Kim Long","article_modified_time":"2026-03-13T07:33:49+00:00","og_image":[{"width":1000,"height":1000,"url":"https:\/\/duoclieukimlong.com\/wp-content\/uploads\/2025\/12\/Granola-Ngu-Coc-An-Kieng.png","type":"image\/png"}],"twitter_card":"summary_large_image","twitter_misc":{"Est. reading time":"1 minute"},"schema":{"@context":"https:\/\/schema.org","@graph":[{"@type":"WebPage","@id":"https:\/\/duoclieukimlong.com\/granola-ngu-coc-an-kieng\/","url":"https:\/\/duoclieukimlong.com\/granola-ngu-coc-an-kieng\/","name":"Granola Ng\u0169 C\u1ed1c \u0102n Ki\u00eang - C\u1eeda h\u00e0ng D\u01b0\u1ee3c Li\u1ec7u Kim Long","isPartOf":{"@id":"https:\/\/duoclieukimlong.com\/#website"},"datePublished":"2025-12-05T08:13:16+00:00","dateModified":"2026-03-13T07:33:49+00:00","breadcrumb":{"@id":"https:\/\/duoclieukimlong.com\/granola-ngu-coc-an-kieng\/#breadcrumb"},"inLanguage":"en-US","potentialAction":[{"@type":"ReadAction","target":["https:\/\/duoclieukimlong.com\/granola-ngu-coc-an-kieng\/"]}]},{"@type":"BreadcrumbList","@id":"https:\/\/duoclieukimlong.com\/granola-ngu-coc-an-kieng\/#breadcrumb","itemListElement":[{"@type":"ListItem","position":1,"name":"Trang ch\u1ee7","item":"https:\/\/duoclieukimlong.com\/"},{"@type":"ListItem","position":2,"name":"S\u1ea3n ph\u1ea9m","item":"https:\/\/duoclieukimlong.com\/shop\/"},{"@type":"ListItem","position":3,"name":"Granola Ng\u0169 C\u1ed1c \u0102n Ki\u00eang"}]},{"@type":"WebSite","@id":"https:\/\/duoclieukimlong.com\/#website","url":"https:\/\/duoclieukimlong.com\/","name":"C\u1eeda h\u00e0ng D\u01b0\u1ee3c Li\u1ec7u Kim Long","description":"","potentialAction":[{"@type":"SearchAction","target":{"@type":"EntryPoint","urlTemplate":"https:\/\/duoclieukimlong.com\/?s={search_term_string}"},"query-input":"required name=search_term_string"}],"inLanguage":"en-US"}]}},"_links":{"self":[{"href":"https:\/\/duoclieukimlong.com\/en\/wp-json\/wp\/v2\/product\/1274"}],"collection":[{"href":"https:\/\/duoclieukimlong.com\/en\/wp-json\/wp\/v2\/product"}],"about":[{"href":"https:\/\/duoclieukimlong.com\/en\/wp-json\/wp\/v2\/types\/product"}],"replies":[{"embeddable":true,"href":"https:\/\/duoclieukimlong.com\/en\/wp-json\/wp\/v2\/comments?post=1274"}],"wp:featuredmedia":[{"embeddable":true,"href":"https:\/\/duoclieukimlong.com\/en\/wp-json\/wp\/v2\/media\/1263"}],"wp:attachment":[{"href":"https:\/\/duoclieukimlong.com\/en\/wp-json\/wp\/v2\/media?parent=1274"}],"wp:term":[{"taxonomy":"product_cat","embeddable":true,"href":"https:\/\/duoclieukimlong.com\/en\/wp-json\/wp\/v2\/product_cat?post=1274"},{"taxonomy":"product_tag","embeddable":true,"href":"https:\/\/duoclieukimlong.com\/en\/wp-json\/wp\/v2\/product_tag?post=1274"}],"curies":[{"name":"wp","href":"https:\/\/api.w.org\/{rel}","templated":true}]}}