{"id":1501,"date":"2026-04-04T10:55:23","date_gmt":"2026-04-04T03:55:23","guid":{"rendered":"https:\/\/duoclieukimlong.com\/?post_type=product&#038;p=1501"},"modified":"2026-04-04T10:57:25","modified_gmt":"2026-04-04T03:57:25","slug":"ha-huyet-ap-dung-6-vi-thuoc-bac","status":"publish","type":"product","link":"https:\/\/duoclieukimlong.com\/en\/ha-huyet-ap-dung-6-vi-thuoc-bac\/","title":{"rendered":"H\u1ea1 huy\u1ebft \u00e1p d\u00f9ng 6 v\u1ecb thu\u1ed1c b\u1eafc"},"content":{"rendered":"<p>m\u1ed9t chuy\u00ean gia y h\u1ecdc c\u1ed5 truy\u1ec1n h\u00e0ng \u0111\u1ea7u qu\u1ed1c gia, ch\u1ee7 t\u1ecbch B\u1ec7nh vi\u1ec7n Y h\u1ecdc c\u1ed5 truy\u1ec1n B\u1eafc Kinh Gulou, v\u00e0 l\u00e0 m\u1ed9t trong 100 chuy\u00ean gia y h\u1ecdc c\u1ed5 truy\u1ec1n h\u00e0ng \u0111\u1ea7u Trung Qu\u1ed1c<\/p>\n<p>&nbsp;<\/p>\n<p>C\u00f4ng d\u1ee5ng c\u1ee7a b\u00e0i thu\u1ed1c b\u00ed truy\u1ec1n h\u1ea1 huy\u1ebft \u00e1p: C\u00f3 t\u00e1c d\u1ee5ng h\u1ea1 huy\u1ebft \u00e1p, gi\u1ea3m m\u1ee1 m\u00e1u v\u00e0 t\u0103ng c\u01b0\u1eddng s\u1ee9c kh\u1ecfe tim m\u1ea1ch.<\/p>\n<p><img loading=\"lazy\" decoding=\"async\" class=\"alignnone size-full wp-image-1502\" src=\"https:\/\/duoclieukimlong.com\/wp-content\/uploads\/2026\/04\/Ha-huyet-ap-bang-6-vi-thuoc-bac.jpg\" alt=\"\" width=\"1024\" height=\"683\" srcset=\"https:\/\/duoclieukimlong.com\/wp-content\/uploads\/2026\/04\/Ha-huyet-ap-bang-6-vi-thuoc-bac.jpg 1024w, https:\/\/duoclieukimlong.com\/wp-content\/uploads\/2026\/04\/Ha-huyet-ap-bang-6-vi-thuoc-bac-600x400.jpg 600w, https:\/\/duoclieukimlong.com\/wp-content\/uploads\/2026\/04\/Ha-huyet-ap-bang-6-vi-thuoc-bac-768x512.jpg 768w, https:\/\/duoclieukimlong.com\/wp-content\/uploads\/2026\/04\/Ha-huyet-ap-bang-6-vi-thuoc-bac-18x12.jpg 18w\" sizes=\"(max-width: 1024px) 100vw, 1024px\" \/><\/p>\n<p>C\u00f4ng th\u1ee9c: L\u1ea5y 3 gam m\u1ed7i lo\u1ea1i: r\u1ec5 s\u1eafn d\u00e2y, v\u1ecf c\u00e2y k\u1ef7 t\u1eed, c\u00e2y x\u00f4 th\u01a1m, c\u00e2y t\u00e1o gai v\u00e0 r\u1ec5 ng\u01b0u b\u00e0ng.<\/p>\n<p>&nbsp;<\/p>\n<p>H\u01b0\u1edbng d\u1eabn: Cho t\u1ea5t c\u1ea3 c\u00e1c nguy\u00ean li\u1ec7u v\u00e0o b\u00ecnh gi\u1eef nhi\u1ec7t, \u0111\u1ed5 n\u01b0\u1edbc s\u00f4i v\u00e0o v\u00e0 ng\u00e2m.<\/p>\n<p>&nbsp;<\/p>\n<p>C\u00f3 th\u1ec3 u\u1ed1ng sau kho\u1ea3ng n\u1eeda ti\u1ebfng. U\u1ed1ng m\u1ed9t c\u1ed1c sau b\u1eefa s\u00e1ng, m\u1ed9t c\u1ed1c sau gi\u1ea5c ng\u1ee7 tr\u01b0a v\u00e0 m\u1ed9t c\u1ed1c sau khi \u0111i d\u1ea1o bu\u1ed5i t\u1ed1i. U\u1ed1ng ba c\u1ed1c m\u1ed7i ng\u00e0y.<\/p>","protected":false},"excerpt":{"rendered":"<p>B\u00e0i thu\u1ed1c b\u00ed truy\u1ec1n h\u1ea1 huy\u1ebft \u00e1p c\u1ee7a \u00f4ng Chen Wenbo, \u00d4ng Chen Wenbo, m\u1ed9t chuy\u00ean gia y h\u1ecdc c\u1ed5 truy\u1ec1n h\u00e0ng \u0111\u1ea7u qu\u1ed1c gia, ch\u1ee7 t\u1ecbch B\u1ec7nh vi\u1ec7n Y h\u1ecdc c\u1ed5 truy\u1ec1n B\u1eafc Kinh Gulou, v\u00e0 l\u00e0 m\u1ed9t trong 100 chuy\u00ean gia y h\u1ecdc c\u1ed5 truy\u1ec1n h\u00e0ng \u0111\u1ea7u Trung Qu\u1ed1c<\/p>","protected":false},"featured_media":1502,"comment_status":"open","ping_status":"closed","template":"","meta":{"inline_featured_image":false},"product_cat":[171],"product_tag":[],"class_list":{"0":"post-1501","1":"product","2":"type-product","3":"status-publish","4":"has-post-thumbnail","6":"product_cat-benh-tim-mach-theo-toa","8":"first","9":"instock","10":"shipping-taxable","11":"purchasable","12":"product-type-simple"},"yoast_head":"<!-- This site is optimized with the Yoast SEO Premium plugin v20.9 (Yoast SEO v20.9) - https:\/\/yoast.com\/wordpress\/plugins\/seo\/ -->\n<title>H\u1ea1 huy\u1ebft \u00e1p d\u00f9ng 6 v\u1ecb thu\u1ed1c b\u1eafc - C\u1eeda h\u00e0ng D\u01b0\u1ee3c Li\u1ec7u Kim Long<\/title>\n<meta name=\"description\" content=\"H\u1ea1 huy\u1ebft \u00e1p b\u1eb1ng 6 v\u1ecb thu\u1ed1c b\u1eafc th\u1ea5t truy\u1ec1n h\u01a1n 100 n\u1eb1m, gi\u1edd \u0111\u00e3 \u0111\u01b0\u1ee3c t\u00ecm th\u1ea5y ghi trong s\u00e1ch c\u1ed5 g\u1ed3m 6 v\u1ecb thu\u1ed1c b\u1eafc gi\u00fap huy\u1ebft \u00e1p h\u1ea1 v\u00e0 \u1ed5n \u0111\u1ecbnh h\u00e0ng ng\u00e0y.\" \/>\n<meta name=\"robots\" content=\"index, follow, max-snippet:-1, max-image-preview:large, max-video-preview:-1\" \/>\n<link rel=\"canonical\" href=\"https:\/\/duoclieukimlong.com\/en\/ha-huyet-ap-dung-6-vi-thuoc-bac\/\" \/>\n<meta property=\"og:locale\" content=\"en_US\" \/>\n<meta property=\"og:type\" content=\"article\" \/>\n<meta property=\"og:title\" content=\"H\u1ea1 huy\u1ebft \u00e1p d\u00f9ng 6 v\u1ecb thu\u1ed1c b\u1eafc\" \/>\n<meta property=\"og:description\" content=\"H\u1ea1 huy\u1ebft \u00e1p b\u1eb1ng 6 v\u1ecb thu\u1ed1c b\u1eafc th\u1ea5t truy\u1ec1n h\u01a1n 100 n\u1eb1m, gi\u1edd \u0111\u00e3 \u0111\u01b0\u1ee3c t\u00ecm th\u1ea5y ghi trong s\u00e1ch c\u1ed5 g\u1ed3m 6 v\u1ecb thu\u1ed1c b\u1eafc gi\u00fap huy\u1ebft \u00e1p h\u1ea1 v\u00e0 \u1ed5n \u0111\u1ecbnh h\u00e0ng ng\u00e0y.\" \/>\n<meta property=\"og:url\" content=\"https:\/\/duoclieukimlong.com\/en\/ha-huyet-ap-dung-6-vi-thuoc-bac\/\" \/>\n<meta property=\"og:site_name\" content=\"C\u1eeda h\u00e0ng D\u01b0\u1ee3c Li\u1ec7u Kim Long\" \/>\n<meta property=\"article:modified_time\" content=\"2026-04-04T03:57:25+00:00\" \/>\n<meta property=\"og:image\" content=\"https:\/\/duoclieukimlong.com\/wp-content\/uploads\/2026\/04\/Ha-huyet-ap-bang-6-vi-thuoc-bac.jpg\" \/>\n\t<meta property=\"og:image:width\" content=\"1024\" \/>\n\t<meta property=\"og:image:height\" content=\"683\" \/>\n\t<meta property=\"og:image:type\" content=\"image\/jpeg\" \/>\n<meta name=\"twitter:card\" content=\"summary_large_image\" \/>\n<meta name=\"twitter:label1\" content=\"Est. reading time\" \/>\n\t<meta name=\"twitter:data1\" content=\"1 minute\" \/>\n<script type=\"application\/ld+json\" class=\"yoast-schema-graph\">{\"@context\":\"https:\/\/schema.org\",\"@graph\":[{\"@type\":\"WebPage\",\"@id\":\"https:\/\/duoclieukimlong.com\/ha-huyet-ap-dung-6-vi-thuoc-bac\/\",\"url\":\"https:\/\/duoclieukimlong.com\/ha-huyet-ap-dung-6-vi-thuoc-bac\/\",\"name\":\"H\u1ea1 huy\u1ebft \u00e1p d\u00f9ng 6 v\u1ecb thu\u1ed1c b\u1eafc - C\u1eeda h\u00e0ng D\u01b0\u1ee3c Li\u1ec7u Kim Long\",\"isPartOf\":{\"@id\":\"https:\/\/duoclieukimlong.com\/#website\"},\"datePublished\":\"2026-04-04T03:55:23+00:00\",\"dateModified\":\"2026-04-04T03:57:25+00:00\",\"description\":\"H\u1ea1 huy\u1ebft \u00e1p b\u1eb1ng 6 v\u1ecb thu\u1ed1c b\u1eafc th\u1ea5t truy\u1ec1n h\u01a1n 100 n\u1eb1m, gi\u1edd \u0111\u00e3 \u0111\u01b0\u1ee3c t\u00ecm th\u1ea5y ghi trong s\u00e1ch c\u1ed5 g\u1ed3m 6 v\u1ecb thu\u1ed1c b\u1eafc gi\u00fap huy\u1ebft \u00e1p h\u1ea1 v\u00e0 \u1ed5n \u0111\u1ecbnh h\u00e0ng ng\u00e0y.\",\"breadcrumb\":{\"@id\":\"https:\/\/duoclieukimlong.com\/ha-huyet-ap-dung-6-vi-thuoc-bac\/#breadcrumb\"},\"inLanguage\":\"en-US\",\"potentialAction\":[{\"@type\":\"ReadAction\",\"target\":[\"https:\/\/duoclieukimlong.com\/ha-huyet-ap-dung-6-vi-thuoc-bac\/\"]}]},{\"@type\":\"BreadcrumbList\",\"@id\":\"https:\/\/duoclieukimlong.com\/ha-huyet-ap-dung-6-vi-thuoc-bac\/#breadcrumb\",\"itemListElement\":[{\"@type\":\"ListItem\",\"position\":1,\"name\":\"Trang ch\u1ee7\",\"item\":\"https:\/\/duoclieukimlong.com\/\"},{\"@type\":\"ListItem\",\"position\":2,\"name\":\"S\u1ea3n ph\u1ea9m\",\"item\":\"https:\/\/duoclieukimlong.com\/shop\/\"},{\"@type\":\"ListItem\",\"position\":3,\"name\":\"H\u1ea1 huy\u1ebft \u00e1p d\u00f9ng 6 v\u1ecb thu\u1ed1c b\u1eafc\"}]},{\"@type\":\"WebSite\",\"@id\":\"https:\/\/duoclieukimlong.com\/#website\",\"url\":\"https:\/\/duoclieukimlong.com\/\",\"name\":\"C\u1eeda h\u00e0ng D\u01b0\u1ee3c Li\u1ec7u Kim Long\",\"description\":\"\",\"potentialAction\":[{\"@type\":\"SearchAction\",\"target\":{\"@type\":\"EntryPoint\",\"urlTemplate\":\"https:\/\/duoclieukimlong.com\/?s={search_term_string}\"},\"query-input\":\"required name=search_term_string\"}],\"inLanguage\":\"en-US\"}]}<\/script>\n<!-- \/ Yoast SEO Premium plugin. -->","yoast_head_json":{"title":"H\u1ea1 huy\u1ebft \u00e1p d\u00f9ng 6 v\u1ecb thu\u1ed1c b\u1eafc - C\u1eeda h\u00e0ng D\u01b0\u1ee3c Li\u1ec7u Kim Long","description":"H\u1ea1 huy\u1ebft \u00e1p b\u1eb1ng 6 v\u1ecb thu\u1ed1c b\u1eafc th\u1ea5t truy\u1ec1n h\u01a1n 100 n\u1eb1m, gi\u1edd \u0111\u00e3 \u0111\u01b0\u1ee3c t\u00ecm th\u1ea5y ghi trong s\u00e1ch c\u1ed5 g\u1ed3m 6 v\u1ecb thu\u1ed1c b\u1eafc gi\u00fap huy\u1ebft \u00e1p h\u1ea1 v\u00e0 \u1ed5n \u0111\u1ecbnh h\u00e0ng ng\u00e0y.","robots":{"index":"index","follow":"follow","max-snippet":"max-snippet:-1","max-image-preview":"max-image-preview:large","max-video-preview":"max-video-preview:-1"},"canonical":"https:\/\/duoclieukimlong.com\/en\/ha-huyet-ap-dung-6-vi-thuoc-bac\/","og_locale":"en_US","og_type":"article","og_title":"H\u1ea1 huy\u1ebft \u00e1p d\u00f9ng 6 v\u1ecb thu\u1ed1c b\u1eafc","og_description":"H\u1ea1 huy\u1ebft \u00e1p b\u1eb1ng 6 v\u1ecb thu\u1ed1c b\u1eafc th\u1ea5t truy\u1ec1n h\u01a1n 100 n\u1eb1m, gi\u1edd \u0111\u00e3 \u0111\u01b0\u1ee3c t\u00ecm th\u1ea5y ghi trong s\u00e1ch c\u1ed5 g\u1ed3m 6 v\u1ecb thu\u1ed1c b\u1eafc gi\u00fap huy\u1ebft \u00e1p h\u1ea1 v\u00e0 \u1ed5n \u0111\u1ecbnh h\u00e0ng ng\u00e0y.","og_url":"https:\/\/duoclieukimlong.com\/en\/ha-huyet-ap-dung-6-vi-thuoc-bac\/","og_site_name":"C\u1eeda h\u00e0ng D\u01b0\u1ee3c Li\u1ec7u Kim Long","article_modified_time":"2026-04-04T03:57:25+00:00","og_image":[{"width":1024,"height":683,"url":"https:\/\/duoclieukimlong.com\/wp-content\/uploads\/2026\/04\/Ha-huyet-ap-bang-6-vi-thuoc-bac.jpg","type":"image\/jpeg"}],"twitter_card":"summary_large_image","twitter_misc":{"Est. reading time":"1 minute"},"schema":{"@context":"https:\/\/schema.org","@graph":[{"@type":"WebPage","@id":"https:\/\/duoclieukimlong.com\/ha-huyet-ap-dung-6-vi-thuoc-bac\/","url":"https:\/\/duoclieukimlong.com\/ha-huyet-ap-dung-6-vi-thuoc-bac\/","name":"H\u1ea1 huy\u1ebft \u00e1p d\u00f9ng 6 v\u1ecb thu\u1ed1c b\u1eafc - C\u1eeda h\u00e0ng D\u01b0\u1ee3c Li\u1ec7u Kim Long","isPartOf":{"@id":"https:\/\/duoclieukimlong.com\/#website"},"datePublished":"2026-04-04T03:55:23+00:00","dateModified":"2026-04-04T03:57:25+00:00","description":"H\u1ea1 huy\u1ebft \u00e1p b\u1eb1ng 6 v\u1ecb thu\u1ed1c b\u1eafc th\u1ea5t truy\u1ec1n h\u01a1n 100 n\u1eb1m, gi\u1edd \u0111\u00e3 \u0111\u01b0\u1ee3c t\u00ecm th\u1ea5y ghi trong s\u00e1ch c\u1ed5 g\u1ed3m 6 v\u1ecb thu\u1ed1c b\u1eafc gi\u00fap huy\u1ebft \u00e1p h\u1ea1 v\u00e0 \u1ed5n \u0111\u1ecbnh h\u00e0ng ng\u00e0y.","breadcrumb":{"@id":"https:\/\/duoclieukimlong.com\/ha-huyet-ap-dung-6-vi-thuoc-bac\/#breadcrumb"},"inLanguage":"en-US","potentialAction":[{"@type":"ReadAction","target":["https:\/\/duoclieukimlong.com\/ha-huyet-ap-dung-6-vi-thuoc-bac\/"]}]},{"@type":"BreadcrumbList","@id":"https:\/\/duoclieukimlong.com\/ha-huyet-ap-dung-6-vi-thuoc-bac\/#breadcrumb","itemListElement":[{"@type":"ListItem","position":1,"name":"Trang ch\u1ee7","item":"https:\/\/duoclieukimlong.com\/"},{"@type":"ListItem","position":2,"name":"S\u1ea3n ph\u1ea9m","item":"https:\/\/duoclieukimlong.com\/shop\/"},{"@type":"ListItem","position":3,"name":"H\u1ea1 huy\u1ebft \u00e1p d\u00f9ng 6 v\u1ecb thu\u1ed1c b\u1eafc"}]},{"@type":"WebSite","@id":"https:\/\/duoclieukimlong.com\/#website","url":"https:\/\/duoclieukimlong.com\/","name":"C\u1eeda h\u00e0ng D\u01b0\u1ee3c Li\u1ec7u Kim Long","description":"","potentialAction":[{"@type":"SearchAction","target":{"@type":"EntryPoint","urlTemplate":"https:\/\/duoclieukimlong.com\/?s={search_term_string}"},"query-input":"required name=search_term_string"}],"inLanguage":"en-US"}]}},"_links":{"self":[{"href":"https:\/\/duoclieukimlong.com\/en\/wp-json\/wp\/v2\/product\/1501"}],"collection":[{"href":"https:\/\/duoclieukimlong.com\/en\/wp-json\/wp\/v2\/product"}],"about":[{"href":"https:\/\/duoclieukimlong.com\/en\/wp-json\/wp\/v2\/types\/product"}],"replies":[{"embeddable":true,"href":"https:\/\/duoclieukimlong.com\/en\/wp-json\/wp\/v2\/comments?post=1501"}],"wp:featuredmedia":[{"embeddable":true,"href":"https:\/\/duoclieukimlong.com\/en\/wp-json\/wp\/v2\/media\/1502"}],"wp:attachment":[{"href":"https:\/\/duoclieukimlong.com\/en\/wp-json\/wp\/v2\/media?parent=1501"}],"wp:term":[{"taxonomy":"product_cat","embeddable":true,"href":"https:\/\/duoclieukimlong.com\/en\/wp-json\/wp\/v2\/product_cat?post=1501"},{"taxonomy":"product_tag","embeddable":true,"href":"https:\/\/duoclieukimlong.com\/en\/wp-json\/wp\/v2\/product_tag?post=1501"}],"curies":[{"name":"wp","href":"https:\/\/api.w.org\/{rel}","templated":true}]}}